{"id":10415,"date":"2023-01-10T07:37:38","date_gmt":"2023-01-10T07:37:38","guid":{"rendered":"https:\/\/www.serdaroglu.com.tr\/?page_id=10415"},"modified":"2024-06-14T11:43:47","modified_gmt":"2024-06-14T11:43:47","slug":"piyasalar-2","status":"publish","type":"page","link":"https:\/\/www.serdaroglu.com.tr\/index.php\/piyasalar-2\/","title":{"rendered":"P\u0130YASALAR"},"content":{"rendered":"\t\t<div data-elementor-type=\"wp-page\" data-elementor-id=\"10415\" class=\"elementor elementor-10415\">\n\t\t\t\t        <section class=\"elementor-section elementor-top-section elementor-element elementor-element-9fbb464 elementor-section-boxed elementor-section-height-default elementor-section-height-default qodef-elementor-content-no ct-header-fixed-none ct-column-none ct-row-scroll-none ct-row-gradient--none\" data-id=\"9fbb464\" data-element_type=\"section\">\n            \n                        <div class=\"elementor-container elementor-column-gap-default \">\n                    <div class=\"elementor-column elementor-col-100 elementor-top-column elementor-element elementor-element-6d142d5 ct-column-none col-offset-none col-color-offset-none\" data-id=\"6d142d5\" data-element_type=\"column\">\n        <div class=\"elementor-widget-wrap elementor-element-populated\">\n                    \n        \t\t<div class=\"elementor-element elementor-element-ae20fd7 elementor-widget elementor-widget-text-editor\" data-id=\"ae20fd7\" data-element_type=\"widget\" data-widget_type=\"text-editor.default\">\n\t\t\t\t<div class=\"elementor-widget-container\">\n\t\t\t\t\t\t\t\t\t<h6 style=\"font-family: -apple-system, BlinkMacSystemFont, 'Segoe UI', system-ui, 'Apple Color Emoji', 'Segoe UI Emoji', 'Segoe UI Web', sans-serif;\"><strong>18.5.2024 TAR\u0130HL\u0130<\/strong> G\u00dcNCEL F\u0130YAT VE \u0130SKONTOLARIMIZDIR. T\u00dcM F\u0130YATLAR HAKKINDA DETAYLI VE G\u00dcNCEL B\u0130LG\u0130 ALMAK \u0130\u00c7\u0130N <a tabindex=\"-1\" title=\"https:\/\/www.serdaroglu.com.tr\/index.php\/iletisim\/\" href=\"https:\/\/www.serdaroglu.com.tr\/index.php\/iletisim\/\" target=\"_blank\" rel=\"noreferrer noopener\">\u0130LET\u0130\u015e\u0130M<\/a> B\u00d6L\u00dcM\u00dcNDEN B\u0130ZLERE ULA\u015eAB\u0130L\u0130RS\u0130N\u0130Z.<\/h6>\t\t\t\t\t\t\t\t<\/div>\n\t\t\t\t<\/div>\n\t\t            <\/div>\n        <\/div>\n                    <\/div>\n        <\/section>\n                <section class=\"elementor-section elementor-top-section elementor-element elementor-element-df630aa elementor-section-boxed elementor-section-height-default elementor-section-height-default qodef-elementor-content-no ct-header-fixed-none ct-column-none ct-row-scroll-none ct-row-gradient--none\" data-id=\"df630aa\" data-element_type=\"section\">\n            \n                        <div class=\"elementor-container elementor-column-gap-default \">\n                    <div class=\"elementor-column elementor-col-16 elementor-top-column elementor-element elementor-element-785af80 ct-column-none col-offset-none col-color-offset-none\" data-id=\"785af80\" data-element_type=\"column\">\n        <div class=\"elementor-widget-wrap elementor-element-populated\">\n                    \n        \t\t<div data-ep-wrapper-link=\"{&quot;url&quot;:&quot;https:\\\/\\\/www.serdaroglu.com.tr\\\/wp-content\\\/uploads\\\/2023\\\/07\\\/CYB-Fiyat-Listesi-19.07.2023.pdf&quot;,&quot;is_external&quot;:&quot;&quot;,&quot;nofollow&quot;:&quot;&quot;,&quot;custom_attributes&quot;:&quot;&quot;}\" style=\"cursor: pointer\" class=\"bdt-element-link elementor-element elementor-element-2a63992 elementor-widget elementor-widget-ct_button\" data-id=\"2a63992\" data-element_type=\"widget\" data-widget_type=\"ct_button.default\">\n\t\t\t\t<div class=\"elementor-widget-container\">\n\t\t\t\t\t<div id=\"ct_button-2a63992\" class=\"ct-button-wrapper ct-button-layout1\">\r\n    <div class=\"ct-inline-css\"  data-css=\"\r\n        \">\r\n    <\/div>\r\n\r\n            <span class=\"ct-icon-active\"><\/span>\r\n        <a href=\"#\" class=\"btn btn-default  icon-ps- \" data-wow-delay=\"ms\">\r\n                            <span class=\"ct-button-icon ct-icon-normal ct-align-icon-\">\r\n                            <\/span>\r\n                <span class=\"ct-button-text\">\r\n            \u00c7AYIROVA F\u0130YAT L\u0130STES\u0130        <\/span>\r\n    <\/a>\r\n<\/div>\t\t\t\t<\/div>\n\t\t\t\t<\/div>\n\t\t            <\/div>\n        <\/div>\n                <div class=\"elementor-column elementor-col-16 elementor-top-column elementor-element elementor-element-84a958d ct-column-none col-offset-none col-color-offset-none\" data-id=\"84a958d\" data-element_type=\"column\">\n        <div class=\"elementor-widget-wrap elementor-element-populated\">\n                    \n        \t\t<div class=\"elementor-element elementor-element-30958aa elementor-widget elementor-widget-ct_button\" data-id=\"30958aa\" data-element_type=\"widget\" data-widget_type=\"ct_button.default\">\n\t\t\t\t<div class=\"elementor-widget-container\">\n\t\t\t\t\t<div id=\"ct_button-30958aa\" class=\"ct-button-wrapper ct-button-layout1\">\r\n    <div class=\"ct-inline-css\"  data-css=\"\r\n        \">\r\n    <\/div>\r\n\r\n            <span class=\"ct-icon-active\"><\/span>\r\n        <a href=\"https:\/\/www.serdaroglu.com.tr\/wp-content\/uploads\/2024\/06\/borusan-yeni-liste-07.02.2024-4.pdf\" class=\"btn btn-default  icon-ps- \" data-wow-delay=\"ms\">\r\n                            <span class=\"ct-button-icon ct-icon-normal ct-align-icon-\">\r\n                            <\/span>\r\n                <span class=\"ct-button-text\">\r\n            BORUSAN F\u0130YAT L\u0130STES\u0130        <\/span>\r\n    <\/a>\r\n<\/div>\t\t\t\t<\/div>\n\t\t\t\t<\/div>\n\t\t            <\/div>\n        <\/div>\n                <div class=\"elementor-column elementor-col-16 elementor-top-column elementor-element elementor-element-a905f8e ct-column-none col-offset-none col-color-offset-none\" data-id=\"a905f8e\" data-element_type=\"column\">\n        <div class=\"elementor-widget-wrap\">\n                    \n                    <\/div>\n        <\/div>\n                <div class=\"elementor-column elementor-col-16 elementor-top-column elementor-element elementor-element-5da0548 ct-column-none col-offset-none col-color-offset-none\" data-id=\"5da0548\" data-element_type=\"column\">\n        <div class=\"elementor-widget-wrap\">\n                    \n                    <\/div>\n        <\/div>\n                <div class=\"elementor-column elementor-col-16 elementor-top-column elementor-element elementor-element-720b403 ct-column-none col-offset-none col-color-offset-none\" data-id=\"720b403\" data-element_type=\"column\">\n        <div class=\"elementor-widget-wrap\">\n                    \n                    <\/div>\n        <\/div>\n                <div class=\"elementor-column elementor-col-16 elementor-top-column elementor-element elementor-element-77815fe ct-column-none col-offset-none col-color-offset-none\" data-id=\"77815fe\" data-element_type=\"column\">\n        <div class=\"elementor-widget-wrap\">\n                    \n                    <\/div>\n        <\/div>\n                    <\/div>\n        <\/section>\n                <section class=\"elementor-section elementor-top-section elementor-element elementor-element-7375608 elementor-section-boxed elementor-section-height-default elementor-section-height-default qodef-elementor-content-no ct-header-fixed-none ct-column-none ct-row-scroll-none ct-row-gradient--none\" data-id=\"7375608\" data-element_type=\"section\">\n            \n                        <div class=\"elementor-container elementor-column-gap-default \">\n                    <div class=\"elementor-column elementor-col-25 elementor-top-column elementor-element elementor-element-481aa80 ct-column-none col-offset-none col-color-offset-none\" data-id=\"481aa80\" data-element_type=\"column\">\n        <div class=\"elementor-widget-wrap\">\n                    \n                    <\/div>\n        <\/div>\n                <div class=\"elementor-column elementor-col-25 elementor-top-column elementor-element elementor-element-0d237cb ct-column-none col-offset-none col-color-offset-none\" data-id=\"0d237cb\" data-element_type=\"column\">\n        <div class=\"elementor-widget-wrap\">\n                    \n                    <\/div>\n        <\/div>\n                <div class=\"elementor-column elementor-col-25 elementor-top-column elementor-element elementor-element-8149e0e ct-column-none col-offset-none col-color-offset-none\" data-id=\"8149e0e\" data-element_type=\"column\">\n        <div class=\"elementor-widget-wrap\">\n                    \n                    <\/div>\n        <\/div>\n                <div class=\"elementor-column elementor-col-25 elementor-top-column elementor-element elementor-element-cf4937a ct-column-none col-offset-none col-color-offset-none\" data-id=\"cf4937a\" data-element_type=\"column\">\n        <div class=\"elementor-widget-wrap\">\n                    \n                    <\/div>\n        <\/div>\n                    <\/div>\n        <\/section>\n                <section class=\"elementor-section elementor-top-section elementor-element elementor-element-c0762dc elementor-section-boxed elementor-section-height-default elementor-section-height-default qodef-elementor-content-no ct-header-fixed-none ct-column-none ct-row-scroll-none ct-row-gradient--none\" data-id=\"c0762dc\" data-element_type=\"section\">\n            \n                        <div class=\"elementor-container elementor-column-gap-default \">\n                    <div class=\"elementor-column elementor-col-25 elementor-top-column elementor-element elementor-element-0b57eea ct-column-none col-offset-none col-color-offset-none\" data-id=\"0b57eea\" data-element_type=\"column\">\n        <div class=\"elementor-widget-wrap elementor-element-populated\">\n                    \n        \t\t<div class=\"elementor-element elementor-element-806309a elementor-widget elementor-widget-text-editor\" data-id=\"806309a\" data-element_type=\"widget\" data-widget_type=\"text-editor.default\">\n\t\t\t\t<div class=\"elementor-widget-container\">\n\t\t\t\t\t\t\t\t\t<table style=\"border-collapse: collapse; width: 203px; height: 64px;\" border=\"0\" width=\"128\" cellspacing=\"0\" cellpadding=\"0\"><tbody><tr style=\"height: 15.0pt;\"><td class=\"xl63\" style=\"height: 15.0pt; width: 48pt;\" width=\"64\" height=\"20\">VADE 75 G\u00fcn<\/td><td class=\"xl64\" style=\"border-left: none; width: 48pt;\" width=\"64\">\u00a0 \u00a0 \u00a0 \u00a0 \u00a0 \u00a0 \u00a0 \u00a0 \u00a0%20<\/td><\/tr><tr style=\"height: 15.75pt;\"><td class=\"xl65\" style=\"height: 15.75pt; border-top: none;\" height=\"21\">NAK\u0130T<\/td><td class=\"xl66\" style=\"border-top: none; border-left: none;\" align=\"right\">% 34<\/td><\/tr><\/tbody><\/table>\t\t\t\t\t\t\t\t<\/div>\n\t\t\t\t<\/div>\n\t\t            <\/div>\n        <\/div>\n                <div class=\"elementor-column elementor-col-25 elementor-top-column elementor-element elementor-element-50edd46 ct-column-none col-offset-none col-color-offset-none\" data-id=\"50edd46\" data-element_type=\"column\">\n        <div class=\"elementor-widget-wrap\">\n                    \n                    <\/div>\n        <\/div>\n                <div class=\"elementor-column elementor-col-25 elementor-top-column elementor-element elementor-element-1a70929 ct-column-none col-offset-none col-color-offset-none\" data-id=\"1a70929\" data-element_type=\"column\">\n        <div class=\"elementor-widget-wrap\">\n                    \n                    <\/div>\n        <\/div>\n                <div class=\"elementor-column elementor-col-25 elementor-top-column elementor-element elementor-element-98fcbc3 ct-column-none col-offset-none col-color-offset-none\" data-id=\"98fcbc3\" data-element_type=\"column\">\n        <div class=\"elementor-widget-wrap\">\n                    \n                    <\/div>\n        <\/div>\n                    <\/div>\n        <\/section>\n                <section class=\"elementor-section elementor-top-section elementor-element elementor-element-ea6546d elementor-section-boxed elementor-section-height-default elementor-section-height-default qodef-elementor-content-no ct-header-fixed-none ct-column-none ct-row-scroll-none ct-row-gradient--none\" data-id=\"ea6546d\" data-element_type=\"section\">\n            \n                        <div class=\"elementor-container elementor-column-gap-default \">\n                    <div class=\"elementor-column elementor-col-50 elementor-top-column elementor-element elementor-element-928d04c ct-column-none col-offset-none col-color-offset-none\" data-id=\"928d04c\" data-element_type=\"column\">\n        <div class=\"elementor-widget-wrap elementor-element-populated\">\n                    \n        \t\t<div class=\"elementor-element elementor-element-006cbc5 elementor-list-item-link-inline elementor-widget__width-inherit elementor-icon-list--layout-traditional elementor-widget elementor-widget-icon-list\" data-id=\"006cbc5\" data-element_type=\"widget\" data-widget_type=\"icon-list.default\">\n\t\t\t\t<div class=\"elementor-widget-container\">\n\t\t\t\t\t\t\t<ul class=\"elementor-icon-list-items\">\n\t\t\t\t\t\t\t<li class=\"elementor-icon-list-item\">\n\t\t\t\t\t\t\t\t\t\t\t<span class=\"elementor-icon-list-icon\">\n\t\t\t\t\t\t\t<i aria-hidden=\"true\" class=\"fas fa-caret-square-up\"><\/i>\t\t\t\t\t\t<\/span>\n\t\t\t\t\t\t\t\t\t\t<span class=\"elementor-icon-list-text\"> DKP (Kalite)                         12.705,00\u20ba         <\/span>\n\t\t\t\t\t\t\t\t\t<\/li>\n\t\t\t\t\t\t<\/ul>\n\t\t\t\t\t\t<\/div>\n\t\t\t\t<\/div>\n\t\t\t\t<div class=\"elementor-element elementor-element-cfdea78 elementor-list-item-link-inline elementor-widget__width-inherit elementor-icon-list--layout-traditional elementor-widget elementor-widget-icon-list\" data-id=\"cfdea78\" data-element_type=\"widget\" data-widget_type=\"icon-list.default\">\n\t\t\t\t<div class=\"elementor-widget-container\">\n\t\t\t\t\t\t\t<ul class=\"elementor-icon-list-items\">\n\t\t\t\t\t\t\t<li class=\"elementor-icon-list-item\">\n\t\t\t\t\t\t\t\t\t\t\t<span class=\"elementor-icon-list-icon\">\n\t\t\t\t\t\t\t<i aria-hidden=\"true\" class=\"fas fa-caret-square-up\"><\/i>\t\t\t\t\t\t<\/span>\n\t\t\t\t\t\t\t\t\t\t<span class=\"elementor-icon-list-text\">SICAK RULO SA\u00c7 ton                      620 $         <\/span>\n\t\t\t\t\t\t\t\t\t<\/li>\n\t\t\t\t\t\t<\/ul>\n\t\t\t\t\t\t<\/div>\n\t\t\t\t<\/div>\n\t\t            <\/div>\n        <\/div>\n                <div class=\"elementor-column elementor-col-50 elementor-top-column elementor-element elementor-element-32087a9 ct-column-none col-offset-none col-color-offset-none\" data-id=\"32087a9\" data-element_type=\"column\">\n        <div class=\"elementor-widget-wrap\">\n                    \n                    <\/div>\n        <\/div>\n                    <\/div>\n        <\/section>\n                <section class=\"elementor-section elementor-top-section elementor-element elementor-element-05d8627 elementor-section-boxed elementor-section-height-default elementor-section-height-default qodef-elementor-content-no ct-header-fixed-none ct-column-none ct-row-scroll-none ct-row-gradient--none\" data-id=\"05d8627\" data-element_type=\"section\">\n            \n                        <div class=\"elementor-container elementor-column-gap-default \">\n                    <div class=\"elementor-column elementor-col-50 elementor-top-column elementor-element elementor-element-8256200 ct-column-none col-offset-none col-color-offset-none\" data-id=\"8256200\" data-element_type=\"column\">\n        <div class=\"elementor-widget-wrap\">\n                    \n                    <\/div>\n        <\/div>\n                <div class=\"elementor-column elementor-col-50 elementor-top-column elementor-element elementor-element-4d895f9 ct-column-none col-offset-none col-color-offset-none\" data-id=\"4d895f9\" data-element_type=\"column\">\n        <div class=\"elementor-widget-wrap\">\n                    \n                    <\/div>\n        <\/div>\n                    <\/div>\n        <\/section>\n                <section class=\"elementor-section elementor-top-section elementor-element elementor-element-1ae374e elementor-section-boxed elementor-section-height-default elementor-section-height-default qodef-elementor-content-no ct-header-fixed-none ct-column-none ct-row-scroll-none ct-row-gradient--none\" data-id=\"1ae374e\" data-element_type=\"section\">\n            \n                        <div class=\"elementor-container elementor-column-gap-default \">\n                    <div class=\"elementor-column elementor-col-50 elementor-top-column elementor-element elementor-element-61ddecb ct-column-none col-offset-none col-color-offset-none\" data-id=\"61ddecb\" data-element_type=\"column\">\n        <div class=\"elementor-widget-wrap\">\n                    \n                    <\/div>\n        <\/div>\n                <div class=\"elementor-column elementor-col-50 elementor-top-column elementor-element elementor-element-e21f373 ct-column-none col-offset-none col-color-offset-none\" data-id=\"e21f373\" data-element_type=\"column\">\n        <div class=\"elementor-widget-wrap\">\n                    \n                    <\/div>\n        <\/div>\n                    <\/div>\n        <\/section>\n                <section class=\"elementor-section elementor-top-section elementor-element elementor-element-d76f28b elementor-section-boxed elementor-section-height-default elementor-section-height-default qodef-elementor-content-no ct-header-fixed-none ct-column-none ct-row-scroll-none ct-row-gradient--none\" data-id=\"d76f28b\" data-element_type=\"section\">\n            \n                        <div class=\"elementor-container elementor-column-gap-default \">\n                    <div class=\"elementor-column elementor-col-50 elementor-top-column elementor-element elementor-element-3291b91 ct-column-none col-offset-none col-color-offset-none\" data-id=\"3291b91\" data-element_type=\"column\">\n        <div class=\"elementor-widget-wrap\">\n                    \n                    <\/div>\n        <\/div>\n                <div class=\"elementor-column elementor-col-50 elementor-top-column elementor-element elementor-element-dd64547 ct-column-none col-offset-none col-color-offset-none\" data-id=\"dd64547\" data-element_type=\"column\">\n        <div class=\"elementor-widget-wrap\">\n                    \n                    <\/div>\n        <\/div>\n                    <\/div>\n        <\/section>\n                <section class=\"elementor-section elementor-top-section elementor-element elementor-element-135dd11 elementor-section-boxed elementor-section-height-default elementor-section-height-default qodef-elementor-content-no ct-header-fixed-none ct-column-none ct-row-scroll-none ct-row-gradient--none\" data-id=\"135dd11\" data-element_type=\"section\">\n            \n                        <div class=\"elementor-container elementor-column-gap-default \">\n                    <div class=\"elementor-column elementor-col-50 elementor-top-column elementor-element elementor-element-aeca9c2 ct-column-none col-offset-none col-color-offset-none\" data-id=\"aeca9c2\" data-element_type=\"column\">\n        <div class=\"elementor-widget-wrap\">\n                    \n                    <\/div>\n        <\/div>\n                <div class=\"elementor-column elementor-col-50 elementor-top-column elementor-element elementor-element-bbbfc00 ct-column-none col-offset-none col-color-offset-none\" data-id=\"bbbfc00\" data-element_type=\"column\">\n        <div class=\"elementor-widget-wrap\">\n                    \n                    <\/div>\n        <\/div>\n                    <\/div>\n        <\/section>\n                <section class=\"elementor-section elementor-top-section elementor-element elementor-element-ba97e1b elementor-section-boxed elementor-section-height-default elementor-section-height-default qodef-elementor-content-no ct-header-fixed-none ct-column-none ct-row-scroll-none ct-row-gradient--none\" data-id=\"ba97e1b\" data-element_type=\"section\">\n            \n                        <div class=\"elementor-container elementor-column-gap-default \">\n                    <div class=\"elementor-column elementor-col-50 elementor-top-column elementor-element elementor-element-27363f9 ct-column-none col-offset-none col-color-offset-none\" data-id=\"27363f9\" data-element_type=\"column\">\n        <div class=\"elementor-widget-wrap\">\n                    \n                    <\/div>\n        <\/div>\n                <div class=\"elementor-column elementor-col-50 elementor-top-column elementor-element elementor-element-ad722e6 ct-column-none col-offset-none col-color-offset-none\" data-id=\"ad722e6\" data-element_type=\"column\">\n        <div class=\"elementor-widget-wrap\">\n                    \n                    <\/div>\n        <\/div>\n                    <\/div>\n        <\/section>\n                <section class=\"elementor-section elementor-top-section elementor-element elementor-element-c9de2af elementor-section-boxed elementor-section-height-default elementor-section-height-default qodef-elementor-content-no ct-header-fixed-none ct-column-none ct-row-scroll-none ct-row-gradient--none\" data-id=\"c9de2af\" data-element_type=\"section\">\n            \n                        <div class=\"elementor-container elementor-column-gap-default \">\n                    <div class=\"elementor-column elementor-col-100 elementor-top-column elementor-element elementor-element-85949c6 ct-column-none col-offset-none col-color-offset-none\" data-id=\"85949c6\" data-element_type=\"column\">\n        <div class=\"elementor-widget-wrap elementor-element-populated\">\n                    \n        \t\t<div class=\"elementor-element elementor-element-5e476bb elementor-widget elementor-widget-text-editor\" data-id=\"5e476bb\" data-element_type=\"widget\" data-widget_type=\"text-editor.default\">\n\t\t\t\t<div class=\"elementor-widget-container\">\n\t\t\t\t\t\t\t\t\t<p>\u00a0<\/p><div><div><em>*Ula\u015fm\u0131\u015f oldu\u011funuz bu site kapsam\u0131ndaki gerek s\u00f6zel gerekse de grafiksel bilgiler ula\u015f\u0131labilen ilk kaynaklardan iyi niyetle ve do\u011frulu\u011fu, ge\u00e7erlili\u011fi, etkinli\u011fi velhas\u0131l her ne \u015fekil ve surette olursa olsun herhangi bir karar dayanak olu\u015fturmas\u0131 hususunda herhangi bir teminat, garanti olu\u015fturmadan yaln\u0131zca bilgi edinilmesi amac\u0131yla toplanm\u0131\u015ft\u0131r. Burada yer alan yorum ve tavsiyeler, yorum ve tavsiyede bulunanlar\u0131n ki\u015fisel g\u00f6r\u00fc\u015flerine dayanmaktad\u0131r. Bu g\u00f6r\u00fc\u015fler, mali durumunuz ile risk ve getiri tercihlerinize uygun olmayabilir. Bu nedenle, sadece burada yer alan bilgilere dayan\u0131larak yat\u0131r\u0131m karar\u0131 verilmesi, beklentilerinize uygun sonu\u00e7lar do\u011furmayabilir. Detayl\u0131 bilgi i\u00e7in l\u00fctfen Sat\u0131\u015f Temsilcilerimizle \u0130leti\u015fime ge\u00e7in.<\/em><\/div><\/div><p><br data-cke-eol=\"1\" \/><br \/><\/p>\t\t\t\t\t\t\t\t<\/div>\n\t\t\t\t<\/div>\n\t\t            <\/div>\n        <\/div>\n                    <\/div>\n        <\/section>\n        \t\t<\/div>\n\t\t","protected":false},"excerpt":{"rendered":"<p>18.5.2024 TAR\u0130HL\u0130 G\u00dcNCEL F\u0130YAT VE \u0130SKONTOLARIMIZDIR. T\u00dcM F\u0130YATLAR HAKKINDA DETAYLI VE G\u00dcNCEL B\u0130LG\u0130 ALMAK \u0130\u00c7\u0130N \u0130LET\u0130\u015e\u0130M B\u00d6L\u00dcM\u00dcNDEN B\u0130ZLERE ULA\u015eAB\u0130L\u0130RS\u0130N\u0130Z. \u00c7AYIROVA F\u0130YAT L\u0130STES\u0130 BORUSAN F\u0130YAT L\u0130STES\u0130 VADE 75 G\u00fcn \u00a0 \u00a0 \u00a0 \u00a0 \u00a0 \u00a0 \u00a0 \u00a0 \u00a0%20 NAK\u0130T % 34 DKP (Kalite) 12.705,00\u20ba SICAK RULO SA\u00c7 ton 620 $ \u00a0 *Ula\u015fm\u0131\u015f oldu\u011funuz bu site kapsam\u0131ndaki [&hellip;]<\/p>\n","protected":false},"author":2,"featured_media":0,"parent":0,"menu_order":0,"comment_status":"closed","ping_status":"closed","template":"","meta":{"_joinchat":[],"footnotes":""},"class_list":["post-10415","page","type-page","status-publish","hentry"],"_links":{"self":[{"href":"https:\/\/www.serdaroglu.com.tr\/index.php\/wp-json\/wp\/v2\/pages\/10415","targetHints":{"allow":["GET"]}}],"collection":[{"href":"https:\/\/www.serdaroglu.com.tr\/index.php\/wp-json\/wp\/v2\/pages"}],"about":[{"href":"https:\/\/www.serdaroglu.com.tr\/index.php\/wp-json\/wp\/v2\/types\/page"}],"author":[{"embeddable":true,"href":"https:\/\/www.serdaroglu.com.tr\/index.php\/wp-json\/wp\/v2\/users\/2"}],"replies":[{"embeddable":true,"href":"https:\/\/www.serdaroglu.com.tr\/index.php\/wp-json\/wp\/v2\/comments?post=10415"}],"version-history":[{"count":350,"href":"https:\/\/www.serdaroglu.com.tr\/index.php\/wp-json\/wp\/v2\/pages\/10415\/revisions"}],"predecessor-version":[{"id":11871,"href":"https:\/\/www.serdaroglu.com.tr\/index.php\/wp-json\/wp\/v2\/pages\/10415\/revisions\/11871"}],"wp:attachment":[{"href":"https:\/\/www.serdaroglu.com.tr\/index.php\/wp-json\/wp\/v2\/media?parent=10415"}],"curies":[{"name":"wp","href":"https:\/\/api.w.org\/{rel}","templated":true}]}}