{"id":33,"date":"2021-09-23T03:28:10","date_gmt":"2021-09-23T03:28:10","guid":{"rendered":"https:\/\/demo.casethemes.net\/itfirm\/?page_id=33"},"modified":"2025-03-12T14:42:33","modified_gmt":"2025-03-12T14:42:33","slug":"kurumsal","status":"publish","type":"page","link":"https:\/\/www.serdaroglu.com.tr\/index.php\/kurumsal\/","title":{"rendered":"Hakk\u0131m\u0131zda"},"content":{"rendered":"\t\t<div data-elementor-type=\"wp-page\" data-elementor-id=\"33\" class=\"elementor elementor-33\">\n\t\t\t\t        <section class=\"elementor-section elementor-top-section elementor-element elementor-element-8471de7 elementor-section-stretched elementor-section-boxed elementor-section-height-default elementor-section-height-default qodef-elementor-content-no ct-header-fixed-none ct-column-none ct-row-scroll-none ct-row-gradient--none\" data-id=\"8471de7\" data-element_type=\"section\" data-settings=\"{&quot;stretch_section&quot;:&quot;section-stretched&quot;,&quot;background_background&quot;:&quot;classic&quot;}\">\n                            <div class=\"elementor-background-overlay\"><\/div>\n                \n                        <div class=\"elementor-container elementor-column-gap-extended \">\n                    <div class=\"elementor-column elementor-col-100 elementor-top-column elementor-element elementor-element-df51e7f ct-column-none col-offset-none col-color-offset-none\" data-id=\"df51e7f\" data-element_type=\"column\">\n        <div class=\"elementor-widget-wrap elementor-element-populated\">\n                    \n        \t\t<div class=\"elementor-element elementor-element-1933fbea elementor-widget elementor-widget-ct_heading\" data-id=\"1933fbea\" data-element_type=\"widget\" data-widget_type=\"ct_heading.default\">\n\t\t\t\t<div class=\"elementor-widget-container\">\n\t\t\t\t\t<div id=\"ct_heading-1933fbea\" class=\"ct-heading h-align- item-st-default highlight-style1\">\r\n  <div class=\"ct-heading--inner\"> \r\n    <div class=\"ct-inline-css\"  data-css=\"\r\n                                \">\r\n    <\/div>\r\n      <div class=\"item--text-below\">\r\n      <div class=\"ct-inline-css\"  data-css=\"\r\n        \">\r\n      <\/div>\r\n          <\/div>\r\n  \r\n\t\t\t<div class=\"item--sub-title style-icon-right \" data-wow-delay=\"ms\">\r\n                        <span>\r\n                SERDARO\u011eLU A.\u015e.            <\/span>\r\n                            <svg class=\"svg-right\" xmlns=\"http:\/\/www.w3.org\/2000\/svg\" xmlns:xlink=\"http:\/\/www.w3.org\/1999\/xlink\" width=\"33\" height=\"21\" viewBox=\"0 0 33 21\">\r\n                  <defs>\r\n                    <style>\r\n                      .h-cls-1, .h-cls-2 {\r\n                        fill: none;\r\n                        stroke-width: 3px;\r\n                        fill-rule: evenodd;\r\n                      }\r\n\r\n                      .h-cls-1 {\r\n                        filter: url(#filter);\r\n                      }\r\n\r\n                      .h-cls-2 {\r\n                        filter: url(#filter-2);\r\n                      }\r\n                    <\/style>\r\n                    <filter id=\"right-h-filterct_heading-1933fbea\" x=\"-0.125\" y=\"-0.094\" width=\"32.406\" height=\"12\" filterUnits=\"userSpaceOnUse\">\r\n                      <feFlood result=\"flood\"\/>\r\n                      <feComposite result=\"composite\" operator=\"in\" in2=\"SourceGraphic\"\/>\r\n                      <feBlend result=\"blend\" in2=\"SourceGraphic\"\/>\r\n                    <\/filter>\r\n                    <filter id=\"right-h-filter-2ct_heading-1933fbea\" x=\"-10\" y=\"14.594\" width=\"29.656\" height=\"6.406\" filterUnits=\"userSpaceOnUse\">\r\n                      <feFlood result=\"flood\"\/>\r\n                      <feComposite result=\"composite\" operator=\"in\" in2=\"SourceGraphic\"\/>\r\n                      <feBlend result=\"blend\" in2=\"SourceGraphic\"\/>\r\n                    <\/filter>\r\n\r\n                    <linearGradient id=\"right-h-grad1ct_heading-1933fbea\" x1=\"0%\" y1=\"0%\" x2=\"100%\" y2=\"0%\">\r\n                      <stop offset=\"0%\" style=\"stop-color:#006cff;stop-opacity:1\" \/>\r\n                      <stop offset=\"100%\" style=\"stop-color:#1227b8;stop-opacity:1\" \/>\r\n                    <\/linearGradient>\r\n\r\n                  <\/defs>\r\n                  <g>\r\n                    <g style=\"fill: none; filter: url(#right-h-filterct_heading-1933fbea)\">\r\n                      <path id=\"right-h-pathct_heading-1933fbea\" class=\"h-cls-1\" d=\"M-0.117,8.9H27.036s5.078-3.073,0-6.517\" style=\"stroke: inherit; filter: none;\"\/>\r\n                    <\/g>\r\n                    <use xlink:href=\"#right-h-pathct_heading-1933fbea\" style=\"stroke: url(#right-h-grad1ct_heading-1933fbea); filter: none; fill: none\"\/>\r\n                    <g style=\"fill: none; filter: url(#right-h-filter-2ct_heading-1933fbea)\">\r\n                      <path id=\"right-h-bgct_heading-1933fbea\" class=\"h-cls-2\" d=\"M-9.991,14.594H17.352s5.114,3.027,0,6.422\" style=\"stroke: inherit; filter: none;\"\/>\r\n                    <\/g>\r\n                    <use xlink:href=\"#right-h-bgct_heading-1933fbea\" style=\"stroke: url(#right-h-grad1ct_heading-1933fbea); filter: none; fill: none\"\/>\r\n                  <\/g>\r\n                <\/svg>\r\n                    <\/div>\r\n\t    <h3 class=\"item--title st-default \" data-wow-delay=\"ms\">\r\n        <span class=\"ct-text-inner\">Hakk\u0131m\u0131zda<\/span>    <\/h3>\r\n  <\/div>\r\n<\/div>\r\n\t\t\t\t<\/div>\n\t\t\t\t<\/div>\n\t\t\t\t<div class=\"elementor-element elementor-element-621a4ab elementor-widget elementor-widget-image\" data-id=\"621a4ab\" data-element_type=\"widget\" data-widget_type=\"image.default\">\n\t\t\t\t<div class=\"elementor-widget-container\">\n\t\t\t\t\t\t\t\t\t\t\t\t\t\t\t<img fetchpriority=\"high\" decoding=\"async\" width=\"2003\" height=\"1392\" src=\"https:\/\/www.serdaroglu.com.tr\/wp-content\/uploads\/2025\/03\/Ilk-sayfa-Dijitalkatalog-1.pdf.jpg\" class=\"attachment-full size-full wp-image-12028\" alt=\"\" srcset=\"https:\/\/www.serdaroglu.com.tr\/wp-content\/uploads\/2025\/03\/Ilk-sayfa-Dijitalkatalog-1.pdf.jpg 2003w, https:\/\/www.serdaroglu.com.tr\/wp-content\/uploads\/2025\/03\/Ilk-sayfa-Dijitalkatalog-1.pdf-300x208.jpg 300w, https:\/\/www.serdaroglu.com.tr\/wp-content\/uploads\/2025\/03\/Ilk-sayfa-Dijitalkatalog-1.pdf-1024x712.jpg 1024w, https:\/\/www.serdaroglu.com.tr\/wp-content\/uploads\/2025\/03\/Ilk-sayfa-Dijitalkatalog-1.pdf-768x534.jpg 768w, https:\/\/www.serdaroglu.com.tr\/wp-content\/uploads\/2025\/03\/Ilk-sayfa-Dijitalkatalog-1.pdf-1536x1067.jpg 1536w, https:\/\/www.serdaroglu.com.tr\/wp-content\/uploads\/2025\/03\/Ilk-sayfa-Dijitalkatalog-1.pdf-600x417.jpg 600w\" sizes=\"(max-width: 2003px) 100vw, 2003px\" \/>\t\t\t\t\t\t\t\t\t\t\t\t\t\t\t<\/div>\n\t\t\t\t<\/div>\n\t\t\t\t<div class=\"elementor-element elementor-element-49ec18b elementor-widget elementor-widget-text-editor\" data-id=\"49ec18b\" data-element_type=\"widget\" data-widget_type=\"text-editor.default\">\n\t\t\t\t<div class=\"elementor-widget-container\">\n\t\t\t\t\t\t\t\t\t<p class=\"vc_custom_heading hidden-sm hidden-xs vc_custom_1564241242176\" style=\"text-align: justify;\">1986&#8242; dan beri&#8230;<\/p><div class=\"vc_row wpb_row vc_inner vc_row-fluid\"><div class=\"wpb_column vc_column_container vc_col-sm-12\"><div class=\"vc_column-inner vc_custom_1494857398526\"><div class=\"wpb_wrapper\"><div class=\"wpb_text_column wpb_content_element vc_custom_1565189282725\"><div class=\"wpb_wrapper\"><p style=\"text-align: justify;\">Serdaro\u011flu olarak 1986 y\u0131l\u0131ndan bu yana T\u00fcrkiye\u2019de ve \u00e7evre \u00fclkelerde; g\u00fcncel teknolojilere uygun mekanik tesisat tedarik \u00e7\u00f6z\u00fcmlerini m\u00fc\u015fterilerimizle bulu\u015fturuyoruz. T\u00fcrkiye\u2019nin ve d\u00fcnyan\u0131n en se\u00e7kin markalar\u0131n\u0131 en uygun fiyatlarla m\u00fc\u015fterilerimize sunarken, her ge\u00e7en g\u00fcn i\u015ftikal konular\u0131m\u0131za yenilerini ekliyoruz. Bug\u00fcn departmanlar\u0131m\u0131z\u0131;<\/p><p style=\"text-align: justify;\">* Tesisat Ekipmanlar\u0131,<br \/>* Yang\u0131n Ekipmanlar\u0131,<br \/>* Pompa ve Hidroforlar,<br \/>* Is\u0131tma \u00c7\u00f6z\u00fcmleri,<br \/>* \u0130klimlendirme ve Havaland\u0131rma<\/p><p style=\"text-align: justify;\">konular\u0131nda s\u0131n\u0131fland\u0131rarak konusunda uzman ekiplerimizle, 55.000 kalem \u00fcr\u00fcn, 8000 \u00e7e\u015fit ve 100\u2019e yak\u0131n marka ile m\u00fc\u015fterilerimize projelerinde temelden teslime ayr\u0131cal\u0131kl\u0131 hizmetler sunuyoruz.<\/p><\/div><\/div><\/div><\/div><\/div><\/div>\t\t\t\t\t\t\t\t<\/div>\n\t\t\t\t<\/div>\n\t\t\t\t<div class=\"elementor-element elementor-element-dab2d38 elementor-widget elementor-widget-text-editor\" data-id=\"dab2d38\" data-element_type=\"widget\" data-widget_type=\"text-editor.default\">\n\t\t\t\t<div class=\"elementor-widget-container\">\n\t\t\t\t\t\t\t\t\t<div class=\"vc_row wpb_row vc_inner vc_row-fluid\"><div class=\"wpb_column vc_column_container vc_col-sm-12\"><div class=\"vc_column-inner vc_custom_1494857398526\"><div class=\"wpb_wrapper\"><div class=\"wpb_text_column wpb_content_element vc_custom_1565189282725\"><div class=\"wpb_wrapper\"><h5 style=\"text-align: justify;\">M\u00fc\u015fteri Memnuniyeti \u0130lkemiz<\/h5><p style=\"text-align: justify;\">\u00d6nceli\u011fimiz m\u00fc\u015fterilerimizin huzuru ve mutlulu\u011fudur. M\u00fc\u015fterilerimize Serdaro\u011flu g\u00fcvencesiyle hizmet veriyoruz. G\u00fcvenli, kaliteli, istikrarl\u0131 \u00e7al\u0131\u015fma anlay\u0131\u015f\u0131m\u0131z ve rekabet\u00e7i fiyatlar\u0131m\u0131zla sadece bug\u00fcn i\u00e7in de\u011fil ilelebet i\u015fbirli\u011fi i\u00e7erisinde olmak ad\u0131na var g\u00fcc\u00fcm\u00fczle \u00e7al\u0131\u015f\u0131yoruz.<\/p><h5 style=\"text-align: justify;\">Kaliteli Teslimat ve Sevkiyat Anlay\u0131\u015f\u0131m\u0131z<\/h5><p style=\"text-align: justify;\">Hizmetlerimizdeki bir g\u00fcnl\u00fck gecikmenin dahi m\u00fc\u015fterilerimize ciddi maliyetler ve kay\u0131plar olu\u015fturdu\u011funu \u00e7ok iyi biliyoruz, bu sebeple barkod ve depo otomasyon sistemlerimizle h\u0131zl\u0131 ve do\u011fru sevkiyat yaparak \u00fcr\u00fcnlerimizi m\u00fc\u015fterilerimize ula\u015ft\u0131r\u0131yoruz.<\/p><h5 style=\"text-align: justify;\">E-Ticaret Sitemiz<\/h5><p style=\"text-align: justify;\">M\u00fc\u015fterilerimize sadece ma\u011fazalar\u0131m\u0131zdan de\u011fil ayn\u0131 zamanda internet ma\u011fazam\u0131zdan da en uygun fiyat ve ayn\u0131 kalite ile hizmet veriyoruz. \u00d6zel kampanyalar\u0131m\u0131z\u0131 da e-ticaret sitemiz arac\u0131l\u0131\u011f\u0131yla m\u00fc\u015fterilerimizle bulu\u015fturuyoruz.<\/p><\/div><\/div><\/div><\/div><\/div><\/div>\t\t\t\t\t\t\t\t<\/div>\n\t\t\t\t<\/div>\n\t\t            <\/div>\n        <\/div>\n                    <\/div>\n        <\/section>\n        \t\t<\/div>\n\t\t","protected":false},"excerpt":{"rendered":"<p>SERDARO\u011eLU A.\u015e. Hakk\u0131m\u0131zda 1986&#8242; dan beri&#8230; Serdaro\u011flu olarak 1986 y\u0131l\u0131ndan bu yana T\u00fcrkiye\u2019de ve \u00e7evre \u00fclkelerde; g\u00fcncel teknolojilere uygun mekanik tesisat tedarik \u00e7\u00f6z\u00fcmlerini m\u00fc\u015fterilerimizle bulu\u015fturuyoruz. T\u00fcrkiye\u2019nin ve d\u00fcnyan\u0131n en se\u00e7kin markalar\u0131n\u0131 en uygun fiyatlarla m\u00fc\u015fterilerimize sunarken, her ge\u00e7en g\u00fcn i\u015ftikal konular\u0131m\u0131za yenilerini ekliyoruz. Bug\u00fcn departmanlar\u0131m\u0131z\u0131; * Tesisat Ekipmanlar\u0131,* Yang\u0131n Ekipmanlar\u0131,* Pompa ve Hidroforlar,* Is\u0131tma \u00c7\u00f6z\u00fcmleri,* [&hellip;]<\/p>\n","protected":false},"author":1,"featured_media":0,"parent":0,"menu_order":0,"comment_status":"closed","ping_status":"closed","template":"","meta":{"_joinchat":[],"footnotes":""},"class_list":["post-33","page","type-page","status-publish","hentry"],"_links":{"self":[{"href":"https:\/\/www.serdaroglu.com.tr\/index.php\/wp-json\/wp\/v2\/pages\/33","targetHints":{"allow":["GET"]}}],"collection":[{"href":"https:\/\/www.serdaroglu.com.tr\/index.php\/wp-json\/wp\/v2\/pages"}],"about":[{"href":"https:\/\/www.serdaroglu.com.tr\/index.php\/wp-json\/wp\/v2\/types\/page"}],"author":[{"embeddable":true,"href":"https:\/\/www.serdaroglu.com.tr\/index.php\/wp-json\/wp\/v2\/users\/1"}],"replies":[{"embeddable":true,"href":"https:\/\/www.serdaroglu.com.tr\/index.php\/wp-json\/wp\/v2\/comments?post=33"}],"version-history":[{"count":37,"href":"https:\/\/www.serdaroglu.com.tr\/index.php\/wp-json\/wp\/v2\/pages\/33\/revisions"}],"predecessor-version":[{"id":12037,"href":"https:\/\/www.serdaroglu.com.tr\/index.php\/wp-json\/wp\/v2\/pages\/33\/revisions\/12037"}],"wp:attachment":[{"href":"https:\/\/www.serdaroglu.com.tr\/index.php\/wp-json\/wp\/v2\/media?parent=33"}],"curies":[{"name":"wp","href":"https:\/\/api.w.org\/{rel}","templated":true}]}}