{"id":7966,"date":"2022-11-28T07:44:16","date_gmt":"2022-11-28T07:44:16","guid":{"rendered":"https:\/\/alfayazilim.com.tr\/serdaroglu\/?page_id=7966"},"modified":"2022-12-29T15:55:13","modified_gmt":"2022-12-29T15:55:13","slug":"selonoid-ve-pnomatik-valfler","status":"publish","type":"page","link":"https:\/\/www.serdaroglu.com.tr\/index.php\/urunler\/tesisat-malzemeleri\/selonoid-ve-pnomatik-valfler\/","title":{"rendered":"SELONO\u0130D ve PN\u00d6MAT\u0130K VALFLER"},"content":{"rendered":"\t\t<div data-elementor-type=\"wp-page\" data-elementor-id=\"7966\" class=\"elementor elementor-7966\">\n\t\t\t\t        <section class=\"elementor-section elementor-top-section elementor-element elementor-element-2977bf5 elementor-section-boxed elementor-section-height-default elementor-section-height-default qodef-elementor-content-no ct-header-fixed-none ct-column-none ct-row-scroll-none ct-row-gradient--none\" data-id=\"2977bf5\" data-element_type=\"section\">\n            \n                        <div class=\"elementor-container elementor-column-gap-default \">\n                    <div class=\"elementor-column elementor-col-50 elementor-top-column elementor-element elementor-element-15eee1a ct-column-none col-offset-none col-color-offset-none\" data-id=\"15eee1a\" data-element_type=\"column\">\n        <div class=\"elementor-widget-wrap elementor-element-populated\">\n                    \n        \t\t<div class=\"elementor-element elementor-element-1ada447 elementor-widget elementor-widget-ct_heading\" data-id=\"1ada447\" data-element_type=\"widget\" data-widget_type=\"ct_heading.default\">\n\t\t\t\t<div class=\"elementor-widget-container\">\n\t\t\t\t\t<div id=\"ct_heading-1ada447\" class=\"ct-heading h-align- item-st-default highlight-style1\">\r\n  <div class=\"ct-heading--inner\"> \r\n    <div class=\"ct-inline-css\"  data-css=\"\r\n                                \">\r\n    <\/div>\r\n  \r\n\t    <h5 class=\"item--title st-default \" data-wow-delay=\"ms\">\r\n        <span class=\"ct-text-inner\">SELONO\u0130D VALFLER\n<\/span>    <\/h5>\r\n  <\/div>\r\n<\/div>\r\n\t\t\t\t<\/div>\n\t\t\t\t<\/div>\n\t\t\t\t<div class=\"elementor-element elementor-element-105914f elementor-widget elementor-widget-image\" data-id=\"105914f\" data-element_type=\"widget\" data-widget_type=\"image.default\">\n\t\t\t\t<div class=\"elementor-widget-container\">\n\t\t\t\t\t\t\t\t\t\t\t\t\t\t\t<img fetchpriority=\"high\" decoding=\"async\" width=\"600\" height=\"400\" src=\"https:\/\/www.serdaroglu.com.tr\/wp-content\/uploads\/2019\/07\/SELONOID-VALFLER.jpg\" class=\"attachment-large size-large wp-image-3937\" alt=\"\" srcset=\"https:\/\/www.serdaroglu.com.tr\/wp-content\/uploads\/2019\/07\/SELONOID-VALFLER.jpg 600w, https:\/\/www.serdaroglu.com.tr\/wp-content\/uploads\/2019\/07\/SELONOID-VALFLER-300x200.jpg 300w\" sizes=\"(max-width: 600px) 100vw, 600px\" \/>\t\t\t\t\t\t\t\t\t\t\t\t\t\t\t<\/div>\n\t\t\t\t<\/div>\n\t\t            <\/div>\n        <\/div>\n                <div class=\"elementor-column elementor-col-50 elementor-top-column elementor-element elementor-element-6ed2a40 ct-column-none col-offset-none col-color-offset-none\" data-id=\"6ed2a40\" data-element_type=\"column\">\n        <div class=\"elementor-widget-wrap elementor-element-populated\">\n                    \n        \t\t<div class=\"elementor-element elementor-element-77499fd elementor-widget elementor-widget-text-editor\" data-id=\"77499fd\" data-element_type=\"widget\" data-widget_type=\"text-editor.default\">\n\t\t\t\t<div class=\"elementor-widget-container\">\n\t\t\t\t\t\t\t\t\t<div class=\"wpb_column vc_column_container vc_col-sm-4\"><div class=\"vc_column-inner\"><div class=\"wpb_wrapper\"><div class=\"wpb_text_column wpb_content_element\"><div class=\"wpb_wrapper\"><p>Valf \u00c7e\u015fitleri<br \/>\u00c7ap Aral\u0131\u011f\u0131<br \/>Besleme<br \/>G\u00f6vde Malzemesi<\/p><\/div><\/div><\/div><\/div><\/div><div class=\"wpb_column vc_column_container vc_col-sm-8\"><div class=\"vc_column-inner\"><div class=\"wpb_wrapper\"><div class=\"wpb_text_column wpb_content_element\"><div class=\"wpb_wrapper\"><p>: Genel maksat, buhar, yak\u0131t, patla\u00e7<br \/>: 1\/8\u201d-3\u201d e kadar<br \/>: 12, 24, 48, 72, 110, 220 V AC, DC<br \/>: Pirin\u00e7, paslanmaz, PVC<\/p><\/div><\/div><\/div><\/div><\/div>\t\t\t\t\t\t\t\t<\/div>\n\t\t\t\t<\/div>\n\t\t            <\/div>\n        <\/div>\n                    <\/div>\n        <\/section>\n                <section class=\"elementor-section elementor-top-section elementor-element elementor-element-6ed7276 elementor-section-boxed elementor-section-height-default elementor-section-height-default qodef-elementor-content-no ct-header-fixed-none ct-column-none ct-row-scroll-none ct-row-gradient--none\" data-id=\"6ed7276\" data-element_type=\"section\">\n            \n                        <div class=\"elementor-container elementor-column-gap-default \">\n                    <div class=\"elementor-column elementor-col-50 elementor-top-column elementor-element elementor-element-38c40c3 ct-column-none col-offset-none col-color-offset-none\" data-id=\"38c40c3\" data-element_type=\"column\">\n        <div class=\"elementor-widget-wrap elementor-element-populated\">\n                    \n        \t\t<div class=\"elementor-element elementor-element-5998ee1 elementor-widget elementor-widget-ct_heading\" data-id=\"5998ee1\" data-element_type=\"widget\" data-widget_type=\"ct_heading.default\">\n\t\t\t\t<div class=\"elementor-widget-container\">\n\t\t\t\t\t<div id=\"ct_heading-5998ee1\" class=\"ct-heading h-align- item-st-default highlight-style1\">\r\n  <div class=\"ct-heading--inner\"> \r\n    <div class=\"ct-inline-css\"  data-css=\"\r\n                                \">\r\n    <\/div>\r\n  \r\n\t    <h5 class=\"item--title st-default \" data-wow-delay=\"ms\">\r\n        <span class=\"ct-text-inner\">PN\u00d6MAT\u0130K P\u0130STONLU VANALAR\n<\/span>    <\/h5>\r\n  <\/div>\r\n<\/div>\r\n\t\t\t\t<\/div>\n\t\t\t\t<\/div>\n\t\t\t\t<div class=\"elementor-element elementor-element-98298ff elementor-widget elementor-widget-image\" data-id=\"98298ff\" data-element_type=\"widget\" data-widget_type=\"image.default\">\n\t\t\t\t<div class=\"elementor-widget-container\">\n\t\t\t\t\t\t\t\t\t\t\t\t\t\t\t<img decoding=\"async\" width=\"600\" height=\"400\" src=\"https:\/\/www.serdaroglu.com.tr\/wp-content\/uploads\/2019\/07\/PNOMATIK-PISTONLU-VANALAR.jpg\" class=\"attachment-large size-large wp-image-3936\" alt=\"\" srcset=\"https:\/\/www.serdaroglu.com.tr\/wp-content\/uploads\/2019\/07\/PNOMATIK-PISTONLU-VANALAR.jpg 600w, https:\/\/www.serdaroglu.com.tr\/wp-content\/uploads\/2019\/07\/PNOMATIK-PISTONLU-VANALAR-300x200.jpg 300w\" sizes=\"(max-width: 600px) 100vw, 600px\" \/>\t\t\t\t\t\t\t\t\t\t\t\t\t\t\t<\/div>\n\t\t\t\t<\/div>\n\t\t            <\/div>\n        <\/div>\n                <div class=\"elementor-column elementor-col-50 elementor-top-column elementor-element elementor-element-4a09871 ct-column-none col-offset-none col-color-offset-none\" data-id=\"4a09871\" data-element_type=\"column\">\n        <div class=\"elementor-widget-wrap elementor-element-populated\">\n                    \n        \t\t<div class=\"elementor-element elementor-element-02e233a elementor-widget elementor-widget-text-editor\" data-id=\"02e233a\" data-element_type=\"widget\" data-widget_type=\"text-editor.default\">\n\t\t\t\t<div class=\"elementor-widget-container\">\n\t\t\t\t\t\t\t\t\t<div class=\"wpb_column vc_column_container vc_col-sm-4\"><div class=\"vc_column-inner\"><div class=\"wpb_wrapper\"><div class=\"wpb_text_column wpb_content_element\"><div class=\"wpb_wrapper\"><div class=\"wpb_column vc_column_container vc_col-sm-4\"><div class=\"vc_column-inner\"><div class=\"wpb_wrapper\"><div class=\"wpb_text_column wpb_content_element\"><div class=\"wpb_wrapper\"><p>G\u00f6vde Malzemesi<br \/>Akt\u00fcat\u00f6r Malzemesi<br \/>\u00c7al\u0131\u015fma S\u0131cakl\u0131\u011f\u0131<br \/>G\u00f6vde Dayanma Bas\u0131nc\u0131<br \/>S\u0131zd\u0131rmazl\u0131k Contas\u0131<br \/>Konum<br \/>Ba\u011flant\u0131<br \/>Gerekli Hava Bas\u0131nc\u0131<br \/>\u00c7ap Aral\u0131\u011f\u0131<\/p><\/div><\/div><\/div><\/div><\/div><div class=\"wpb_column vc_column_container vc_col-sm-8\"><div class=\"vc_column-inner\"><div class=\"wpb_wrapper\"><div class=\"wpb_text_column wpb_content_element\"><div class=\"wpb_wrapper\"><p>: AISI 316 paslanmaz \u00e7elik<br \/>: AISI 316 paslanmaz \u00e7elik<br \/>: 30\u00b0C \/ +180\u00b0C<br \/>: 40 bar<br \/>: PTFE (istek \u00fczerine V\u0130TON, EPDM)<br \/>: Normalde kapal\u0131 (NK) \u2013 Normalde A\u00e7\u0131k (NA)<br \/>: Di\u015fli (G), istenirse flan\u015fl\u0131<br \/>: 6 Bar<br \/>: 1\/2\u201d<\/p><\/div><\/div><\/div><\/div><\/div><\/div><\/div><\/div><\/div><\/div>\t\t\t\t\t\t\t\t<\/div>\n\t\t\t\t<\/div>\n\t\t            <\/div>\n        <\/div>\n                    <\/div>\n        <\/section>\n                <section class=\"elementor-section elementor-top-section elementor-element elementor-element-1763fed elementor-section-boxed elementor-section-height-default elementor-section-height-default qodef-elementor-content-no ct-header-fixed-none ct-column-none ct-row-scroll-none ct-row-gradient--none\" data-id=\"1763fed\" data-element_type=\"section\">\n            \n                        <div class=\"elementor-container elementor-column-gap-default \">\n                    <div class=\"elementor-column elementor-col-50 elementor-top-column elementor-element elementor-element-3701e9a ct-column-none col-offset-none col-color-offset-none\" data-id=\"3701e9a\" data-element_type=\"column\">\n        <div class=\"elementor-widget-wrap elementor-element-populated\">\n                    \n        \t\t<div class=\"elementor-element elementor-element-3280b42 elementor-widget elementor-widget-ct_heading\" data-id=\"3280b42\" data-element_type=\"widget\" data-widget_type=\"ct_heading.default\">\n\t\t\t\t<div class=\"elementor-widget-container\">\n\t\t\t\t\t<div id=\"ct_heading-3280b42\" class=\"ct-heading h-align- item-st-default highlight-style1\">\r\n  <div class=\"ct-heading--inner\"> \r\n    <div class=\"ct-inline-css\"  data-css=\"\r\n                                \">\r\n    <\/div>\r\n  \r\n\t    <h5 class=\"item--title st-default \" data-wow-delay=\"ms\">\r\n        <span class=\"ct-text-inner\">PN\u00d6MAT\u0130K P\u0130STONLU VANALAR\n<\/span>    <\/h5>\r\n  <\/div>\r\n<\/div>\r\n\t\t\t\t<\/div>\n\t\t\t\t<\/div>\n\t\t\t\t<div class=\"elementor-element elementor-element-14fdc22 elementor-widget elementor-widget-image\" data-id=\"14fdc22\" data-element_type=\"widget\" data-widget_type=\"image.default\">\n\t\t\t\t<div class=\"elementor-widget-container\">\n\t\t\t\t\t\t\t\t\t\t\t\t\t\t\t<img decoding=\"async\" width=\"600\" height=\"400\" src=\"https:\/\/www.serdaroglu.com.tr\/wp-content\/uploads\/2019\/07\/PNOMATIK-AKTUATOR.jpg\" class=\"attachment-large size-large wp-image-3934\" alt=\"\" srcset=\"https:\/\/www.serdaroglu.com.tr\/wp-content\/uploads\/2019\/07\/PNOMATIK-AKTUATOR.jpg 600w, https:\/\/www.serdaroglu.com.tr\/wp-content\/uploads\/2019\/07\/PNOMATIK-AKTUATOR-300x200.jpg 300w\" sizes=\"(max-width: 600px) 100vw, 600px\" \/>\t\t\t\t\t\t\t\t\t\t\t\t\t\t\t<\/div>\n\t\t\t\t<\/div>\n\t\t            <\/div>\n        <\/div>\n                <div class=\"elementor-column elementor-col-50 elementor-top-column elementor-element elementor-element-0db53c5 ct-column-none col-offset-none col-color-offset-none\" data-id=\"0db53c5\" data-element_type=\"column\">\n        <div class=\"elementor-widget-wrap elementor-element-populated\">\n                    \n        \t\t<div class=\"elementor-element elementor-element-f8d4e5c elementor-widget elementor-widget-text-editor\" data-id=\"f8d4e5c\" data-element_type=\"widget\" data-widget_type=\"text-editor.default\">\n\t\t\t\t<div class=\"elementor-widget-container\">\n\t\t\t\t\t\t\t\t\t<div class=\"wpb_column vc_column_container vc_col-sm-4\"><div class=\"vc_column-inner\"><div class=\"wpb_wrapper\"><div class=\"wpb_text_column wpb_content_element\"><div class=\"wpb_wrapper\"><div class=\"wpb_column vc_column_container vc_col-sm-4\"><div class=\"vc_column-inner\"><div class=\"wpb_wrapper\"><div class=\"wpb_text_column wpb_content_element\"><div class=\"wpb_wrapper\"><div class=\"wpb_column vc_column_container vc_col-sm-3\"><div class=\"vc_column-inner\"><div class=\"wpb_wrapper\"><div class=\"wpb_text_column wpb_content_element\"><div class=\"wpb_wrapper\"><p>G\u00f6vde<\/p><p>Pistonlar<br \/>Mil<br \/>S\u0131zd\u0131rmazl\u0131k Elemanlar\u0131<br \/>Yataklama Malzemeleri<\/p><\/div><\/div><\/div><\/div><\/div><div class=\"wpb_column vc_column_container vc_col-sm-9\"><div class=\"vc_column-inner\"><div class=\"wpb_wrapper\"><div class=\"wpb_text_column wpb_content_element\"><div class=\"wpb_wrapper\"><p>: Aluminyum extr\u00fczyon, y\u00fczeyi sertle\u015ftirilmi\u015f (T-PA 40, 50, 60, 70 ve 80 modeller i\u00e7in.)<br \/>Aluminyum d\u00f6k\u00fcm ve epoksi boyal\u0131 (T-PA 90, 100, 120, 140, 150, 160, 200 ve 250 modeller i\u00e7in.)<br \/>: Aluminyum d\u00f6k\u00fcm<br \/>: \u00c7elik (Kadminyum Kapl\u0131) veya paslanmaz \u00e7elik<br \/>: Nitril Kau\u00e7uk -20\u00b0C \/+80\u00b0C<br \/>: End\u00fcstriel sert plastik<\/p><\/div><\/div><\/div><\/div><\/div><\/div><\/div><\/div><\/div><\/div><\/div><\/div><\/div><\/div><\/div>\t\t\t\t\t\t\t\t<\/div>\n\t\t\t\t<\/div>\n\t\t            <\/div>\n        <\/div>\n                    <\/div>\n        <\/section>\n                <section class=\"elementor-section elementor-top-section elementor-element elementor-element-810f75b elementor-section-boxed elementor-section-height-default elementor-section-height-default qodef-elementor-content-no ct-header-fixed-none ct-column-none ct-row-scroll-none ct-row-gradient--none\" data-id=\"810f75b\" data-element_type=\"section\">\n            \n                        <div class=\"elementor-container elementor-column-gap-default \">\n                    <div class=\"elementor-column elementor-col-50 elementor-top-column elementor-element elementor-element-64548b2 ct-column-none col-offset-none col-color-offset-none\" data-id=\"64548b2\" data-element_type=\"column\">\n        <div class=\"elementor-widget-wrap elementor-element-populated\">\n                    \n        \t\t<div class=\"elementor-element elementor-element-e7c7080 elementor-widget elementor-widget-ct_heading\" data-id=\"e7c7080\" data-element_type=\"widget\" data-widget_type=\"ct_heading.default\">\n\t\t\t\t<div class=\"elementor-widget-container\">\n\t\t\t\t\t<div id=\"ct_heading-e7c7080\" class=\"ct-heading h-align- item-st-default highlight-style1\">\r\n  <div class=\"ct-heading--inner\"> \r\n    <div class=\"ct-inline-css\"  data-css=\"\r\n                                \">\r\n    <\/div>\r\n  \r\n\t    <h5 class=\"item--title st-default \" data-wow-delay=\"ms\">\r\n        <span class=\"ct-text-inner\">PN\u00d6MAT\u0130K K\u00dcRESEL ve KELEBEK AKT\u00dcAT\u00d6R\n<\/span>    <\/h5>\r\n  <\/div>\r\n<\/div>\r\n\t\t\t\t<\/div>\n\t\t\t\t<\/div>\n\t\t\t\t<div class=\"elementor-element elementor-element-49fcc99 elementor-widget elementor-widget-image\" data-id=\"49fcc99\" data-element_type=\"widget\" data-widget_type=\"image.default\">\n\t\t\t\t<div class=\"elementor-widget-container\">\n\t\t\t\t\t\t\t\t\t\t\t\t\t\t\t<img loading=\"lazy\" decoding=\"async\" width=\"600\" height=\"400\" src=\"https:\/\/www.serdaroglu.com.tr\/wp-content\/uploads\/2019\/07\/PNOMATIK-KURESEL-ve-KELEBEK-AKTUATOR.jpg\" class=\"attachment-large size-large wp-image-3935\" alt=\"\" srcset=\"https:\/\/www.serdaroglu.com.tr\/wp-content\/uploads\/2019\/07\/PNOMATIK-KURESEL-ve-KELEBEK-AKTUATOR.jpg 600w, https:\/\/www.serdaroglu.com.tr\/wp-content\/uploads\/2019\/07\/PNOMATIK-KURESEL-ve-KELEBEK-AKTUATOR-300x200.jpg 300w\" sizes=\"(max-width: 600px) 100vw, 600px\" \/>\t\t\t\t\t\t\t\t\t\t\t\t\t\t\t<\/div>\n\t\t\t\t<\/div>\n\t\t            <\/div>\n        <\/div>\n                <div class=\"elementor-column elementor-col-50 elementor-top-column elementor-element elementor-element-03f0675 ct-column-none col-offset-none col-color-offset-none\" data-id=\"03f0675\" data-element_type=\"column\">\n        <div class=\"elementor-widget-wrap elementor-element-populated\">\n                    \n        \t\t<div class=\"elementor-element elementor-element-a254cfd elementor-widget elementor-widget-text-editor\" data-id=\"a254cfd\" data-element_type=\"widget\" data-widget_type=\"text-editor.default\">\n\t\t\t\t<div class=\"elementor-widget-container\">\n\t\t\t\t\t\t\t\t\t<div class=\"wpb_column vc_column_container vc_col-sm-4\"><div class=\"vc_column-inner\"><div class=\"wpb_wrapper\"><div class=\"wpb_text_column wpb_content_element\"><div class=\"wpb_wrapper\"><div class=\"wpb_column vc_column_container vc_col-sm-4\"><div class=\"vc_column-inner\"><div class=\"wpb_wrapper\"><div class=\"wpb_text_column wpb_content_element\"><div class=\"wpb_wrapper\"><div class=\"wpb_column vc_column_container vc_col-sm-3\"><div class=\"vc_column-inner\"><div class=\"wpb_wrapper\"><div class=\"wpb_text_column wpb_content_element\"><div class=\"wpb_wrapper\"><ul><li>Pn\u00f6matik kelebek vanalar<\/li><li>On-Off veya oransal<\/li><li>Su, hava, toz madde, kimyasallar, g\u0131da, deniz suyu vb.<\/li><li>\u00d6l\u00e7\u00fcler: DN25 \u2013 DN 800<\/li><\/ul><\/div><\/div><\/div><\/div><\/div><\/div><\/div><\/div><\/div><\/div><\/div><\/div><\/div><\/div><\/div>\t\t\t\t\t\t\t\t<\/div>\n\t\t\t\t<\/div>\n\t\t            <\/div>\n        <\/div>\n                    <\/div>\n        <\/section>\n        \t\t<\/div>\n\t\t","protected":false},"excerpt":{"rendered":"<p>SELONO\u0130D VALFLER Valf \u00c7e\u015fitleri \u00c7ap Aral\u0131\u011f\u0131 Besleme G\u00f6vde Malzemesi : Genel maksat, buhar, yak\u0131t, patla\u00e7 : 1\/8\u201d-3\u201d e kadar : 12, 24, 48, 72, 110, 220 V AC, DC : Pirin\u00e7, paslanmaz, PVC PN\u00d6MAT\u0130K P\u0130STONLU VANALAR G\u00f6vde Malzemesi Akt\u00fcat\u00f6r Malzemesi \u00c7al\u0131\u015fma S\u0131cakl\u0131\u011f\u0131 G\u00f6vde Dayanma Bas\u0131nc\u0131 S\u0131zd\u0131rmazl\u0131k Contas\u0131 Konum Ba\u011flant\u0131 Gerekli Hava Bas\u0131nc\u0131 \u00c7ap Aral\u0131\u011f\u0131 : [&hellip;]<\/p>\n","protected":false},"author":1,"featured_media":3550,"parent":7639,"menu_order":0,"comment_status":"closed","ping_status":"closed","template":"","meta":{"_joinchat":[],"footnotes":""},"class_list":["post-7966","page","type-page","status-publish","has-post-thumbnail","hentry"],"_links":{"self":[{"href":"https:\/\/www.serdaroglu.com.tr\/index.php\/wp-json\/wp\/v2\/pages\/7966","targetHints":{"allow":["GET"]}}],"collection":[{"href":"https:\/\/www.serdaroglu.com.tr\/index.php\/wp-json\/wp\/v2\/pages"}],"about":[{"href":"https:\/\/www.serdaroglu.com.tr\/index.php\/wp-json\/wp\/v2\/types\/page"}],"author":[{"embeddable":true,"href":"https:\/\/www.serdaroglu.com.tr\/index.php\/wp-json\/wp\/v2\/users\/1"}],"replies":[{"embeddable":true,"href":"https:\/\/www.serdaroglu.com.tr\/index.php\/wp-json\/wp\/v2\/comments?post=7966"}],"version-history":[{"count":8,"href":"https:\/\/www.serdaroglu.com.tr\/index.php\/wp-json\/wp\/v2\/pages\/7966\/revisions"}],"predecessor-version":[{"id":9994,"href":"https:\/\/www.serdaroglu.com.tr\/index.php\/wp-json\/wp\/v2\/pages\/7966\/revisions\/9994"}],"up":[{"embeddable":true,"href":"https:\/\/www.serdaroglu.com.tr\/index.php\/wp-json\/wp\/v2\/pages\/7639"}],"wp:featuredmedia":[{"embeddable":true,"href":"https:\/\/www.serdaroglu.com.tr\/index.php\/wp-json\/wp\/v2\/media\/3550"}],"wp:attachment":[{"href":"https:\/\/www.serdaroglu.com.tr\/index.php\/wp-json\/wp\/v2\/media?parent=7966"}],"curies":[{"name":"wp","href":"https:\/\/api.w.org\/{rel}","templated":true}]}}