{"id":7994,"date":"2022-11-28T13:15:11","date_gmt":"2022-11-28T13:15:11","guid":{"rendered":"https:\/\/alfayazilim.com.tr\/serdaroglu\/?page_id=7994"},"modified":"2022-12-29T15:59:48","modified_gmt":"2022-12-29T15:59:48","slug":"wilo","status":"publish","type":"page","link":"https:\/\/www.serdaroglu.com.tr\/index.php\/urunler\/pompa-hidrofor\/wilo\/","title":{"rendered":"WILO"},"content":{"rendered":"\t\t<div data-elementor-type=\"wp-page\" data-elementor-id=\"7994\" class=\"elementor elementor-7994\">\n\t\t\t\t        <section class=\"elementor-section elementor-top-section elementor-element elementor-element-0631838 elementor-section-boxed elementor-section-height-default elementor-section-height-default qodef-elementor-content-no ct-header-fixed-none ct-column-none ct-row-scroll-none ct-row-gradient--none\" data-id=\"0631838\" data-element_type=\"section\">\n            \n                        <div class=\"elementor-container elementor-column-gap-default \">\n                    <div class=\"elementor-column elementor-col-50 elementor-top-column elementor-element elementor-element-db1424d ct-column-none col-offset-none col-color-offset-none\" data-id=\"db1424d\" data-element_type=\"column\">\n        <div class=\"elementor-widget-wrap elementor-element-populated\">\n                    \n        \t\t<div class=\"elementor-element elementor-element-948d19e elementor-widget elementor-widget-ct_heading\" data-id=\"948d19e\" data-element_type=\"widget\" data-widget_type=\"ct_heading.default\">\n\t\t\t\t<div class=\"elementor-widget-container\">\n\t\t\t\t\t<div id=\"ct_heading-948d19e\" class=\"ct-heading h-align- item-st-default highlight-style1\">\r\n  <div class=\"ct-heading--inner\"> \r\n    <div class=\"ct-inline-css\"  data-css=\"\r\n                                \">\r\n    <\/div>\r\n  \r\n\t    <h6 class=\"item--title st-default \" data-wow-delay=\"ms\">\r\n        <span class=\"ct-text-inner\">PAKET H\u0130DROFORLAR<\/span>    <\/h6>\r\n  <\/div>\r\n<\/div>\r\n\t\t\t\t<\/div>\n\t\t\t\t<\/div>\n\t\t\t\t<div class=\"elementor-element elementor-element-768e935 elementor-widget elementor-widget-image\" data-id=\"768e935\" data-element_type=\"widget\" data-widget_type=\"image.default\">\n\t\t\t\t<div class=\"elementor-widget-container\">\n\t\t\t\t\t\t\t\t\t\t\t\t\t\t\t<img fetchpriority=\"high\" decoding=\"async\" width=\"600\" height=\"400\" src=\"https:\/\/www.serdaroglu.com.tr\/wp-content\/uploads\/2019\/07\/PAKET-HIDROFORLAR.jpg\" class=\"attachment-large size-large wp-image-3662\" alt=\"\" srcset=\"https:\/\/www.serdaroglu.com.tr\/wp-content\/uploads\/2019\/07\/PAKET-HIDROFORLAR.jpg 600w, https:\/\/www.serdaroglu.com.tr\/wp-content\/uploads\/2019\/07\/PAKET-HIDROFORLAR-300x200.jpg 300w\" sizes=\"(max-width: 600px) 100vw, 600px\" \/>\t\t\t\t\t\t\t\t\t\t\t\t\t\t\t<\/div>\n\t\t\t\t<\/div>\n\t\t            <\/div>\n        <\/div>\n                <div class=\"elementor-column elementor-col-50 elementor-top-column elementor-element elementor-element-15832dd ct-column-none col-offset-none col-color-offset-none\" data-id=\"15832dd\" data-element_type=\"column\">\n        <div class=\"elementor-widget-wrap elementor-element-populated\">\n                    \n        \t\t<div class=\"elementor-element elementor-element-5f60ae4 elementor-widget elementor-widget-text-editor\" data-id=\"5f60ae4\" data-element_type=\"widget\" data-widget_type=\"text-editor.default\">\n\t\t\t\t<div class=\"elementor-widget-container\">\n\t\t\t\t\t\t\t\t\t<h5 class=\"p1\">YAPI T\u00dcR\u00dc<\/h5><p class=\"p1\">Verimlili\u011fi y\u00fcksek, ba\u011flanmaya haz\u0131r su temin sistemi (normal emi\u015fli).<br \/>2 ile 6 paralel ba\u011fl\u0131, dikey d\u00fczeyde paslanmaz \u00e7elik \u0131slak rotorlu versiyon<br \/>y\u00fcksek bas\u0131n\u00e7 santrif\u00fcj pompalar\u0131, Comfort \u2013 Controller CC dahil (frenkans<br \/>konvert\u00f6rl\u00fc veya konvert\u00f6rs\u00fcz.)<\/p><h5 class=\"p1\">Uygulama Alan\u0131<\/h5><p class=\"p1\">Konutlarda, b\u00fcro ve idari binlarda, otellerde, hastanelerde, al\u0131\u015fveri\u015f<br \/>merkezleri ve sanayi sistemlerinde su temini ve bas\u0131n\u00e7 konvekt\u00f6rl\u00fc ve<br \/>bas\u0131n\u00e7 y\u00fckseltme uygulamalar\u0131.<\/p><p>Pompa i\u00e7in kullan\u0131lan malzemere ne kimyasal nede mekanik olarak<br \/>etkide bulunmayan ve a\u015f\u0131nd\u0131r\u0131c\u0131 veya uzun liftler i\u00e7ermeyen i\u00e7me suyu,<br \/>kullanma suyu, so\u011futma suyu, s\u00f6nd\u00fcrme suyu, (DIN 14462 normuna<br \/>uygun yang\u0131n s\u00f6nd\u00fcrme sistemleri d\u0131\u015f\u0131nda) veya di\u011fer kullan\u0131ma y\u00f6nelik<br \/>sular\u0131n bas\u0131lmas\u0131nda kullan\u0131l\u0131r.<\/p><p>Qmax: 80 m3\/h<br \/>Hmax: 160 m<\/p>\t\t\t\t\t\t\t\t<\/div>\n\t\t\t\t<\/div>\n\t\t            <\/div>\n        <\/div>\n                    <\/div>\n        <\/section>\n                <section class=\"elementor-section elementor-top-section elementor-element elementor-element-861c073 elementor-section-boxed elementor-section-height-default elementor-section-height-default qodef-elementor-content-no ct-header-fixed-none ct-column-none ct-row-scroll-none ct-row-gradient--none\" data-id=\"861c073\" data-element_type=\"section\">\n            \n                        <div class=\"elementor-container elementor-column-gap-default \">\n                    <div class=\"elementor-column elementor-col-50 elementor-top-column elementor-element elementor-element-046116b ct-column-none col-offset-none col-color-offset-none\" data-id=\"046116b\" data-element_type=\"column\">\n        <div class=\"elementor-widget-wrap elementor-element-populated\">\n                    \n        \t\t<div class=\"elementor-element elementor-element-7a3d13f elementor-widget elementor-widget-ct_heading\" data-id=\"7a3d13f\" data-element_type=\"widget\" data-widget_type=\"ct_heading.default\">\n\t\t\t\t<div class=\"elementor-widget-container\">\n\t\t\t\t\t<div id=\"ct_heading-7a3d13f\" class=\"ct-heading h-align- item-st-default highlight-style1\">\r\n  <div class=\"ct-heading--inner\"> \r\n    <div class=\"ct-inline-css\"  data-css=\"\r\n                                \">\r\n    <\/div>\r\n  \r\n\t    <h6 class=\"item--title st-default \" data-wow-delay=\"ms\">\r\n        <span class=\"ct-text-inner\">S\u0130RK\u00dcLASYON POMPALARI\n<\/span>    <\/h6>\r\n  <\/div>\r\n<\/div>\r\n\t\t\t\t<\/div>\n\t\t\t\t<\/div>\n\t\t\t\t<div class=\"elementor-element elementor-element-3fa9348 elementor-widget elementor-widget-image\" data-id=\"3fa9348\" data-element_type=\"widget\" data-widget_type=\"image.default\">\n\t\t\t\t<div class=\"elementor-widget-container\">\n\t\t\t\t\t\t\t\t\t\t\t\t\t\t\t<img decoding=\"async\" width=\"600\" height=\"400\" src=\"https:\/\/www.serdaroglu.com.tr\/wp-content\/uploads\/2019\/07\/SIRKULASYON-POMPALARI.jpg\" class=\"attachment-large size-large wp-image-3659\" alt=\"\" srcset=\"https:\/\/www.serdaroglu.com.tr\/wp-content\/uploads\/2019\/07\/SIRKULASYON-POMPALARI.jpg 600w, https:\/\/www.serdaroglu.com.tr\/wp-content\/uploads\/2019\/07\/SIRKULASYON-POMPALARI-300x200.jpg 300w\" sizes=\"(max-width: 600px) 100vw, 600px\" \/>\t\t\t\t\t\t\t\t\t\t\t\t\t\t\t<\/div>\n\t\t\t\t<\/div>\n\t\t            <\/div>\n        <\/div>\n                <div class=\"elementor-column elementor-col-50 elementor-top-column elementor-element elementor-element-ddd0033 ct-column-none col-offset-none col-color-offset-none\" data-id=\"ddd0033\" data-element_type=\"column\">\n        <div class=\"elementor-widget-wrap elementor-element-populated\">\n                    \n        \t\t<div class=\"elementor-element elementor-element-a48be08 elementor-widget elementor-widget-text-editor\" data-id=\"a48be08\" data-element_type=\"widget\" data-widget_type=\"text-editor.default\">\n\t\t\t\t<div class=\"elementor-widget-container\">\n\t\t\t\t\t\t\t\t\t<h5 class=\"p1\">YAPI T\u00dcR\u00dc<\/h5><p class=\"p1\">Rekor veya flan\u015f ba\u011flant\u0131l\u0131 \u0131slak rotorlu sirk\u00fclasyon pompas\u0131<\/p><h5 class=\"p1\">Uygulama Alan\u0131<\/h5><p>T\u00fcm sistemlerin s\u0131cak sulu \u0131s\u0131tma tesisatlar\u0131, sanayi tipi sirk\u00fclasyon sistemleri, klima sistemleri ve kapal\u0131 devre so\u011futma sistemleri.<\/p><p>Qmax: 76 m3\/h<br \/>Hmax: 19 m<\/p>\t\t\t\t\t\t\t\t<\/div>\n\t\t\t\t<\/div>\n\t\t            <\/div>\n        <\/div>\n                    <\/div>\n        <\/section>\n                <section class=\"elementor-section elementor-top-section elementor-element elementor-element-56b35d9 elementor-section-boxed elementor-section-height-default elementor-section-height-default qodef-elementor-content-no ct-header-fixed-none ct-column-none ct-row-scroll-none ct-row-gradient--none\" data-id=\"56b35d9\" data-element_type=\"section\">\n            \n                        <div class=\"elementor-container elementor-column-gap-default \">\n                    <div class=\"elementor-column elementor-col-50 elementor-top-column elementor-element elementor-element-4e915a8 ct-column-none col-offset-none col-color-offset-none\" data-id=\"4e915a8\" data-element_type=\"column\">\n        <div class=\"elementor-widget-wrap elementor-element-populated\">\n                    \n        \t\t<div class=\"elementor-element elementor-element-53a29f4 elementor-widget elementor-widget-ct_heading\" data-id=\"53a29f4\" data-element_type=\"widget\" data-widget_type=\"ct_heading.default\">\n\t\t\t\t<div class=\"elementor-widget-container\">\n\t\t\t\t\t<div id=\"ct_heading-53a29f4\" class=\"ct-heading h-align- item-st-default highlight-style1\">\r\n  <div class=\"ct-heading--inner\"> \r\n    <div class=\"ct-inline-css\"  data-css=\"\r\n                                \">\r\n    <\/div>\r\n  \r\n\t    <h6 class=\"item--title st-default \" data-wow-delay=\"ms\">\r\n        <span class=\"ct-text-inner\">ATIK SU VE DRENAJ POMPALARI\n<\/span>    <\/h6>\r\n  <\/div>\r\n<\/div>\r\n\t\t\t\t<\/div>\n\t\t\t\t<\/div>\n\t\t\t\t<div class=\"elementor-element elementor-element-740a00d elementor-widget elementor-widget-image\" data-id=\"740a00d\" data-element_type=\"widget\" data-widget_type=\"image.default\">\n\t\t\t\t<div class=\"elementor-widget-container\">\n\t\t\t\t\t\t\t\t\t\t\t\t\t\t\t<img decoding=\"async\" width=\"600\" height=\"400\" src=\"https:\/\/www.serdaroglu.com.tr\/wp-content\/uploads\/2019\/07\/ATIK-SU-VE-DRENAJ-POMPALARI.jpg\" class=\"attachment-large size-large wp-image-3660\" alt=\"\" srcset=\"https:\/\/www.serdaroglu.com.tr\/wp-content\/uploads\/2019\/07\/ATIK-SU-VE-DRENAJ-POMPALARI.jpg 600w, https:\/\/www.serdaroglu.com.tr\/wp-content\/uploads\/2019\/07\/ATIK-SU-VE-DRENAJ-POMPALARI-300x200.jpg 300w\" sizes=\"(max-width: 600px) 100vw, 600px\" \/>\t\t\t\t\t\t\t\t\t\t\t\t\t\t\t<\/div>\n\t\t\t\t<\/div>\n\t\t            <\/div>\n        <\/div>\n                <div class=\"elementor-column elementor-col-50 elementor-top-column elementor-element elementor-element-88cd395 ct-column-none col-offset-none col-color-offset-none\" data-id=\"88cd395\" data-element_type=\"column\">\n        <div class=\"elementor-widget-wrap elementor-element-populated\">\n                    \n        \t\t<div class=\"elementor-element elementor-element-638fad3 elementor-widget elementor-widget-text-editor\" data-id=\"638fad3\" data-element_type=\"widget\" data-widget_type=\"text-editor.default\">\n\t\t\t\t<div class=\"elementor-widget-container\">\n\t\t\t\t\t\t\t\t\t<h5 class=\"p1\">YAPI T\u00dcR\u00dc<\/h5><p class=\"p1\">Dalg\u0131\u00e7 motorlu at\u0131k su pompas\u0131<\/p><h5 class=\"p1\">Uygulama Alan\u0131<\/h5><p>Ar\u0131tma tesislerinden ve pompa istasyonlar\u0131ndan kat\u0131 madde pay\u0131 olan at\u0131k sular\u0131n bas\u0131lmas\u0131 i\u00e7in Mevki su tahliyesi, su korunmas\u0131 ve kullanma suyu al\u0131m\u0131.<br \/>\u0130n\u015faat ve sanayi kullan\u0131mlar\u0131.<\/p><p>Qmax: 380 m3\/h<br \/>Hmax: 51 m<\/p>\t\t\t\t\t\t\t\t<\/div>\n\t\t\t\t<\/div>\n\t\t            <\/div>\n        <\/div>\n                    <\/div>\n        <\/section>\n                <section class=\"elementor-section elementor-top-section elementor-element elementor-element-51750bf elementor-section-boxed elementor-section-height-default elementor-section-height-default qodef-elementor-content-no ct-header-fixed-none ct-column-none ct-row-scroll-none ct-row-gradient--none\" data-id=\"51750bf\" data-element_type=\"section\">\n            \n                        <div class=\"elementor-container elementor-column-gap-default \">\n                    <div class=\"elementor-column elementor-col-50 elementor-top-column elementor-element elementor-element-d223cee ct-column-none col-offset-none col-color-offset-none\" data-id=\"d223cee\" data-element_type=\"column\">\n        <div class=\"elementor-widget-wrap elementor-element-populated\">\n                    \n        \t\t<div class=\"elementor-element elementor-element-a671a24 elementor-widget elementor-widget-ct_heading\" data-id=\"a671a24\" data-element_type=\"widget\" data-widget_type=\"ct_heading.default\">\n\t\t\t\t<div class=\"elementor-widget-container\">\n\t\t\t\t\t<div id=\"ct_heading-a671a24\" class=\"ct-heading h-align- item-st-default highlight-style1\">\r\n  <div class=\"ct-heading--inner\"> \r\n    <div class=\"ct-inline-css\"  data-css=\"\r\n                                \">\r\n    <\/div>\r\n  \r\n\t    <h6 class=\"item--title st-default \" data-wow-delay=\"ms\">\r\n        <span class=\"ct-text-inner\">INLINE S\u0130RK\u00dcLASYON POMPALARI\n<\/span>    <\/h6>\r\n  <\/div>\r\n<\/div>\r\n\t\t\t\t<\/div>\n\t\t\t\t<\/div>\n\t\t\t\t<div class=\"elementor-element elementor-element-eae3373 elementor-widget elementor-widget-image\" data-id=\"eae3373\" data-element_type=\"widget\" data-widget_type=\"image.default\">\n\t\t\t\t<div class=\"elementor-widget-container\">\n\t\t\t\t\t\t\t\t\t\t\t\t\t\t\t<img loading=\"lazy\" decoding=\"async\" width=\"600\" height=\"400\" src=\"https:\/\/www.serdaroglu.com.tr\/wp-content\/uploads\/2019\/07\/INLINE-SIRKULASYON-POMPALARI.jpg\" class=\"attachment-large size-large wp-image-3661\" alt=\"\" srcset=\"https:\/\/www.serdaroglu.com.tr\/wp-content\/uploads\/2019\/07\/INLINE-SIRKULASYON-POMPALARI.jpg 600w, https:\/\/www.serdaroglu.com.tr\/wp-content\/uploads\/2019\/07\/INLINE-SIRKULASYON-POMPALARI-300x200.jpg 300w\" sizes=\"(max-width: 600px) 100vw, 600px\" \/>\t\t\t\t\t\t\t\t\t\t\t\t\t\t\t<\/div>\n\t\t\t\t<\/div>\n\t\t            <\/div>\n        <\/div>\n                <div class=\"elementor-column elementor-col-50 elementor-top-column elementor-element elementor-element-8f3bd38 ct-column-none col-offset-none col-color-offset-none\" data-id=\"8f3bd38\" data-element_type=\"column\">\n        <div class=\"elementor-widget-wrap elementor-element-populated\">\n                    \n        \t\t<div class=\"elementor-element elementor-element-5926707 elementor-widget elementor-widget-text-editor\" data-id=\"5926707\" data-element_type=\"widget\" data-widget_type=\"text-editor.default\">\n\t\t\t\t<div class=\"elementor-widget-container\">\n\t\t\t\t\t\t\t\t\t<h5 class=\"p1\">YAPI T\u00dcR\u00dc<\/h5><p class=\"p1\">Inline tipi kuru rotorlu pompa, rakorlu veya flan\u015fl\u0131 ba\u011flant\u0131l\u0131<\/p><h5 class=\"p1\">Uygulama Alan\u0131<\/h5><p>Is\u0131tma Suyu (VDI 2035\u2019e uygun), su-glikol kar\u0131\u015f\u0131mlar\u0131 ile \u0131s\u0131tma,<br \/>so\u011fuksu ve so\u011futma suyu sistemlerinde bulunan y\u0131prat\u0131c\u0131 madde<br \/>i\u00e7ermeyen so\u011futma ve so\u011fuk sular\u0131n pompalanmas\u0131.<\/p><p>Qmax: 195 m3\/h<br \/>Hmax: 52 m<\/p>\t\t\t\t\t\t\t\t<\/div>\n\t\t\t\t<\/div>\n\t\t            <\/div>\n        <\/div>\n                    <\/div>\n        <\/section>\n        \t\t<\/div>\n\t\t","protected":false},"excerpt":{"rendered":"<p>PAKET H\u0130DROFORLAR YAPI T\u00dcR\u00dc Verimlili\u011fi y\u00fcksek, ba\u011flanmaya haz\u0131r su temin sistemi (normal emi\u015fli). 2 ile 6 paralel ba\u011fl\u0131, dikey d\u00fczeyde paslanmaz \u00e7elik \u0131slak rotorlu versiyon y\u00fcksek bas\u0131n\u00e7 santrif\u00fcj pompalar\u0131, Comfort \u2013 Controller CC dahil (frenkans konvert\u00f6rl\u00fc veya konvert\u00f6rs\u00fcz.) Uygulama Alan\u0131 Konutlarda, b\u00fcro ve idari binlarda, otellerde, hastanelerde, al\u0131\u015fveri\u015f merkezleri ve sanayi sistemlerinde su temini ve [&hellip;]<\/p>\n","protected":false},"author":1,"featured_media":8930,"parent":7641,"menu_order":0,"comment_status":"closed","ping_status":"closed","template":"","meta":{"_joinchat":[],"footnotes":""},"class_list":["post-7994","page","type-page","status-publish","has-post-thumbnail","hentry"],"_links":{"self":[{"href":"https:\/\/www.serdaroglu.com.tr\/index.php\/wp-json\/wp\/v2\/pages\/7994","targetHints":{"allow":["GET"]}}],"collection":[{"href":"https:\/\/www.serdaroglu.com.tr\/index.php\/wp-json\/wp\/v2\/pages"}],"about":[{"href":"https:\/\/www.serdaroglu.com.tr\/index.php\/wp-json\/wp\/v2\/types\/page"}],"author":[{"embeddable":true,"href":"https:\/\/www.serdaroglu.com.tr\/index.php\/wp-json\/wp\/v2\/users\/1"}],"replies":[{"embeddable":true,"href":"https:\/\/www.serdaroglu.com.tr\/index.php\/wp-json\/wp\/v2\/comments?post=7994"}],"version-history":[{"count":8,"href":"https:\/\/www.serdaroglu.com.tr\/index.php\/wp-json\/wp\/v2\/pages\/7994\/revisions"}],"predecessor-version":[{"id":9999,"href":"https:\/\/www.serdaroglu.com.tr\/index.php\/wp-json\/wp\/v2\/pages\/7994\/revisions\/9999"}],"up":[{"embeddable":true,"href":"https:\/\/www.serdaroglu.com.tr\/index.php\/wp-json\/wp\/v2\/pages\/7641"}],"wp:featuredmedia":[{"embeddable":true,"href":"https:\/\/www.serdaroglu.com.tr\/index.php\/wp-json\/wp\/v2\/media\/8930"}],"wp:attachment":[{"href":"https:\/\/www.serdaroglu.com.tr\/index.php\/wp-json\/wp\/v2\/media?parent=7994"}],"curies":[{"name":"wp","href":"https:\/\/api.w.org\/{rel}","templated":true}]}}