{"id":8081,"date":"2022-11-29T07:33:09","date_gmt":"2022-11-29T07:33:09","guid":{"rendered":"https:\/\/alfayazilim.com.tr\/serdaroglu\/?page_id=8081"},"modified":"2022-11-29T07:41:46","modified_gmt":"2022-11-29T07:41:46","slug":"elicent","status":"publish","type":"page","link":"https:\/\/www.serdaroglu.com.tr\/index.php\/urunler\/elicent\/","title":{"rendered":"ELICENT"},"content":{"rendered":"\t\t<div data-elementor-type=\"wp-page\" data-elementor-id=\"8081\" class=\"elementor elementor-8081\">\n\t\t\t\t        <section class=\"elementor-section elementor-top-section elementor-element elementor-element-1b2d5c2 elementor-section-boxed elementor-section-height-default elementor-section-height-default qodef-elementor-content-no ct-header-fixed-none ct-column-none ct-row-scroll-none ct-row-gradient--none\" data-id=\"1b2d5c2\" data-element_type=\"section\">\n            \n                        <div class=\"elementor-container elementor-column-gap-default \">\n                    <div class=\"elementor-column elementor-col-100 elementor-top-column elementor-element elementor-element-bafa730 ct-column-none col-offset-none col-color-offset-none\" data-id=\"bafa730\" data-element_type=\"column\">\n        <div class=\"elementor-widget-wrap elementor-element-populated\">\n                    \n        \t\t<div class=\"elementor-element elementor-element-f663906 elementor-widget elementor-widget-ct_heading\" data-id=\"f663906\" data-element_type=\"widget\" data-widget_type=\"ct_heading.default\">\n\t\t\t\t<div class=\"elementor-widget-container\">\n\t\t\t\t\t<div id=\"ct_heading-f663906\" class=\"ct-heading h-align- item-st-default highlight-style1\">\r\n  <div class=\"ct-heading--inner\"> \r\n    <div class=\"ct-inline-css\"  data-css=\"\r\n                                \">\r\n    <\/div>\r\n  \r\n\t    <h5 class=\"item--title st-default \" data-wow-delay=\"ms\">\r\n        <span class=\"ct-text-inner\">ASP\u0130RAT\u00d6RLER\n<\/span>    <\/h5>\r\n  <\/div>\r\n<\/div>\r\n\t\t\t\t<\/div>\n\t\t\t\t<\/div>\n\t\t        <section class=\"elementor-section elementor-inner-section elementor-element elementor-element-b9ac18a elementor-section-boxed elementor-section-height-default elementor-section-height-default qodef-elementor-content-no ct-header-fixed-none ct-column-none ct-row-scroll-none ct-row-gradient--none\" data-id=\"b9ac18a\" data-element_type=\"section\">\n            \n                        <div class=\"elementor-container elementor-column-gap-default \">\n                    <div class=\"elementor-column elementor-col-25 elementor-inner-column elementor-element elementor-element-dfb2c6f ct-column-none col-offset-none col-color-offset-none\" data-id=\"dfb2c6f\" data-element_type=\"column\">\n        <div class=\"elementor-widget-wrap elementor-element-populated\">\n                    \n        \t\t<div class=\"elementor-element elementor-element-09fd4fd elementor-widget elementor-widget-image\" data-id=\"09fd4fd\" data-element_type=\"widget\" data-widget_type=\"image.default\">\n\t\t\t\t<div class=\"elementor-widget-container\">\n\t\t\t\t\t\t\t\t\t\t\t\t\t\t\t<img fetchpriority=\"high\" decoding=\"async\" width=\"400\" height=\"400\" src=\"https:\/\/www.serdaroglu.com.tr\/wp-content\/uploads\/2019\/08\/01-E-STYLE.jpg\" class=\"attachment-large size-large wp-image-3338\" alt=\"\" srcset=\"https:\/\/www.serdaroglu.com.tr\/wp-content\/uploads\/2019\/08\/01-E-STYLE.jpg 400w, https:\/\/www.serdaroglu.com.tr\/wp-content\/uploads\/2019\/08\/01-E-STYLE-300x300.jpg 300w, https:\/\/www.serdaroglu.com.tr\/wp-content\/uploads\/2019\/08\/01-E-STYLE-150x150.jpg 150w, https:\/\/www.serdaroglu.com.tr\/wp-content\/uploads\/2019\/08\/01-E-STYLE-90x90.jpg 90w, https:\/\/www.serdaroglu.com.tr\/wp-content\/uploads\/2019\/08\/01-E-STYLE-96x96.jpg 96w\" sizes=\"(max-width: 400px) 100vw, 400px\" \/>\t\t\t\t\t\t\t\t\t\t\t\t\t\t\t<\/div>\n\t\t\t\t<\/div>\n\t\t\t\t<div class=\"elementor-element elementor-element-fb3dc75 elementor-widget elementor-widget-text-editor\" data-id=\"fb3dc75\" data-element_type=\"widget\" data-widget_type=\"text-editor.default\">\n\t\t\t\t<div class=\"elementor-widget-container\">\n\t\t\t\t\t\t\t\t\t<p><strong>E \u2013 STYLE<\/strong><\/p><p>Duvar ve Tavan Tipi Aksiyal<\/p>\t\t\t\t\t\t\t\t<\/div>\n\t\t\t\t<\/div>\n\t\t            <\/div>\n        <\/div>\n                <div class=\"elementor-column elementor-col-25 elementor-inner-column elementor-element elementor-element-d946916 ct-column-none col-offset-none col-color-offset-none\" data-id=\"d946916\" data-element_type=\"column\">\n        <div class=\"elementor-widget-wrap elementor-element-populated\">\n                    \n        \t\t<div class=\"elementor-element elementor-element-dc80fa7 elementor-widget elementor-widget-image\" data-id=\"dc80fa7\" data-element_type=\"widget\" data-widget_type=\"image.default\">\n\t\t\t\t<div class=\"elementor-widget-container\">\n\t\t\t\t\t\t\t\t\t\t\t\t\t\t\t<img decoding=\"async\" width=\"400\" height=\"400\" src=\"https:\/\/www.serdaroglu.com.tr\/wp-content\/uploads\/2019\/08\/02-MINI-VITRO.jpg\" class=\"attachment-large size-large wp-image-3339\" alt=\"\" srcset=\"https:\/\/www.serdaroglu.com.tr\/wp-content\/uploads\/2019\/08\/02-MINI-VITRO.jpg 400w, https:\/\/www.serdaroglu.com.tr\/wp-content\/uploads\/2019\/08\/02-MINI-VITRO-300x300.jpg 300w, https:\/\/www.serdaroglu.com.tr\/wp-content\/uploads\/2019\/08\/02-MINI-VITRO-150x150.jpg 150w, https:\/\/www.serdaroglu.com.tr\/wp-content\/uploads\/2019\/08\/02-MINI-VITRO-90x90.jpg 90w, https:\/\/www.serdaroglu.com.tr\/wp-content\/uploads\/2019\/08\/02-MINI-VITRO-96x96.jpg 96w\" sizes=\"(max-width: 400px) 100vw, 400px\" \/>\t\t\t\t\t\t\t\t\t\t\t\t\t\t\t<\/div>\n\t\t\t\t<\/div>\n\t\t\t\t<div class=\"elementor-element elementor-element-058c393 elementor-widget elementor-widget-text-editor\" data-id=\"058c393\" data-element_type=\"widget\" data-widget_type=\"text-editor.default\">\n\t\t\t\t<div class=\"elementor-widget-container\">\n\t\t\t\t\t\t\t\t\t<p><strong>MINI VITRO<\/strong><\/p><p>CamTipi Aksiyal Aspirat\u00f6rler<\/p>\t\t\t\t\t\t\t\t<\/div>\n\t\t\t\t<\/div>\n\t\t            <\/div>\n        <\/div>\n                <div class=\"elementor-column elementor-col-25 elementor-inner-column elementor-element elementor-element-40d32c1 ct-column-none col-offset-none col-color-offset-none\" data-id=\"40d32c1\" data-element_type=\"column\">\n        <div class=\"elementor-widget-wrap elementor-element-populated\">\n                    \n        \t\t<div class=\"elementor-element elementor-element-bce4373 elementor-widget elementor-widget-image\" data-id=\"bce4373\" data-element_type=\"widget\" data-widget_type=\"image.default\">\n\t\t\t\t<div class=\"elementor-widget-container\">\n\t\t\t\t\t\t\t\t\t\t\t\t\t\t\t<img decoding=\"async\" width=\"400\" height=\"400\" src=\"https:\/\/www.serdaroglu.com.tr\/wp-content\/uploads\/2019\/08\/03-AxC-Serisi.jpg\" class=\"attachment-large size-large wp-image-3340\" alt=\"\" srcset=\"https:\/\/www.serdaroglu.com.tr\/wp-content\/uploads\/2019\/08\/03-AxC-Serisi.jpg 400w, https:\/\/www.serdaroglu.com.tr\/wp-content\/uploads\/2019\/08\/03-AxC-Serisi-300x300.jpg 300w, https:\/\/www.serdaroglu.com.tr\/wp-content\/uploads\/2019\/08\/03-AxC-Serisi-150x150.jpg 150w, https:\/\/www.serdaroglu.com.tr\/wp-content\/uploads\/2019\/08\/03-AxC-Serisi-90x90.jpg 90w, https:\/\/www.serdaroglu.com.tr\/wp-content\/uploads\/2019\/08\/03-AxC-Serisi-96x96.jpg 96w\" sizes=\"(max-width: 400px) 100vw, 400px\" \/>\t\t\t\t\t\t\t\t\t\t\t\t\t\t\t<\/div>\n\t\t\t\t<\/div>\n\t\t\t\t<div class=\"elementor-element elementor-element-0524a44 elementor-widget elementor-widget-text-editor\" data-id=\"0524a44\" data-element_type=\"widget\" data-widget_type=\"text-editor.default\">\n\t\t\t\t<div class=\"elementor-widget-container\">\n\t\t\t\t\t\t\t\t\t<p><strong>AxC Serisi<\/strong><\/p><p>Kanal Tipi Radyal Fanlar<\/p>\t\t\t\t\t\t\t\t<\/div>\n\t\t\t\t<\/div>\n\t\t            <\/div>\n        <\/div>\n                <div class=\"elementor-column elementor-col-25 elementor-inner-column elementor-element elementor-element-f15964b ct-column-none col-offset-none col-color-offset-none\" data-id=\"f15964b\" data-element_type=\"column\">\n        <div class=\"elementor-widget-wrap elementor-element-populated\">\n                    \n        \t\t<div class=\"elementor-element elementor-element-3dd94a1 elementor-widget elementor-widget-image\" data-id=\"3dd94a1\" data-element_type=\"widget\" data-widget_type=\"image.default\">\n\t\t\t\t<div class=\"elementor-widget-container\">\n\t\t\t\t\t\t\t\t\t\t\t\t\t\t\t<img loading=\"lazy\" decoding=\"async\" width=\"400\" height=\"400\" src=\"https:\/\/www.serdaroglu.com.tr\/wp-content\/uploads\/2019\/08\/04-Vitro.jpg\" class=\"attachment-large size-large wp-image-3341\" alt=\"\" srcset=\"https:\/\/www.serdaroglu.com.tr\/wp-content\/uploads\/2019\/08\/04-Vitro.jpg 400w, https:\/\/www.serdaroglu.com.tr\/wp-content\/uploads\/2019\/08\/04-Vitro-300x300.jpg 300w, https:\/\/www.serdaroglu.com.tr\/wp-content\/uploads\/2019\/08\/04-Vitro-150x150.jpg 150w, https:\/\/www.serdaroglu.com.tr\/wp-content\/uploads\/2019\/08\/04-Vitro-90x90.jpg 90w, https:\/\/www.serdaroglu.com.tr\/wp-content\/uploads\/2019\/08\/04-Vitro-96x96.jpg 96w\" sizes=\"(max-width: 400px) 100vw, 400px\" \/>\t\t\t\t\t\t\t\t\t\t\t\t\t\t\t<\/div>\n\t\t\t\t<\/div>\n\t\t\t\t<div class=\"elementor-element elementor-element-a597ffb elementor-widget elementor-widget-text-editor\" data-id=\"a597ffb\" data-element_type=\"widget\" data-widget_type=\"text-editor.default\">\n\t\t\t\t<div class=\"elementor-widget-container\">\n\t\t\t\t\t\t\t\t\t<p><strong>V\u0130TRO<\/strong><\/p><p>Cam ve Duvar Tipi Aksiyal Fanlar<\/p>\t\t\t\t\t\t\t\t<\/div>\n\t\t\t\t<\/div>\n\t\t            <\/div>\n        <\/div>\n                    <\/div>\n        <\/section>\n                <section class=\"elementor-section elementor-inner-section elementor-element elementor-element-3325268 elementor-section-boxed elementor-section-height-default elementor-section-height-default qodef-elementor-content-no ct-header-fixed-none ct-column-none ct-row-scroll-none ct-row-gradient--none\" data-id=\"3325268\" data-element_type=\"section\">\n            \n                        <div class=\"elementor-container elementor-column-gap-default \">\n                    <div class=\"elementor-column elementor-col-25 elementor-inner-column elementor-element elementor-element-af9650f ct-column-none col-offset-none col-color-offset-none\" data-id=\"af9650f\" data-element_type=\"column\">\n        <div class=\"elementor-widget-wrap elementor-element-populated\">\n                    \n        \t\t<div class=\"elementor-element elementor-element-41947db elementor-widget elementor-widget-image\" data-id=\"41947db\" data-element_type=\"widget\" data-widget_type=\"image.default\">\n\t\t\t\t<div class=\"elementor-widget-container\">\n\t\t\t\t\t\t\t\t\t\t\t\t\t\t\t<img loading=\"lazy\" decoding=\"async\" width=\"600\" height=\"400\" src=\"https:\/\/www.serdaroglu.com.tr\/wp-content\/uploads\/2019\/07\/MURO-ve-MINISTYLE-aspirator.jpg\" class=\"attachment-large size-large wp-image-3511\" alt=\"\" srcset=\"https:\/\/www.serdaroglu.com.tr\/wp-content\/uploads\/2019\/07\/MURO-ve-MINISTYLE-aspirator.jpg 600w, https:\/\/www.serdaroglu.com.tr\/wp-content\/uploads\/2019\/07\/MURO-ve-MINISTYLE-aspirator-300x200.jpg 300w\" sizes=\"(max-width: 600px) 100vw, 600px\" \/>\t\t\t\t\t\t\t\t\t\t\t\t\t\t\t<\/div>\n\t\t\t\t<\/div>\n\t\t\t\t<div class=\"elementor-element elementor-element-1ea5ffe elementor-widget elementor-widget-text-editor\" data-id=\"1ea5ffe\" data-element_type=\"widget\" data-widget_type=\"text-editor.default\">\n\t\t\t\t<div class=\"elementor-widget-container\">\n\t\t\t\t\t\t\t\t\t<p><strong>MURO ve MINISTYLE<\/strong><\/p><p>Duvar ve Tavan Tipi Aksiyal Aspirat\u00f6rler<\/p>\t\t\t\t\t\t\t\t<\/div>\n\t\t\t\t<\/div>\n\t\t            <\/div>\n        <\/div>\n                <div class=\"elementor-column elementor-col-25 elementor-inner-column elementor-element elementor-element-ccc9432 ct-column-none col-offset-none col-color-offset-none\" data-id=\"ccc9432\" data-element_type=\"column\">\n        <div class=\"elementor-widget-wrap elementor-element-populated\">\n                    \n        \t\t<div class=\"elementor-element elementor-element-ec1ca9b elementor-widget elementor-widget-image\" data-id=\"ec1ca9b\" data-element_type=\"widget\" data-widget_type=\"image.default\">\n\t\t\t\t<div class=\"elementor-widget-container\">\n\t\t\t\t\t\t\t\t\t\t\t\t\t\t\t<img loading=\"lazy\" decoding=\"async\" width=\"600\" height=\"400\" src=\"https:\/\/www.serdaroglu.com.tr\/wp-content\/uploads\/2019\/07\/Endustriyel-Tipi-aspirator.jpg\" class=\"attachment-large size-large wp-image-3513\" alt=\"\" srcset=\"https:\/\/www.serdaroglu.com.tr\/wp-content\/uploads\/2019\/07\/Endustriyel-Tipi-aspirator.jpg 600w, https:\/\/www.serdaroglu.com.tr\/wp-content\/uploads\/2019\/07\/Endustriyel-Tipi-aspirator-300x200.jpg 300w\" sizes=\"(max-width: 600px) 100vw, 600px\" \/>\t\t\t\t\t\t\t\t\t\t\t\t\t\t\t<\/div>\n\t\t\t\t<\/div>\n\t\t\t\t<div class=\"elementor-element elementor-element-26a8acd elementor-widget elementor-widget-text-editor\" data-id=\"26a8acd\" data-element_type=\"widget\" data-widget_type=\"text-editor.default\">\n\t\t\t\t<div class=\"elementor-widget-container\">\n\t\t\t\t\t\t\t\t\t<p><strong>End\u00fcstriyel Tipi<\/strong><\/p>\t\t\t\t\t\t\t\t<\/div>\n\t\t\t\t<\/div>\n\t\t            <\/div>\n        <\/div>\n                <div class=\"elementor-column elementor-col-25 elementor-inner-column elementor-element elementor-element-8f221e8 ct-column-none col-offset-none col-color-offset-none\" data-id=\"8f221e8\" data-element_type=\"column\">\n        <div class=\"elementor-widget-wrap elementor-element-populated\">\n                    \n        \t\t<div class=\"elementor-element elementor-element-6eeafb8 elementor-widget elementor-widget-image\" data-id=\"6eeafb8\" data-element_type=\"widget\" data-widget_type=\"image.default\">\n\t\t\t\t<div class=\"elementor-widget-container\">\n\t\t\t\t\t\t\t\t\t\t\t\t\t\t\t<img loading=\"lazy\" decoding=\"async\" width=\"600\" height=\"400\" src=\"https:\/\/www.serdaroglu.com.tr\/wp-content\/uploads\/2019\/07\/Cati-Tipi-aspirator.jpg\" class=\"attachment-large size-large wp-image-3512\" alt=\"\" srcset=\"https:\/\/www.serdaroglu.com.tr\/wp-content\/uploads\/2019\/07\/Cati-Tipi-aspirator.jpg 600w, https:\/\/www.serdaroglu.com.tr\/wp-content\/uploads\/2019\/07\/Cati-Tipi-aspirator-300x200.jpg 300w\" sizes=\"(max-width: 600px) 100vw, 600px\" \/>\t\t\t\t\t\t\t\t\t\t\t\t\t\t\t<\/div>\n\t\t\t\t<\/div>\n\t\t\t\t<div class=\"elementor-element elementor-element-245b178 elementor-widget elementor-widget-text-editor\" data-id=\"245b178\" data-element_type=\"widget\" data-widget_type=\"text-editor.default\">\n\t\t\t\t<div class=\"elementor-widget-container\">\n\t\t\t\t\t\t\t\t\t<p><strong>\u00c7at\u0131 Tipi<\/strong><\/p>\t\t\t\t\t\t\t\t<\/div>\n\t\t\t\t<\/div>\n\t\t            <\/div>\n        <\/div>\n                <div class=\"elementor-column elementor-col-25 elementor-inner-column elementor-element elementor-element-bcc9a1e ct-column-none col-offset-none col-color-offset-none\" data-id=\"bcc9a1e\" data-element_type=\"column\">\n        <div class=\"elementor-widget-wrap elementor-element-populated\">\n                    \n        \t\t<div class=\"elementor-element elementor-element-d169249 elementor-widget elementor-widget-image\" data-id=\"d169249\" data-element_type=\"widget\" data-widget_type=\"image.default\">\n\t\t\t\t<div class=\"elementor-widget-container\">\n\t\t\t\t\t\t\t\t\t\t\t\t\t\t\t<img loading=\"lazy\" decoding=\"async\" width=\"600\" height=\"400\" src=\"https:\/\/www.serdaroglu.com.tr\/wp-content\/uploads\/2019\/07\/Hucreli-Kanal-Tipi-aspirator.jpg\" class=\"attachment-large size-large wp-image-3510\" alt=\"\" srcset=\"https:\/\/www.serdaroglu.com.tr\/wp-content\/uploads\/2019\/07\/Hucreli-Kanal-Tipi-aspirator.jpg 600w, https:\/\/www.serdaroglu.com.tr\/wp-content\/uploads\/2019\/07\/Hucreli-Kanal-Tipi-aspirator-300x200.jpg 300w\" sizes=\"(max-width: 600px) 100vw, 600px\" \/>\t\t\t\t\t\t\t\t\t\t\t\t\t\t\t<\/div>\n\t\t\t\t<\/div>\n\t\t\t\t<div class=\"elementor-element elementor-element-9cc5c7e elementor-widget elementor-widget-text-editor\" data-id=\"9cc5c7e\" data-element_type=\"widget\" data-widget_type=\"text-editor.default\">\n\t\t\t\t<div class=\"elementor-widget-container\">\n\t\t\t\t\t\t\t\t\t<p><strong>H\u00fccreli Kanal Tipi<\/strong><\/p>\t\t\t\t\t\t\t\t<\/div>\n\t\t\t\t<\/div>\n\t\t            <\/div>\n        <\/div>\n                    <\/div>\n        <\/section>\n                    <\/div>\n        <\/div>\n                    <\/div>\n        <\/section>\n        \t\t<\/div>\n\t\t","protected":false},"excerpt":{"rendered":"<p>ASP\u0130RAT\u00d6RLER E \u2013 STYLE Duvar ve Tavan Tipi Aksiyal MINI VITRO CamTipi Aksiyal Aspirat\u00f6rler AxC Serisi Kanal Tipi Radyal Fanlar V\u0130TRO Cam ve Duvar Tipi Aksiyal Fanlar MURO ve MINISTYLE Duvar ve Tavan Tipi Aksiyal Aspirat\u00f6rler End\u00fcstriyel Tipi \u00c7at\u0131 Tipi H\u00fccreli Kanal Tipi<\/p>\n","protected":false},"author":1,"featured_media":0,"parent":7635,"menu_order":0,"comment_status":"closed","ping_status":"closed","template":"","meta":{"_joinchat":[],"footnotes":""},"class_list":["post-8081","page","type-page","status-publish","hentry"],"_links":{"self":[{"href":"https:\/\/www.serdaroglu.com.tr\/index.php\/wp-json\/wp\/v2\/pages\/8081","targetHints":{"allow":["GET"]}}],"collection":[{"href":"https:\/\/www.serdaroglu.com.tr\/index.php\/wp-json\/wp\/v2\/pages"}],"about":[{"href":"https:\/\/www.serdaroglu.com.tr\/index.php\/wp-json\/wp\/v2\/types\/page"}],"author":[{"embeddable":true,"href":"https:\/\/www.serdaroglu.com.tr\/index.php\/wp-json\/wp\/v2\/users\/1"}],"replies":[{"embeddable":true,"href":"https:\/\/www.serdaroglu.com.tr\/index.php\/wp-json\/wp\/v2\/comments?post=8081"}],"version-history":[{"count":10,"href":"https:\/\/www.serdaroglu.com.tr\/index.php\/wp-json\/wp\/v2\/pages\/8081\/revisions"}],"predecessor-version":[{"id":8094,"href":"https:\/\/www.serdaroglu.com.tr\/index.php\/wp-json\/wp\/v2\/pages\/8081\/revisions\/8094"}],"up":[{"embeddable":true,"href":"https:\/\/www.serdaroglu.com.tr\/index.php\/wp-json\/wp\/v2\/pages\/7635"}],"wp:attachment":[{"href":"https:\/\/www.serdaroglu.com.tr\/index.php\/wp-json\/wp\/v2\/media?parent=8081"}],"curies":[{"name":"wp","href":"https:\/\/api.w.org\/{rel}","templated":true}]}}