{"id":8224,"date":"2022-12-05T09:57:44","date_gmt":"2022-12-05T09:57:44","guid":{"rendered":"https:\/\/alfayazilim.com.tr\/serdaroglu\/?page_id=8224"},"modified":"2022-12-30T13:57:26","modified_gmt":"2022-12-30T13:57:26","slug":"kelebek-vanalar","status":"publish","type":"page","link":"https:\/\/www.serdaroglu.com.tr\/index.php\/urunler\/tesisat-malzemeleri\/faf\/kelebek-vanalar\/","title":{"rendered":"KELEBEK VANALAR"},"content":{"rendered":"<div class=\"pt-cv-wrapper\"><div class=\"pt-cv-view pt-cv-grid pt-cv-colsys\" id=\"pt-cv-view-201232cqlu\"><div data-id=\"pt-cv-page-1\" class=\"pt-cv-page\" data-cvc=\"4\"><div class=\"col-md-3 col-sm-6 col-xs-12 pt-cv-content-item pt-cv-1-col\"  data-pid=\"8348\"><div class='pt-cv-ifield'><a href=\"https:\/\/www.serdaroglu.com.tr\/index.php\/urunler\/tesisat-malzemeleri\/faf\/kelebek-vanalar\/3500-wafer-paslanmaz-klape\/\" class=\"_self pt-cv-href-thumbnail pt-cv-thumb-default cvplbd cvp-responsive-image img-thumbnail\" target=\"_self\" data-iw=\"250\" data-ih=\"285\"><img decoding=\"async\" width=\"250\" src=\"https:\/\/alfayazilim.com.tr\/serdaroglu\/wp-content\/uploads\/2022\/12\/faf3500_yeni-1-1011x1024.png\" class=\"pt-cv-thumbnail img-thumbnail cvp-substitute no-lazyload \" alt=\"3500 Wafer - Paslanmaz Klape\" title=\"\" \/><\/a>\n<h4 class=\"pt-cv-title\"><a href=\"https:\/\/www.serdaroglu.com.tr\/index.php\/urunler\/tesisat-malzemeleri\/faf\/kelebek-vanalar\/3500-wafer-paslanmaz-klape\/\" class=\"_self cvplbd\" target=\"_self\" data-iw=\"250\" data-ih=\"285\">3500 Wafer &#8211; Paslanmaz Klape<\/a><\/h4><\/div><\/div>\n<div class=\"col-md-3 col-sm-6 col-xs-12 pt-cv-content-item pt-cv-1-col\"  data-pid=\"8361\"><div class='pt-cv-ifield'><a href=\"https:\/\/www.serdaroglu.com.tr\/index.php\/urunler\/tesisat-malzemeleri\/faf\/kelebek-vanalar\/3600-lug-paslanmaz-klape\/\" class=\"_self pt-cv-href-thumbnail pt-cv-thumb-default cvplbd cvp-responsive-image img-thumbnail\" target=\"_self\" data-iw=\"250\" data-ih=\"285\"><img decoding=\"async\" width=\"250\" src=\"https:\/\/alfayazilim.com.tr\/serdaroglu\/wp-content\/uploads\/2022\/12\/faf3600yeni-1024x830.png\" class=\"pt-cv-thumbnail img-thumbnail cvp-substitute no-lazyload \" alt=\"3600 Lug- Paslanmaz Klape\" title=\"\" \/><\/a>\n<h4 class=\"pt-cv-title\"><a href=\"https:\/\/www.serdaroglu.com.tr\/index.php\/urunler\/tesisat-malzemeleri\/faf\/kelebek-vanalar\/3600-lug-paslanmaz-klape\/\" class=\"_self cvplbd\" target=\"_self\" data-iw=\"250\" data-ih=\"285\">3600 Lug- Paslanmaz Klape<\/a><\/h4><\/div><\/div>\n<div class=\"col-md-3 col-sm-6 col-xs-12 pt-cv-content-item pt-cv-1-col\"  data-pid=\"8371\"><div class='pt-cv-ifield'><a href=\"https:\/\/www.serdaroglu.com.tr\/index.php\/urunler\/tesisat-malzemeleri\/faf\/kelebek-vanalar\/3599-yivli-baglantili-kelebek-vana\/\" class=\"_self pt-cv-href-thumbnail pt-cv-thumb-default cvplbd cvp-responsive-image img-thumbnail\" target=\"_self\" data-iw=\"250\" data-ih=\"285\"><img decoding=\"async\" width=\"250\" src=\"https:\/\/alfayazilim.com.tr\/serdaroglu\/wp-content\/uploads\/2022\/12\/3800-kelebek-vana-flansli.png\" class=\"pt-cv-thumbnail img-thumbnail cvp-substitute no-lazyload \" alt=\"3800 Ba\u011flant\u0131l\u0131 Kelebek Vana\" title=\"\" \/><\/a>\n<h4 class=\"pt-cv-title\"><a href=\"https:\/\/www.serdaroglu.com.tr\/index.php\/urunler\/tesisat-malzemeleri\/faf\/kelebek-vanalar\/3599-yivli-baglantili-kelebek-vana\/\" class=\"_self cvplbd\" target=\"_self\" data-iw=\"250\" data-ih=\"285\">3800 Ba\u011flant\u0131l\u0131 Kelebek Vana<\/a><\/h4><\/div><\/div><\/div><\/div><\/div>\t\t\t<style type=\"text\/css\" id=\"pt-cv-inline-style-dbd2271fhx\">#pt-cv-view-201232cqlu .pt-cv-title a, #pt-cv-view-201232cqlu  .panel-title { font-size: 14px !important; line-height: 1.3 !important; font-weight: 600 !important; display: block !important; text-align: center !important; clear: both !important; }\n#pt-cv-view-201232cqlu .pt-cv-carousel-caption  { background-color: rgba(51,51,51,.6) !important; }\n#pt-cv-view-201232cqlu .pt-cv-specialp { background-color: #CC3333 !important }\n#pt-cv-view-201232cqlu .pt-cv-specialp * { color: #fff !important; }\n#pt-cv-view-201232cqlu .pt-cv-pficon  { color: #bbb !important; }\n#pt-cv-view-201232cqlu .pt-cv-readmore  { color: #ffffff !important; background-color: #00aeef !important; }\n#pt-cv-view-201232cqlu .pt-cv-readmore:hover  { color: #ffffff !important; background-color: #00aeef !important; }\n#pt-cv-view-201232cqlu  + .pt-cv-pagination-wrapper .pt-cv-more , #pt-cv-view-201232cqlu  + .pt-cv-pagination-wrapper .pagination .active a { color: #ffffff !important; background-color: #00aeef !important; }\n#pt-cv-view-201232cqlu .cvp-responsive-image[style*=\"background-image\"] { width: 250px; height: 285px; }<\/style>\r\n\t\t\t\n","protected":false},"excerpt":{"rendered":"","protected":false},"author":1,"featured_media":0,"parent":7783,"menu_order":0,"comment_status":"closed","ping_status":"closed","template":"","meta":{"_joinchat":[],"footnotes":""},"class_list":["post-8224","page","type-page","status-publish","hentry"],"_links":{"self":[{"href":"https:\/\/www.serdaroglu.com.tr\/index.php\/wp-json\/wp\/v2\/pages\/8224","targetHints":{"allow":["GET"]}}],"collection":[{"href":"https:\/\/www.serdaroglu.com.tr\/index.php\/wp-json\/wp\/v2\/pages"}],"about":[{"href":"https:\/\/www.serdaroglu.com.tr\/index.php\/wp-json\/wp\/v2\/types\/page"}],"author":[{"embeddable":true,"href":"https:\/\/www.serdaroglu.com.tr\/index.php\/wp-json\/wp\/v2\/users\/1"}],"replies":[{"embeddable":true,"href":"https:\/\/www.serdaroglu.com.tr\/index.php\/wp-json\/wp\/v2\/comments?post=8224"}],"version-history":[{"count":3,"href":"https:\/\/www.serdaroglu.com.tr\/index.php\/wp-json\/wp\/v2\/pages\/8224\/revisions"}],"predecessor-version":[{"id":10181,"href":"https:\/\/www.serdaroglu.com.tr\/index.php\/wp-json\/wp\/v2\/pages\/8224\/revisions\/10181"}],"up":[{"embeddable":true,"href":"https:\/\/www.serdaroglu.com.tr\/index.php\/wp-json\/wp\/v2\/pages\/7783"}],"wp:attachment":[{"href":"https:\/\/www.serdaroglu.com.tr\/index.php\/wp-json\/wp\/v2\/media?parent=8224"}],"curies":[{"name":"wp","href":"https:\/\/api.w.org\/{rel}","templated":true}]}}