{"id":8314,"date":"2022-12-05T12:56:02","date_gmt":"2022-12-05T12:56:02","guid":{"rendered":"https:\/\/alfayazilim.com.tr\/serdaroglu\/?page_id=8314"},"modified":"2022-12-05T13:05:16","modified_gmt":"2022-12-05T13:05:16","slug":"1220-kuresel-vana-f5-pn-16","status":"publish","type":"page","link":"https:\/\/www.serdaroglu.com.tr\/index.php\/urunler\/tesisat-malzemeleri\/faf\/kuresel-vanalar\/1220-kuresel-vana-f5-pn-16\/","title":{"rendered":"1220 K\u00fcresel Vana F5 PN 16"},"content":{"rendered":"\t\t<div data-elementor-type=\"wp-page\" data-elementor-id=\"8314\" class=\"elementor elementor-8314\">\n\t\t\t\t        <section class=\"elementor-section elementor-top-section elementor-element elementor-element-b82ad59 elementor-section-boxed elementor-section-height-default elementor-section-height-default qodef-elementor-content-no ct-header-fixed-none ct-column-none ct-row-scroll-none ct-row-gradient--none\" data-id=\"b82ad59\" data-element_type=\"section\">\n            \n                        <div class=\"elementor-container elementor-column-gap-default \">\n                    <div class=\"elementor-column elementor-col-50 elementor-top-column elementor-element elementor-element-5f74023 ct-column-none col-offset-none col-color-offset-none\" data-id=\"5f74023\" data-element_type=\"column\">\n        <div class=\"elementor-widget-wrap elementor-element-populated\">\n                    \n        \t\t<div class=\"elementor-element elementor-element-ac21181 elementor-widget elementor-widget-image\" data-id=\"ac21181\" data-element_type=\"widget\" data-widget_type=\"image.default\">\n\t\t\t\t<div class=\"elementor-widget-container\">\n\t\t\t\t\t\t\t\t\t\t\t\t\t\t\t<img fetchpriority=\"high\" decoding=\"async\" width=\"500\" height=\"500\" src=\"https:\/\/www.serdaroglu.com.tr\/wp-content\/uploads\/2022\/12\/1220-1-1.png\" class=\"attachment-large size-large wp-image-8316\" alt=\"\" srcset=\"https:\/\/www.serdaroglu.com.tr\/wp-content\/uploads\/2022\/12\/1220-1-1.png 500w, https:\/\/www.serdaroglu.com.tr\/wp-content\/uploads\/2022\/12\/1220-1-1-300x300.png 300w, https:\/\/www.serdaroglu.com.tr\/wp-content\/uploads\/2022\/12\/1220-1-1-150x150.png 150w, https:\/\/www.serdaroglu.com.tr\/wp-content\/uploads\/2022\/12\/1220-1-1-90x90.png 90w, https:\/\/www.serdaroglu.com.tr\/wp-content\/uploads\/2022\/12\/1220-1-1-96x96.png 96w, https:\/\/www.serdaroglu.com.tr\/wp-content\/uploads\/2022\/12\/1220-1-1-460x460.png 460w\" sizes=\"(max-width: 500px) 100vw, 500px\" \/>\t\t\t\t\t\t\t\t\t\t\t\t\t\t\t<\/div>\n\t\t\t\t<\/div>\n\t\t\t\t<div class=\"elementor-element elementor-element-e12d125 elementor-widget elementor-widget-ct_button\" data-id=\"e12d125\" data-element_type=\"widget\" data-widget_type=\"ct_button.default\">\n\t\t\t\t<div class=\"elementor-widget-container\">\n\t\t\t\t\t<div id=\"ct_button-e12d125\" class=\"ct-button-wrapper ct-button-layout1\">\r\n    <div class=\"ct-inline-css\"  data-css=\"\r\n        \">\r\n    <\/div>\r\n\r\n            <span class=\"ct-icon-active\"><\/span>\r\n        <a href=\"https:\/\/alfayazilim.com.tr\/serdaroglu\/wp-content\/uploads\/2022\/12\/faf1220-kuresel-vana-f4-pn-16-1.pdf\" class=\"btn btn-circle-text btn-ctext  icon-ps- \" data-wow-delay=\"ms\">\r\n                            <span class=\"ct-button-icon ct-icon-normal ct-align-icon-\">\r\n                            <\/span>\r\n                <span class=\"ct-button-text\">\r\n            E- KATALOG        <\/span>\r\n    <\/a>\r\n<\/div>\t\t\t\t<\/div>\n\t\t\t\t<\/div>\n\t\t\t\t<div class=\"elementor-element elementor-element-647717e elementor-widget elementor-widget-ct_button\" data-id=\"647717e\" data-element_type=\"widget\" data-widget_type=\"ct_button.default\">\n\t\t\t\t<div class=\"elementor-widget-container\">\n\t\t\t\t\t<div id=\"ct_button-647717e\" class=\"ct-button-wrapper ct-button-layout1\">\r\n    <div class=\"ct-inline-css\"  data-css=\"\r\n        \">\r\n    <\/div>\r\n\r\n            <span class=\"ct-icon-active\"><\/span>\r\n        <a href=\"https:\/\/www.mekaniksepeti.com\/urun\/faf-1200-pn16-tam-gecisli-kuresel-vana\" class=\"btn btn-circle-text btn-ctext  icon-ps- \" data-wow-delay=\"ms\">\r\n                            <span class=\"ct-button-icon ct-icon-normal ct-align-icon-\">\r\n                            <\/span>\r\n                <span class=\"ct-button-text\">\r\n            SATIN AL        <\/span>\r\n    <\/a>\r\n<\/div>\t\t\t\t<\/div>\n\t\t\t\t<\/div>\n\t\t            <\/div>\n        <\/div>\n                <div class=\"elementor-column elementor-col-50 elementor-top-column elementor-element elementor-element-2a62ca3 ct-column-none col-offset-none col-color-offset-none\" data-id=\"2a62ca3\" data-element_type=\"column\">\n        <div class=\"elementor-widget-wrap elementor-element-populated\">\n                    \n        \t\t<div class=\"elementor-element elementor-element-e3efa70 elementor-widget elementor-widget-text-editor\" data-id=\"e3efa70\" data-element_type=\"widget\" data-widget_type=\"text-editor.default\">\n\t\t\t\t<div class=\"elementor-widget-container\">\n\t\t\t\t\t\t\t\t\t<p>\u00a0<\/p><p>\u00a0<\/p><table style=\"margin-bottom: 20px; padding: 0px; border: none; outline: none; background-color: #f7f8f8; color: #666666; font-size: 14px;\" width=\"416\"><tbody style=\"margin: 0px; padding: 0px; border: none; outline: none;\"><tr style=\"margin: 0px; padding: 0px; border: none; outline: none;\"><td style=\"margin: 0px; padding: 8px; border-bottom: 1px solid #dddddd; border-left: 1px solid #dddddd; border-top-color: #dddddd; border-right-color: #dddddd; border-image: initial; outline: none; line-height: 1.42857; vertical-align: top; color: #004e95; background-color: #e1f4fd;\" colspan=\"2\"><span style=\"margin: 0px; padding: 0px; border: none; outline: none; font-weight: bold;\">\u00dcRET\u0130M STANDARTLARI<\/span><\/td><\/tr><tr style=\"margin: 0px; padding: 0px; border: none; outline: none; background-color: #ededee;\"><td style=\"margin: 0px; padding: 8px; border-bottom: 1px solid #dddddd; border-left: 1px solid #dddddd; border-top-color: #dddddd; border-right-color: #dddddd; border-image: initial; outline: none; line-height: 1.42857; vertical-align: top;\" colspan=\"2\"><span style=\"margin: 0px; padding: 0px; border: none; outline: none; font-weight: bold;\">DN15 \u2013 DN250<\/span><br style=\"margin: 0px; padding: 0px; border: none; outline: none;\" \/><span style=\"margin: 0px; padding: 0px; border: none; outline: none; font-weight: bold;\">PN16<\/span><\/td><\/tr><tr style=\"margin: 0px; padding: 0px; border: none; outline: none;\"><td style=\"margin: 0px; padding: 8px; border-top-color: #dddddd; border-right-color: #dddddd; border-left: 1px solid #dddddd; border-image: initial; outline: none; line-height: 1.42857; vertical-align: top; border-bottom: 1px solid #000000 !important;\" width=\"152\"><span style=\"margin: 0px; padding: 0px; border: none; outline: none; font-weight: bold;\">Tasar\u0131m<\/span><\/td><td style=\"margin: 0px; padding: 8px; border-top-color: #dddddd; border-right-color: #dddddd; border-left: 1px solid #dddddd; border-image: initial; outline: none; line-height: 1.42857; vertical-align: top; border-bottom: 1px solid #000000 !important;\" width=\"248\">TS3148 \/ DIN 3357<\/td><\/tr><tr style=\"margin: 0px; padding: 0px; border: none; outline: none;\"><td style=\"margin: 0px; padding: 8px; border-top-color: #dddddd; border-right-color: #dddddd; border-left: 1px solid #dddddd; border-image: initial; outline: none; line-height: 1.42857; vertical-align: top; border-bottom: 1px solid #000000 !important;\"><span style=\"margin: 0px; padding: 0px; border: none; outline: none; font-weight: bold;\">Ba\u011flant\u0131<\/span><\/td><td style=\"margin: 0px; padding: 8px; border-top-color: #dddddd; border-right-color: #dddddd; border-left: 1px solid #dddddd; border-image: initial; outline: none; line-height: 1.42857; vertical-align: top; border-bottom: 1px solid #000000 !important;\">EN 1092-2 \/ ISO 7005-2<\/td><\/tr><tr style=\"margin: 0px; padding: 0px; border: none; outline: none;\"><td style=\"margin: 0px; padding: 8px; border-top-color: #dddddd; border-right-color: #dddddd; border-left: 1px solid #dddddd; border-image: initial; outline: none; line-height: 1.42857; vertical-align: top; border-bottom: 1px solid #000000 !important;\"><span style=\"margin: 0px; padding: 0px; border: none; outline: none; font-weight: bold;\">Al\u0131ndan Al\u0131na<\/span><\/td><td style=\"margin: 0px; padding: 8px; border-top-color: #dddddd; border-right-color: #dddddd; border-left: 1px solid #dddddd; border-image: initial; outline: none; line-height: 1.42857; vertical-align: top; border-bottom: 1px solid #000000 !important;\">DN15-DN150: EN558 Seri 14 \/ DIN 3202 F4<br style=\"margin: 0px; padding: 0px; border: none; outline: none;\" \/>DN200-DN250: EN558 Seri 27 \/ DIN 3202 F5<\/td><\/tr><tr style=\"margin: 0px; padding: 0px; border: none; outline: none;\"><td style=\"margin: 0px; padding: 8px; border-top-color: #dddddd; border-right-color: #dddddd; border-left: 1px solid #dddddd; border-image: initial; outline: none; line-height: 1.42857; vertical-align: top; border-bottom: 1px solid #000000 !important;\"><span style=\"margin: 0px; padding: 0px; border: none; outline: none; font-weight: bold;\">Markalama<\/span><\/td><td style=\"margin: 0px; padding: 8px; border-top-color: #dddddd; border-right-color: #dddddd; border-left: 1px solid #dddddd; border-image: initial; outline: none; line-height: 1.42857; vertical-align: top; border-bottom: 1px solid #000000 !important;\">EN 19<\/td><\/tr><tr style=\"margin: 0px; padding: 0px; border: none; outline: none;\"><td style=\"margin: 0px; padding: 8px; border-top-color: #dddddd; border-right-color: #dddddd; border-left: 1px solid #dddddd; border-image: initial; outline: none; line-height: 1.42857; vertical-align: top; border-bottom: 1px solid #000000 !important;\"><span style=\"margin: 0px; padding: 0px; border: none; outline: none; font-weight: bold;\">Testler<\/span><\/td><td style=\"margin: 0px; padding: 8px; border-top-color: #dddddd; border-right-color: #dddddd; border-left: 1px solid #dddddd; border-image: initial; outline: none; line-height: 1.42857; vertical-align: top; border-bottom: 1px solid #000000 !important;\">EN 12266-1<\/td><\/tr><tr style=\"margin: 0px; padding: 0px; border: none; outline: none;\"><td style=\"margin: 0px; padding: 8px; border-top-color: #dddddd; border-right-color: #dddddd; border-left: 1px solid #dddddd; border-image: initial; outline: none; line-height: 1.42857; vertical-align: top; border-bottom: 1px solid #000000 !important;\"><span style=\"margin: 0px; padding: 0px; border: none; outline: none; font-weight: bold;\">Boya<\/span><\/td><td style=\"margin: 0px; padding: 8px; border-top-color: #dddddd; border-right-color: #dddddd; border-left: 1px solid #dddddd; border-image: initial; outline: none; line-height: 1.42857; vertical-align: top; border-bottom: 1px solid #000000 !important;\">End\u00fcstriyel Ya\u015f Epoksi<\/td><\/tr><\/tbody><\/table>\t\t\t\t\t\t\t\t<\/div>\n\t\t\t\t<\/div>\n\t\t            <\/div>\n        <\/div>\n                    <\/div>\n        <\/section>\n                <section class=\"elementor-section elementor-top-section elementor-element elementor-element-e548455 elementor-section-boxed elementor-section-height-default elementor-section-height-default qodef-elementor-content-no ct-header-fixed-none ct-column-none ct-row-scroll-none ct-row-gradient--none\" data-id=\"e548455\" data-element_type=\"section\">\n            \n                        <div class=\"elementor-container elementor-column-gap-default \">\n                    <div class=\"elementor-column elementor-col-100 elementor-top-column elementor-element elementor-element-ecf5d1d ct-column-none col-offset-none col-color-offset-none\" data-id=\"ecf5d1d\" data-element_type=\"column\">\n        <div class=\"elementor-widget-wrap elementor-element-populated\">\n                    \n        \t\t<div class=\"elementor-element elementor-element-a1b9f04 elementor-widget elementor-widget-text-editor\" data-id=\"a1b9f04\" data-element_type=\"widget\" data-widget_type=\"text-editor.default\">\n\t\t\t\t<div class=\"elementor-widget-container\">\n\t\t\t\t\t\t\t\t\t<p style=\"margin-right: 0px; margin-bottom: 10px; margin-left: 0px; padding: 0px; border: none; outline: none; position: relative; line-height: 1.9em; color: #666666; font-size: 14px; background-color: #f7f8f8;\"><span style=\"margin: 0px; padding: 0px; border: none; outline: none; font-weight: bold;\">\u00d6ZELL\u0130KLER<\/span><\/p><ul style=\"margin-bottom: 0px; padding-bottom: 15px; border: none; outline: none; list-style: none; color: #666666; font-size: 14px; background-color: #f7f8f8;\"><li style=\"margin: 0px; padding: 0px; border: none; outline: none; list-style: outside none square;\">FAF1220, PN 16 flan\u015fl\u0131 k\u00fcresel vana, ak\u0131\u015f kesiti ile ayn\u0131 b\u00fcy\u00fckl\u00fckteki bir deli\u011fe sahip bir k\u00fcre ile \u00e7al\u0131\u015f\u0131r, k\u00fcre paralel veya dikey olmas\u0131 gereken teflon yataklar aras\u0131nda \u00e7eyrek tur (90 derece) d\u00f6ner.<\/li><li style=\"margin: 0px; padding: 0px; border: none; outline: none; list-style: outside none square;\">\u00c7ift y\u00f6nl\u00fc kullan\u0131labilir.<\/li><li style=\"margin: 0px; padding: 0px; border: none; outline: none; list-style: outside none square;\">Paslanmaz \u00e7elik tabak yay takviyeli teflon (PTFE) yataklar sayesinde, en d\u00fc\u015f\u00fck ve en y\u00fcksek bas\u0131n\u00e7 de\u011ferlerinde %100 s\u0131zd\u0131rmazl\u0131k sa\u011flan\u0131r.<\/li><li style=\"margin: 0px; padding: 0px; border: none; outline: none; list-style: outside none square;\">\u0130lave ara par\u00e7alara ihtiya\u00e7 duymadan do\u011frudan pompaya monte edilebilir.<\/li><li style=\"margin: 0px; padding: 0px; border: none; outline: none; list-style: outside none square;\">\u00c7e\u015fitli ak\u0131\u015fkanlarda teflon malzemenin uyumlu olmas\u0131 ve daha y\u00fcksek s\u0131cakl\u0131klara dayan\u0131m\u0131, geni\u015f bir uygulama yelpazesinde kullan\u0131lmas\u0131n\u0131 sa\u011flar.<\/li><li style=\"margin: 0px; padding: 0px; border: none; outline: none; list-style: outside none square;\">Tamamen a\u00e7\u0131k veya tamamen kapal\u0131 konumda kullan\u0131lmak i\u00e7in uygundur.<\/li><li style=\"margin: 0px; padding: 0px; border: none; outline: none; list-style: outside none square;\">Tam a\u00e7\u0131k konumda, ak\u0131\u015f b\u00f6l\u00fcm\u00fcnde bir azalma olmad\u0131\u011f\u0131 i\u00e7in, bas\u0131n\u00e7 kayb\u0131 neredeyse s\u0131f\u0131rd\u0131r.<\/li><li style=\"margin: 0px; padding: 0px; border: none; outline: none; list-style: outside none square;\">Daha d\u00fc\u015f\u00fck tork de\u011ferleriyle \u00e7al\u0131\u015ft\u0131r\u0131labilir<\/li><li style=\"margin: 0px; padding: 0px; border: none; outline: none; list-style: outside none square;\">Akt\u00fcat\u00f6rl\u00fc ve di\u015fli kutulu olarak kullan\u0131ma uygundur.<\/li><\/ul><p style=\"margin-right: 0px; margin-bottom: 10px; margin-left: 0px; padding: 0px; border: none; outline: none; position: relative; line-height: 1.9em; color: #666666; font-size: 14px; background-color: #f7f8f8;\"><span style=\"margin: 0px; padding: 0px; border: none; outline: none; font-weight: bold;\">UYGULAMA ALANLARI<\/span><\/p><ul style=\"margin-bottom: 0px; padding-bottom: 15px; border: none; outline: none; list-style: none; color: #666666; font-size: 14px; background-color: #f7f8f8;\"><li style=\"margin: 0px; padding: 0px; border: none; outline: none; list-style: outside none square;\">S\u0131cak ve so\u011fuk su<\/li><li style=\"margin: 0px; padding: 0px; border: none; outline: none; list-style: outside none square;\">K\u0131zg\u0131n su<\/li><li style=\"margin: 0px; padding: 0px; border: none; outline: none; list-style: outside none square;\">D\u00fc\u015f\u00fck bas\u0131n\u00e7l\u0131 buhar<\/li><li style=\"margin: 0px; padding: 0px; border: none; outline: none; list-style: outside none square;\">Enerji santralleri<\/li><li style=\"margin: 0px; padding: 0px; border: none; outline: none; list-style: outside none square;\">Asit veya alkalin \u00f6zellikleri olmayan ak\u0131\u015fkanlar.<\/li><li style=\"margin: 0px; padding: 0px; border: none; outline: none; list-style: outside none square;\">Tesis kurulumu.<\/li><li style=\"margin: 0px; padding: 0px; border: none; outline: none; list-style: outside none square;\">Boru hatlar\u0131<\/li><li style=\"margin: 0px; padding: 0px; border: none; outline: none; list-style: outside none square;\">Tanklar<\/li><li style=\"margin: 0px; padding: 0px; border: none; outline: none; list-style: outside none square;\">Sanayi<\/li><\/ul><p style=\"margin-right: 0px; margin-bottom: 10px; margin-left: 0px; padding: 0px; border: none; outline: none; position: relative; line-height: 1.9em; color: #666666; font-size: 14px; background-color: #f7f8f8;\"><span style=\"margin: 0px; padding: 0px; border: none; outline: none; font-weight: bold;\">SICAKLIK<\/span><\/p><p style=\"margin-right: 0px; margin-bottom: 10px; margin-left: 0px; padding: 0px; border: none; outline: none; position: relative; line-height: 1.9em; color: #666666; font-size: 14px; background-color: #f7f8f8;\">+200 \u00b0C<\/p>\t\t\t\t\t\t\t\t<\/div>\n\t\t\t\t<\/div>\n\t\t            <\/div>\n        <\/div>\n                    <\/div>\n        <\/section>\n        \t\t<\/div>\n\t\t","protected":false},"excerpt":{"rendered":"<p>E- KATALOG SATIN AL \u00a0 \u00a0 \u00dcRET\u0130M STANDARTLARI DN15 \u2013 DN250PN16 Tasar\u0131m TS3148 \/ DIN 3357 Ba\u011flant\u0131 EN 1092-2 \/ ISO 7005-2 Al\u0131ndan Al\u0131na DN15-DN150: EN558 Seri 14 \/ DIN 3202 F4DN200-DN250: EN558 Seri 27 \/ DIN 3202 F5 Markalama EN 19 Testler EN 12266-1 Boya End\u00fcstriyel Ya\u015f Epoksi \u00d6ZELL\u0130KLER FAF1220, PN 16 flan\u015fl\u0131 k\u00fcresel [&hellip;]<\/p>\n","protected":false},"author":2,"featured_media":0,"parent":8222,"menu_order":0,"comment_status":"closed","ping_status":"closed","template":"","meta":{"_joinchat":[],"footnotes":""},"class_list":["post-8314","page","type-page","status-publish","hentry"],"_links":{"self":[{"href":"https:\/\/www.serdaroglu.com.tr\/index.php\/wp-json\/wp\/v2\/pages\/8314","targetHints":{"allow":["GET"]}}],"collection":[{"href":"https:\/\/www.serdaroglu.com.tr\/index.php\/wp-json\/wp\/v2\/pages"}],"about":[{"href":"https:\/\/www.serdaroglu.com.tr\/index.php\/wp-json\/wp\/v2\/types\/page"}],"author":[{"embeddable":true,"href":"https:\/\/www.serdaroglu.com.tr\/index.php\/wp-json\/wp\/v2\/users\/2"}],"replies":[{"embeddable":true,"href":"https:\/\/www.serdaroglu.com.tr\/index.php\/wp-json\/wp\/v2\/comments?post=8314"}],"version-history":[{"count":8,"href":"https:\/\/www.serdaroglu.com.tr\/index.php\/wp-json\/wp\/v2\/pages\/8314\/revisions"}],"predecessor-version":[{"id":8326,"href":"https:\/\/www.serdaroglu.com.tr\/index.php\/wp-json\/wp\/v2\/pages\/8314\/revisions\/8326"}],"up":[{"embeddable":true,"href":"https:\/\/www.serdaroglu.com.tr\/index.php\/wp-json\/wp\/v2\/pages\/8222"}],"wp:attachment":[{"href":"https:\/\/www.serdaroglu.com.tr\/index.php\/wp-json\/wp\/v2\/media?parent=8314"}],"curies":[{"name":"wp","href":"https:\/\/api.w.org\/{rel}","templated":true}]}}