{"id":8361,"date":"2022-12-05T13:55:24","date_gmt":"2022-12-05T13:55:24","guid":{"rendered":"https:\/\/alfayazilim.com.tr\/serdaroglu\/?page_id=8361"},"modified":"2022-12-05T13:58:34","modified_gmt":"2022-12-05T13:58:34","slug":"3600-lug-paslanmaz-klape","status":"publish","type":"page","link":"https:\/\/www.serdaroglu.com.tr\/index.php\/urunler\/tesisat-malzemeleri\/faf\/kelebek-vanalar\/3600-lug-paslanmaz-klape\/","title":{"rendered":"3600 Lug- Paslanmaz Klape"},"content":{"rendered":"\t\t<div data-elementor-type=\"wp-page\" data-elementor-id=\"8361\" class=\"elementor elementor-8361\">\n\t\t\t\t        <section class=\"elementor-section elementor-top-section elementor-element elementor-element-925d3dc elementor-section-boxed elementor-section-height-default elementor-section-height-default qodef-elementor-content-no ct-header-fixed-none ct-column-none ct-row-scroll-none ct-row-gradient--none\" data-id=\"925d3dc\" data-element_type=\"section\">\n            \n                        <div class=\"elementor-container elementor-column-gap-default \">\n                    <div class=\"elementor-column elementor-col-50 elementor-top-column elementor-element elementor-element-d121950 ct-column-none col-offset-none col-color-offset-none\" data-id=\"d121950\" data-element_type=\"column\">\n        <div class=\"elementor-widget-wrap elementor-element-populated\">\n                    \n        \t\t<div class=\"elementor-element elementor-element-0be5551 elementor-widget elementor-widget-image\" data-id=\"0be5551\" data-element_type=\"widget\" data-widget_type=\"image.default\">\n\t\t\t\t<div class=\"elementor-widget-container\">\n\t\t\t\t\t\t\t\t\t\t\t\t\t\t\t<img fetchpriority=\"high\" decoding=\"async\" width=\"640\" height=\"519\" src=\"https:\/\/www.serdaroglu.com.tr\/wp-content\/uploads\/2022\/12\/faf3600yeni-1024x830.png\" class=\"attachment-large size-large wp-image-8363\" alt=\"\" srcset=\"https:\/\/www.serdaroglu.com.tr\/wp-content\/uploads\/2022\/12\/faf3600yeni-1024x830.png 1024w, https:\/\/www.serdaroglu.com.tr\/wp-content\/uploads\/2022\/12\/faf3600yeni-300x243.png 300w, https:\/\/www.serdaroglu.com.tr\/wp-content\/uploads\/2022\/12\/faf3600yeni-768x623.png 768w, https:\/\/www.serdaroglu.com.tr\/wp-content\/uploads\/2022\/12\/faf3600yeni-1536x1245.png 1536w, https:\/\/www.serdaroglu.com.tr\/wp-content\/uploads\/2022\/12\/faf3600yeni-2048x1660.png 2048w, https:\/\/www.serdaroglu.com.tr\/wp-content\/uploads\/2022\/12\/faf3600yeni-600x486.png 600w\" sizes=\"(max-width: 640px) 100vw, 640px\" \/>\t\t\t\t\t\t\t\t\t\t\t\t\t\t\t<\/div>\n\t\t\t\t<\/div>\n\t\t\t\t<div class=\"elementor-element elementor-element-df88800 elementor-widget elementor-widget-ct_button\" data-id=\"df88800\" data-element_type=\"widget\" data-widget_type=\"ct_button.default\">\n\t\t\t\t<div class=\"elementor-widget-container\">\n\t\t\t\t\t<div id=\"ct_button-df88800\" class=\"ct-button-wrapper ct-button-layout1\">\r\n    <div class=\"ct-inline-css\"  data-css=\"\r\n        \">\r\n    <\/div>\r\n\r\n            <span class=\"ct-icon-active\"><\/span>\r\n        <a href=\"https:\/\/alfayazilim.com.tr\/serdaroglu\/wp-content\/uploads\/2022\/12\/faf3600-yeni.pdf\" class=\"btn btn-circle-text btn-ctext  icon-ps- \" data-wow-delay=\"ms\">\r\n                            <span class=\"ct-button-icon ct-icon-normal ct-align-icon-\">\r\n                            <\/span>\r\n                <span class=\"ct-button-text\">\r\n            E-KATALOG        <\/span>\r\n    <\/a>\r\n<\/div>\t\t\t\t<\/div>\n\t\t\t\t<\/div>\n\t\t\t\t<div class=\"elementor-element elementor-element-16a4541 elementor-widget elementor-widget-ct_button\" data-id=\"16a4541\" data-element_type=\"widget\" data-widget_type=\"ct_button.default\">\n\t\t\t\t<div class=\"elementor-widget-container\">\n\t\t\t\t\t<div id=\"ct_button-16a4541\" class=\"ct-button-wrapper ct-button-layout1\">\r\n    <div class=\"ct-inline-css\"  data-css=\"\r\n        \">\r\n    <\/div>\r\n\r\n            <span class=\"ct-icon-active\"><\/span>\r\n        <a href=\"https:\/\/www.mekaniksepeti.com\/urun\/faf-3600-lug-tip-paslanmaz-klapeli-kelebek-vana\" class=\"btn btn-circle-text btn-ctext  icon-ps- \" data-wow-delay=\"ms\">\r\n                            <span class=\"ct-button-icon ct-icon-normal ct-align-icon-\">\r\n                            <\/span>\r\n                <span class=\"ct-button-text\">\r\n            SATIN AL        <\/span>\r\n    <\/a>\r\n<\/div>\t\t\t\t<\/div>\n\t\t\t\t<\/div>\n\t\t            <\/div>\n        <\/div>\n                <div class=\"elementor-column elementor-col-50 elementor-top-column elementor-element elementor-element-a47811b ct-column-none col-offset-none col-color-offset-none\" data-id=\"a47811b\" data-element_type=\"column\">\n        <div class=\"elementor-widget-wrap elementor-element-populated\">\n                    \n        \t\t<div class=\"elementor-element elementor-element-7b8fe4d elementor-widget elementor-widget-text-editor\" data-id=\"7b8fe4d\" data-element_type=\"widget\" data-widget_type=\"text-editor.default\">\n\t\t\t\t<div class=\"elementor-widget-container\">\n\t\t\t\t\t\t\t\t\t<p>\u00a0<\/p><p>\u00a0<\/p><table style=\"margin-bottom: 20px; padding: 0px; border: none; outline: none; background-color: #f7f8f8; color: #666666; font-size: 14px;\" width=\"416\"><tbody style=\"margin: 0px; padding: 0px; border: none; outline: none;\"><tr style=\"margin: 0px; padding: 0px; border: none; outline: none;\"><td style=\"margin: 0px; padding: 8px; border-bottom: 1px solid #dddddd; border-left: 1px solid #dddddd; border-top-color: #dddddd; border-right-color: #dddddd; border-image: initial; outline: none; line-height: 1.42857; vertical-align: top; color: #004e95; background-color: #e1f4fd;\" colspan=\"2\"><span style=\"margin: 0px; padding: 0px; border: none; outline: none; font-weight: bold;\">\u00dcRET\u0130M STANDARTLARI<\/span><\/td><\/tr><tr style=\"margin: 0px; padding: 0px; border: none; outline: none; background-color: #ededee;\"><td style=\"margin: 0px; padding: 8px; border-bottom: 1px solid #dddddd; border-left: 1px solid #dddddd; border-top-color: #dddddd; border-right-color: #dddddd; border-image: initial; outline: none; line-height: 1.42857; vertical-align: top;\" colspan=\"2\"><span style=\"margin: 0px; padding: 0px; border: none; outline: none; font-weight: bold;\">DN 40 \u00a0\u2192 DN 600<\/span><br style=\"margin: 0px; padding: 0px; border: none; outline: none;\" \/><span style=\"margin: 0px; padding: 0px; border: none; outline: none; font-weight: bold;\">PN 16<\/span><\/td><\/tr><tr style=\"margin: 0px; padding: 0px; border: none; outline: none;\"><td style=\"margin: 0px; padding: 8px; border-top-color: #dddddd; border-right-color: #dddddd; border-left: 1px solid #dddddd; border-image: initial; outline: none; line-height: 1.42857; vertical-align: top; border-bottom: 1px solid #000000 !important;\" width=\"152\">Tasar\u0131m<\/td><td style=\"margin: 0px; padding: 8px; border-top-color: #dddddd; border-right-color: #dddddd; border-left: 1px solid #dddddd; border-image: initial; outline: none; line-height: 1.42857; vertical-align: top; border-bottom: 1px solid #000000 !important;\" width=\"248\">EN 593<\/td><\/tr><tr style=\"margin: 0px; padding: 0px; border: none; outline: none;\"><td style=\"margin: 0px; padding: 8px; border-top-color: #dddddd; border-right-color: #dddddd; border-left: 1px solid #dddddd; border-image: initial; outline: none; line-height: 1.42857; vertical-align: top; border-bottom: 1px solid #000000 !important;\">Ba\u011flant\u0131<\/td><td style=\"margin: 0px; padding: 8px; border-top-color: #dddddd; border-right-color: #dddddd; border-left: 1px solid #dddddd; border-image: initial; outline: none; line-height: 1.42857; vertical-align: top; border-bottom: 1px solid #000000 !important;\">LUG tipi EN 1092-2 \/ ISO 7005-2<\/td><\/tr><tr style=\"margin: 0px; padding: 0px; border: none; outline: none;\"><td style=\"margin: 0px; padding: 8px; border-top-color: #dddddd; border-right-color: #dddddd; border-left: 1px solid #dddddd; border-image: initial; outline: none; line-height: 1.42857; vertical-align: top; border-bottom: 1px solid #000000 !important;\">Al\u0131ndan Al\u0131na Boyutlar<\/td><td style=\"margin: 0px; padding: 8px; border-top-color: #dddddd; border-right-color: #dddddd; border-left: 1px solid #dddddd; border-image: initial; outline: none; line-height: 1.42857; vertical-align: top; border-bottom: 1px solid #000000 !important;\">EN 558 Seri 20<br style=\"margin: 0px; padding: 0px; border: none; outline: none;\" \/>ISO 5752 Seri 20<\/td><\/tr><tr style=\"margin: 0px; padding: 0px; border: none; outline: none;\"><td style=\"margin: 0px; padding: 8px; border-top-color: #dddddd; border-right-color: #dddddd; border-left: 1px solid #dddddd; border-image: initial; outline: none; line-height: 1.42857; vertical-align: top; border-bottom: 1px solid #000000 !important;\">Testler<\/td><td style=\"margin: 0px; padding: 8px; border-top-color: #dddddd; border-right-color: #dddddd; border-left: 1px solid #dddddd; border-image: initial; outline: none; line-height: 1.42857; vertical-align: top; border-bottom: 1px solid #000000 !important;\">EN 12266-1<\/td><\/tr><tr style=\"margin: 0px; padding: 0px; border: none; outline: none;\"><td style=\"margin: 0px; padding: 8px; border-top-color: #dddddd; border-right-color: #dddddd; border-left: 1px solid #dddddd; border-image: initial; outline: none; line-height: 1.42857; vertical-align: top; border-bottom: 1px solid #000000 !important;\">Markalama<\/td><td style=\"margin: 0px; padding: 8px; border-top-color: #dddddd; border-right-color: #dddddd; border-left: 1px solid #dddddd; border-image: initial; outline: none; line-height: 1.42857; vertical-align: top; border-bottom: 1px solid #000000 !important;\">EN 19<\/td><\/tr><tr style=\"margin: 0px; padding: 0px; border: none; outline: none;\"><td style=\"margin: 0px; padding: 8px; border-top-color: #dddddd; border-right-color: #dddddd; border-left: 1px solid #dddddd; border-image: initial; outline: none; line-height: 1.42857; vertical-align: top; border-bottom: 1px solid #000000 !important;\">Boya<\/td><td style=\"margin: 0px; padding: 8px; border-top-color: #dddddd; border-right-color: #dddddd; border-left: 1px solid #dddddd; border-image: initial; outline: none; line-height: 1.42857; vertical-align: top; border-bottom: 1px solid #000000 !important;\">Elektrostatik Toz Boya<br style=\"margin: 0px; padding: 0px; border: none; outline: none;\" \/>DN350 ve \u00fczeri End\u00fcstriyel Ya\u015f Epoksi<\/td><\/tr><\/tbody><\/table>\t\t\t\t\t\t\t\t<\/div>\n\t\t\t\t<\/div>\n\t\t            <\/div>\n        <\/div>\n                    <\/div>\n        <\/section>\n                <section class=\"elementor-section elementor-top-section elementor-element elementor-element-32edf7c elementor-section-boxed elementor-section-height-default elementor-section-height-default qodef-elementor-content-no ct-header-fixed-none ct-column-none ct-row-scroll-none ct-row-gradient--none\" data-id=\"32edf7c\" data-element_type=\"section\">\n            \n                        <div class=\"elementor-container elementor-column-gap-default \">\n                    <div class=\"elementor-column elementor-col-100 elementor-top-column elementor-element elementor-element-ab2ce03 ct-column-none col-offset-none col-color-offset-none\" data-id=\"ab2ce03\" data-element_type=\"column\">\n        <div class=\"elementor-widget-wrap elementor-element-populated\">\n                    \n        \t\t<div class=\"elementor-element elementor-element-b1d2161 elementor-widget elementor-widget-text-editor\" data-id=\"b1d2161\" data-element_type=\"widget\" data-widget_type=\"text-editor.default\">\n\t\t\t\t<div class=\"elementor-widget-container\">\n\t\t\t\t\t\t\t\t\t<p style=\"margin-right: 0px; margin-bottom: 10px; margin-left: 0px; padding: 0px; border: none; outline: none; position: relative; line-height: 1.9em; color: #666666; font-size: 14px; background-color: #f7f8f8;\"><span style=\"margin: 0px; padding: 0px; border: none; outline: none; font-weight: bold;\">\u00d6ZELL\u0130KLER\u0130<\/span><\/p><ul style=\"margin-bottom: 0px; padding-bottom: 15px; border: none; outline: none; list-style: none; color: #666666; font-size: 14px; background-color: #f7f8f8;\"><li style=\"margin: 0px; padding: 0px; border: none; outline: none; list-style: outside none square;\">\u00c7e\u015fitli disk malzemeleri ile donat\u0131lm\u0131\u015f ve EPDM, NBR ve VITON conta se\u00e7enekleri ile \u00e7e\u015fitli ak\u0131\u015fkan tiplerinde ve farkl\u0131 uygulamalarda kullan\u0131labilir. DN350 ve \u00fczeri kelebek vanalarda; Vana g\u00f6vdesinin i\u00e7i EPDM(Elastomer) kau\u00e7uk ile vulkanize kapl\u0131d\u0131r.<\/li><li style=\"margin: 0px; padding: 0px; border: none; outline: none; list-style: outside none square;\">Di\u011fer vana tipleriyle kar\u015f\u0131la\u015ft\u0131r\u0131ld\u0131\u011f\u0131nda, kompakt boyutlar\u0131 ile hafif, kolay kurulum ve maliyet avantajlar\u0131 sunar.<\/li><li style=\"margin: 0px; padding: 0px; border: none; outline: none; list-style: outside none square;\">Klape dizayn\u0131 minimum basin\u00e7 yaratacak \u015fekilde ve \u00e7ift milli olarak tasarlanm\u0131\u015ft\u0131r.<\/li><li style=\"margin: 0px; padding: 0px; border: none; outline: none; list-style: outside none square;\">DN350 ve \u00fczeri tek milli tasar\u0131ma sahiptir.<\/li><li style=\"margin: 0px; padding: 0px; border: none; outline: none; list-style: outside none square;\">Vana g\u00f6vdesinin i\u00e7 ve d\u0131\u015f y\u00fczeyleri elektrostatik f\u00fczyonla ba\u011flanm\u0131\u015f epoksi (FBE) \/ f\u0131r\u0131nlanm\u0131\u015f toz epoksi kaplama ile kaplanm\u0131\u015ft\u0131r. Zorlu ko\u015fullarda sorunsuz \u00e7al\u0131\u015fma ve daha uzun \u00f6m\u00fcr sa\u011flar. DN350 ve \u00fczeri end\u00fcstriyel ya\u015f epoksidir.<\/li><li style=\"margin: 0px; padding: 0px; border: none; outline: none; list-style: outside none square;\">Daha y\u00fcksek kaplama kal\u0131nl\u0131klar\u0131 istek \u00fczerine uygulanabilir<\/li><li style=\"margin: 0px; padding: 0px; border: none; outline: none; list-style: outside none square;\">DN 350 \u00e7ap ve \u00fczeri standartdi\u015fli kutusu ile birlikte , DN 300 \u00e7ap ve alt\u0131 ise opsinel olarak di\u015fli kutulu teslim edildi\u011fi i\u00e7in, manuel kol ile birlikte verilir.<\/li><li style=\"margin: 0px; padding: 0px; border: none; outline: none; list-style: outside none square;\">Elektrikli veya Pn\u00f6matik akt\u00fcat\u00f6rler do\u011frudan vana \u00fcst flan\u015f\u0131na (ISO 5211) uygundur. \u0130lave ara par\u00e7alara gerek yoktur.<\/li><li style=\"margin: 0px; padding: 0px; border: none; outline: none; list-style: outside none square;\">PN6-10-16 ve Class 150 flan\u015f normlar\u0131nda montaj problemi ya\u015fanmaz.<\/li><li style=\"margin: 0px; padding: 0px; border: none; outline: none; list-style: outside none square;\">Bak\u0131m\u0131 son derece kolayd\u0131r.<\/li><li style=\"margin: 0px; padding: 0px; border: none; outline: none; list-style: outside none square;\">D\u00f6rt adet flan\u015f montaj yar\u0131-kula\u011f\u0131, montaj s\u0131ras\u0131nda do\u011fru vana konumunu sa\u011flar<\/li><li style=\"margin: 0px; padding: 0px; border: none; outline: none; list-style: outside none square;\">Valf g\u00f6vdesi ve diski y\u00fcksek hassasitte i\u015flenir, bu da d\u00fc\u015f\u00fck i\u015fletme torkuna ve uzun servis \u00f6mr\u00fcne neden olur.<\/li><\/ul><p style=\"margin-right: 0px; margin-bottom: 10px; margin-left: 0px; padding: 0px; border: none; outline: none; position: relative; line-height: 1.9em; color: #666666; font-size: 14px; background-color: #f7f8f8;\"><span style=\"margin: 0px; padding: 0px; border: none; outline: none; font-weight: bold;\">UYGULAMA ALANLARI<\/span><\/p><ul style=\"margin-bottom: 0px; padding-bottom: 15px; border: none; outline: none; list-style: none; color: #666666; font-size: 14px; background-color: #f7f8f8;\"><li style=\"margin: 0px; padding: 0px; border: none; outline: none; list-style: outside none square;\">Oda kurulumu<\/li><li style=\"margin: 0px; padding: 0px; border: none; outline: none; list-style: outside none square;\">Bitkilerde kurulum<\/li><li style=\"margin: 0px; padding: 0px; border: none; outline: none; list-style: outside none square;\">Boru hatlar\u0131<\/li><li style=\"margin: 0px; padding: 0px; border: none; outline: none; list-style: outside none square;\">Su ar\u0131tma tesisleri y Pompa istasyonlar\u0131 y Tanklar<\/li><li style=\"margin: 0px; padding: 0px; border: none; outline: none; list-style: outside none square;\">Deniz suyu uygulamalar\u0131<\/li><li style=\"margin: 0px; padding: 0px; border: none; outline: none; list-style: outside none square;\">Enerji santralleri (so\u011futma suyu boru hatlar\u0131)<\/li><li style=\"margin: 0px; padding: 0px; border: none; outline: none; list-style: outside none square;\">Sanayi<\/li><\/ul><p style=\"margin-right: 0px; margin-bottom: 10px; margin-left: 0px; padding: 0px; border: none; outline: none; position: relative; line-height: 1.9em; color: #666666; font-size: 14px; background-color: #f7f8f8;\"><span style=\"margin: 0px; padding: 0px; border: none; outline: none; font-weight: bold;\">SICAKLIK<\/span><\/p><p style=\"margin-right: 0px; margin-bottom: 10px; margin-left: 0px; padding: 0px; border: none; outline: none; position: relative; line-height: 1.9em; color: #666666; font-size: 14px; background-color: #f7f8f8;\">+120 \u00b0C (EPDM)<br style=\"margin: 0px; padding: 0px; border: none; outline: none;\" \/>+100 \u00b0C (NBR)<br style=\"margin: 0px; padding: 0px; border: none; outline: none;\" \/>+180 \u00b0C (VITON)<\/p>\t\t\t\t\t\t\t\t<\/div>\n\t\t\t\t<\/div>\n\t\t            <\/div>\n        <\/div>\n                    <\/div>\n        <\/section>\n        \t\t<\/div>\n\t\t","protected":false},"excerpt":{"rendered":"<p>E-KATALOG SATIN AL \u00a0 \u00a0 \u00dcRET\u0130M STANDARTLARI DN 40 \u00a0\u2192 DN 600PN 16 Tasar\u0131m EN 593 Ba\u011flant\u0131 LUG tipi EN 1092-2 \/ ISO 7005-2 Al\u0131ndan Al\u0131na Boyutlar EN 558 Seri 20ISO 5752 Seri 20 Testler EN 12266-1 Markalama EN 19 Boya Elektrostatik Toz BoyaDN350 ve \u00fczeri End\u00fcstriyel Ya\u015f Epoksi \u00d6ZELL\u0130KLER\u0130 \u00c7e\u015fitli disk malzemeleri ile donat\u0131lm\u0131\u015f [&hellip;]<\/p>\n","protected":false},"author":2,"featured_media":0,"parent":8224,"menu_order":0,"comment_status":"closed","ping_status":"closed","template":"","meta":{"_joinchat":[],"footnotes":""},"class_list":["post-8361","page","type-page","status-publish","hentry"],"_links":{"self":[{"href":"https:\/\/www.serdaroglu.com.tr\/index.php\/wp-json\/wp\/v2\/pages\/8361","targetHints":{"allow":["GET"]}}],"collection":[{"href":"https:\/\/www.serdaroglu.com.tr\/index.php\/wp-json\/wp\/v2\/pages"}],"about":[{"href":"https:\/\/www.serdaroglu.com.tr\/index.php\/wp-json\/wp\/v2\/types\/page"}],"author":[{"embeddable":true,"href":"https:\/\/www.serdaroglu.com.tr\/index.php\/wp-json\/wp\/v2\/users\/2"}],"replies":[{"embeddable":true,"href":"https:\/\/www.serdaroglu.com.tr\/index.php\/wp-json\/wp\/v2\/comments?post=8361"}],"version-history":[{"count":7,"href":"https:\/\/www.serdaroglu.com.tr\/index.php\/wp-json\/wp\/v2\/pages\/8361\/revisions"}],"predecessor-version":[{"id":8370,"href":"https:\/\/www.serdaroglu.com.tr\/index.php\/wp-json\/wp\/v2\/pages\/8361\/revisions\/8370"}],"up":[{"embeddable":true,"href":"https:\/\/www.serdaroglu.com.tr\/index.php\/wp-json\/wp\/v2\/pages\/8224"}],"wp:attachment":[{"href":"https:\/\/www.serdaroglu.com.tr\/index.php\/wp-json\/wp\/v2\/media?parent=8361"}],"curies":[{"name":"wp","href":"https:\/\/api.w.org\/{rel}","templated":true}]}}