{"id":8382,"date":"2022-12-05T14:44:53","date_gmt":"2022-12-05T14:44:53","guid":{"rendered":"https:\/\/alfayazilim.com.tr\/serdaroglu\/?page_id=8382"},"modified":"2022-12-05T14:49:12","modified_gmt":"2022-12-05T14:49:12","slug":"6000-elastomer-baskili-f4-sfero-dokum","status":"publish","type":"page","link":"https:\/\/www.serdaroglu.com.tr\/index.php\/urunler\/tesisat-malzemeleri\/faf\/surgulu-vanalar\/6000-elastomer-baskili-f4-sfero-dokum\/","title":{"rendered":"6000 ELASTOMER BASKILI (F4) &#8211; SFERO D\u00d6K\u00dcM"},"content":{"rendered":"\t\t<div data-elementor-type=\"wp-page\" data-elementor-id=\"8382\" class=\"elementor elementor-8382\">\n\t\t\t\t        <section class=\"elementor-section elementor-top-section elementor-element elementor-element-4eccf3b elementor-section-boxed elementor-section-height-default elementor-section-height-default qodef-elementor-content-no ct-header-fixed-none ct-column-none ct-row-scroll-none ct-row-gradient--none\" data-id=\"4eccf3b\" data-element_type=\"section\">\n            \n                        <div class=\"elementor-container elementor-column-gap-default \">\n                    <div class=\"elementor-column elementor-col-50 elementor-top-column elementor-element elementor-element-59bad60 ct-column-none col-offset-none col-color-offset-none\" data-id=\"59bad60\" data-element_type=\"column\">\n        <div class=\"elementor-widget-wrap elementor-element-populated\">\n                    \n        \t\t<div class=\"elementor-element elementor-element-cf0f209 elementor-widget elementor-widget-image\" data-id=\"cf0f209\" data-element_type=\"widget\" data-widget_type=\"image.default\">\n\t\t\t\t<div class=\"elementor-widget-container\">\n\t\t\t\t\t\t\t\t\t\t\t\t\t\t\t<img fetchpriority=\"high\" decoding=\"async\" width=\"500\" height=\"500\" src=\"https:\/\/www.serdaroglu.com.tr\/wp-content\/uploads\/2022\/12\/6000F4-surgulu.png\" class=\"attachment-large size-large wp-image-8384\" alt=\"\" srcset=\"https:\/\/www.serdaroglu.com.tr\/wp-content\/uploads\/2022\/12\/6000F4-surgulu.png 500w, https:\/\/www.serdaroglu.com.tr\/wp-content\/uploads\/2022\/12\/6000F4-surgulu-300x300.png 300w, https:\/\/www.serdaroglu.com.tr\/wp-content\/uploads\/2022\/12\/6000F4-surgulu-150x150.png 150w, https:\/\/www.serdaroglu.com.tr\/wp-content\/uploads\/2022\/12\/6000F4-surgulu-90x90.png 90w, https:\/\/www.serdaroglu.com.tr\/wp-content\/uploads\/2022\/12\/6000F4-surgulu-96x96.png 96w, https:\/\/www.serdaroglu.com.tr\/wp-content\/uploads\/2022\/12\/6000F4-surgulu-460x460.png 460w\" sizes=\"(max-width: 500px) 100vw, 500px\" \/>\t\t\t\t\t\t\t\t\t\t\t\t\t\t\t<\/div>\n\t\t\t\t<\/div>\n\t\t\t\t<div class=\"elementor-element elementor-element-708e362 elementor-widget elementor-widget-ct_button\" data-id=\"708e362\" data-element_type=\"widget\" data-widget_type=\"ct_button.default\">\n\t\t\t\t<div class=\"elementor-widget-container\">\n\t\t\t\t\t<div id=\"ct_button-708e362\" class=\"ct-button-wrapper ct-button-layout1\">\r\n    <div class=\"ct-inline-css\"  data-css=\"\r\n        \">\r\n    <\/div>\r\n\r\n            <span class=\"ct-icon-active\"><\/span>\r\n        <a href=\"https:\/\/alfayazilim.com.tr\/serdaroglu\/wp-content\/uploads\/2022\/12\/faf6000-elastomer-baskili-surgulu-vana.pdf\" class=\"btn btn-circle-text btn-ctext  icon-ps- \" data-wow-delay=\"ms\">\r\n                            <span class=\"ct-button-icon ct-icon-normal ct-align-icon-\">\r\n                            <\/span>\r\n                <span class=\"ct-button-text\">\r\n            E- KATALOG        <\/span>\r\n    <\/a>\r\n<\/div>\t\t\t\t<\/div>\n\t\t\t\t<\/div>\n\t\t\t\t<div class=\"elementor-element elementor-element-467db27 elementor-widget elementor-widget-ct_button\" data-id=\"467db27\" data-element_type=\"widget\" data-widget_type=\"ct_button.default\">\n\t\t\t\t<div class=\"elementor-widget-container\">\n\t\t\t\t\t<div id=\"ct_button-467db27\" class=\"ct-button-wrapper ct-button-layout1\">\r\n    <div class=\"ct-inline-css\"  data-css=\"\r\n        \">\r\n    <\/div>\r\n\r\n            <span class=\"ct-icon-active\"><\/span>\r\n        <a href=\"https:\/\/www.mekaniksepeti.com\/urun\/6000-pn16-surgulu-vana\" class=\"btn btn-circle-text btn-ctext  icon-ps- \" data-wow-delay=\"ms\">\r\n                            <span class=\"ct-button-icon ct-icon-normal ct-align-icon-\">\r\n                            <\/span>\r\n                <span class=\"ct-button-text\">\r\n            SATIN AL        <\/span>\r\n    <\/a>\r\n<\/div>\t\t\t\t<\/div>\n\t\t\t\t<\/div>\n\t\t            <\/div>\n        <\/div>\n                <div class=\"elementor-column elementor-col-50 elementor-top-column elementor-element elementor-element-4b37e15 ct-column-none col-offset-none col-color-offset-none\" data-id=\"4b37e15\" data-element_type=\"column\">\n        <div class=\"elementor-widget-wrap elementor-element-populated\">\n                    \n        \t\t<div class=\"elementor-element elementor-element-ef6344e elementor-widget elementor-widget-text-editor\" data-id=\"ef6344e\" data-element_type=\"widget\" data-widget_type=\"text-editor.default\">\n\t\t\t\t<div class=\"elementor-widget-container\">\n\t\t\t\t\t\t\t\t\t<p>\u00a0<\/p><p>\u00a0<\/p><p>\u00a0<\/p><table style=\"margin-bottom: 20px; padding: 0px; border: none; outline: none; background-color: #f7f8f8; color: #666666; font-size: 14px; height: 332px;\" width=\"416\"><tbody style=\"margin: 0px; padding: 0px; border: none; outline: none;\"><tr style=\"margin: 0px; padding: 0px; border: none; outline: none;\"><td style=\"margin: 0px; padding: 8px; border-bottom: 1px solid #dddddd; border-left: 1px solid #dddddd; border-top-color: #dddddd; border-right-color: #dddddd; border-image: initial; outline: none; line-height: 1.42857; vertical-align: top; color: #004e95; background-color: #e1f4fd;\" colspan=\"2\"><span style=\"margin: 0px; padding: 0px; border: none; outline: none; font-weight: bold;\">\u00dcRET\u0130M STANDARTLARI<\/span><\/td><\/tr><tr style=\"margin: 0px; padding: 0px; border: none; outline: none; background-color: #ededee;\"><td style=\"margin: 0px; padding: 8px; border-bottom: 1px solid #dddddd; border-left: 1px solid #dddddd; border-top-color: #dddddd; border-right-color: #dddddd; border-image: initial; outline: none; line-height: 1.42857; vertical-align: top;\" colspan=\"2\"><span style=\"margin: 0px; padding: 0px; border: none; outline: none; font-weight: bold;\">DN40\u2192\u00a0DN800<\/span><br style=\"margin: 0px; padding: 0px; border: none; outline: none;\" \/><span style=\"margin: 0px; padding: 0px; border: none; outline: none; font-weight: bold;\">PN10-16-25<\/span><\/td><\/tr><tr style=\"margin: 0px; padding: 0px; border: none; outline: none;\"><td style=\"margin: 0px; padding: 8px; border-top-color: #dddddd; border-right-color: #dddddd; border-left: 1px solid #dddddd; border-image: initial; outline: none; line-height: 1.42857; vertical-align: top; border-bottom: 1px solid #000000 !important;\" width=\"152\"><span style=\"margin: 0px; padding: 0px; border: none; outline: none; font-weight: bold;\">Tasar\u0131m<\/span><\/td><td style=\"margin: 0px; padding: 8px; border-top-color: #dddddd; border-right-color: #dddddd; border-left: 1px solid #dddddd; border-image: initial; outline: none; line-height: 1.42857; vertical-align: top; border-bottom: 1px solid #000000 !important;\" width=\"248\">EN 1171 \/ EN1074<\/td><\/tr><tr style=\"margin: 0px; padding: 0px; border: none; outline: none;\"><td style=\"margin: 0px; padding: 8px; border-top-color: #dddddd; border-right-color: #dddddd; border-left: 1px solid #dddddd; border-image: initial; outline: none; line-height: 1.42857; vertical-align: top; border-bottom: 1px solid #000000 !important;\"><span style=\"margin: 0px; padding: 0px; border: none; outline: none; font-weight: bold;\">Ba\u011flant\u0131<\/span><\/td><td style=\"margin: 0px; padding: 8px; border-top-color: #dddddd; border-right-color: #dddddd; border-left: 1px solid #dddddd; border-image: initial; outline: none; line-height: 1.42857; vertical-align: top; border-bottom: 1px solid #000000 !important;\">EN 1092-2 ISO7005-2 Flan\u015fl\u0131<\/td><\/tr><tr style=\"margin: 0px; padding: 0px; border: none; outline: none;\"><td style=\"margin: 0px; padding: 8px; border-top-color: #dddddd; border-right-color: #dddddd; border-left: 1px solid #dddddd; border-image: initial; outline: none; line-height: 1.42857; vertical-align: top; border-bottom: 1px solid #000000 !important;\"><span style=\"margin: 0px; padding: 0px; border: none; outline: none; font-weight: bold;\">Al\u0131ndan Al\u0131na Boyutlar<\/span><\/td><td style=\"margin: 0px; padding: 8px; border-top-color: #dddddd; border-right-color: #dddddd; border-left: 1px solid #dddddd; border-image: initial; outline: none; line-height: 1.42857; vertical-align: top; border-bottom: 1px solid #000000 !important;\">EN 558 Seri 14 DIN3202 F4<\/td><\/tr><tr style=\"margin: 0px; padding: 0px; border: none; outline: none;\"><td style=\"margin: 0px; padding: 8px; border-top-color: #dddddd; border-right-color: #dddddd; border-left: 1px solid #dddddd; border-image: initial; outline: none; line-height: 1.42857; vertical-align: top; border-bottom: 1px solid #000000 !important;\"><span style=\"margin: 0px; padding: 0px; border: none; outline: none; font-weight: bold;\">Testler<\/span><\/td><td style=\"margin: 0px; padding: 8px; border-top-color: #dddddd; border-right-color: #dddddd; border-left: 1px solid #dddddd; border-image: initial; outline: none; line-height: 1.42857; vertical-align: top; border-bottom: 1px solid #000000 !important;\">EN 12266-1<\/td><\/tr><tr style=\"margin: 0px; padding: 0px; border: none; outline: none;\"><td style=\"margin: 0px; padding: 8px; border-top-color: #dddddd; border-right-color: #dddddd; border-left: 1px solid #dddddd; border-image: initial; outline: none; line-height: 1.42857; vertical-align: top; border-bottom: 1px solid #000000 !important;\"><span style=\"margin: 0px; padding: 0px; border: none; outline: none; font-weight: bold;\">Markalama<\/span><\/td><td style=\"margin: 0px; padding: 8px; border-top-color: #dddddd; border-right-color: #dddddd; border-left: 1px solid #dddddd; border-image: initial; outline: none; line-height: 1.42857; vertical-align: top; border-bottom: 1px solid #000000 !important;\">EN 19<\/td><\/tr><tr style=\"margin: 0px; padding: 0px; border: none; outline: none;\"><td style=\"margin: 0px; padding: 8px; border-top-color: #dddddd; border-right-color: #dddddd; border-left: 1px solid #dddddd; border-image: initial; outline: none; line-height: 1.42857; vertical-align: top; border-bottom: 1px solid #000000 !important;\"><span style=\"margin: 0px; padding: 0px; border: none; outline: none; font-weight: bold;\">Boya<\/span><\/td><td style=\"margin: 0px; padding: 8px; border-top-color: #dddddd; border-right-color: #dddddd; border-left: 1px solid #dddddd; border-image: initial; outline: none; line-height: 1.42857; vertical-align: top; border-bottom: 1px solid #000000 !important;\">Elektrostatik Toz Boya WRAS Belgeli<\/td><\/tr><\/tbody><\/table>\t\t\t\t\t\t\t\t<\/div>\n\t\t\t\t<\/div>\n\t\t            <\/div>\n        <\/div>\n                    <\/div>\n        <\/section>\n                <section class=\"elementor-section elementor-top-section elementor-element elementor-element-6f9168c elementor-section-boxed elementor-section-height-default elementor-section-height-default qodef-elementor-content-no ct-header-fixed-none ct-column-none ct-row-scroll-none ct-row-gradient--none\" data-id=\"6f9168c\" data-element_type=\"section\">\n            \n                        <div class=\"elementor-container elementor-column-gap-default \">\n                    <div class=\"elementor-column elementor-col-100 elementor-top-column elementor-element elementor-element-a694664 ct-column-none col-offset-none col-color-offset-none\" data-id=\"a694664\" data-element_type=\"column\">\n        <div class=\"elementor-widget-wrap elementor-element-populated\">\n                    \n        \t\t<div class=\"elementor-element elementor-element-928f92d elementor-widget elementor-widget-text-editor\" data-id=\"928f92d\" data-element_type=\"widget\" data-widget_type=\"text-editor.default\">\n\t\t\t\t<div class=\"elementor-widget-container\">\n\t\t\t\t\t\t\t\t\t<p style=\"margin-right: 0px; margin-bottom: 10px; margin-left: 0px; padding: 0px; border: none; outline: none; position: relative; line-height: 1.9em; color: #666666; font-size: 14px; background-color: #f7f8f8;\"><span style=\"margin: 0px; padding: 0px; border: none; outline: none; font-weight: bold;\">\u00d6ZELL\u0130KLER\u0130<\/span><\/p><ul style=\"margin-bottom: 0px; padding-bottom: 15px; border: none; outline: none; list-style: none; color: #666666; font-size: 14px; background-color: #f7f8f8;\"><li style=\"margin: 0px; padding: 0px; border: none; outline: none; list-style: outside none square;\">Elektrostatik toz boya ile kapl\u0131 p\u00fcr\u00fczs\u00fcz ak\u0131\u015f y\u00fczeyi ve EPDM kapl\u0131 s\u00fcrg\u00fc % 100 s\u0131k\u0131 s\u0131zd\u0131rmazl\u0131k sa\u011flar.<\/li><li style=\"margin: 0px; padding: 0px; border: none; outline: none; list-style: outside none square;\">G\u00f6vde ve \u00fcst kapak, sfero d\u00f6k\u00fcmden imal edilmi\u015ftir. Boru hatlar\u0131nda meydana gelen y\u00fcksek gerilme direncine dayan\u0131kl\u0131d\u0131r.<\/li><li style=\"margin: 0px; padding: 0px; border: none; outline: none; list-style: outside none square;\">S\u00fcrg\u00fc \u00fczerindeki plastik kayar k\u0131lavuzlar(pom) nedeniyle d\u00fc\u015f\u00fck \u00e7al\u0131\u015fma torku sa\u011flan\u0131r.<\/li><li style=\"margin: 0px; padding: 0px; border: none; outline: none; list-style: outside none square;\">Bak\u0131m gerektirmeyen ve korozyona dayan\u0131kl\u0131 g\u00f6vde s\u0131zd\u0131rmazl\u0131\u011f\u0131.<\/li><li style=\"margin: 0px; padding: 0px; border: none; outline: none; list-style: outside none square;\">K\u0131sa montaj boyuyla (DIN 3202 F4) az yer kaplar.<\/li><li style=\"margin: 0px; padding: 0px; border: none; outline: none; list-style: outside none square;\">DN 350 \u00fczerindeki \u00e7aplarda iste\u011fe ba\u011fl\u0131 olarak di\u015fli kutulu imal edilebilir.<\/li><li style=\"margin: 0px; padding: 0px; border: none; outline: none; list-style: outside none square;\">Yeralt\u0131 ve yer\u00fcst\u00fc uygulamalarda kullan\u0131labilir.<\/li><li style=\"margin: 0px; padding: 0px; border: none; outline: none; list-style: outside none square;\">\u00dcst kapak vidalar\u0131n\u0131 korozyondan korumak i\u00e7in \u00fczerleri mum ile kaplanm\u0131\u015ft\u0131r.<\/li><li style=\"margin: 0px; padding: 0px; border: none; outline: none; list-style: outside none square;\">Y\u00fcksek mukavemet ve d\u00fc\u015f\u00fck i\u015fletme torku i\u00e7in haddelenmi\u015f di\u015flere sahip paslanmaz \u00e7elik kumanda mili.<\/li><li style=\"margin: 0px; padding: 0px; border: none; outline: none; list-style: outside none square;\">\u0130\u00e7 ve d\u0131\u015f y\u00fczeyler minimum 250 mikron f\u00fczyon ile ba\u011flanm\u0131\u015f epoksi ile kaplanm\u0131\u015ft\u0131r. 300 mikron kal\u0131nl\u0131ktaki boya standard\u0131 uygulanabilir.<\/li><li style=\"margin: 0px; padding: 0px; border: none; outline: none; list-style: outside none square;\">Yer\u00fcst\u00fc ve yer alt\u0131 uygulamalar\u0131 ile kullan\u0131ma uygundur. Akt\u00fcat\u00f6r, di\u015fli kutusu, el \u00e7ark\u0131 ve uzatma miliyle \u00e7al\u0131\u015ft\u0131r\u0131labilir.<\/li><li style=\"margin: 0px; padding: 0px; border: none; outline: none; list-style: outside none square;\">Mil yata\u011f\u0131 ve \u015faft somunlar\u0131n\u0131n \u00fcst k\u0131sm\u0131 MS58 pirin\u00e7ten yap\u0131lm\u0131\u015ft\u0131r. Y\u00fcksek hassasiyetli i\u015fleme, d\u00fc\u015f\u00fck \u00e7al\u0131\u015fma torklar\u0131 sa\u011flar.<\/li><li style=\"margin: 0px; padding: 0px; border: none; outline: none; list-style: outside none square;\">Vana her a\u00e7\u0131ld\u0131\u011f\u0131nda hattaki ak\u0131\u015f, s\u0131zd\u0131rmazl\u0131k y\u00fczeyini temizler,kir ve tortu birikmesini \u00f6nler.<\/li><li style=\"margin: 0px; padding: 0px; border: none; outline: none; list-style: outside none square;\">WRAS i\u00e7me suyu onay sertifikas\u0131na sahiptir.<\/li><\/ul><p style=\"margin-right: 0px; margin-bottom: 10px; margin-left: 0px; padding: 0px; border: none; outline: none; position: relative; line-height: 1.9em; color: #666666; font-size: 14px; background-color: #f7f8f8;\"><span style=\"margin: 0px; padding: 0px; border: none; outline: none; font-weight: bold;\">UYGULAMA ALANLARI<\/span><\/p><ul style=\"margin-bottom: 0px; padding-bottom: 15px; border: none; outline: none; list-style: none; color: #666666; font-size: 14px; background-color: #f7f8f8;\"><li style=\"margin: 0px; padding: 0px; border: none; outline: none; list-style: outside none square;\">Boru hatlar\u0131<\/li><li style=\"margin: 0px; padding: 0px; border: none; outline: none; list-style: outside none square;\">Su ar\u0131tma tesisleri<\/li><li style=\"margin: 0px; padding: 0px; border: none; outline: none; list-style: outside none square;\">Pompa istasyonlar\u0131<\/li><li style=\"margin: 0px; padding: 0px; border: none; outline: none; list-style: outside none square;\">Tanklar<\/li><li style=\"margin: 0px; padding: 0px; border: none; outline: none; list-style: outside none square;\">Deniz suyu uygulamalar\u0131<\/li><li style=\"margin: 0px; padding: 0px; border: none; outline: none; list-style: outside none square;\">Enerji santralleri (so\u011futma suyu boru hatlar\u0131)<\/li><li style=\"margin: 0px; padding: 0px; border: none; outline: none; list-style: outside none square;\">Sanayi<\/li><\/ul>\t\t\t\t\t\t\t\t<\/div>\n\t\t\t\t<\/div>\n\t\t            <\/div>\n        <\/div>\n                    <\/div>\n        <\/section>\n        \t\t<\/div>\n\t\t","protected":false},"excerpt":{"rendered":"<p>E- KATALOG SATIN AL \u00a0 \u00a0 \u00a0 \u00dcRET\u0130M STANDARTLARI DN40\u2192\u00a0DN800PN10-16-25 Tasar\u0131m EN 1171 \/ EN1074 Ba\u011flant\u0131 EN 1092-2 ISO7005-2 Flan\u015fl\u0131 Al\u0131ndan Al\u0131na Boyutlar EN 558 Seri 14 DIN3202 F4 Testler EN 12266-1 Markalama EN 19 Boya Elektrostatik Toz Boya WRAS Belgeli \u00d6ZELL\u0130KLER\u0130 Elektrostatik toz boya ile kapl\u0131 p\u00fcr\u00fczs\u00fcz ak\u0131\u015f y\u00fczeyi ve EPDM kapl\u0131 s\u00fcrg\u00fc % [&hellip;]<\/p>\n","protected":false},"author":2,"featured_media":0,"parent":8227,"menu_order":0,"comment_status":"closed","ping_status":"closed","template":"","meta":{"_joinchat":[],"footnotes":""},"class_list":["post-8382","page","type-page","status-publish","hentry"],"_links":{"self":[{"href":"https:\/\/www.serdaroglu.com.tr\/index.php\/wp-json\/wp\/v2\/pages\/8382","targetHints":{"allow":["GET"]}}],"collection":[{"href":"https:\/\/www.serdaroglu.com.tr\/index.php\/wp-json\/wp\/v2\/pages"}],"about":[{"href":"https:\/\/www.serdaroglu.com.tr\/index.php\/wp-json\/wp\/v2\/types\/page"}],"author":[{"embeddable":true,"href":"https:\/\/www.serdaroglu.com.tr\/index.php\/wp-json\/wp\/v2\/users\/2"}],"replies":[{"embeddable":true,"href":"https:\/\/www.serdaroglu.com.tr\/index.php\/wp-json\/wp\/v2\/comments?post=8382"}],"version-history":[{"count":4,"href":"https:\/\/www.serdaroglu.com.tr\/index.php\/wp-json\/wp\/v2\/pages\/8382\/revisions"}],"predecessor-version":[{"id":8388,"href":"https:\/\/www.serdaroglu.com.tr\/index.php\/wp-json\/wp\/v2\/pages\/8382\/revisions\/8388"}],"up":[{"embeddable":true,"href":"https:\/\/www.serdaroglu.com.tr\/index.php\/wp-json\/wp\/v2\/pages\/8227"}],"wp:attachment":[{"href":"https:\/\/www.serdaroglu.com.tr\/index.php\/wp-json\/wp\/v2\/media?parent=8382"}],"curies":[{"name":"wp","href":"https:\/\/api.w.org\/{rel}","templated":true}]}}