{"id":8396,"date":"2022-12-05T14:57:44","date_gmt":"2022-12-05T14:57:44","guid":{"rendered":"https:\/\/alfayazilim.com.tr\/serdaroglu\/?page_id=8396"},"modified":"2022-12-05T15:00:56","modified_gmt":"2022-12-05T15:00:56","slug":"6500-bicakli-surgulu-vana","status":"publish","type":"page","link":"https:\/\/www.serdaroglu.com.tr\/index.php\/urunler\/tesisat-malzemeleri\/faf\/surgulu-vanalar\/6500-bicakli-surgulu-vana\/","title":{"rendered":"6500 BI\u00c7AKLI S\u00dcRG\u00dcL\u00dc VANA"},"content":{"rendered":"\t\t<div data-elementor-type=\"wp-page\" data-elementor-id=\"8396\" class=\"elementor elementor-8396\">\n\t\t\t\t        <section class=\"elementor-section elementor-top-section elementor-element elementor-element-24397b6 elementor-section-boxed elementor-section-height-default elementor-section-height-default qodef-elementor-content-no ct-header-fixed-none ct-column-none ct-row-scroll-none ct-row-gradient--none\" data-id=\"24397b6\" data-element_type=\"section\">\n            \n                        <div class=\"elementor-container elementor-column-gap-default \">\n                    <div class=\"elementor-column elementor-col-50 elementor-top-column elementor-element elementor-element-3c89693 ct-column-none col-offset-none col-color-offset-none\" data-id=\"3c89693\" data-element_type=\"column\">\n        <div class=\"elementor-widget-wrap elementor-element-populated\">\n                    \n        \t\t<div class=\"elementor-element elementor-element-90d9152 elementor-widget elementor-widget-image\" data-id=\"90d9152\" data-element_type=\"widget\" data-widget_type=\"image.default\">\n\t\t\t\t<div class=\"elementor-widget-container\">\n\t\t\t\t\t\t\t\t\t\t\t\t\t\t\t<img fetchpriority=\"high\" decoding=\"async\" width=\"300\" height=\"300\" src=\"https:\/\/www.serdaroglu.com.tr\/wp-content\/uploads\/2022\/12\/faf6500bicaklisurguluvana.png\" class=\"attachment-large size-large wp-image-8398\" alt=\"\" srcset=\"https:\/\/www.serdaroglu.com.tr\/wp-content\/uploads\/2022\/12\/faf6500bicaklisurguluvana.png 300w, https:\/\/www.serdaroglu.com.tr\/wp-content\/uploads\/2022\/12\/faf6500bicaklisurguluvana-150x150.png 150w, https:\/\/www.serdaroglu.com.tr\/wp-content\/uploads\/2022\/12\/faf6500bicaklisurguluvana-90x90.png 90w, https:\/\/www.serdaroglu.com.tr\/wp-content\/uploads\/2022\/12\/faf6500bicaklisurguluvana-96x96.png 96w\" sizes=\"(max-width: 300px) 100vw, 300px\" \/>\t\t\t\t\t\t\t\t\t\t\t\t\t\t\t<\/div>\n\t\t\t\t<\/div>\n\t\t\t\t<div class=\"elementor-element elementor-element-d8b1b22 elementor-widget elementor-widget-ct_button\" data-id=\"d8b1b22\" data-element_type=\"widget\" data-widget_type=\"ct_button.default\">\n\t\t\t\t<div class=\"elementor-widget-container\">\n\t\t\t\t\t<div id=\"ct_button-d8b1b22\" class=\"ct-button-wrapper ct-button-layout1\">\r\n    <div class=\"ct-inline-css\"  data-css=\"\r\n        \">\r\n    <\/div>\r\n\r\n            <span class=\"ct-icon-active\"><\/span>\r\n        <a href=\"https:\/\/alfayazilim.com.tr\/serdaroglu\/wp-content\/uploads\/2022\/12\/faf6500-bicakli-surgulu-vana.pdf\" class=\"btn btn-circle-text btn-ctext  icon-ps- \" data-wow-delay=\"ms\">\r\n                            <span class=\"ct-button-icon ct-icon-normal ct-align-icon-\">\r\n                            <\/span>\r\n                <span class=\"ct-button-text\">\r\n            E- KATALOG        <\/span>\r\n    <\/a>\r\n<\/div>\t\t\t\t<\/div>\n\t\t\t\t<\/div>\n\t\t\t\t<div class=\"elementor-element elementor-element-46ce50b elementor-widget elementor-widget-ct_button\" data-id=\"46ce50b\" data-element_type=\"widget\" data-widget_type=\"ct_button.default\">\n\t\t\t\t<div class=\"elementor-widget-container\">\n\t\t\t\t\t<div id=\"ct_button-46ce50b\" class=\"ct-button-wrapper ct-button-layout1\">\r\n    <div class=\"ct-inline-css\"  data-css=\"\r\n        \">\r\n    <\/div>\r\n\r\n            <span class=\"ct-icon-active\"><\/span>\r\n        <a href=\"https:\/\/alfayazilim.com.tr\/serdaroglu\/index.php\/iletisim\/\" class=\"btn btn-circle-text btn-ctext  icon-ps- \" data-wow-delay=\"ms\">\r\n                            <span class=\"ct-button-icon ct-icon-normal ct-align-icon-\">\r\n                            <\/span>\r\n                <span class=\"ct-button-text\">\r\n            TALEP ET        <\/span>\r\n    <\/a>\r\n<\/div>\t\t\t\t<\/div>\n\t\t\t\t<\/div>\n\t\t            <\/div>\n        <\/div>\n                <div class=\"elementor-column elementor-col-50 elementor-top-column elementor-element elementor-element-8b23aa2 ct-column-none col-offset-none col-color-offset-none\" data-id=\"8b23aa2\" data-element_type=\"column\">\n        <div class=\"elementor-widget-wrap elementor-element-populated\">\n                    \n        \t\t<div class=\"elementor-element elementor-element-4a0fa72 elementor-widget elementor-widget-text-editor\" data-id=\"4a0fa72\" data-element_type=\"widget\" data-widget_type=\"text-editor.default\">\n\t\t\t\t<div class=\"elementor-widget-container\">\n\t\t\t\t\t\t\t\t\t<p>\u00a0<\/p><table style=\"margin-bottom: 20px; padding: 0px; border: none; outline: none; background-color: #f7f8f8; color: #666666; font-size: 14px;\" width=\"416\"><tbody style=\"margin: 0px; padding: 0px; border: none; outline: none;\"><tr style=\"margin: 0px; padding: 0px; border: none; outline: none;\"><td style=\"margin: 0px; padding: 8px; border-bottom: 1px solid #dddddd; border-left: 1px solid #dddddd; border-top-color: #dddddd; border-right-color: #dddddd; border-image: initial; outline: none; line-height: 1.42857; vertical-align: top; color: #004e95; background-color: #e1f4fd;\" colspan=\"2\"><span style=\"margin: 0px; padding: 0px; border: none; outline: none; font-weight: bold;\">\u00dcRET\u0130M STANDARTLARI<\/span><\/td><\/tr><tr style=\"margin: 0px; padding: 0px; border: none; outline: none; background-color: #ededee;\"><td style=\"margin: 0px; padding: 8px; border-bottom: 1px solid #dddddd; border-left: 1px solid #dddddd; border-top-color: #dddddd; border-right-color: #dddddd; border-image: initial; outline: none; line-height: 1.42857; vertical-align: top;\" colspan=\"2\"><span style=\"margin: 0px; padding: 0px; border: none; outline: none; font-weight: bold;\">DN50 \u2192 DN600<\/span><br style=\"margin: 0px; padding: 0px; border: none; outline: none;\" \/><span style=\"margin: 0px; padding: 0px; border: none; outline: none; font-weight: bold;\">PN 10<\/span><\/td><\/tr><tr style=\"margin: 0px; padding: 0px; border: none; outline: none;\"><td style=\"margin: 0px; padding: 8px; border-top-color: #dddddd; border-right-color: #dddddd; border-left: 1px solid #dddddd; border-image: initial; outline: none; line-height: 1.42857; vertical-align: top; border-bottom: 1px solid #000000 !important;\">Ba\u011flant\u0131<\/td><td style=\"margin: 0px; padding: 8px; border-top-color: #dddddd; border-right-color: #dddddd; border-left: 1px solid #dddddd; border-image: initial; outline: none; line-height: 1.42857; vertical-align: top; border-bottom: 1px solid #000000 !important;\">\u00a0TS EN 1092-2 \/ ISO 7005-2 -PN10<\/td><\/tr><tr style=\"margin: 0px; padding: 0px; border: none; outline: none;\"><td style=\"margin: 0px; padding: 8px; border-top-color: #dddddd; border-right-color: #dddddd; border-left: 1px solid #dddddd; border-image: initial; outline: none; line-height: 1.42857; vertical-align: top; border-bottom: 1px solid #000000 !important;\">Al\u0131ndan Al\u0131na Boyutlar<\/td><td style=\"margin: 0px; padding: 8px; border-top-color: #dddddd; border-right-color: #dddddd; border-left: 1px solid #dddddd; border-image: initial; outline: none; line-height: 1.42857; vertical-align: top; border-bottom: 1px solid #000000 !important;\">EN 558 Seri 20<\/td><\/tr><tr style=\"margin: 0px; padding: 0px; border: none; outline: none;\"><td style=\"margin: 0px; padding: 8px; border-top-color: #dddddd; border-right-color: #dddddd; border-left: 1px solid #dddddd; border-image: initial; outline: none; line-height: 1.42857; vertical-align: top; border-bottom: 1px solid #000000 !important;\">Testler<\/td><td style=\"margin: 0px; padding: 8px; border-top-color: #dddddd; border-right-color: #dddddd; border-left: 1px solid #dddddd; border-image: initial; outline: none; line-height: 1.42857; vertical-align: top; border-bottom: 1px solid #000000 !important;\">TS EN 12266-1<\/td><\/tr><tr style=\"margin: 0px; padding: 0px; border: none; outline: none;\"><td style=\"margin: 0px; padding: 8px; border-top-color: #dddddd; border-right-color: #dddddd; border-left: 1px solid #dddddd; border-image: initial; outline: none; line-height: 1.42857; vertical-align: top; border-bottom: 1px solid #000000 !important;\">Markalama<\/td><td style=\"margin: 0px; padding: 8px; border-top-color: #dddddd; border-right-color: #dddddd; border-left: 1px solid #dddddd; border-image: initial; outline: none; line-height: 1.42857; vertical-align: top; border-bottom: 1px solid #000000 !important;\">TS EN 19<\/td><\/tr><tr style=\"margin: 0px; padding: 0px; border: none; outline: none;\"><td style=\"margin: 0px; padding: 8px; border-top-color: #dddddd; border-right-color: #dddddd; border-left: 1px solid #dddddd; border-image: initial; outline: none; line-height: 1.42857; vertical-align: top; border-bottom: 1px solid #000000 !important;\">Boya<\/td><td style=\"margin: 0px; padding: 8px; border-top-color: #dddddd; border-right-color: #dddddd; border-left: 1px solid #dddddd; border-image: initial; outline: none; line-height: 1.42857; vertical-align: top; border-bottom: 1px solid #000000 !important;\">Electrostatik Toz Boya<\/td><\/tr><\/tbody><\/table>\t\t\t\t\t\t\t\t<\/div>\n\t\t\t\t<\/div>\n\t\t            <\/div>\n        <\/div>\n                    <\/div>\n        <\/section>\n                <section class=\"elementor-section elementor-top-section elementor-element elementor-element-cbbd65c elementor-section-boxed elementor-section-height-default elementor-section-height-default qodef-elementor-content-no ct-header-fixed-none ct-column-none ct-row-scroll-none ct-row-gradient--none\" data-id=\"cbbd65c\" data-element_type=\"section\">\n            \n                        <div class=\"elementor-container elementor-column-gap-default \">\n                    <div class=\"elementor-column elementor-col-100 elementor-top-column elementor-element elementor-element-08414f4 ct-column-none col-offset-none col-color-offset-none\" data-id=\"08414f4\" data-element_type=\"column\">\n        <div class=\"elementor-widget-wrap elementor-element-populated\">\n                    \n        \t\t<div class=\"elementor-element elementor-element-e246aca elementor-widget elementor-widget-text-editor\" data-id=\"e246aca\" data-element_type=\"widget\" data-widget_type=\"text-editor.default\">\n\t\t\t\t<div class=\"elementor-widget-container\">\n\t\t\t\t\t\t\t\t\t<p style=\"margin-right: 0px; margin-bottom: 10px; margin-left: 0px; padding: 0px; border: none; outline: none; position: relative; line-height: 1.9em; color: #666666; font-size: 14px; background-color: #f7f8f8;\"><span style=\"margin: 0px; padding: 0px; border: none; outline: none; font-weight: bold;\">\u00d6ZELL\u0130KLER\u0130<\/span><\/p><ul style=\"margin-bottom: 0px; padding-bottom: 15px; border: none; outline: none; list-style: none; color: #666666; font-size: 14px; background-color: #f7f8f8;\"><li style=\"margin: 0px; padding: 0px; border: none; outline: none; list-style: outside none square;\">FAF6500 PN10\/16 B\u0131\u00e7akl\u0131 S\u00fcrg\u00fcl\u00fc Vana, b\u0131\u00e7ak a\u011f\u0131zl\u0131 s\u00fcrg\u00fcn\u00fcn, ak\u0131\u015fa dik olarak, sonsuz di\u015fli \u015feklinde i\u015flenmi\u015f kumanda milinin \u00e7ok turlu \u00e7evrilerek hareket ettirilmesiyle \u00e7al\u0131\u015f\u0131r.<\/li><li style=\"margin: 0px; padding: 0px; border: none; outline: none; list-style: outside none square;\">B\u0131\u00e7ak a\u011f\u0131zl\u0131 s\u00fcrg\u00fc, ak\u0131\u015f kesitini kapat\u0131r ve EPDM kau\u00e7uk contalar vas\u0131tas\u0131yla %100 s\u0131zd\u0131rmazl\u0131k sa\u011flar.<\/li><li style=\"margin: 0px; padding: 0px; border: none; outline: none; list-style: outside none square;\">Tek y\u00f6nl\u00fc veya \u00e7ift y\u00f6nl\u00fc olarak \u00fcretilebilir.<\/li><li style=\"margin: 0px; padding: 0px; border: none; outline: none; list-style: outside none square;\">Wafer veya lug montaja uygun olarak \u00fcretilebilir.<\/li><li style=\"margin: 0px; padding: 0px; border: none; outline: none; list-style: outside none square;\">B\u0131\u00e7ak a\u011f\u0131zl\u0131 s\u00fcrg\u00fcn\u00fcn lifli ak\u0131\u015fkanlar\u0131\u00a0kesebilmesi, at\u0131k su ve ka\u011f\u0131t end\u00fcstrisinde kullan\u0131labilmesini sa\u011flar.<\/li><li style=\"margin: 0px; padding: 0px; border: none; outline: none; list-style: outside none square;\">S\u0131zd\u0131rmazl\u0131k contas\u0131 hat \u00fczerinde de\u011fi\u015ftirilerek bak\u0131m yap\u0131labilir.<\/li><li style=\"margin: 0px; padding: 0px; border: none; outline: none; list-style: outside none square;\">G\u00f6vde pik veya sfero d\u00f6k\u00fcm olarak \u00fcretilebilir.<\/li><li style=\"margin: 0px; padding: 0px; border: none; outline: none; list-style: outside none square;\">Klape paslanmaz \u00e7elik \u00e7e\u015fitleri (304-304L-316-316L) olarak \u00fcretilebilir.<\/li><li style=\"margin: 0px; padding: 0px; border: none; outline: none; list-style: outside none square;\">Aktuator (Pn\u00f6matik piston\/ \u00c7ok turlu elektrik aktuator) ba\u011flanarak otomatik kontrol sa\u011flanabilir.<\/li><\/ul><p style=\"margin-right: 0px; margin-bottom: 10px; margin-left: 0px; padding: 0px; border: none; outline: none; position: relative; line-height: 1.9em; color: #666666; font-size: 14px; background-color: #f7f8f8;\"><span style=\"margin: 0px; padding: 0px; border: none; outline: none; font-weight: bold;\">UYGULAMA ALANLARI<\/span><\/p><p style=\"margin-right: 0px; margin-bottom: 10px; margin-left: 0px; padding: 0px; border: none; outline: none; position: relative; line-height: 1.9em; color: #666666; font-size: 14px; background-color: #f7f8f8;\">Lifli ak\u0131\u015fkanlar, At\u0131k Su, S\u0131cak Su, So\u011fuk Su, Asit ve alkalin niteli\u011fi olmayan ak\u0131\u015fkanlar<\/p><p style=\"margin-right: 0px; margin-bottom: 10px; margin-left: 0px; padding: 0px; border: none; outline: none; position: relative; line-height: 1.9em; color: #666666; font-size: 14px; background-color: #f7f8f8;\"><span style=\"margin: 0px; padding: 0px; border: none; outline: none; font-weight: bold;\">SICAKLIK<\/span><\/p><p style=\"margin-right: 0px; margin-bottom: 10px; margin-left: 0px; padding: 0px; border: none; outline: none; position: relative; line-height: 1.9em; color: #666666; font-size: 14px; background-color: #f7f8f8;\">+50 \u00b0C (NBR)<\/p>\t\t\t\t\t\t\t\t<\/div>\n\t\t\t\t<\/div>\n\t\t            <\/div>\n        <\/div>\n                    <\/div>\n        <\/section>\n        \t\t<\/div>\n\t\t","protected":false},"excerpt":{"rendered":"<p>E- KATALOG TALEP ET \u00a0 \u00dcRET\u0130M STANDARTLARI DN50 \u2192 DN600PN 10 Ba\u011flant\u0131 \u00a0TS EN 1092-2 \/ ISO 7005-2 -PN10 Al\u0131ndan Al\u0131na Boyutlar EN 558 Seri 20 Testler TS EN 12266-1 Markalama TS EN 19 Boya Electrostatik Toz Boya \u00d6ZELL\u0130KLER\u0130 FAF6500 PN10\/16 B\u0131\u00e7akl\u0131 S\u00fcrg\u00fcl\u00fc Vana, b\u0131\u00e7ak a\u011f\u0131zl\u0131 s\u00fcrg\u00fcn\u00fcn, ak\u0131\u015fa dik olarak, sonsuz di\u015fli \u015feklinde i\u015flenmi\u015f kumanda [&hellip;]<\/p>\n","protected":false},"author":2,"featured_media":0,"parent":8227,"menu_order":0,"comment_status":"closed","ping_status":"closed","template":"","meta":{"_joinchat":[],"footnotes":""},"class_list":["post-8396","page","type-page","status-publish","hentry"],"_links":{"self":[{"href":"https:\/\/www.serdaroglu.com.tr\/index.php\/wp-json\/wp\/v2\/pages\/8396","targetHints":{"allow":["GET"]}}],"collection":[{"href":"https:\/\/www.serdaroglu.com.tr\/index.php\/wp-json\/wp\/v2\/pages"}],"about":[{"href":"https:\/\/www.serdaroglu.com.tr\/index.php\/wp-json\/wp\/v2\/types\/page"}],"author":[{"embeddable":true,"href":"https:\/\/www.serdaroglu.com.tr\/index.php\/wp-json\/wp\/v2\/users\/2"}],"replies":[{"embeddable":true,"href":"https:\/\/www.serdaroglu.com.tr\/index.php\/wp-json\/wp\/v2\/comments?post=8396"}],"version-history":[{"count":4,"href":"https:\/\/www.serdaroglu.com.tr\/index.php\/wp-json\/wp\/v2\/pages\/8396\/revisions"}],"predecessor-version":[{"id":8402,"href":"https:\/\/www.serdaroglu.com.tr\/index.php\/wp-json\/wp\/v2\/pages\/8396\/revisions\/8402"}],"up":[{"embeddable":true,"href":"https:\/\/www.serdaroglu.com.tr\/index.php\/wp-json\/wp\/v2\/pages\/8227"}],"wp:attachment":[{"href":"https:\/\/www.serdaroglu.com.tr\/index.php\/wp-json\/wp\/v2\/media?parent=8396"}],"curies":[{"name":"wp","href":"https:\/\/api.w.org\/{rel}","templated":true}]}}