{"id":8424,"date":"2022-12-06T06:17:22","date_gmt":"2022-12-06T06:17:22","guid":{"rendered":"https:\/\/alfayazilim.com.tr\/serdaroglu\/?page_id=8424"},"modified":"2022-12-06T06:23:21","modified_gmt":"2022-12-06T06:23:21","slug":"2370-cekvalf-disko","status":"publish","type":"page","link":"https:\/\/www.serdaroglu.com.tr\/index.php\/urunler\/tesisat-malzemeleri\/faf\/cekvalfler\/2370-cekvalf-disko\/","title":{"rendered":"2370 \u00c7ekvalf Disko"},"content":{"rendered":"\t\t<div data-elementor-type=\"wp-page\" data-elementor-id=\"8424\" class=\"elementor elementor-8424\">\n\t\t\t\t        <section class=\"elementor-section elementor-top-section elementor-element elementor-element-8badf02 elementor-section-boxed elementor-section-height-default elementor-section-height-default qodef-elementor-content-no ct-header-fixed-none ct-column-none ct-row-scroll-none ct-row-gradient--none\" data-id=\"8badf02\" data-element_type=\"section\">\n            \n                        <div class=\"elementor-container elementor-column-gap-default \">\n                    <div class=\"elementor-column elementor-col-50 elementor-top-column elementor-element elementor-element-105de76 ct-column-none col-offset-none col-color-offset-none\" data-id=\"105de76\" data-element_type=\"column\">\n        <div class=\"elementor-widget-wrap elementor-element-populated\">\n                    \n        \t\t<div class=\"elementor-element elementor-element-6f8c4ff elementor-widget elementor-widget-image\" data-id=\"6f8c4ff\" data-element_type=\"widget\" data-widget_type=\"image.default\">\n\t\t\t\t<div class=\"elementor-widget-container\">\n\t\t\t\t\t\t\t\t\t\t\t\t\t\t\t<img fetchpriority=\"high\" decoding=\"async\" width=\"500\" height=\"500\" src=\"https:\/\/www.serdaroglu.com.tr\/wp-content\/uploads\/2022\/12\/2370-cekvalf-disko.png\" class=\"attachment-large size-large wp-image-8426\" alt=\"\" srcset=\"https:\/\/www.serdaroglu.com.tr\/wp-content\/uploads\/2022\/12\/2370-cekvalf-disko.png 500w, https:\/\/www.serdaroglu.com.tr\/wp-content\/uploads\/2022\/12\/2370-cekvalf-disko-300x300.png 300w, https:\/\/www.serdaroglu.com.tr\/wp-content\/uploads\/2022\/12\/2370-cekvalf-disko-150x150.png 150w, https:\/\/www.serdaroglu.com.tr\/wp-content\/uploads\/2022\/12\/2370-cekvalf-disko-90x90.png 90w, https:\/\/www.serdaroglu.com.tr\/wp-content\/uploads\/2022\/12\/2370-cekvalf-disko-96x96.png 96w, https:\/\/www.serdaroglu.com.tr\/wp-content\/uploads\/2022\/12\/2370-cekvalf-disko-460x460.png 460w\" sizes=\"(max-width: 500px) 100vw, 500px\" \/>\t\t\t\t\t\t\t\t\t\t\t\t\t\t\t<\/div>\n\t\t\t\t<\/div>\n\t\t\t\t<div class=\"elementor-element elementor-element-2b575da elementor-widget elementor-widget-ct_button\" data-id=\"2b575da\" data-element_type=\"widget\" data-widget_type=\"ct_button.default\">\n\t\t\t\t<div class=\"elementor-widget-container\">\n\t\t\t\t\t<div id=\"ct_button-2b575da\" class=\"ct-button-wrapper ct-button-layout1\">\r\n    <div class=\"ct-inline-css\"  data-css=\"\r\n        \">\r\n    <\/div>\r\n\r\n            <span class=\"ct-icon-active\"><\/span>\r\n        <a href=\"https:\/\/alfayazilim.com.tr\/serdaroglu\/wp-content\/uploads\/2022\/12\/faf2370-di\u0307sko-cekvalf.pdf\" class=\"btn btn-circle-text btn-ctext  icon-ps- \" data-wow-delay=\"ms\">\r\n                            <span class=\"ct-button-icon ct-icon-normal ct-align-icon-\">\r\n                            <\/span>\r\n                <span class=\"ct-button-text\">\r\n            E- KATALOG        <\/span>\r\n    <\/a>\r\n<\/div>\t\t\t\t<\/div>\n\t\t\t\t<\/div>\n\t\t\t\t<div class=\"elementor-element elementor-element-5a3f210 elementor-widget elementor-widget-ct_button\" data-id=\"5a3f210\" data-element_type=\"widget\" data-widget_type=\"ct_button.default\">\n\t\t\t\t<div class=\"elementor-widget-container\">\n\t\t\t\t\t<div id=\"ct_button-5a3f210\" class=\"ct-button-wrapper ct-button-layout1\">\r\n    <div class=\"ct-inline-css\"  data-css=\"\r\n        \">\r\n    <\/div>\r\n\r\n            <span class=\"ct-icon-active\"><\/span>\r\n        <a href=\"https:\/\/www.mekaniksepeti.com\/urun\/faf-2371-disco-sfero-cekvalf\" class=\"btn btn-circle-text btn-ctext  icon-ps- \" data-wow-delay=\"ms\">\r\n                            <span class=\"ct-button-icon ct-icon-normal ct-align-icon-\">\r\n                            <\/span>\r\n                <span class=\"ct-button-text\">\r\n            SATIN AL        <\/span>\r\n    <\/a>\r\n<\/div>\t\t\t\t<\/div>\n\t\t\t\t<\/div>\n\t\t            <\/div>\n        <\/div>\n                <div class=\"elementor-column elementor-col-50 elementor-top-column elementor-element elementor-element-feedf25 ct-column-none col-offset-none col-color-offset-none\" data-id=\"feedf25\" data-element_type=\"column\">\n        <div class=\"elementor-widget-wrap elementor-element-populated\">\n                    \n        \t\t<div class=\"elementor-element elementor-element-a36fbb4 elementor-widget elementor-widget-text-editor\" data-id=\"a36fbb4\" data-element_type=\"widget\" data-widget_type=\"text-editor.default\">\n\t\t\t\t<div class=\"elementor-widget-container\">\n\t\t\t\t\t\t\t\t\t<table width=\"416\"><tbody><tr><td colspan=\"2\"><p>\u00a0<\/p><p><strong>\u00dcRET\u0130M STANDARTLARI<\/strong><\/p><\/td><\/tr><tr><td colspan=\"2\"><strong>DN15\u2192 DN100<\/strong><br \/><strong>PN 16<\/strong><\/td><\/tr><tr><td>Ba\u011flant\u0131<\/td><td>Disko Tip EN 1092-1 \/ ISO 7005-1<\/td><\/tr><tr><td>Al\u0131ndan Al\u0131na Boyutlar<\/td><td>EN 558 Seri 49<\/td><\/tr><tr><td>Testler<\/td><td>EN 12266-1<\/td><\/tr><tr><td>Markalama<\/td><td>EN 19<\/td><\/tr><\/tbody><\/table>\t\t\t\t\t\t\t\t<\/div>\n\t\t\t\t<\/div>\n\t\t            <\/div>\n        <\/div>\n                    <\/div>\n        <\/section>\n                <section class=\"elementor-section elementor-top-section elementor-element elementor-element-0f7cf12 elementor-section-boxed elementor-section-height-default elementor-section-height-default qodef-elementor-content-no ct-header-fixed-none ct-column-none ct-row-scroll-none ct-row-gradient--none\" data-id=\"0f7cf12\" data-element_type=\"section\">\n            \n                        <div class=\"elementor-container elementor-column-gap-default \">\n                    <div class=\"elementor-column elementor-col-100 elementor-top-column elementor-element elementor-element-7bfd6ba ct-column-none col-offset-none col-color-offset-none\" data-id=\"7bfd6ba\" data-element_type=\"column\">\n        <div class=\"elementor-widget-wrap elementor-element-populated\">\n                    \n        \t\t<div class=\"elementor-element elementor-element-ea6946f elementor-widget elementor-widget-text-editor\" data-id=\"ea6946f\" data-element_type=\"widget\" data-widget_type=\"text-editor.default\">\n\t\t\t\t<div class=\"elementor-widget-container\">\n\t\t\t\t\t\t\t\t\t<p><strong>\u00d6ZELL\u0130KLER\u0130<\/strong><\/p><ul><li>Sistemde ak\u0131\u015f ba\u015flad\u0131\u011f\u0131nda disk geri \u00e7ekilir ve klapenin kenarlar\u0131ndan ak\u0131\u015fkan ge\u00e7i\u015fini sa\u011flar.<\/li><li>Yatay ve dikey konumlarda kullan\u0131labilir.<\/li><li>K\u0131sa montaj boyu ve g\u00f6vdede bulunan merkezleme halkas\u0131 ile kolayca monte edilebilir.<\/li><li>G\u00f6vde yay bask\u0131 segman\u0131 ile disk, ak\u0131\u015f b\u00f6l\u00fcm\u00fc i\u00e7ine yerle\u015ftirilmi\u015ftir.<\/li><li>Sistemin \u00fczerindeki ak\u0131\u015f y\u00f6n\u00fcnde hareket ba\u015flang\u0131c\u0131 ile disk, yay direncini yener ve ak\u0131\u015f ge\u00e7i\u015fine izin verir.<\/li><li>Boru hatt\u0131ndaki minimum bas\u0131n\u00e7 kayb\u0131n\u0131 korumak i\u00e7in dizayn edilmi\u015ftir.<\/li><li>D\u00fc\u015fey montajda a\u00e7ma bas\u0131nc\u0131 daha d\u00fc\u015f\u00fckt\u00fcr.<\/li><li>Metal s\u0131zd\u0131rmazl\u0131k sit y\u00fczeyi(MS58) \u00fczerine paslanmaz klapenin oturmas\u0131 ile s\u0131zd\u0131rmazl\u0131k sa\u011flan\u0131r.<\/li><li>Paslanmaz \u00e7elik yay ile \u00fcretilmi\u015ftir.<\/li><li>Pirin\u00e7 g\u00f6vde, paslanmaz \u00e7elik disk ve yayl\u0131d\u0131r.<\/li><li>Bak\u0131m gerektirmez.<\/li><li>K\u00fc\u00e7\u00fck s\u0131z\u0131nt\u0131y\u0131 \u00f6nlemek i\u00e7in etkilidir.<\/li><li>\u00a0<\/li><\/ul><p><strong>UYGULAMA ALANLARI<\/strong><\/p><ul><li>Buhar<\/li><li>S\u0131cak ve so\u011fuk su<\/li><li>G\u00fc\u00e7 ve \u0131s\u0131 m\u00fchendisli\u011fi<\/li><li>Bas\u0131n\u00e7l\u0131 Hava<\/li><li>End\u00fcstriyel teknolojiler<\/li><li>Asit veya alkalin \u00f6zellikleri olmayan ak\u0131\u015fkanlar<\/li><\/ul><p><strong>SICAKLIK<\/strong><\/p><p>+200 \u00b0C<\/p>\t\t\t\t\t\t\t\t<\/div>\n\t\t\t\t<\/div>\n\t\t            <\/div>\n        <\/div>\n                    <\/div>\n        <\/section>\n        \t\t<\/div>\n\t\t","protected":false},"excerpt":{"rendered":"<p>E- KATALOG SATIN AL \u00a0 \u00dcRET\u0130M STANDARTLARI DN15\u2192 DN100PN 16 Ba\u011flant\u0131 Disko Tip EN 1092-1 \/ ISO 7005-1 Al\u0131ndan Al\u0131na Boyutlar EN 558 Seri 49 Testler EN 12266-1 Markalama EN 19 \u00d6ZELL\u0130KLER\u0130 Sistemde ak\u0131\u015f ba\u015flad\u0131\u011f\u0131nda disk geri \u00e7ekilir ve klapenin kenarlar\u0131ndan ak\u0131\u015fkan ge\u00e7i\u015fini sa\u011flar. Yatay ve dikey konumlarda kullan\u0131labilir. K\u0131sa montaj boyu ve g\u00f6vdede bulunan [&hellip;]<\/p>\n","protected":false},"author":2,"featured_media":0,"parent":8229,"menu_order":0,"comment_status":"closed","ping_status":"closed","template":"","meta":{"_joinchat":[],"footnotes":""},"class_list":["post-8424","page","type-page","status-publish","hentry"],"_links":{"self":[{"href":"https:\/\/www.serdaroglu.com.tr\/index.php\/wp-json\/wp\/v2\/pages\/8424","targetHints":{"allow":["GET"]}}],"collection":[{"href":"https:\/\/www.serdaroglu.com.tr\/index.php\/wp-json\/wp\/v2\/pages"}],"about":[{"href":"https:\/\/www.serdaroglu.com.tr\/index.php\/wp-json\/wp\/v2\/types\/page"}],"author":[{"embeddable":true,"href":"https:\/\/www.serdaroglu.com.tr\/index.php\/wp-json\/wp\/v2\/users\/2"}],"replies":[{"embeddable":true,"href":"https:\/\/www.serdaroglu.com.tr\/index.php\/wp-json\/wp\/v2\/comments?post=8424"}],"version-history":[{"count":4,"href":"https:\/\/www.serdaroglu.com.tr\/index.php\/wp-json\/wp\/v2\/pages\/8424\/revisions"}],"predecessor-version":[{"id":8430,"href":"https:\/\/www.serdaroglu.com.tr\/index.php\/wp-json\/wp\/v2\/pages\/8424\/revisions\/8430"}],"up":[{"embeddable":true,"href":"https:\/\/www.serdaroglu.com.tr\/index.php\/wp-json\/wp\/v2\/pages\/8229"}],"wp:attachment":[{"href":"https:\/\/www.serdaroglu.com.tr\/index.php\/wp-json\/wp\/v2\/media?parent=8424"}],"curies":[{"name":"wp","href":"https:\/\/api.w.org\/{rel}","templated":true}]}}