{"id":8528,"date":"2022-12-06T08:12:21","date_gmt":"2022-12-06T08:12:21","guid":{"rendered":"https:\/\/alfayazilim.com.tr\/serdaroglu\/?page_id=8528"},"modified":"2022-12-06T08:30:15","modified_gmt":"2022-12-06T08:30:15","slug":"5000-kaucuk-kompansator","status":"publish","type":"page","link":"https:\/\/www.serdaroglu.com.tr\/index.php\/urunler\/tesisat-malzemeleri\/faf\/kompansatorler\/5000-kaucuk-kompansator\/","title":{"rendered":"5000 Kau\u00e7uk Kompansat\u00f6r"},"content":{"rendered":"\t\t<div data-elementor-type=\"wp-page\" data-elementor-id=\"8528\" class=\"elementor elementor-8528\">\n\t\t\t\t        <section class=\"elementor-section elementor-top-section elementor-element elementor-element-9860387 elementor-section-boxed elementor-section-height-default elementor-section-height-default qodef-elementor-content-no ct-header-fixed-none ct-column-none ct-row-scroll-none ct-row-gradient--none\" data-id=\"9860387\" data-element_type=\"section\">\n            \n                        <div class=\"elementor-container elementor-column-gap-default \">\n                    <div class=\"elementor-column elementor-col-50 elementor-top-column elementor-element elementor-element-4674fad ct-column-none col-offset-none col-color-offset-none\" data-id=\"4674fad\" data-element_type=\"column\">\n        <div class=\"elementor-widget-wrap elementor-element-populated\">\n                    \n        \t\t<div class=\"elementor-element elementor-element-5d383b1 elementor-widget elementor-widget-image\" data-id=\"5d383b1\" data-element_type=\"widget\" data-widget_type=\"image.default\">\n\t\t\t\t<div class=\"elementor-widget-container\">\n\t\t\t\t\t\t\t\t\t\t\t\t\t\t\t<img fetchpriority=\"high\" decoding=\"async\" width=\"500\" height=\"500\" src=\"https:\/\/www.serdaroglu.com.tr\/wp-content\/uploads\/2022\/12\/5050-kaucuk-kompansator-1.png\" class=\"attachment-large size-large wp-image-8531\" alt=\"\" srcset=\"https:\/\/www.serdaroglu.com.tr\/wp-content\/uploads\/2022\/12\/5050-kaucuk-kompansator-1.png 500w, https:\/\/www.serdaroglu.com.tr\/wp-content\/uploads\/2022\/12\/5050-kaucuk-kompansator-1-300x300.png 300w, https:\/\/www.serdaroglu.com.tr\/wp-content\/uploads\/2022\/12\/5050-kaucuk-kompansator-1-150x150.png 150w, https:\/\/www.serdaroglu.com.tr\/wp-content\/uploads\/2022\/12\/5050-kaucuk-kompansator-1-90x90.png 90w, https:\/\/www.serdaroglu.com.tr\/wp-content\/uploads\/2022\/12\/5050-kaucuk-kompansator-1-96x96.png 96w, https:\/\/www.serdaroglu.com.tr\/wp-content\/uploads\/2022\/12\/5050-kaucuk-kompansator-1-460x460.png 460w\" sizes=\"(max-width: 500px) 100vw, 500px\" \/>\t\t\t\t\t\t\t\t\t\t\t\t\t\t\t<\/div>\n\t\t\t\t<\/div>\n\t\t\t\t<div class=\"elementor-element elementor-element-9f2dd6c elementor-widget elementor-widget-ct_button\" data-id=\"9f2dd6c\" data-element_type=\"widget\" data-widget_type=\"ct_button.default\">\n\t\t\t\t<div class=\"elementor-widget-container\">\n\t\t\t\t\t<div id=\"ct_button-9f2dd6c\" class=\"ct-button-wrapper ct-button-layout1\">\r\n    <div class=\"ct-inline-css\"  data-css=\"\r\n        \">\r\n    <\/div>\r\n\r\n            <span class=\"ct-icon-active\"><\/span>\r\n        <a href=\"https:\/\/alfayazilim.com.tr\/serdaroglu\/wp-content\/uploads\/2022\/12\/5000.pdf\" class=\"btn btn-circle-text btn-ctext  icon-ps- \" data-wow-delay=\"ms\">\r\n                            <span class=\"ct-button-icon ct-icon-normal ct-align-icon-\">\r\n                            <\/span>\r\n                <span class=\"ct-button-text\">\r\n            E- KATALOG        <\/span>\r\n    <\/a>\r\n<\/div>\t\t\t\t<\/div>\n\t\t\t\t<\/div>\n\t\t\t\t<div class=\"elementor-element elementor-element-c7f38da elementor-widget elementor-widget-ct_button\" data-id=\"c7f38da\" data-element_type=\"widget\" data-widget_type=\"ct_button.default\">\n\t\t\t\t<div class=\"elementor-widget-container\">\n\t\t\t\t\t<div id=\"ct_button-c7f38da\" class=\"ct-button-wrapper ct-button-layout1\">\r\n    <div class=\"ct-inline-css\"  data-css=\"\r\n        \">\r\n    <\/div>\r\n\r\n            <span class=\"ct-icon-active\"><\/span>\r\n        <a href=\"https:\/\/www.mekaniksepeti.com\/urun\/kaucuk-kompansator-pn16-dokum-flansli\" class=\"btn btn-circle-text btn-ctext  icon-ps- \" data-wow-delay=\"ms\">\r\n                            <span class=\"ct-button-icon ct-icon-normal ct-align-icon-\">\r\n                            <\/span>\r\n                <span class=\"ct-button-text\">\r\n            SATIN AL        <\/span>\r\n    <\/a>\r\n<\/div>\t\t\t\t<\/div>\n\t\t\t\t<\/div>\n\t\t            <\/div>\n        <\/div>\n                <div class=\"elementor-column elementor-col-50 elementor-top-column elementor-element elementor-element-4f72a75 ct-column-none col-offset-none col-color-offset-none\" data-id=\"4f72a75\" data-element_type=\"column\">\n        <div class=\"elementor-widget-wrap elementor-element-populated\">\n                    \n        \t\t<div class=\"elementor-element elementor-element-d4371cb elementor-widget elementor-widget-text-editor\" data-id=\"d4371cb\" data-element_type=\"widget\" data-widget_type=\"text-editor.default\">\n\t\t\t\t<div class=\"elementor-widget-container\">\n\t\t\t\t\t\t\t\t\t<p>\u00a0<\/p><table width=\"416\"><tbody><tr><td colspan=\"2\"><strong>\u00dcRET\u0130M STANDARTLARI<\/strong><\/td><\/tr><tr><td colspan=\"2\"><strong>DN25\u00a0\u2192 DN600<\/strong><br \/><strong>PN 10-16<\/strong><\/td><\/tr><tr><td width=\"152\">Tasar\u0131m<\/td><td width=\"248\">TS 10879 \/ DIN 30680<\/td><\/tr><tr><td>Ba\u011flant\u0131<\/td><td>EN 1092-1 \/ ISO 7005-1<\/td><\/tr><tr><td>Al\u0131ndan Al\u0131na Boyutlar<\/td><td>TS 10879 \/ DIN 30680<\/td><\/tr><tr><td>Testler<\/td><td>TS 10879 \/ DIN30680<\/td><\/tr><tr><td>Markalama<\/td><td>EN19<\/td><\/tr><tr><td>Boya<\/td><td>Galvanez Kaplama<\/td><\/tr><\/tbody><\/table>\t\t\t\t\t\t\t\t<\/div>\n\t\t\t\t<\/div>\n\t\t            <\/div>\n        <\/div>\n                    <\/div>\n        <\/section>\n                <section class=\"elementor-section elementor-top-section elementor-element elementor-element-25a3f55 elementor-section-boxed elementor-section-height-default elementor-section-height-default qodef-elementor-content-no ct-header-fixed-none ct-column-none ct-row-scroll-none ct-row-gradient--none\" data-id=\"25a3f55\" data-element_type=\"section\">\n            \n                        <div class=\"elementor-container elementor-column-gap-default \">\n                    <div class=\"elementor-column elementor-col-100 elementor-top-column elementor-element elementor-element-17c9e9c ct-column-none col-offset-none col-color-offset-none\" data-id=\"17c9e9c\" data-element_type=\"column\">\n        <div class=\"elementor-widget-wrap elementor-element-populated\">\n                    \n        \t\t<div class=\"elementor-element elementor-element-8248743 elementor-widget elementor-widget-text-editor\" data-id=\"8248743\" data-element_type=\"widget\" data-widget_type=\"text-editor.default\">\n\t\t\t\t<div class=\"elementor-widget-container\">\n\t\t\t\t\t\t\t\t\t<p><strong>\u00d6ZELL\u0130KLER\u0130<\/strong><\/p><ul><li>Boru hatlar\u0131nda genle\u015fme ve b\u00fcz\u00fclme sonucu ortaya \u00e7\u0131kan s\u0131cakl\u0131k farklar\u0131n\u0131n tolerans\u0131n\u0131 sa\u011flar. S\u0131cakl\u0131k farkl\u0131l\u0131klar\u0131ndan dolay\u0131 olu\u015fan boru hatt\u0131n\u0131n uzama ve k\u0131salmas\u0131.<\/li><li>Boru hatt\u0131n\u0131 stabilize etmek i\u00e7in yanal ve a\u00e7\u0131sal hareket sa\u011flar.<\/li><li>Montaj esnas\u0131nda ilave s\u0131zd\u0131rmazl\u0131k contas\u0131 gerektirmez.<\/li><li>Boru hatt\u0131ndaki yanal ve a\u00e7\u0131sal hareketlerin dengelenmesine izin verir.<\/li><li>Ko\u00e7 darbesinin sistemden emilmesine katk\u0131da bulunur.<\/li><li>D\u00f6ner flan\u015flar sayesinde kolay kurulum sa\u011flar.<\/li><li>Standart olarak EPDM kau\u00e7uktan imal edilir, gerekirse NBR kau\u00e7uk kullan\u0131labilir.<\/li><li>\u00c7e\u015fitli bas\u0131n\u00e7 s\u0131n\u0131f\u0131ndaki flan\u015f tipleri ile tedarik edilebilir.<\/li><li>Termal uzamay\u0131 ve hatta yanl\u0131\u015f hizalamalar\u0131 telafi etmek i\u00e7in uygundur.<\/li><li>A\u015f\u0131nmaya dayan\u0131kl\u0131 elastomer i\u00e7erisinde kord bezi ve \u00e7elik tel destekli olarak yap\u0131l\u0131r.<\/li><li>E\u015fle\u015fen flan\u015f contalar\u0131n\u0131n periyodik olarak de\u011fi\u015ftirilmesini gerektiren metal ba\u011flant\u0131lar\u0131n aksine, conta i\u00e7ermeyen FAF kau\u00e7uk kompansat\u00f6rleri neredeyse t\u00fcm kullan\u0131m \u00f6m\u00fcrleri boyunca bak\u0131m gerektirmez.<\/li><li>Kau\u00e7uk kompansat\u00f6rler nispeten hafiftir ve daha d\u00fc\u015f\u00fck montaj i\u015f\u00e7ili\u011fi sa\u011flar.<\/li><li>Lastik genle\u015fme derzleri, \u0131s\u0131 kayb\u0131n\u0131 azalt\u0131r ve uzun bak\u0131m gerektirmez.<\/li><li>Sertlik, elastikiyet, \u00e7ekme mukavemeti, s\u0131cakl\u0131k direnci vb. malzeme \u00f6zellikleri, ilgili uygulamaya g\u00f6re derecelendirilmi\u015ftir.<\/li><li>Galvanez kaplanm\u0131\u015f \u00e7elik flan\u015fl\u0131d\u0131r.K\u00f6r\u00fck boyu FAF5060 modeline g\u00f6re daha uzundur.<\/li><\/ul><p><strong>UYGULAMA ALANLARI<\/strong><\/p><p>S\u0131cak Su, So\u011fuk Su, End\u00fcstriyel uygulamalar,So\u011futma kuleleri, Su ve at\u0131k su uygulamalar\u0131<\/p><p><strong>SICAKLIK<\/strong><\/p><p>+90 \u00b0C<\/p>\t\t\t\t\t\t\t\t<\/div>\n\t\t\t\t<\/div>\n\t\t            <\/div>\n        <\/div>\n                    <\/div>\n        <\/section>\n        \t\t<\/div>\n\t\t","protected":false},"excerpt":{"rendered":"<p>E- KATALOG SATIN AL \u00a0 \u00dcRET\u0130M STANDARTLARI DN25\u00a0\u2192 DN600PN 10-16 Tasar\u0131m TS 10879 \/ DIN 30680 Ba\u011flant\u0131 EN 1092-1 \/ ISO 7005-1 Al\u0131ndan Al\u0131na Boyutlar TS 10879 \/ DIN 30680 Testler TS 10879 \/ DIN30680 Markalama EN19 Boya Galvanez Kaplama \u00d6ZELL\u0130KLER\u0130 Boru hatlar\u0131nda genle\u015fme ve b\u00fcz\u00fclme sonucu ortaya \u00e7\u0131kan s\u0131cakl\u0131k farklar\u0131n\u0131n tolerans\u0131n\u0131 sa\u011flar. S\u0131cakl\u0131k farkl\u0131l\u0131klar\u0131ndan [&hellip;]<\/p>\n","protected":false},"author":2,"featured_media":0,"parent":8231,"menu_order":0,"comment_status":"closed","ping_status":"closed","template":"","meta":{"_joinchat":[],"footnotes":""},"class_list":["post-8528","page","type-page","status-publish","hentry"],"_links":{"self":[{"href":"https:\/\/www.serdaroglu.com.tr\/index.php\/wp-json\/wp\/v2\/pages\/8528","targetHints":{"allow":["GET"]}}],"collection":[{"href":"https:\/\/www.serdaroglu.com.tr\/index.php\/wp-json\/wp\/v2\/pages"}],"about":[{"href":"https:\/\/www.serdaroglu.com.tr\/index.php\/wp-json\/wp\/v2\/types\/page"}],"author":[{"embeddable":true,"href":"https:\/\/www.serdaroglu.com.tr\/index.php\/wp-json\/wp\/v2\/users\/2"}],"replies":[{"embeddable":true,"href":"https:\/\/www.serdaroglu.com.tr\/index.php\/wp-json\/wp\/v2\/comments?post=8528"}],"version-history":[{"count":4,"href":"https:\/\/www.serdaroglu.com.tr\/index.php\/wp-json\/wp\/v2\/pages\/8528\/revisions"}],"predecessor-version":[{"id":8536,"href":"https:\/\/www.serdaroglu.com.tr\/index.php\/wp-json\/wp\/v2\/pages\/8528\/revisions\/8536"}],"up":[{"embeddable":true,"href":"https:\/\/www.serdaroglu.com.tr\/index.php\/wp-json\/wp\/v2\/pages\/8231"}],"wp:attachment":[{"href":"https:\/\/www.serdaroglu.com.tr\/index.php\/wp-json\/wp\/v2\/media?parent=8528"}],"curies":[{"name":"wp","href":"https:\/\/api.w.org\/{rel}","templated":true}]}}