{"id":8537,"date":"2022-12-06T08:34:09","date_gmt":"2022-12-06T08:34:09","guid":{"rendered":"https:\/\/alfayazilim.com.tr\/serdaroglu\/?page_id=8537"},"modified":"2022-12-06T08:38:08","modified_gmt":"2022-12-06T08:38:08","slug":"5100-eksenel-kompansator","status":"publish","type":"page","link":"https:\/\/www.serdaroglu.com.tr\/index.php\/urunler\/tesisat-malzemeleri\/faf\/kompansatorler\/5100-eksenel-kompansator\/","title":{"rendered":"5100 Eksenel Kompansat\u00f6r"},"content":{"rendered":"\t\t<div data-elementor-type=\"wp-page\" data-elementor-id=\"8537\" class=\"elementor elementor-8537\">\n\t\t\t\t        <section class=\"elementor-section elementor-top-section elementor-element elementor-element-4e42378 elementor-section-boxed elementor-section-height-default elementor-section-height-default qodef-elementor-content-no ct-header-fixed-none ct-column-none ct-row-scroll-none ct-row-gradient--none\" data-id=\"4e42378\" data-element_type=\"section\">\n            \n                        <div class=\"elementor-container elementor-column-gap-default \">\n                    <div class=\"elementor-column elementor-col-50 elementor-top-column elementor-element elementor-element-4c6c2a0 ct-column-none col-offset-none col-color-offset-none\" data-id=\"4c6c2a0\" data-element_type=\"column\">\n        <div class=\"elementor-widget-wrap elementor-element-populated\">\n                    \n        \t\t<div class=\"elementor-element elementor-element-46492bb elementor-widget elementor-widget-image\" data-id=\"46492bb\" data-element_type=\"widget\" data-widget_type=\"image.default\">\n\t\t\t\t<div class=\"elementor-widget-container\">\n\t\t\t\t\t\t\t\t\t\t\t\t\t\t\t<img fetchpriority=\"high\" decoding=\"async\" width=\"500\" height=\"500\" src=\"https:\/\/www.serdaroglu.com.tr\/wp-content\/uploads\/2022\/12\/5100-eksenel-kampansator-1.png\" class=\"attachment-large size-large wp-image-8539\" alt=\"\" srcset=\"https:\/\/www.serdaroglu.com.tr\/wp-content\/uploads\/2022\/12\/5100-eksenel-kampansator-1.png 500w, https:\/\/www.serdaroglu.com.tr\/wp-content\/uploads\/2022\/12\/5100-eksenel-kampansator-1-300x300.png 300w, https:\/\/www.serdaroglu.com.tr\/wp-content\/uploads\/2022\/12\/5100-eksenel-kampansator-1-150x150.png 150w, https:\/\/www.serdaroglu.com.tr\/wp-content\/uploads\/2022\/12\/5100-eksenel-kampansator-1-90x90.png 90w, https:\/\/www.serdaroglu.com.tr\/wp-content\/uploads\/2022\/12\/5100-eksenel-kampansator-1-96x96.png 96w, https:\/\/www.serdaroglu.com.tr\/wp-content\/uploads\/2022\/12\/5100-eksenel-kampansator-1-460x460.png 460w\" sizes=\"(max-width: 500px) 100vw, 500px\" \/>\t\t\t\t\t\t\t\t\t\t\t\t\t\t\t<\/div>\n\t\t\t\t<\/div>\n\t\t\t\t<div class=\"elementor-element elementor-element-96936b9 elementor-widget elementor-widget-ct_button\" data-id=\"96936b9\" data-element_type=\"widget\" data-widget_type=\"ct_button.default\">\n\t\t\t\t<div class=\"elementor-widget-container\">\n\t\t\t\t\t<div id=\"ct_button-96936b9\" class=\"ct-button-wrapper ct-button-layout1\">\r\n    <div class=\"ct-inline-css\"  data-css=\"\r\n        \">\r\n    <\/div>\r\n\r\n            <span class=\"ct-icon-active\"><\/span>\r\n        <a href=\"#\" class=\"btn btn-circle-text btn-ctext  icon-ps- \" data-wow-delay=\"ms\">\r\n                            <span class=\"ct-button-icon ct-icon-normal ct-align-icon-\">\r\n                            <\/span>\r\n                <span class=\"ct-button-text\">\r\n            E- KATALOG        <\/span>\r\n    <\/a>\r\n<\/div>\t\t\t\t<\/div>\n\t\t\t\t<\/div>\n\t\t\t\t<div class=\"elementor-element elementor-element-2024f56 elementor-widget elementor-widget-ct_button\" data-id=\"2024f56\" data-element_type=\"widget\" data-widget_type=\"ct_button.default\">\n\t\t\t\t<div class=\"elementor-widget-container\">\n\t\t\t\t\t<div id=\"ct_button-2024f56\" class=\"ct-button-wrapper ct-button-layout1\">\r\n    <div class=\"ct-inline-css\"  data-css=\"\r\n        \">\r\n    <\/div>\r\n\r\n            <span class=\"ct-icon-active\"><\/span>\r\n        <a href=\"https:\/\/www.mekaniksepeti.com\/urun\/faf-5060-sfero-flansli-kaucuk-kompansator\" class=\"btn btn-circle-text btn-ctext  icon-ps- \" data-wow-delay=\"ms\">\r\n                            <span class=\"ct-button-icon ct-icon-normal ct-align-icon-\">\r\n                            <\/span>\r\n                <span class=\"ct-button-text\">\r\n            SATIN AL        <\/span>\r\n    <\/a>\r\n<\/div>\t\t\t\t<\/div>\n\t\t\t\t<\/div>\n\t\t            <\/div>\n        <\/div>\n                <div class=\"elementor-column elementor-col-50 elementor-top-column elementor-element elementor-element-9a232f8 ct-column-none col-offset-none col-color-offset-none\" data-id=\"9a232f8\" data-element_type=\"column\">\n        <div class=\"elementor-widget-wrap elementor-element-populated\">\n                    \n        \t\t<div class=\"elementor-element elementor-element-b850aa5 elementor-widget elementor-widget-text-editor\" data-id=\"b850aa5\" data-element_type=\"widget\" data-widget_type=\"text-editor.default\">\n\t\t\t\t<div class=\"elementor-widget-container\">\n\t\t\t\t\t\t\t\t\t<table width=\"416\"><tbody><tr><td colspan=\"2\"><p>\u00a0<\/p><p>\u00a0<\/p><p><strong>\u00dcRET\u0130M STANDARTLARI<\/strong><\/p><\/td><\/tr><tr><td colspan=\"2\"><strong>DN25\u2192D600<\/strong><br \/><strong>PN16<\/strong><\/td><\/tr><tr><td width=\"152\">Tasar\u0131m<\/td><td width=\"248\">TS 10880 \/ DIN 30681<\/td><\/tr><tr><td>Ba\u011flant\u0131<\/td><td>Flan\u015fl\u0131 EN 1092-1 \/ ISO 7005-1<br \/>Kaynakl\u0131 EN 12627<\/td><\/tr><tr><td>Al\u0131ndan Al\u0131na Boyutlar<\/td><td>TS 10880 \/ DIN 30681<\/td><\/tr><tr><td>Testler<\/td><td>TS 10880 \/ DIN 30681<\/td><\/tr><tr><td>Markalama<\/td><td>TS 10880 \/ EN 19 \/ DIN 30681<\/td><\/tr><\/tbody><\/table>\t\t\t\t\t\t\t\t<\/div>\n\t\t\t\t<\/div>\n\t\t            <\/div>\n        <\/div>\n                    <\/div>\n        <\/section>\n                <section class=\"elementor-section elementor-top-section elementor-element elementor-element-8ff9acf elementor-section-boxed elementor-section-height-default elementor-section-height-default qodef-elementor-content-no ct-header-fixed-none ct-column-none ct-row-scroll-none ct-row-gradient--none\" data-id=\"8ff9acf\" data-element_type=\"section\">\n            \n                        <div class=\"elementor-container elementor-column-gap-default \">\n                    <div class=\"elementor-column elementor-col-100 elementor-top-column elementor-element elementor-element-f8c31d9 ct-column-none col-offset-none col-color-offset-none\" data-id=\"f8c31d9\" data-element_type=\"column\">\n        <div class=\"elementor-widget-wrap elementor-element-populated\">\n                    \n        \t\t<div class=\"elementor-element elementor-element-766c9c3 elementor-widget elementor-widget-text-editor\" data-id=\"766c9c3\" data-element_type=\"widget\" data-widget_type=\"text-editor.default\">\n\t\t\t\t<div class=\"elementor-widget-container\">\n\t\t\t\t\t\t\t\t\t<p><strong>\u00d6ZELL\u0130KLER\u0130<\/strong><\/p><ul><li>FAF Eksenel metal k\u00f6r\u00fckl\u00fc kompansat\u00f6r, \u0131s\u0131l genle\u015fmelerden kaynaklanan boru hatt\u0131ndaki uzama ve k\u0131salmalar\u0131 absorbe etmek i\u00e7in tasarlanm\u0131\u015ft\u0131r.<\/li><li>Standart olarak 30mm ve 60mm olarak \u00fcretilmekte olup, daha y\u00fcksek genle\u015fme de\u011ferleri i\u00e7in \u00f6zel \u00fcretimler mevcuttur.<\/li><li>Opsiyonel Layner takviyesi ile, y\u00fcksek ak\u0131\u015f h\u0131zlar\u0131nda meydana gelebilecek k\u00f6r\u00fck deformasyonunu \u00f6nler.<\/li><li>Pompalar, kompres\u00f6rler ve di\u011fer mekanik ekipman gibi uygulamalar i\u00e7in \u00f6n gergi de\u011ferleri ayarlanm\u0131\u015f limit rotlu metal kompansat\u00f6rlerin kullan\u0131lmas\u0131, sistemin genel \u00e7al\u0131\u015fmas\u0131n\u0131 sa\u011fl\u0131kl\u0131 hale getirecektir.<\/li><li>Boru hatt\u0131 izole edilip ankrajlanmal\u0131d\u0131r.<\/li><li>D\u00f6ner flan\u015flar sayesinde kolay kurulum sa\u011flar.<\/li><li>K\u00f6r\u00fckler ve layner paslanmaz malzemeden olup, ba\u011flant\u0131 par\u00e7alar\u0131 karbon \u00e7elikten \u00fcretilir.<\/li><li>Yanal ve a\u00e7\u0131sal hareketlerin olmad\u0131\u011f\u0131 hatlarda kullan\u0131l\u0131r.<\/li><li>Gazmer onayl\u0131d\u0131r. Gaz hatt\u0131nda \u00e7ift kat k\u00f6r\u00fckl\u00fc olarak kullan\u0131m mecburidir.<\/li><li>D\u00f6ner flan\u015fl\u0131 (FAF5110), Kaynak Boyunlu (FAF5120), Sabit Flan\u015fl\u0131 (FAF5130) olarak \u00fcretilebilir.<\/li><li>Standart \u00fcretim PN16 bas\u0131n\u00e7 s\u0131n\u0131f\u0131nda olup, daha y\u00fcksek bas\u0131n\u00e7lar i\u00e7in \u00f6zel \u00fcretim yap\u0131labilir.<\/li><li>Ak\u0131\u015fkan cinsine g\u00f6re bir veya birka\u00e7 kat k\u00f6r\u00fckl\u00fc olarak uygulama yap\u0131labilir.<\/li><\/ul><p><strong>UYGULAMA ALANLARI<\/strong><\/p><ul><li>S\u0131cak ve so\u011fuk su<\/li><li>End\u00fcstriyel uygulamalar<\/li><li>Merkezi \u0131s\u0131tma<\/li><li>Is\u0131 de\u011fi\u015ftiriciler<\/li><li>Vakum teknolojisi<\/li><li>Gemi yap\u0131m\u0131 ve egzoz sistemleri<\/li><li>Gaz hatlar\u0131<\/li><\/ul><p><strong>SICAKLIK<\/strong><\/p><p>-20, +430 \u00b0C<\/p>\t\t\t\t\t\t\t\t<\/div>\n\t\t\t\t<\/div>\n\t\t            <\/div>\n        <\/div>\n                    <\/div>\n        <\/section>\n        \t\t<\/div>\n\t\t","protected":false},"excerpt":{"rendered":"<p>E- KATALOG SATIN AL \u00a0 \u00a0 \u00dcRET\u0130M STANDARTLARI DN25\u2192D600PN16 Tasar\u0131m TS 10880 \/ DIN 30681 Ba\u011flant\u0131 Flan\u015fl\u0131 EN 1092-1 \/ ISO 7005-1Kaynakl\u0131 EN 12627 Al\u0131ndan Al\u0131na Boyutlar TS 10880 \/ DIN 30681 Testler TS 10880 \/ DIN 30681 Markalama TS 10880 \/ EN 19 \/ DIN 30681 \u00d6ZELL\u0130KLER\u0130 FAF Eksenel metal k\u00f6r\u00fckl\u00fc kompansat\u00f6r, \u0131s\u0131l genle\u015fmelerden [&hellip;]<\/p>\n","protected":false},"author":2,"featured_media":0,"parent":8231,"menu_order":0,"comment_status":"closed","ping_status":"closed","template":"","meta":{"_joinchat":[],"footnotes":""},"class_list":["post-8537","page","type-page","status-publish","hentry"],"_links":{"self":[{"href":"https:\/\/www.serdaroglu.com.tr\/index.php\/wp-json\/wp\/v2\/pages\/8537","targetHints":{"allow":["GET"]}}],"collection":[{"href":"https:\/\/www.serdaroglu.com.tr\/index.php\/wp-json\/wp\/v2\/pages"}],"about":[{"href":"https:\/\/www.serdaroglu.com.tr\/index.php\/wp-json\/wp\/v2\/types\/page"}],"author":[{"embeddable":true,"href":"https:\/\/www.serdaroglu.com.tr\/index.php\/wp-json\/wp\/v2\/users\/2"}],"replies":[{"embeddable":true,"href":"https:\/\/www.serdaroglu.com.tr\/index.php\/wp-json\/wp\/v2\/comments?post=8537"}],"version-history":[{"count":4,"href":"https:\/\/www.serdaroglu.com.tr\/index.php\/wp-json\/wp\/v2\/pages\/8537\/revisions"}],"predecessor-version":[{"id":8542,"href":"https:\/\/www.serdaroglu.com.tr\/index.php\/wp-json\/wp\/v2\/pages\/8537\/revisions\/8542"}],"up":[{"embeddable":true,"href":"https:\/\/www.serdaroglu.com.tr\/index.php\/wp-json\/wp\/v2\/pages\/8231"}],"wp:attachment":[{"href":"https:\/\/www.serdaroglu.com.tr\/index.php\/wp-json\/wp\/v2\/media?parent=8537"}],"curies":[{"name":"wp","href":"https:\/\/api.w.org\/{rel}","templated":true}]}}