{"id":8555,"date":"2022-12-06T08:49:27","date_gmt":"2022-12-06T08:49:27","guid":{"rendered":"https:\/\/alfayazilim.com.tr\/serdaroglu\/?page_id=8555"},"modified":"2022-12-06T09:10:21","modified_gmt":"2022-12-06T09:10:21","slug":"5200-distan-basincli-kompansator-2","status":"publish","type":"page","link":"https:\/\/www.serdaroglu.com.tr\/index.php\/urunler\/tesisat-malzemeleri\/faf\/kompansatorler\/5200-distan-basincli-kompansator-2\/","title":{"rendered":"5300 Deprem Kompansat\u00f6r\u00fc"},"content":{"rendered":"\t\t<div data-elementor-type=\"wp-page\" data-elementor-id=\"8555\" class=\"elementor elementor-8555\">\n\t\t\t\t        <section class=\"elementor-section elementor-top-section elementor-element elementor-element-6d68493 elementor-section-boxed elementor-section-height-default elementor-section-height-default qodef-elementor-content-no ct-header-fixed-none ct-column-none ct-row-scroll-none ct-row-gradient--none\" data-id=\"6d68493\" data-element_type=\"section\">\n            \n                        <div class=\"elementor-container elementor-column-gap-default \">\n                    <div class=\"elementor-column elementor-col-50 elementor-top-column elementor-element elementor-element-3836324 ct-column-none col-offset-none col-color-offset-none\" data-id=\"3836324\" data-element_type=\"column\">\n        <div class=\"elementor-widget-wrap elementor-element-populated\">\n                    \n        \t\t<div class=\"elementor-element elementor-element-c1ba672 elementor-widget elementor-widget-image\" data-id=\"c1ba672\" data-element_type=\"widget\" data-widget_type=\"image.default\">\n\t\t\t\t<div class=\"elementor-widget-container\">\n\t\t\t\t\t\t\t\t\t\t\t\t\t\t\t<img fetchpriority=\"high\" decoding=\"async\" width=\"500\" height=\"500\" src=\"https:\/\/www.serdaroglu.com.tr\/wp-content\/uploads\/2022\/12\/5300-deprem-kompansator-1.png\" class=\"attachment-large size-large wp-image-8559\" alt=\"\" srcset=\"https:\/\/www.serdaroglu.com.tr\/wp-content\/uploads\/2022\/12\/5300-deprem-kompansator-1.png 500w, https:\/\/www.serdaroglu.com.tr\/wp-content\/uploads\/2022\/12\/5300-deprem-kompansator-1-300x300.png 300w, https:\/\/www.serdaroglu.com.tr\/wp-content\/uploads\/2022\/12\/5300-deprem-kompansator-1-150x150.png 150w, https:\/\/www.serdaroglu.com.tr\/wp-content\/uploads\/2022\/12\/5300-deprem-kompansator-1-90x90.png 90w, https:\/\/www.serdaroglu.com.tr\/wp-content\/uploads\/2022\/12\/5300-deprem-kompansator-1-96x96.png 96w, https:\/\/www.serdaroglu.com.tr\/wp-content\/uploads\/2022\/12\/5300-deprem-kompansator-1-460x460.png 460w\" sizes=\"(max-width: 500px) 100vw, 500px\" \/>\t\t\t\t\t\t\t\t\t\t\t\t\t\t\t<\/div>\n\t\t\t\t<\/div>\n\t\t\t\t<div class=\"elementor-element elementor-element-b240c57 elementor-widget elementor-widget-ct_button\" data-id=\"b240c57\" data-element_type=\"widget\" data-widget_type=\"ct_button.default\">\n\t\t\t\t<div class=\"elementor-widget-container\">\n\t\t\t\t\t<div id=\"ct_button-b240c57\" class=\"ct-button-wrapper ct-button-layout1\">\r\n    <div class=\"ct-inline-css\"  data-css=\"\r\n        \">\r\n    <\/div>\r\n\r\n            <span class=\"ct-icon-active\"><\/span>\r\n        <a href=\"https:\/\/alfayazilim.com.tr\/serdaroglu\/wp-content\/uploads\/2022\/12\/5300.pdf\" class=\"btn btn-circle-text btn-ctext  icon-ps- \" data-wow-delay=\"ms\">\r\n                            <span class=\"ct-button-icon ct-icon-normal ct-align-icon-\">\r\n                            <\/span>\r\n                <span class=\"ct-button-text\">\r\n            E- KATALOG        <\/span>\r\n    <\/a>\r\n<\/div>\t\t\t\t<\/div>\n\t\t\t\t<\/div>\n\t\t\t\t<div class=\"elementor-element elementor-element-ad05fcd elementor-widget elementor-widget-ct_button\" data-id=\"ad05fcd\" data-element_type=\"widget\" data-widget_type=\"ct_button.default\">\n\t\t\t\t<div class=\"elementor-widget-container\">\n\t\t\t\t\t<div id=\"ct_button-ad05fcd\" class=\"ct-button-wrapper ct-button-layout1\">\r\n    <div class=\"ct-inline-css\"  data-css=\"\r\n        \">\r\n    <\/div>\r\n\r\n            <span class=\"ct-icon-active\"><\/span>\r\n        <a href=\"https:\/\/www.mekaniksepeti.com\/kategori\/kompansator?marka=faf\" class=\"btn btn-circle-text btn-ctext  icon-ps- \" data-wow-delay=\"ms\">\r\n                            <span class=\"ct-button-icon ct-icon-normal ct-align-icon-\">\r\n                            <\/span>\r\n                <span class=\"ct-button-text\">\r\n            SATIN AL        <\/span>\r\n    <\/a>\r\n<\/div>\t\t\t\t<\/div>\n\t\t\t\t<\/div>\n\t\t            <\/div>\n        <\/div>\n                <div class=\"elementor-column elementor-col-50 elementor-top-column elementor-element elementor-element-02b2e49 ct-column-none col-offset-none col-color-offset-none\" data-id=\"02b2e49\" data-element_type=\"column\">\n        <div class=\"elementor-widget-wrap elementor-element-populated\">\n                    \n        \t\t<div class=\"elementor-element elementor-element-55ffa59 elementor-widget elementor-widget-text-editor\" data-id=\"55ffa59\" data-element_type=\"widget\" data-widget_type=\"text-editor.default\">\n\t\t\t\t<div class=\"elementor-widget-container\">\n\t\t\t\t\t\t\t\t\t<p>\u00a0<\/p><p>\u00a0<\/p><table width=\"416\"><tbody><tr><td colspan=\"2\"><strong>\u00dcRET\u0130M STANDARTLARI<\/strong><\/td><\/tr><tr><td colspan=\"2\"><strong>DN25\u2192DN250<\/strong><br \/><strong>PN 16<\/strong><\/td><\/tr><tr><td width=\"152\">Tasar\u0131m<\/td><td width=\"248\">TS 10880 \/ DIN 30681<\/td><\/tr><tr><td>Ba\u011flant\u0131<\/td><td>Flan\u015fl\u0131 EN 1092-1 \/ ISO 7005-1<br \/>Kaynak Boyunlu EN 12627<\/td><\/tr><tr><td>Al\u0131ndan Al\u0131na Boyutlar<\/td><td>TS 10880 \/ DIN 30681<\/td><\/tr><tr><td>Testler<\/td><td>TS 10880 \/ DIN 30681<\/td><\/tr><tr><td>Markalama<\/td><td>EN 19 \/ TS 10880 \/ DIN 30681<\/td><\/tr><\/tbody><\/table>\t\t\t\t\t\t\t\t<\/div>\n\t\t\t\t<\/div>\n\t\t            <\/div>\n        <\/div>\n                    <\/div>\n        <\/section>\n                <section class=\"elementor-section elementor-top-section elementor-element elementor-element-75ad2b5 elementor-section-boxed elementor-section-height-default elementor-section-height-default qodef-elementor-content-no ct-header-fixed-none ct-column-none ct-row-scroll-none ct-row-gradient--none\" data-id=\"75ad2b5\" data-element_type=\"section\">\n            \n                        <div class=\"elementor-container elementor-column-gap-default \">\n                    <div class=\"elementor-column elementor-col-100 elementor-top-column elementor-element elementor-element-f074f5a ct-column-none col-offset-none col-color-offset-none\" data-id=\"f074f5a\" data-element_type=\"column\">\n        <div class=\"elementor-widget-wrap elementor-element-populated\">\n                    \n        \t\t<div class=\"elementor-element elementor-element-30e7a71 elementor-widget elementor-widget-text-editor\" data-id=\"30e7a71\" data-element_type=\"widget\" data-widget_type=\"text-editor.default\">\n\t\t\t\t<div class=\"elementor-widget-container\">\n\t\t\t\t\t\t\t\t\t<p><strong>\u00d6ZELL\u0130KLER\u0130<\/strong><\/p><ul><li>FAF 5300 deprem kompansat\u00f6rleri boru tesisat\u0131ndaki eksenel, yanal ve a\u00e7\u0131sal hareketleri \u00fc\u00e7 eksende absorbe ederek tesisat \u00fczerindeki olu\u015fabilecek stresi al\u0131rlar.<\/li><li>D\u00f6ner flan\u015fl\u0131(FAF 5310) veya kaynak boyunlu(FAF 5320) olarak \u00fcretilmektedir.<\/li><li>Genellikle farkl\u0131 temellere sahip binalar\u0131n ge\u00e7i\u015f noktar\u0131nda, yer hareketleri ve bina \u00e7\u00f6kmeleri sonras\u0131 mevcut boru tesisat\u0131n\u0131n zarar g\u00f6rmemesi amac\u0131yla kullan\u0131l\u0131r.<\/li><li>\u00dczerindeki kardan mafsallar sayesinde boru tesisat\u0131nda x-y-z eksenindeki hareketleri s\u00f6n\u00fcmler.<\/li><li>Ba\u011flant\u0131 par\u00e7alar\u0131 \u00e7elik, k\u00f6r\u00fckler paslanmaz \u00e7elikten imal edilir.<\/li><li>Eksenel hareketleri 50 ve 100 mm, yanal hareketleri 50, 100, 200 mm olarak standart imalat yap\u0131lmaktad\u0131r.<\/li><li>Di\u011fer genle\u015fme miktarlar\u0131 i\u00e7in \u00f6zel imalat yap\u0131labilmektedir.<\/li><li>PN 16 bas\u0131n\u00e7 s\u0131n\u0131f\u0131nda imal edilmektedir. Y\u00fcksek bas\u0131n\u00e7 de\u011ferleri i\u00e7in irtibata ge\u00e7iniz.<\/li><li>Kardan mafsallar k\u00f6r\u00fc\u011f\u00fcn genle\u015fme de\u011ferlerinin \u00fczerinde \u00e7al\u0131\u015fmas\u0131ndan kaynaklanabilecek hasarlar\u0131 \u00f6nler.<\/li><li>Gri ve k\u0131rm\u0131z\u0131 end\u00fcstriyel epoksi boya uygulamas\u0131 mevcuttur.<\/li><\/ul><p><strong>UYGULAMA ALANLARI<\/strong><\/p><ul><li>Dilatasyon ge\u00e7i\u015fleri<\/li><li>S\u0131cak ve so\u011fuk su<\/li><li>K\u0131zg\u0131n su<\/li><li>Gazhatt\u0131<\/li><li>Kimyasallar<\/li><li>Bas\u0131n\u00e7l\u0131 hava<\/li><li>Merkezi \u0131s\u0131tma<\/li><li>Makine ve cihaz hatlar\u0131<\/li><\/ul><p><strong>SICAKLIK<\/strong><\/p><p>-20, +430 \u00b0C<\/p>\t\t\t\t\t\t\t\t<\/div>\n\t\t\t\t<\/div>\n\t\t            <\/div>\n        <\/div>\n                    <\/div>\n        <\/section>\n        \t\t<\/div>\n\t\t","protected":false},"excerpt":{"rendered":"<p>E- KATALOG SATIN AL \u00a0 \u00a0 \u00dcRET\u0130M STANDARTLARI DN25\u2192DN250PN 16 Tasar\u0131m TS 10880 \/ DIN 30681 Ba\u011flant\u0131 Flan\u015fl\u0131 EN 1092-1 \/ ISO 7005-1Kaynak Boyunlu EN 12627 Al\u0131ndan Al\u0131na Boyutlar TS 10880 \/ DIN 30681 Testler TS 10880 \/ DIN 30681 Markalama EN 19 \/ TS 10880 \/ DIN 30681 \u00d6ZELL\u0130KLER\u0130 FAF 5300 deprem kompansat\u00f6rleri boru [&hellip;]<\/p>\n","protected":false},"author":2,"featured_media":0,"parent":8231,"menu_order":0,"comment_status":"closed","ping_status":"closed","template":"","meta":{"_joinchat":[],"footnotes":""},"class_list":["post-8555","page","type-page","status-publish","hentry"],"_links":{"self":[{"href":"https:\/\/www.serdaroglu.com.tr\/index.php\/wp-json\/wp\/v2\/pages\/8555","targetHints":{"allow":["GET"]}}],"collection":[{"href":"https:\/\/www.serdaroglu.com.tr\/index.php\/wp-json\/wp\/v2\/pages"}],"about":[{"href":"https:\/\/www.serdaroglu.com.tr\/index.php\/wp-json\/wp\/v2\/types\/page"}],"author":[{"embeddable":true,"href":"https:\/\/www.serdaroglu.com.tr\/index.php\/wp-json\/wp\/v2\/users\/2"}],"replies":[{"embeddable":true,"href":"https:\/\/www.serdaroglu.com.tr\/index.php\/wp-json\/wp\/v2\/comments?post=8555"}],"version-history":[{"count":8,"href":"https:\/\/www.serdaroglu.com.tr\/index.php\/wp-json\/wp\/v2\/pages\/8555\/revisions"}],"predecessor-version":[{"id":8567,"href":"https:\/\/www.serdaroglu.com.tr\/index.php\/wp-json\/wp\/v2\/pages\/8555\/revisions\/8567"}],"up":[{"embeddable":true,"href":"https:\/\/www.serdaroglu.com.tr\/index.php\/wp-json\/wp\/v2\/pages\/8231"}],"wp:attachment":[{"href":"https:\/\/www.serdaroglu.com.tr\/index.php\/wp-json\/wp\/v2\/media?parent=8555"}],"curies":[{"name":"wp","href":"https:\/\/api.w.org\/{rel}","templated":true}]}}