{"id":8593,"date":"2022-12-06T10:07:09","date_gmt":"2022-12-06T10:07:09","guid":{"rendered":"https:\/\/alfayazilim.com.tr\/serdaroglu\/?page_id=8593"},"modified":"2022-12-06T10:53:00","modified_gmt":"2022-12-06T10:53:00","slug":"2130-glob-vana-metal-koruklu","status":"publish","type":"page","link":"https:\/\/www.serdaroglu.com.tr\/index.php\/urunler\/tesisat-malzemeleri\/faf\/diger-urunler\/2130-glob-vana-metal-koruklu\/","title":{"rendered":"2130 Glob Vana Metal K\u00f6r\u00fckl\u00fc"},"content":{"rendered":"\t\t<div data-elementor-type=\"wp-page\" data-elementor-id=\"8593\" class=\"elementor elementor-8593\">\n\t\t\t\t        <section class=\"elementor-section elementor-top-section elementor-element elementor-element-46cb123 elementor-section-boxed elementor-section-height-default elementor-section-height-default qodef-elementor-content-no ct-header-fixed-none ct-column-none ct-row-scroll-none ct-row-gradient--none\" data-id=\"46cb123\" data-element_type=\"section\">\n            \n                        <div class=\"elementor-container elementor-column-gap-default \">\n                    <div class=\"elementor-column elementor-col-50 elementor-top-column elementor-element elementor-element-d12da5d ct-column-none col-offset-none col-color-offset-none\" data-id=\"d12da5d\" data-element_type=\"column\">\n        <div class=\"elementor-widget-wrap elementor-element-populated\">\n                    \n        \t\t<div class=\"elementor-element elementor-element-5b199a4 elementor-widget elementor-widget-image\" data-id=\"5b199a4\" data-element_type=\"widget\" data-widget_type=\"image.default\">\n\t\t\t\t<div class=\"elementor-widget-container\">\n\t\t\t\t\t\t\t\t\t\t\t\t\t\t\t<img fetchpriority=\"high\" decoding=\"async\" width=\"500\" height=\"500\" src=\"https:\/\/www.serdaroglu.com.tr\/wp-content\/uploads\/2022\/12\/2130.png\" class=\"attachment-large size-large wp-image-8606\" alt=\"\" srcset=\"https:\/\/www.serdaroglu.com.tr\/wp-content\/uploads\/2022\/12\/2130.png 500w, https:\/\/www.serdaroglu.com.tr\/wp-content\/uploads\/2022\/12\/2130-300x300.png 300w, https:\/\/www.serdaroglu.com.tr\/wp-content\/uploads\/2022\/12\/2130-150x150.png 150w, https:\/\/www.serdaroglu.com.tr\/wp-content\/uploads\/2022\/12\/2130-90x90.png 90w, https:\/\/www.serdaroglu.com.tr\/wp-content\/uploads\/2022\/12\/2130-96x96.png 96w, https:\/\/www.serdaroglu.com.tr\/wp-content\/uploads\/2022\/12\/2130-460x460.png 460w\" sizes=\"(max-width: 500px) 100vw, 500px\" \/>\t\t\t\t\t\t\t\t\t\t\t\t\t\t\t<\/div>\n\t\t\t\t<\/div>\n\t\t\t\t<div class=\"elementor-element elementor-element-dd5746a elementor-widget elementor-widget-ct_button\" data-id=\"dd5746a\" data-element_type=\"widget\" data-widget_type=\"ct_button.default\">\n\t\t\t\t<div class=\"elementor-widget-container\">\n\t\t\t\t\t<div id=\"ct_button-dd5746a\" class=\"ct-button-wrapper ct-button-layout1\">\r\n    <div class=\"ct-inline-css\"  data-css=\"\r\n        \">\r\n    <\/div>\r\n\r\n            <span class=\"ct-icon-active\"><\/span>\r\n        <a href=\"https:\/\/alfayazilim.com.tr\/serdaroglu\/wp-content\/uploads\/2022\/12\/faf2130-glob-vana-metal-koruklu.pdf\" class=\"btn btn-circle-text btn-ctext  icon-ps- \" data-wow-delay=\"ms\">\r\n                            <span class=\"ct-button-icon ct-icon-normal ct-align-icon-\">\r\n                            <\/span>\r\n                <span class=\"ct-button-text\">\r\n            E-KATALOG        <\/span>\r\n    <\/a>\r\n<\/div>\t\t\t\t<\/div>\n\t\t\t\t<\/div>\n\t\t\t\t<div class=\"elementor-element elementor-element-985afd4 elementor-widget elementor-widget-ct_button\" data-id=\"985afd4\" data-element_type=\"widget\" data-widget_type=\"ct_button.default\">\n\t\t\t\t<div class=\"elementor-widget-container\">\n\t\t\t\t\t<div id=\"ct_button-985afd4\" class=\"ct-button-wrapper ct-button-layout1\">\r\n    <div class=\"ct-inline-css\"  data-css=\"\r\n        \">\r\n    <\/div>\r\n\r\n            <span class=\"ct-icon-active\"><\/span>\r\n        <a href=\"https:\/\/www.mekaniksepeti.com\/kategori\/flansli-vanalar\" class=\"btn btn-circle-text btn-ctext  icon-ps- \" data-wow-delay=\"ms\">\r\n                            <span class=\"ct-button-icon ct-icon-normal ct-align-icon-\">\r\n                            <\/span>\r\n                <span class=\"ct-button-text\">\r\n            SATIN AL        <\/span>\r\n    <\/a>\r\n<\/div>\t\t\t\t<\/div>\n\t\t\t\t<\/div>\n\t\t            <\/div>\n        <\/div>\n                <div class=\"elementor-column elementor-col-50 elementor-top-column elementor-element elementor-element-3463dab ct-column-none col-offset-none col-color-offset-none\" data-id=\"3463dab\" data-element_type=\"column\">\n        <div class=\"elementor-widget-wrap elementor-element-populated\">\n                    \n        \t\t<div class=\"elementor-element elementor-element-182b5d6 elementor-widget elementor-widget-text-editor\" data-id=\"182b5d6\" data-element_type=\"widget\" data-widget_type=\"text-editor.default\">\n\t\t\t\t<div class=\"elementor-widget-container\">\n\t\t\t\t\t\t\t\t\t<p>\u00a0<\/p><table width=\"416\"><tbody><tr><td colspan=\"2\"><b>\u00dcRET\u0130M STANDARTLARI<\/b><\/td><\/tr><tr><td colspan=\"2\"><strong>DN15 \u2192 DN200<\/strong><br \/><strong>PN 16<\/strong><\/td><\/tr><tr><td width=\"152\"><strong>Tasar\u0131m<\/strong><\/td><td width=\"248\">EN 13789<\/td><\/tr><tr><td><strong>Ba\u011flant\u0131<\/strong><\/td><td>EN 1092-2 \/ ISO 7005-2 Flan\u015fl\u0131<\/td><\/tr><tr><td><strong>Al\u0131ndan Al\u0131na<\/strong><\/td><td>EN558 Seri 1 \/ DIN 3202F1<\/td><\/tr><tr><td><strong>Markalama<\/strong><\/td><td>EN 19<\/td><\/tr><tr><td><strong>Testler<\/strong><\/td><td>EN 12266-1<\/td><\/tr><tr><td><strong>Boya<\/strong><\/td><td>End\u00fcstriyel Ya\u015f Epoksi<\/td><\/tr><\/tbody><\/table>\t\t\t\t\t\t\t\t<\/div>\n\t\t\t\t<\/div>\n\t\t            <\/div>\n        <\/div>\n                    <\/div>\n        <\/section>\n                <section class=\"elementor-section elementor-top-section elementor-element elementor-element-8bdb2e4 elementor-section-boxed elementor-section-height-default elementor-section-height-default qodef-elementor-content-no ct-header-fixed-none ct-column-none ct-row-scroll-none ct-row-gradient--none\" data-id=\"8bdb2e4\" data-element_type=\"section\">\n            \n                        <div class=\"elementor-container elementor-column-gap-default \">\n                    <div class=\"elementor-column elementor-col-100 elementor-top-column elementor-element elementor-element-2fac397 ct-column-none col-offset-none col-color-offset-none\" data-id=\"2fac397\" data-element_type=\"column\">\n        <div class=\"elementor-widget-wrap elementor-element-populated\">\n                    \n        \t\t<div class=\"elementor-element elementor-element-70f4708 elementor-widget elementor-widget-text-editor\" data-id=\"70f4708\" data-element_type=\"widget\" data-widget_type=\"text-editor.default\">\n\t\t\t\t<div class=\"elementor-widget-container\">\n\t\t\t\t\t\t\t\t\t<p><strong>\u00d6ZELL\u0130KLER\u0130<\/strong><\/p><ul><li>Uzun \u00e7evrim \u00f6mr\u00fc ile k\u00f6r\u00fckleri tasarlanm\u0131\u015f ve y\u00fcksek bas\u0131n\u00e7 \/ s\u0131cakl\u0131k uygulamalar\u0131 i\u00e7in test edilmi\u015ftir.<\/li><li>Tehlikeli ve yan\u0131c\u0131 ak\u0131\u015fkanlar i\u00e7in uygun bir vana modelidir.<\/li><li>S\u0131f\u0131r g\u00f6vde ka\u00e7a\u011f\u0131, ortam kayb\u0131n\u0131 \u00f6nler ve \u00e7evresel d\u00fczenlemeleri kar\u015f\u0131lar.<\/li><li>Daha d\u00fc\u015f\u00fck i\u015fletme maliyetleri sa\u011flar ve daha az bak\u0131m gerektirir.<\/li><li>PN 16 bas\u0131n\u00e7 s\u0131n\u0131f\u0131ndad\u0131r. 16 bar bas\u0131n\u00e7 alt\u0131nda maksimum ak\u0131\u015fkan s\u0131cakl\u0131\u011f\u0131 110 \u00b0C olmal\u0131d\u0131r.<\/li><li>S\u0131v\u0131 kalitesini korur. Valf g\u00f6vdesi ve salmastra bilezikleri, borulardaki s\u0131v\u0131larla temas\u0131 \u00f6nlemek i\u00e7in k\u00f6r\u00fcklerle kapat\u0131l\u0131r.<\/li><li>Glob vanaya g\u00f6re daha kolay a\u00e7\u0131l\u0131p kapan\u0131r.<\/li><li>Grafit salmastra mildeki ani ka\u00e7aklar\u0131 \u00f6nler.<\/li><\/ul><p><strong>UYGULAMA ALANLARI<\/strong><\/p><ul><li>Buhar<\/li><li>K\u0131zg\u0131n Su<\/li><li>S\u0131cak su<\/li><li>K\u0131zg\u0131n ya\u011f<\/li><li>Bas\u0131n\u00e7l\u0131 hava sistemleri<\/li><li>Amonyak ve ya\u011f transferi<\/li><li>Asitlik veya alkalinite \u00f6zellikleri olmayan ak\u0131\u015fkanlar<\/li><\/ul><p><strong>SICAKLIK<\/strong><\/p><p>+200 \u00b0C (11 bar)<br \/>+300 \u00b0C (8 bar)<\/p>\t\t\t\t\t\t\t\t<\/div>\n\t\t\t\t<\/div>\n\t\t            <\/div>\n        <\/div>\n                    <\/div>\n        <\/section>\n        \t\t<\/div>\n\t\t","protected":false},"excerpt":{"rendered":"<p>E-KATALOG SATIN AL \u00a0 \u00dcRET\u0130M STANDARTLARI DN15 \u2192 DN200PN 16 Tasar\u0131m EN 13789 Ba\u011flant\u0131 EN 1092-2 \/ ISO 7005-2 Flan\u015fl\u0131 Al\u0131ndan Al\u0131na EN558 Seri 1 \/ DIN 3202F1 Markalama EN 19 Testler EN 12266-1 Boya End\u00fcstriyel Ya\u015f Epoksi \u00d6ZELL\u0130KLER\u0130 Uzun \u00e7evrim \u00f6mr\u00fc ile k\u00f6r\u00fckleri tasarlanm\u0131\u015f ve y\u00fcksek bas\u0131n\u00e7 \/ s\u0131cakl\u0131k uygulamalar\u0131 i\u00e7in test edilmi\u015ftir. Tehlikeli [&hellip;]<\/p>\n","protected":false},"author":2,"featured_media":0,"parent":8584,"menu_order":0,"comment_status":"closed","ping_status":"closed","template":"","meta":{"_joinchat":[],"footnotes":""},"class_list":["post-8593","page","type-page","status-publish","hentry"],"_links":{"self":[{"href":"https:\/\/www.serdaroglu.com.tr\/index.php\/wp-json\/wp\/v2\/pages\/8593","targetHints":{"allow":["GET"]}}],"collection":[{"href":"https:\/\/www.serdaroglu.com.tr\/index.php\/wp-json\/wp\/v2\/pages"}],"about":[{"href":"https:\/\/www.serdaroglu.com.tr\/index.php\/wp-json\/wp\/v2\/types\/page"}],"author":[{"embeddable":true,"href":"https:\/\/www.serdaroglu.com.tr\/index.php\/wp-json\/wp\/v2\/users\/2"}],"replies":[{"embeddable":true,"href":"https:\/\/www.serdaroglu.com.tr\/index.php\/wp-json\/wp\/v2\/comments?post=8593"}],"version-history":[{"count":4,"href":"https:\/\/www.serdaroglu.com.tr\/index.php\/wp-json\/wp\/v2\/pages\/8593\/revisions"}],"predecessor-version":[{"id":8609,"href":"https:\/\/www.serdaroglu.com.tr\/index.php\/wp-json\/wp\/v2\/pages\/8593\/revisions\/8609"}],"up":[{"embeddable":true,"href":"https:\/\/www.serdaroglu.com.tr\/index.php\/wp-json\/wp\/v2\/pages\/8584"}],"wp:attachment":[{"href":"https:\/\/www.serdaroglu.com.tr\/index.php\/wp-json\/wp\/v2\/media?parent=8593"}],"curies":[{"name":"wp","href":"https:\/\/api.w.org\/{rel}","templated":true}]}}