{"id":8950,"date":"2022-12-09T08:57:25","date_gmt":"2022-12-09T08:57:25","guid":{"rendered":"https:\/\/alfayazilim.com.tr\/serdaroglu\/?page_id=8950"},"modified":"2023-03-02T07:48:16","modified_gmt":"2023-03-02T07:48:16","slug":"banka-hesap-bilgileri","status":"publish","type":"page","link":"https:\/\/www.serdaroglu.com.tr\/index.php\/iletisim\/banka-hesap-bilgileri\/","title":{"rendered":"Banka Hesap Bilgileri"},"content":{"rendered":"\t\t<div data-elementor-type=\"wp-page\" data-elementor-id=\"8950\" class=\"elementor elementor-8950\">\n\t\t\t\t        <section class=\"elementor-section elementor-top-section elementor-element elementor-element-cc68f57 elementor-section-full_width elementor-section-stretched elementor-section-height-default elementor-section-height-default qodef-elementor-content-no ct-header-fixed-none ct-column-none ct-row-scroll-none ct-row-gradient--none ct-container-none\" data-id=\"cc68f57\" data-element_type=\"section\" data-settings=\"{&quot;stretch_section&quot;:&quot;section-stretched&quot;,&quot;background_background&quot;:&quot;classic&quot;}\">\n            \n                        <div class=\"elementor-container elementor-column-gap-default \">\n                    <div class=\"elementor-column elementor-col-100 elementor-top-column elementor-element elementor-element-703f6e7 ct-column-none col-offset-none col-color-offset-none\" data-id=\"703f6e7\" data-element_type=\"column\" data-settings=\"{&quot;background_background&quot;:&quot;classic&quot;}\">\n        <div class=\"elementor-widget-wrap elementor-element-populated\">\n                    \n                <section class=\"elementor-section elementor-inner-section elementor-element elementor-element-3238791 elementor-section-boxed elementor-section-height-default elementor-section-height-default qodef-elementor-content-no ct-header-fixed-none ct-column-none ct-row-scroll-none ct-row-gradient--none\" data-id=\"3238791\" data-element_type=\"section\" data-settings=\"{&quot;background_background&quot;:&quot;classic&quot;}\">\n            \n                        <div class=\"elementor-container elementor-column-gap-default \">\n                    <div class=\"elementor-column elementor-col-33 elementor-inner-column elementor-element elementor-element-1a831ab ct-column-none col-offset-none col-color-offset-none\" data-id=\"1a831ab\" data-element_type=\"column\">\n        <div class=\"elementor-widget-wrap elementor-element-populated\">\n                    \n        \t\t<div class=\"elementor-element elementor-element-db86b9e elementor-widget elementor-widget-ct_fancy_box\" data-id=\"db86b9e\" data-element_type=\"widget\" data-widget_type=\"ct_fancy_box.default\">\n\t\t\t\t<div class=\"elementor-widget-container\">\n\t\t\t\t\t<div id=\"ct_fancy_box-db86b9e\" class=\"ct-fancy-box ct-fancy-box-layout5 \" data-wow-delay=\"ms\">\r\n    <div class=\"ct-inline-css\"  data-css=\"\r\n                \">\r\n    <\/div>\r\n    <div class=\"item--inner\">\r\n                    <div class=\"item--icon\">\r\n                <i aria-hidden=\"true\" class=\"flaticon flaticon-location\"><\/i>            <\/div>\r\n                        <h4 class=\"item--title\">\r\n            \u0130LET\u0130\u015e\u0130M B\u0130LG\u0130LER\u0130        <\/h4>\r\n        <a class=\"item--link\" href=\"https:\/\/www.serdaroglu.com.tr\/index.php\/iletisim\/\"><\/a>        <div class=\"item--overlay\"><\/div>\r\n    <\/div>\r\n<\/div>\t\t\t\t<\/div>\n\t\t\t\t<\/div>\n\t\t\t\t<div class=\"elementor-element elementor-element-a36d8ec elementor-widget elementor-widget-ct_fancy_box\" data-id=\"a36d8ec\" data-element_type=\"widget\" data-widget_type=\"ct_fancy_box.default\">\n\t\t\t\t<div class=\"elementor-widget-container\">\n\t\t\t\t\t<div id=\"ct_fancy_box-a36d8ec\" class=\"ct-fancy-box ct-fancy-box-layout5 \" data-wow-delay=\"ms\">\r\n    <div class=\"ct-inline-css\"  data-css=\"\r\n                \">\r\n    <\/div>\r\n    <div class=\"item--inner\">\r\n                    <div class=\"item--icon\">\r\n                <i aria-hidden=\"true\" class=\"fas fa-users\"><\/i>            <\/div>\r\n                        <h4 class=\"item--title\">\r\n            SATI\u015e EK\u0130B\u0130M\u0130Z        <\/h4>\r\n        <a class=\"item--link\" href=\"https:\/\/www.serdaroglu.com.tr\/index.php\/iletisim\/satis-ekibimiz\/\"><\/a>        <div class=\"item--overlay\"><\/div>\r\n    <\/div>\r\n<\/div>\t\t\t\t<\/div>\n\t\t\t\t<\/div>\n\t\t\t\t<div class=\"elementor-element elementor-element-4e6de66 elementor-widget elementor-widget-ct_fancy_box\" data-id=\"4e6de66\" data-element_type=\"widget\" data-widget_type=\"ct_fancy_box.default\">\n\t\t\t\t<div class=\"elementor-widget-container\">\n\t\t\t\t\t<div id=\"ct_fancy_box-4e6de66\" class=\"ct-fancy-box ct-fancy-box-layout5 \" data-wow-delay=\"ms\">\r\n    <div class=\"ct-inline-css\"  data-css=\"\r\n                \">\r\n    <\/div>\r\n    <div class=\"item--inner\">\r\n                    <div class=\"item--icon\">\r\n                <i aria-hidden=\"true\" class=\"flaticon flaticon-approved\"><\/i>            <\/div>\r\n                        <h4 class=\"item--title\">\r\n            BANKA HESAP B\u0130LG\u0130LER\u0130        <\/h4>\r\n        <a class=\"item--link\" href=\"https:\/\/www.serdaroglu.com.tr\/index.php\/iletisim\/banka-hesap-bilgileri\/\"><\/a>        <div class=\"item--overlay\"><\/div>\r\n    <\/div>\r\n<\/div>\t\t\t\t<\/div>\n\t\t\t\t<\/div>\n\t\t            <\/div>\n        <\/div>\n                <div class=\"elementor-column elementor-col-33 elementor-inner-column elementor-element elementor-element-c57d4c5 ct-column-none col-offset-none col-color-offset-none\" data-id=\"c57d4c5\" data-element_type=\"column\">\n        <div class=\"elementor-widget-wrap elementor-element-populated\">\n                    \n        \t\t<div class=\"elementor-element elementor-element-71cb3a7 elementor-widget elementor-widget-image\" data-id=\"71cb3a7\" data-element_type=\"widget\" data-widget_type=\"image.default\">\n\t\t\t\t<div class=\"elementor-widget-container\">\n\t\t\t\t\t\t\t\t\t\t\t\t\t\t\t<img fetchpriority=\"high\" decoding=\"async\" width=\"640\" height=\"480\" src=\"https:\/\/www.serdaroglu.com.tr\/wp-content\/uploads\/2023\/03\/2-1.png\" class=\"attachment-large size-large wp-image-10914\" alt=\"\" srcset=\"https:\/\/www.serdaroglu.com.tr\/wp-content\/uploads\/2023\/03\/2-1.png 1024w, https:\/\/www.serdaroglu.com.tr\/wp-content\/uploads\/2023\/03\/2-1-300x225.png 300w, https:\/\/www.serdaroglu.com.tr\/wp-content\/uploads\/2023\/03\/2-1-768x576.png 768w, https:\/\/www.serdaroglu.com.tr\/wp-content\/uploads\/2023\/03\/2-1-600x450.png 600w\" sizes=\"(max-width: 640px) 100vw, 640px\" \/>\t\t\t\t\t\t\t\t\t\t\t\t\t\t\t<\/div>\n\t\t\t\t<\/div>\n\t\t            <\/div>\n        <\/div>\n                <div class=\"elementor-column elementor-col-33 elementor-inner-column elementor-element elementor-element-62326ed ct-column-none col-offset-none col-color-offset-none\" data-id=\"62326ed\" data-element_type=\"column\">\n        <div class=\"elementor-widget-wrap\">\n                    \n                    <\/div>\n        <\/div>\n                    <\/div>\n        <\/section>\n                    <\/div>\n        <\/div>\n                    <\/div>\n        <\/section>\n        \t\t<\/div>\n\t\t","protected":false},"excerpt":{"rendered":"<p>\u0130LET\u0130\u015e\u0130M B\u0130LG\u0130LER\u0130 SATI\u015e EK\u0130B\u0130M\u0130Z BANKA HESAP B\u0130LG\u0130LER\u0130<\/p>\n","protected":false},"author":1,"featured_media":0,"parent":41,"menu_order":0,"comment_status":"closed","ping_status":"closed","template":"","meta":{"_joinchat":[],"footnotes":""},"class_list":["post-8950","page","type-page","status-publish","hentry"],"_links":{"self":[{"href":"https:\/\/www.serdaroglu.com.tr\/index.php\/wp-json\/wp\/v2\/pages\/8950","targetHints":{"allow":["GET"]}}],"collection":[{"href":"https:\/\/www.serdaroglu.com.tr\/index.php\/wp-json\/wp\/v2\/pages"}],"about":[{"href":"https:\/\/www.serdaroglu.com.tr\/index.php\/wp-json\/wp\/v2\/types\/page"}],"author":[{"embeddable":true,"href":"https:\/\/www.serdaroglu.com.tr\/index.php\/wp-json\/wp\/v2\/users\/1"}],"replies":[{"embeddable":true,"href":"https:\/\/www.serdaroglu.com.tr\/index.php\/wp-json\/wp\/v2\/comments?post=8950"}],"version-history":[{"count":19,"href":"https:\/\/www.serdaroglu.com.tr\/index.php\/wp-json\/wp\/v2\/pages\/8950\/revisions"}],"predecessor-version":[{"id":10917,"href":"https:\/\/www.serdaroglu.com.tr\/index.php\/wp-json\/wp\/v2\/pages\/8950\/revisions\/10917"}],"up":[{"embeddable":true,"href":"https:\/\/www.serdaroglu.com.tr\/index.php\/wp-json\/wp\/v2\/pages\/41"}],"wp:attachment":[{"href":"https:\/\/www.serdaroglu.com.tr\/index.php\/wp-json\/wp\/v2\/media?parent=8950"}],"curies":[{"name":"wp","href":"https:\/\/api.w.org\/{rel}","templated":true}]}}