{"id":9300,"date":"2022-12-27T12:26:00","date_gmt":"2022-12-27T12:26:00","guid":{"rendered":"https:\/\/alfayazilim.com.tr\/serdaroglu\/?page_id=9300"},"modified":"2022-12-27T13:18:35","modified_gmt":"2022-12-27T13:18:35","slug":"isi-pompasi","status":"publish","type":"page","link":"https:\/\/www.serdaroglu.com.tr\/index.php\/urunler\/isitma\/buderus-2\/isi-pompasi\/","title":{"rendered":"ISI POMPASI VE BOYLERLER"},"content":{"rendered":"\t\t<div data-elementor-type=\"wp-page\" data-elementor-id=\"9300\" class=\"elementor elementor-9300\">\n\t\t\t\t        <section class=\"elementor-section elementor-top-section elementor-element elementor-element-021d3f1 elementor-section-boxed elementor-section-height-default elementor-section-height-default qodef-elementor-content-no ct-header-fixed-none ct-column-none ct-row-scroll-none ct-row-gradient--none\" data-id=\"021d3f1\" data-element_type=\"section\">\n            \n                        <div class=\"elementor-container elementor-column-gap-default \">\n                    <div class=\"elementor-column elementor-col-16 elementor-top-column elementor-element elementor-element-ac77a73 ct-column-none col-offset-none col-color-offset-none\" data-id=\"ac77a73\" data-element_type=\"column\">\n        <div class=\"elementor-widget-wrap elementor-element-populated\">\n                    \n        \t\t<div class=\"elementor-element elementor-element-9432deb elementor-widget elementor-widget-text-editor\" data-id=\"9432deb\" data-element_type=\"widget\" data-widget_type=\"text-editor.default\">\n\t\t\t\t<div class=\"elementor-widget-container\">\n\t\t\t\t\t\t\t\t\t<p>ISI POMPALARI<\/p><p>\u00a0<\/p>\t\t\t\t\t\t\t\t<\/div>\n\t\t\t\t<\/div>\n\t\t\t\t<div class=\"elementor-element elementor-element-ad35ec1 elementor-widget elementor-widget-image\" data-id=\"ad35ec1\" data-element_type=\"widget\" data-widget_type=\"image.default\">\n\t\t\t\t<div class=\"elementor-widget-container\">\n\t\t\t\t\t\t\t\t\t\t\t\t\t\t\t<img fetchpriority=\"high\" decoding=\"async\" width=\"344\" height=\"263\" src=\"https:\/\/www.serdaroglu.com.tr\/wp-content\/uploads\/2022\/12\/ISI-POMPASI-1.png\" class=\"attachment-large size-large wp-image-9302\" alt=\"\" srcset=\"https:\/\/www.serdaroglu.com.tr\/wp-content\/uploads\/2022\/12\/ISI-POMPASI-1.png 344w, https:\/\/www.serdaroglu.com.tr\/wp-content\/uploads\/2022\/12\/ISI-POMPASI-1-300x229.png 300w\" sizes=\"(max-width: 344px) 100vw, 344px\" \/>\t\t\t\t\t\t\t\t\t\t\t\t\t\t\t<\/div>\n\t\t\t\t<\/div>\n\t\t            <\/div>\n        <\/div>\n                <div class=\"elementor-column elementor-col-16 elementor-top-column elementor-element elementor-element-f7d82e5 ct-column-none col-offset-none col-color-offset-none\" data-id=\"f7d82e5\" data-element_type=\"column\">\n        <div class=\"elementor-widget-wrap elementor-element-populated\">\n                    \n        \t\t<div class=\"elementor-element elementor-element-862f2dd elementor-widget elementor-widget-text-editor\" data-id=\"862f2dd\" data-element_type=\"widget\" data-widget_type=\"text-editor.default\">\n\t\t\t\t<div class=\"elementor-widget-container\">\n\t\t\t\t\t\t\t\t\t<h6>\u00a0<\/h6><h6>Logatherm Vplar<\/h6><ul><li>S\u0131n\u0131f\u0131ndaki en y\u00fcksek sezonsal verimlilik de\u011ferleri<\/li><li>Y\u00fcksek \u00e7\u0131k\u0131\u015f suyu s\u0131cakl\u0131\u011f\u0131<\/li><li>\u00c7ok d\u00fc\u015f\u00fck ses seviyeleri<\/li><li>Sadece su devresi tesisat\u0131 ile so\u011futucu ak\u0131\u015fkan borulamas\u0131 gerektirmeyen tasar\u0131m<\/li><li>\u00c7ok hafif ve mod\u00fcler d\u0131\u015f \u00fcnite tasar\u0131m\u0131 ile kolay ta\u015f\u0131ma ve montaj<\/li><li>Entegre internet eri\u015fim mod\u00fcl\u00fc sayesinde ak\u0131ll\u0131 telefon ve tablet ile uzaktan kontrol<\/li><\/ul>\t\t\t\t\t\t\t\t<\/div>\n\t\t\t\t<\/div>\n\t\t            <\/div>\n        <\/div>\n                <div class=\"elementor-column elementor-col-16 elementor-top-column elementor-element elementor-element-fac5369 ct-column-none col-offset-none col-color-offset-none\" data-id=\"fac5369\" data-element_type=\"column\">\n        <div class=\"elementor-widget-wrap\">\n                    \n                    <\/div>\n        <\/div>\n                <div class=\"elementor-column elementor-col-16 elementor-top-column elementor-element elementor-element-15b4a4b ct-column-none col-offset-none col-color-offset-none\" data-id=\"15b4a4b\" data-element_type=\"column\">\n        <div class=\"elementor-widget-wrap elementor-element-populated\">\n                    \n        \t\t<div class=\"elementor-element elementor-element-17a1772 elementor-widget elementor-widget-text-editor\" data-id=\"17a1772\" data-element_type=\"widget\" data-widget_type=\"text-editor.default\">\n\t\t\t\t<div class=\"elementor-widget-container\">\n\t\t\t\t\t\t\t\t\t<p>\u00a0<\/p><p>\u00a0<\/p>\t\t\t\t\t\t\t\t<\/div>\n\t\t\t\t<\/div>\n\t\t\t\t<div class=\"elementor-element elementor-element-86c5951 elementor-widget elementor-widget-image\" data-id=\"86c5951\" data-element_type=\"widget\" data-widget_type=\"image.default\">\n\t\t\t\t<div class=\"elementor-widget-container\">\n\t\t\t\t\t\t\t\t\t\t\t\t\t\t\t<img decoding=\"async\" width=\"296\" height=\"304\" src=\"https:\/\/www.serdaroglu.com.tr\/wp-content\/uploads\/2022\/12\/ISI-2.png\" class=\"attachment-large size-large wp-image-9303\" alt=\"\" srcset=\"https:\/\/www.serdaroglu.com.tr\/wp-content\/uploads\/2022\/12\/ISI-2.png 296w, https:\/\/www.serdaroglu.com.tr\/wp-content\/uploads\/2022\/12\/ISI-2-292x300.png 292w\" sizes=\"(max-width: 296px) 100vw, 296px\" \/>\t\t\t\t\t\t\t\t\t\t\t\t\t\t\t<\/div>\n\t\t\t\t<\/div>\n\t\t            <\/div>\n        <\/div>\n                <div class=\"elementor-column elementor-col-16 elementor-top-column elementor-element elementor-element-4bbd97e ct-column-none col-offset-none col-color-offset-none\" data-id=\"4bbd97e\" data-element_type=\"column\">\n        <div class=\"elementor-widget-wrap elementor-element-populated\">\n                    \n        \t\t<div class=\"elementor-element elementor-element-1d29aca elementor-widget elementor-widget-text-editor\" data-id=\"1d29aca\" data-element_type=\"widget\" data-widget_type=\"text-editor.default\">\n\t\t\t\t<div class=\"elementor-widget-container\">\n\t\t\t\t\t\t\t\t\t<h6>\u00a0<\/h6><h6>Logatherm Havadan Suya Is\u0131 Pompas\u0131<\/h6><ul><li>Bir i\u00e7 ve bir d\u0131\u015f \u00fcniteden olu\u015fan split tip, havadan suya \u0131s\u0131 pompas\u0131<\/li><li>\u0130ki farkl\u0131 i\u00e7 \u00fcnite modeli: Comfort ve Hybrid<\/li><li>D\u00f6rt farkl\u0131 kapasite* se\u00e7ene\u011fi: 8 kW, 11 kW, 14 kW ve 16 kW (*\u0131s\u0131tma, A7\/W35 &#8211; hava s\u0131cakl\u0131\u011f\u0131 7\u00b0C, su s\u0131cakl\u0131\u011f\u0131 35\u00b0C )<\/li><li>D\u0131\u015f hava s\u0131cakl\u0131\u011f\u0131, \u0131s\u0131tmada -20\u00b0C\u2019ye kadar, so\u011futmada ise +46\u00b0C\u2019ye kadar sorunsuz \u00e7al\u0131\u015fm<\/li><\/ul>\t\t\t\t\t\t\t\t<\/div>\n\t\t\t\t<\/div>\n\t\t            <\/div>\n        <\/div>\n                <div class=\"elementor-column elementor-col-16 elementor-top-column elementor-element elementor-element-eb18854 ct-column-none col-offset-none col-color-offset-none\" data-id=\"eb18854\" data-element_type=\"column\">\n        <div class=\"elementor-widget-wrap\">\n                    \n                    <\/div>\n        <\/div>\n                    <\/div>\n        <\/section>\n                <section class=\"elementor-section elementor-top-section elementor-element elementor-element-90f7eda elementor-section-boxed elementor-section-height-default elementor-section-height-default qodef-elementor-content-no ct-header-fixed-none ct-column-none ct-row-scroll-none ct-row-gradient--none\" data-id=\"90f7eda\" data-element_type=\"section\">\n            \n                        <div class=\"elementor-container elementor-column-gap-default \">\n                    <div class=\"elementor-column elementor-col-25 elementor-top-column elementor-element elementor-element-73c69f2 ct-column-none col-offset-none col-color-offset-none\" data-id=\"73c69f2\" data-element_type=\"column\">\n        <div class=\"elementor-widget-wrap elementor-element-populated\">\n                    \n        \t\t<div class=\"elementor-element elementor-element-9e0c47c elementor-widget elementor-widget-text-editor\" data-id=\"9e0c47c\" data-element_type=\"widget\" data-widget_type=\"text-editor.default\">\n\t\t\t\t<div class=\"elementor-widget-container\">\n\t\t\t\t\t\t\t\t\t<p>BOYLERLER<\/p>\t\t\t\t\t\t\t\t<\/div>\n\t\t\t\t<\/div>\n\t\t\t\t<div class=\"elementor-element elementor-element-4ba2cfd elementor-widget elementor-widget-image\" data-id=\"4ba2cfd\" data-element_type=\"widget\" data-widget_type=\"image.default\">\n\t\t\t\t<div class=\"elementor-widget-container\">\n\t\t\t\t\t\t\t\t\t\t\t\t\t\t\t<img decoding=\"async\" width=\"230\" height=\"432\" src=\"https:\/\/www.serdaroglu.com.tr\/wp-content\/uploads\/2022\/12\/DUA-CB.png\" class=\"attachment-large size-large wp-image-9309\" alt=\"\" srcset=\"https:\/\/www.serdaroglu.com.tr\/wp-content\/uploads\/2022\/12\/DUA-CB.png 230w, https:\/\/www.serdaroglu.com.tr\/wp-content\/uploads\/2022\/12\/DUA-CB-160x300.png 160w\" sizes=\"(max-width: 230px) 100vw, 230px\" \/>\t\t\t\t\t\t\t\t\t\t\t\t\t\t\t<\/div>\n\t\t\t\t<\/div>\n\t\t            <\/div>\n        <\/div>\n                <div class=\"elementor-column elementor-col-25 elementor-top-column elementor-element elementor-element-2eca1dd ct-column-none col-offset-none col-color-offset-none\" data-id=\"2eca1dd\" data-element_type=\"column\">\n        <div class=\"elementor-widget-wrap elementor-element-populated\">\n                    \n        \t\t<div class=\"elementor-element elementor-element-7f4a833 elementor-widget elementor-widget-text-editor\" data-id=\"7f4a833\" data-element_type=\"widget\" data-widget_type=\"text-editor.default\">\n\t\t\t\t<div class=\"elementor-widget-container\">\n\t\t\t\t\t\t\t\t\t<h6>\u00a0<\/h6><h6>DuoCLEAN Hijyenik Boyler<\/h6><p>Farkl\u0131 kapasiteler ile her t\u00fcrl\u00fc s\u0131cak su ihtiyac\u0131n\u0131z\u0131 kar\u015f\u0131layan Logalux Duoclean boyler ile konfor<\/p><ul><li>Esnek montaj imkan\u0131: kurulum yerine g\u00f6re dikey se\u00e7enekler<\/li><li>\u00d6zel serpantin yap\u0131s\u0131 sayesinde homojen su s\u0131cakl\u0131\u011f\u0131<\/li><li>\u00d6zel kaplama sayesinde en aza indirgenmi\u015f \u0131s\u0131 kayb\u0131<\/li><\/ul>\t\t\t\t\t\t\t\t<\/div>\n\t\t\t\t<\/div>\n\t\t            <\/div>\n        <\/div>\n                <div class=\"elementor-column elementor-col-25 elementor-top-column elementor-element elementor-element-e27345f ct-column-none col-offset-none col-color-offset-none\" data-id=\"e27345f\" data-element_type=\"column\">\n        <div class=\"elementor-widget-wrap elementor-element-populated\">\n                    \n        \t\t<div class=\"elementor-element elementor-element-11893aa elementor-widget elementor-widget-image\" data-id=\"11893aa\" data-element_type=\"widget\" data-widget_type=\"image.default\">\n\t\t\t\t<div class=\"elementor-widget-container\">\n\t\t\t\t\t\t\t\t\t\t\t\t\t\t\t<img loading=\"lazy\" decoding=\"async\" width=\"600\" height=\"543\" src=\"https:\/\/www.serdaroglu.com.tr\/wp-content\/uploads\/2022\/12\/cankayakombi_1570284339-1.jpg\" class=\"attachment-large size-large wp-image-9312\" alt=\"\" srcset=\"https:\/\/www.serdaroglu.com.tr\/wp-content\/uploads\/2022\/12\/cankayakombi_1570284339-1.jpg 600w, https:\/\/www.serdaroglu.com.tr\/wp-content\/uploads\/2022\/12\/cankayakombi_1570284339-1-300x272.jpg 300w\" sizes=\"(max-width: 600px) 100vw, 600px\" \/>\t\t\t\t\t\t\t\t\t\t\t\t\t\t\t<\/div>\n\t\t\t\t<\/div>\n\t\t            <\/div>\n        <\/div>\n                <div class=\"elementor-column elementor-col-25 elementor-top-column elementor-element elementor-element-d8f3907 ct-column-none col-offset-none col-color-offset-none\" data-id=\"d8f3907\" data-element_type=\"column\">\n        <div class=\"elementor-widget-wrap elementor-element-populated\">\n                    \n        \t\t<div class=\"elementor-element elementor-element-1d6d863 elementor-widget elementor-widget-text-editor\" data-id=\"1d6d863\" data-element_type=\"widget\" data-widget_type=\"text-editor.default\">\n\t\t\t\t<div class=\"elementor-widget-container\">\n\t\t\t\t\t\t\t\t\t<h6>\u00a0<\/h6><h6><strong>\u00c7ift Serpantinli G\u00fcne\u015f Enerjisi Boyleri<\/strong><\/h6><p>T\u00fcm Buderus g\u00fcne\u015f kollekt\u00f6rleri ile uyumlu, farkl\u0131 kapasite se\u00e7enekleri ile G\u00fcne\u015f Enerjisi Boylerleri<\/p><ul><li>300 \u2013 000 L aras\u0131nda 5 farkl\u0131 kapasite se\u00e7ene\u011fi ile g\u00fcne\u015f enerjisi ve kullan\u0131m suyu \u0131s\u0131tmas\u0131nda kullan\u0131l\u0131r.<\/li><li>\u0130kinci serpantini sayesinde ihtiya\u00e7 duyuldu\u011funda klasik bir s\u0131cak su kazan\u0131 ile kullan\u0131m suyu \u0131s\u0131tmas\u0131 yapmak m\u00fcmk\u00fcnd\u00fcr.<\/li><li>50 ve 100 mm kal\u0131nl\u0131\u011f\u0131nda sert k\u00f6p\u00fck izolasyon se\u00e7enekleri vard\u0131r.<\/li><\/ul>\t\t\t\t\t\t\t\t<\/div>\n\t\t\t\t<\/div>\n\t\t            <\/div>\n        <\/div>\n                    <\/div>\n        <\/section>\n        \t\t<\/div>\n\t\t","protected":false},"excerpt":{"rendered":"<p>ISI POMPALARI Logatherm Vplar S\u0131n\u0131f\u0131ndaki en y\u00fcksek sezonsal verimlilik de\u011ferleri Y\u00fcksek \u00e7\u0131k\u0131\u015f suyu s\u0131cakl\u0131\u011f\u0131 \u00c7ok d\u00fc\u015f\u00fck ses seviyeleri Sadece su devresi tesisat\u0131 ile so\u011futucu ak\u0131\u015fkan borulamas\u0131 gerektirmeyen tasar\u0131m \u00c7ok hafif ve mod\u00fcler d\u0131\u015f \u00fcnite tasar\u0131m\u0131 ile kolay ta\u015f\u0131ma ve montaj Entegre internet eri\u015fim mod\u00fcl\u00fc sayesinde ak\u0131ll\u0131 telefon ve tablet ile uzaktan kontrol Logatherm Havadan Suya [&hellip;]<\/p>\n","protected":false},"author":2,"featured_media":0,"parent":9295,"menu_order":0,"comment_status":"closed","ping_status":"closed","template":"","meta":{"_joinchat":[],"footnotes":""},"class_list":["post-9300","page","type-page","status-publish","hentry"],"_links":{"self":[{"href":"https:\/\/www.serdaroglu.com.tr\/index.php\/wp-json\/wp\/v2\/pages\/9300","targetHints":{"allow":["GET"]}}],"collection":[{"href":"https:\/\/www.serdaroglu.com.tr\/index.php\/wp-json\/wp\/v2\/pages"}],"about":[{"href":"https:\/\/www.serdaroglu.com.tr\/index.php\/wp-json\/wp\/v2\/types\/page"}],"author":[{"embeddable":true,"href":"https:\/\/www.serdaroglu.com.tr\/index.php\/wp-json\/wp\/v2\/users\/2"}],"replies":[{"embeddable":true,"href":"https:\/\/www.serdaroglu.com.tr\/index.php\/wp-json\/wp\/v2\/comments?post=9300"}],"version-history":[{"count":22,"href":"https:\/\/www.serdaroglu.com.tr\/index.php\/wp-json\/wp\/v2\/pages\/9300\/revisions"}],"predecessor-version":[{"id":9439,"href":"https:\/\/www.serdaroglu.com.tr\/index.php\/wp-json\/wp\/v2\/pages\/9300\/revisions\/9439"}],"up":[{"embeddable":true,"href":"https:\/\/www.serdaroglu.com.tr\/index.php\/wp-json\/wp\/v2\/pages\/9295"}],"wp:attachment":[{"href":"https:\/\/www.serdaroglu.com.tr\/index.php\/wp-json\/wp\/v2\/media?parent=9300"}],"curies":[{"name":"wp","href":"https:\/\/api.w.org\/{rel}","templated":true}]}}