{"id":9333,"date":"2022-12-27T13:22:26","date_gmt":"2022-12-27T13:22:26","guid":{"rendered":"https:\/\/alfayazilim.com.tr\/serdaroglu\/?page_id=9333"},"modified":"2022-12-29T15:32:07","modified_gmt":"2022-12-29T15:32:07","slug":"wates","status":"publish","type":"page","link":"https:\/\/www.serdaroglu.com.tr\/index.php\/urunler\/isitma\/wates\/","title":{"rendered":"WATES"},"content":{"rendered":"\t\t<div data-elementor-type=\"wp-page\" data-elementor-id=\"9333\" class=\"elementor elementor-9333\">\n\t\t\t\t        <section class=\"elementor-section elementor-top-section elementor-element elementor-element-197f302 elementor-section-boxed elementor-section-height-default elementor-section-height-default qodef-elementor-content-no ct-header-fixed-none ct-column-none ct-row-scroll-none ct-row-gradient--none\" data-id=\"197f302\" data-element_type=\"section\">\n            \n                        <div class=\"elementor-container elementor-column-gap-default \">\n                    <div class=\"elementor-column elementor-col-50 elementor-top-column elementor-element elementor-element-f756d61 ct-column-none col-offset-none col-color-offset-none\" data-id=\"f756d61\" data-element_type=\"column\">\n        <div class=\"elementor-widget-wrap elementor-element-populated\">\n                    \n        \t\t<div class=\"elementor-element elementor-element-c85854f elementor-widget elementor-widget-text-editor\" data-id=\"c85854f\" data-element_type=\"widget\" data-widget_type=\"text-editor.default\">\n\t\t\t\t<div class=\"elementor-widget-container\">\n\t\t\t\t\t\t\t\t\t<p>GENLE\u015eME TANKLARI<\/p>\t\t\t\t\t\t\t\t<\/div>\n\t\t\t\t<\/div>\n\t\t\t\t<div class=\"elementor-element elementor-element-4f45b5d elementor-widget elementor-widget-image\" data-id=\"4f45b5d\" data-element_type=\"widget\" data-widget_type=\"image.default\">\n\t\t\t\t<div class=\"elementor-widget-container\">\n\t\t\t\t\t\t\t\t\t\t\t\t\t\t\t<img fetchpriority=\"high\" decoding=\"async\" width=\"579\" height=\"398\" src=\"https:\/\/www.serdaroglu.com.tr\/wp-content\/uploads\/2022\/12\/WATES-AYAKLI-GENLESME-CEITLERI.jpg\" class=\"attachment-large size-large wp-image-9336\" alt=\"\" srcset=\"https:\/\/www.serdaroglu.com.tr\/wp-content\/uploads\/2022\/12\/WATES-AYAKLI-GENLESME-CEITLERI.jpg 579w, https:\/\/www.serdaroglu.com.tr\/wp-content\/uploads\/2022\/12\/WATES-AYAKLI-GENLESME-CEITLERI-300x206.jpg 300w\" sizes=\"(max-width: 579px) 100vw, 579px\" \/>\t\t\t\t\t\t\t\t\t\t\t\t\t\t\t<\/div>\n\t\t\t\t<\/div>\n\t\t            <\/div>\n        <\/div>\n                <div class=\"elementor-column elementor-col-50 elementor-top-column elementor-element elementor-element-3d111de ct-column-none col-offset-none col-color-offset-none\" data-id=\"3d111de\" data-element_type=\"column\">\n        <div class=\"elementor-widget-wrap elementor-element-populated\">\n                    \n        \t\t<div class=\"elementor-element elementor-element-7e38f98 elementor-widget elementor-widget-text-editor\" data-id=\"7e38f98\" data-element_type=\"widget\" data-widget_type=\"text-editor.default\">\n\t\t\t\t<div class=\"elementor-widget-container\">\n\t\t\t\t\t\t\t\t\t<h3>\u00a0<\/h3><h3>\u00a0<\/h3><h3>Is\u0131tma Sistemleri \u0130\u00e7in Genle\u015fme Tanklar\u0131<\/h3><ul><li><strong>2LT<\/strong>\u2018den\u00a0<strong>150LT\u00a0<\/strong>dahil galvanizli karbon \u00e7eli\u011fi,\u00a0<strong>200LT<\/strong>\u00a0ile\u00a0<strong>10000LT<\/strong>\u00a0aras\u0131 kaplamal\u0131.<\/li><li><strong>2LT<\/strong>\u2018den\u00a0<strong>35LT<\/strong>\u2018ye kadar \u00f6n gaz bas\u0131nc\u0131 2 bar,\u00a0<strong>50LT<\/strong>\u2018den\u00a0<strong>1000LT<\/strong>\u2018ye kadar \u00f6n gaz bas\u0131nc\u0131 4 bar.<\/li><li>K\u0131rm\u0131z\u0131 renk.<\/li><\/ul>\t\t\t\t\t\t\t\t<\/div>\n\t\t\t\t<\/div>\n\t\t            <\/div>\n        <\/div>\n                    <\/div>\n        <\/section>\n        \t\t<\/div>\n\t\t","protected":false},"excerpt":{"rendered":"<p>GENLE\u015eME TANKLARI Is\u0131tma Sistemleri \u0130\u00e7in Genle\u015fme Tanklar\u0131 2LT\u2018den\u00a0150LT\u00a0dahil galvanizli karbon \u00e7eli\u011fi,\u00a0200LT\u00a0ile\u00a010000LT\u00a0aras\u0131 kaplamal\u0131. 2LT\u2018den\u00a035LT\u2018ye kadar \u00f6n gaz bas\u0131nc\u0131 2 bar,\u00a050LT\u2018den\u00a01000LT\u2018ye kadar \u00f6n gaz bas\u0131nc\u0131 4 bar. K\u0131rm\u0131z\u0131 renk.<\/p>\n","protected":false},"author":2,"featured_media":8905,"parent":7637,"menu_order":0,"comment_status":"closed","ping_status":"closed","template":"","meta":{"_joinchat":[],"footnotes":""},"class_list":["post-9333","page","type-page","status-publish","has-post-thumbnail","hentry"],"_links":{"self":[{"href":"https:\/\/www.serdaroglu.com.tr\/index.php\/wp-json\/wp\/v2\/pages\/9333","targetHints":{"allow":["GET"]}}],"collection":[{"href":"https:\/\/www.serdaroglu.com.tr\/index.php\/wp-json\/wp\/v2\/pages"}],"about":[{"href":"https:\/\/www.serdaroglu.com.tr\/index.php\/wp-json\/wp\/v2\/types\/page"}],"author":[{"embeddable":true,"href":"https:\/\/www.serdaroglu.com.tr\/index.php\/wp-json\/wp\/v2\/users\/2"}],"replies":[{"embeddable":true,"href":"https:\/\/www.serdaroglu.com.tr\/index.php\/wp-json\/wp\/v2\/comments?post=9333"}],"version-history":[{"count":6,"href":"https:\/\/www.serdaroglu.com.tr\/index.php\/wp-json\/wp\/v2\/pages\/9333\/revisions"}],"predecessor-version":[{"id":11015,"href":"https:\/\/www.serdaroglu.com.tr\/index.php\/wp-json\/wp\/v2\/pages\/9333\/revisions\/11015"}],"up":[{"embeddable":true,"href":"https:\/\/www.serdaroglu.com.tr\/index.php\/wp-json\/wp\/v2\/pages\/7637"}],"wp:featuredmedia":[{"embeddable":true,"href":"https:\/\/www.serdaroglu.com.tr\/index.php\/wp-json\/wp\/v2\/media\/8905"}],"wp:attachment":[{"href":"https:\/\/www.serdaroglu.com.tr\/index.php\/wp-json\/wp\/v2\/media?parent=9333"}],"curies":[{"name":"wp","href":"https:\/\/api.w.org\/{rel}","templated":true}]}}