{"id":9342,"date":"2022-12-27T13:35:03","date_gmt":"2022-12-27T13:35:03","guid":{"rendered":"https:\/\/alfayazilim.com.tr\/serdaroglu\/?page_id=9342"},"modified":"2022-12-27T14:06:58","modified_gmt":"2022-12-27T14:06:58","slug":"boru","status":"publish","type":"page","link":"https:\/\/www.serdaroglu.com.tr\/index.php\/urunler\/isitma\/frankeishe\/boru\/","title":{"rendered":"BORU"},"content":{"rendered":"\t\t<div data-elementor-type=\"wp-page\" data-elementor-id=\"9342\" class=\"elementor elementor-9342\">\n\t\t\t\t        <section class=\"elementor-section elementor-top-section elementor-element elementor-element-289edad elementor-section-boxed elementor-section-height-default elementor-section-height-default qodef-elementor-content-no ct-header-fixed-none ct-column-none ct-row-scroll-none ct-row-gradient--none\" data-id=\"289edad\" data-element_type=\"section\">\n            \n                        <div class=\"elementor-container elementor-column-gap-default \">\n                        <\/div>\n        <\/section>\n                <section class=\"elementor-section elementor-top-section elementor-element elementor-element-a0ee733 elementor-section-boxed elementor-section-height-default elementor-section-height-default qodef-elementor-content-no ct-header-fixed-none ct-column-none ct-row-scroll-none ct-row-gradient--none\" data-id=\"a0ee733\" data-element_type=\"section\">\n            \n                        <div class=\"elementor-container elementor-column-gap-default \">\n                        <\/div>\n        <\/section>\n                <section class=\"elementor-section elementor-top-section elementor-element elementor-element-33c86b7 elementor-section-boxed elementor-section-height-default elementor-section-height-default qodef-elementor-content-no ct-header-fixed-none ct-column-none ct-row-scroll-none ct-row-gradient--none\" data-id=\"33c86b7\" data-element_type=\"section\">\n            \n                        <div class=\"elementor-container elementor-column-gap-default \">\n                        <\/div>\n        <\/section>\n                <section class=\"elementor-section elementor-top-section elementor-element elementor-element-1913e91 elementor-section-boxed elementor-section-height-default elementor-section-height-default qodef-elementor-content-no ct-header-fixed-none ct-column-none ct-row-scroll-none ct-row-gradient--none\" data-id=\"1913e91\" data-element_type=\"section\">\n            \n                        <div class=\"elementor-container elementor-column-gap-default \">\n                        <\/div>\n        <\/section>\n                <section class=\"elementor-section elementor-top-section elementor-element elementor-element-2655bde elementor-section-boxed elementor-section-height-default elementor-section-height-default qodef-elementor-content-no ct-header-fixed-none ct-column-none ct-row-scroll-none ct-row-gradient--none\" data-id=\"2655bde\" data-element_type=\"section\">\n            \n                        <div class=\"elementor-container elementor-column-gap-default \">\n                    <div class=\"elementor-column elementor-col-100 elementor-top-column elementor-element elementor-element-1f12455 ct-column-none col-offset-none col-color-offset-none\" data-id=\"1f12455\" data-element_type=\"column\">\n        <div class=\"elementor-widget-wrap elementor-element-populated\">\n                    \n        \t\t<div class=\"elementor-element elementor-element-c9a0110 elementor-widget elementor-widget-text-editor\" data-id=\"c9a0110\" data-element_type=\"widget\" data-widget_type=\"text-editor.default\">\n\t\t\t\t<div class=\"elementor-widget-container\">\n\t\t\t\t\t\t\t\t\t<p>BORU<\/p>\t\t\t\t\t\t\t\t<\/div>\n\t\t\t\t<\/div>\n\t\t            <\/div>\n        <\/div>\n                    <\/div>\n        <\/section>\n                <section class=\"elementor-section elementor-top-section elementor-element elementor-element-79b0bdb elementor-section-boxed elementor-section-height-default elementor-section-height-default qodef-elementor-content-no ct-header-fixed-none ct-column-none ct-row-scroll-none ct-row-gradient--none\" data-id=\"79b0bdb\" data-element_type=\"section\">\n            \n                        <div class=\"elementor-container elementor-column-gap-default \">\n                    <div class=\"elementor-column elementor-col-16 elementor-top-column elementor-element elementor-element-fab4694 ct-column-none col-offset-none col-color-offset-none\" data-id=\"fab4694\" data-element_type=\"column\">\n        <div class=\"elementor-widget-wrap elementor-element-populated\">\n                    \n        \t\t<div class=\"elementor-element elementor-element-a640545 elementor-widget elementor-widget-image\" data-id=\"a640545\" data-element_type=\"widget\" data-widget_type=\"image.default\">\n\t\t\t\t<div class=\"elementor-widget-container\">\n\t\t\t\t\t\t\t\t\t\t\t\t\t\t\t<img fetchpriority=\"high\" decoding=\"async\" width=\"306\" height=\"272\" src=\"https:\/\/www.serdaroglu.com.tr\/wp-content\/uploads\/2022\/12\/PEX-A.jpg\" class=\"attachment-large size-large wp-image-9350\" alt=\"\" srcset=\"https:\/\/www.serdaroglu.com.tr\/wp-content\/uploads\/2022\/12\/PEX-A.jpg 306w, https:\/\/www.serdaroglu.com.tr\/wp-content\/uploads\/2022\/12\/PEX-A-300x267.jpg 300w\" sizes=\"(max-width: 306px) 100vw, 306px\" \/>\t\t\t\t\t\t\t\t\t\t\t\t\t\t\t<\/div>\n\t\t\t\t<\/div>\n\t\t\t\t<div class=\"elementor-element elementor-element-c082d4a elementor-widget elementor-widget-text-editor\" data-id=\"c082d4a\" data-element_type=\"widget\" data-widget_type=\"text-editor.default\">\n\t\t\t\t<div class=\"elementor-widget-container\">\n\t\t\t\t\t\t\t\t\t<p class=\"MsoNormal\" style=\"margin: 3.6pt 0cm .0001pt 37.05pt;\"><b><span style=\"font-size: 10.0pt; mso-bidi-font-size: 11.0pt; font-family: 'Calibri',sans-serif; mso-hansi-font-family: 'Trebuchet MS'; mso-bidi-font-family: 'Trebuchet MS'; color: #231f20; mso-font-width: 120%;\">Pex-A <span style=\"letter-spacing: -.2pt;\">Boru<\/span><\/span><\/b><b><\/b><\/p>\t\t\t\t\t\t\t\t<\/div>\n\t\t\t\t<\/div>\n\t\t            <\/div>\n        <\/div>\n                <div class=\"elementor-column elementor-col-16 elementor-top-column elementor-element elementor-element-e634b69 ct-column-none col-offset-none col-color-offset-none\" data-id=\"e634b69\" data-element_type=\"column\">\n        <div class=\"elementor-widget-wrap elementor-element-populated\">\n                    \n        \t\t<div class=\"elementor-element elementor-element-651626c elementor-widget elementor-widget-image\" data-id=\"651626c\" data-element_type=\"widget\" data-widget_type=\"image.default\">\n\t\t\t\t<div class=\"elementor-widget-container\">\n\t\t\t\t\t\t\t\t\t\t\t\t\t\t\t<img decoding=\"async\" width=\"414\" height=\"268\" src=\"https:\/\/www.serdaroglu.com.tr\/wp-content\/uploads\/2022\/12\/KILFLI-PEX-A-BORU.jpg\" class=\"attachment-large size-large wp-image-9347\" alt=\"\" srcset=\"https:\/\/www.serdaroglu.com.tr\/wp-content\/uploads\/2022\/12\/KILFLI-PEX-A-BORU.jpg 414w, https:\/\/www.serdaroglu.com.tr\/wp-content\/uploads\/2022\/12\/KILFLI-PEX-A-BORU-300x194.jpg 300w\" sizes=\"(max-width: 414px) 100vw, 414px\" \/>\t\t\t\t\t\t\t\t\t\t\t\t\t\t\t<\/div>\n\t\t\t\t<\/div>\n\t\t\t\t<div class=\"elementor-element elementor-element-fc7d1ba elementor-widget elementor-widget-text-editor\" data-id=\"fc7d1ba\" data-element_type=\"widget\" data-widget_type=\"text-editor.default\">\n\t\t\t\t<div class=\"elementor-widget-container\">\n\t\t\t\t\t\t\t\t\t<p class=\"MsoNormal\" style=\"margin: 2.85pt 0cm .0001pt 24.05pt;\"><b><span style=\"font-size: 10.0pt; mso-bidi-font-size: 11.0pt; font-family: 'Calibri',sans-serif; mso-bidi-font-family: 'Trebuchet MS'; color: #231f20; mso-font-width: 115%;\">\u00a0 \u00a0 \u00a0 \u00a0 \u00a0 \u00a0 K\u0131l\u0131fl\u0131 Pex-A <span style=\"letter-spacing: -.2pt;\">Boru<\/span><\/span><\/b><b><\/b><\/p>\t\t\t\t\t\t\t\t<\/div>\n\t\t\t\t<\/div>\n\t\t            <\/div>\n        <\/div>\n                <div class=\"elementor-column elementor-col-16 elementor-top-column elementor-element elementor-element-5b6a1f5 ct-column-none col-offset-none col-color-offset-none\" data-id=\"5b6a1f5\" data-element_type=\"column\">\n        <div class=\"elementor-widget-wrap elementor-element-populated\">\n                    \n        \t\t<div class=\"elementor-element elementor-element-7046c20 elementor-widget elementor-widget-image\" data-id=\"7046c20\" data-element_type=\"widget\" data-widget_type=\"image.default\">\n\t\t\t\t<div class=\"elementor-widget-container\">\n\t\t\t\t\t\t\t\t\t\t\t\t\t\t\t<img decoding=\"async\" width=\"422\" height=\"296\" src=\"https:\/\/www.serdaroglu.com.tr\/wp-content\/uploads\/2022\/12\/PER-BORU-1.jpg\" class=\"attachment-large size-large wp-image-9349\" alt=\"\" srcset=\"https:\/\/www.serdaroglu.com.tr\/wp-content\/uploads\/2022\/12\/PER-BORU-1.jpg 422w, https:\/\/www.serdaroglu.com.tr\/wp-content\/uploads\/2022\/12\/PER-BORU-1-300x210.jpg 300w\" sizes=\"(max-width: 422px) 100vw, 422px\" \/>\t\t\t\t\t\t\t\t\t\t\t\t\t\t\t<\/div>\n\t\t\t\t<\/div>\n\t\t\t\t<div class=\"elementor-element elementor-element-fe671e6 elementor-widget elementor-widget-text-editor\" data-id=\"fe671e6\" data-element_type=\"widget\" data-widget_type=\"text-editor.default\">\n\t\t\t\t<div class=\"elementor-widget-container\">\n\t\t\t\t\t\t\t\t\t<p class=\"MsoNormal\" style=\"margin: 1.5pt 0cm .0001pt 42.75pt;\"><b><span style=\"font-size: 12.0pt; mso-bidi-font-size: 11.0pt; font-family: 'Calibri',sans-serif; mso-hansi-font-family: 'Trebuchet MS'; mso-bidi-font-family: 'Trebuchet MS'; color: #231f20; mso-font-width: 110%;\">\u00a0 \u00a0 \u00a0Pert <span style=\"letter-spacing: -.2pt;\">Boru<\/span><\/span><\/b><b><\/b><\/p>\t\t\t\t\t\t\t\t<\/div>\n\t\t\t\t<\/div>\n\t\t            <\/div>\n        <\/div>\n                <div class=\"elementor-column elementor-col-16 elementor-top-column elementor-element elementor-element-07cead5 ct-column-none col-offset-none col-color-offset-none\" data-id=\"07cead5\" data-element_type=\"column\">\n        <div class=\"elementor-widget-wrap\">\n                    \n                    <\/div>\n        <\/div>\n                <div class=\"elementor-column elementor-col-16 elementor-top-column elementor-element elementor-element-04f6d7b ct-column-none col-offset-none col-color-offset-none\" data-id=\"04f6d7b\" data-element_type=\"column\">\n        <div class=\"elementor-widget-wrap elementor-element-populated\">\n                    \n        \t\t<div class=\"elementor-element elementor-element-2ec3609 elementor-widget elementor-widget-image\" data-id=\"2ec3609\" data-element_type=\"widget\" data-widget_type=\"image.default\">\n\t\t\t\t<div class=\"elementor-widget-container\">\n\t\t\t\t\t\t\t\t\t\t\t\t\t\t\t<img loading=\"lazy\" decoding=\"async\" width=\"295\" height=\"171\" src=\"https:\/\/www.serdaroglu.com.tr\/wp-content\/uploads\/2022\/12\/images.jpg\" class=\"attachment-large size-large wp-image-9355\" alt=\"\" \/>\t\t\t\t\t\t\t\t\t\t\t\t\t\t\t<\/div>\n\t\t\t\t<\/div>\n\t\t\t\t<div class=\"elementor-element elementor-element-d82a4a1 elementor-widget elementor-widget-text-editor\" data-id=\"d82a4a1\" data-element_type=\"widget\" data-widget_type=\"text-editor.default\">\n\t\t\t\t<div class=\"elementor-widget-container\">\n\t\t\t\t\t\t\t\t\t<p><span style=\"letter-spacing: 0px;\">\u00a0 \u00a0 \u00a0 \u00a0 \u00a0 \u00a0 \u00a0 \u00a0 \u00a0 \u00a0 \u00a0\u00a0<span style=\"color: #231f20; font-family: Calibri, sans-serif; font-weight: bold; font-size: 10pt;\">Alpex Boru ve Ek <span style=\"letter-spacing: -.1pt;\">Par\u00e7alar\u0131<\/span><\/span><\/span><\/p><p style=\"margin: 1.6pt 0cm .0001pt 17.15pt;\">\u00a0<\/p>\t\t\t\t\t\t\t\t<\/div>\n\t\t\t\t<\/div>\n\t\t            <\/div>\n        <\/div>\n                <div class=\"elementor-column elementor-col-16 elementor-top-column elementor-element elementor-element-abe3e41 ct-column-none col-offset-none col-color-offset-none\" data-id=\"abe3e41\" data-element_type=\"column\">\n        <div class=\"elementor-widget-wrap\">\n                    \n                    <\/div>\n        <\/div>\n                    <\/div>\n        <\/section>\n                <section class=\"elementor-section elementor-top-section elementor-element elementor-element-4516368 elementor-section-boxed elementor-section-height-default elementor-section-height-default qodef-elementor-content-no ct-header-fixed-none ct-column-none ct-row-scroll-none ct-row-gradient--none\" data-id=\"4516368\" data-element_type=\"section\">\n            \n                        <div class=\"elementor-container elementor-column-gap-default \">\n                    <div class=\"elementor-column elementor-col-16 elementor-top-column elementor-element elementor-element-75cf1e4 ct-column-none col-offset-none col-color-offset-none\" data-id=\"75cf1e4\" data-element_type=\"column\">\n        <div class=\"elementor-widget-wrap\">\n                    \n                    <\/div>\n        <\/div>\n                <div class=\"elementor-column elementor-col-16 elementor-top-column elementor-element elementor-element-0f293e3 ct-column-none col-offset-none col-color-offset-none\" data-id=\"0f293e3\" data-element_type=\"column\">\n        <div class=\"elementor-widget-wrap\">\n                    \n                    <\/div>\n        <\/div>\n                <div class=\"elementor-column elementor-col-16 elementor-top-column elementor-element elementor-element-f48f4cf ct-column-none col-offset-none col-color-offset-none\" data-id=\"f48f4cf\" data-element_type=\"column\">\n        <div class=\"elementor-widget-wrap\">\n                    \n                    <\/div>\n        <\/div>\n                <div class=\"elementor-column elementor-col-16 elementor-top-column elementor-element elementor-element-dfbecea ct-column-none col-offset-none col-color-offset-none\" data-id=\"dfbecea\" data-element_type=\"column\">\n        <div class=\"elementor-widget-wrap\">\n                    \n                    <\/div>\n        <\/div>\n                <div class=\"elementor-column elementor-col-16 elementor-top-column elementor-element elementor-element-4bb8dbd ct-column-none col-offset-none col-color-offset-none\" data-id=\"4bb8dbd\" data-element_type=\"column\">\n        <div class=\"elementor-widget-wrap\">\n                    \n                    <\/div>\n        <\/div>\n                <div class=\"elementor-column elementor-col-16 elementor-top-column elementor-element elementor-element-e79617f ct-column-none col-offset-none col-color-offset-none\" data-id=\"e79617f\" data-element_type=\"column\">\n        <div class=\"elementor-widget-wrap\">\n                    \n                    <\/div>\n        <\/div>\n                    <\/div>\n        <\/section>\n        \t\t<\/div>\n\t\t","protected":false},"excerpt":{"rendered":"<p>BORU Pex-A Boru \u00a0 \u00a0 \u00a0 \u00a0 \u00a0 \u00a0 K\u0131l\u0131fl\u0131 Pex-A Boru \u00a0 \u00a0 \u00a0Pert Boru \u00a0 \u00a0 \u00a0 \u00a0 \u00a0 \u00a0 \u00a0 \u00a0 \u00a0 \u00a0 \u00a0\u00a0Alpex Boru ve Ek Par\u00e7alar\u0131 \u00a0<\/p>\n","protected":false},"author":2,"featured_media":0,"parent":9340,"menu_order":0,"comment_status":"closed","ping_status":"closed","template":"","meta":{"_joinchat":[],"footnotes":""},"class_list":["post-9342","page","type-page","status-publish","hentry"],"_links":{"self":[{"href":"https:\/\/www.serdaroglu.com.tr\/index.php\/wp-json\/wp\/v2\/pages\/9342","targetHints":{"allow":["GET"]}}],"collection":[{"href":"https:\/\/www.serdaroglu.com.tr\/index.php\/wp-json\/wp\/v2\/pages"}],"about":[{"href":"https:\/\/www.serdaroglu.com.tr\/index.php\/wp-json\/wp\/v2\/types\/page"}],"author":[{"embeddable":true,"href":"https:\/\/www.serdaroglu.com.tr\/index.php\/wp-json\/wp\/v2\/users\/2"}],"replies":[{"embeddable":true,"href":"https:\/\/www.serdaroglu.com.tr\/index.php\/wp-json\/wp\/v2\/comments?post=9342"}],"version-history":[{"count":25,"href":"https:\/\/www.serdaroglu.com.tr\/index.php\/wp-json\/wp\/v2\/pages\/9342\/revisions"}],"predecessor-version":[{"id":9378,"href":"https:\/\/www.serdaroglu.com.tr\/index.php\/wp-json\/wp\/v2\/pages\/9342\/revisions\/9378"}],"up":[{"embeddable":true,"href":"https:\/\/www.serdaroglu.com.tr\/index.php\/wp-json\/wp\/v2\/pages\/9340"}],"wp:attachment":[{"href":"https:\/\/www.serdaroglu.com.tr\/index.php\/wp-json\/wp\/v2\/media?parent=9342"}],"curies":[{"name":"wp","href":"https:\/\/api.w.org\/{rel}","templated":true}]}}