{"id":9379,"date":"2022-12-27T14:19:05","date_gmt":"2022-12-27T14:19:05","guid":{"rendered":"https:\/\/alfayazilim.com.tr\/serdaroglu\/?page_id=9379"},"modified":"2022-12-27T14:39:39","modified_gmt":"2022-12-27T14:39:39","slug":"kollektor-gru","status":"publish","type":"page","link":"https:\/\/www.serdaroglu.com.tr\/index.php\/urunler\/isitma\/frankeishe\/kollektor-gru\/","title":{"rendered":"KOLLEKT\u00d6R GRUBU"},"content":{"rendered":"\t\t<div data-elementor-type=\"wp-page\" data-elementor-id=\"9379\" class=\"elementor elementor-9379\">\n\t\t\t\t        <section class=\"elementor-section elementor-top-section elementor-element elementor-element-6e0fe6f elementor-section-boxed elementor-section-height-default elementor-section-height-default qodef-elementor-content-no ct-header-fixed-none ct-column-none ct-row-scroll-none ct-row-gradient--none\" data-id=\"6e0fe6f\" data-element_type=\"section\">\n            \n                        <div class=\"elementor-container elementor-column-gap-default \">\n                        <\/div>\n        <\/section>\n                <section class=\"elementor-section elementor-top-section elementor-element elementor-element-e3b16f8 elementor-section-boxed elementor-section-height-default elementor-section-height-default qodef-elementor-content-no ct-header-fixed-none ct-column-none ct-row-scroll-none ct-row-gradient--none\" data-id=\"e3b16f8\" data-element_type=\"section\">\n            \n                        <div class=\"elementor-container elementor-column-gap-default \">\n                        <\/div>\n        <\/section>\n                <section class=\"elementor-section elementor-top-section elementor-element elementor-element-f25bdcd elementor-section-boxed elementor-section-height-default elementor-section-height-default qodef-elementor-content-no ct-header-fixed-none ct-column-none ct-row-scroll-none ct-row-gradient--none\" data-id=\"f25bdcd\" data-element_type=\"section\">\n            \n                        <div class=\"elementor-container elementor-column-gap-default \">\n                        <\/div>\n        <\/section>\n                <section class=\"elementor-section elementor-top-section elementor-element elementor-element-2de3471 elementor-section-boxed elementor-section-height-default elementor-section-height-default qodef-elementor-content-no ct-header-fixed-none ct-column-none ct-row-scroll-none ct-row-gradient--none\" data-id=\"2de3471\" data-element_type=\"section\">\n            \n                        <div class=\"elementor-container elementor-column-gap-default \">\n                        <\/div>\n        <\/section>\n                <section class=\"elementor-section elementor-top-section elementor-element elementor-element-d56b1dc elementor-section-boxed elementor-section-height-default elementor-section-height-default qodef-elementor-content-no ct-header-fixed-none ct-column-none ct-row-scroll-none ct-row-gradient--none\" data-id=\"d56b1dc\" data-element_type=\"section\">\n            \n                        <div class=\"elementor-container elementor-column-gap-default \">\n                        <\/div>\n        <\/section>\n                <section class=\"elementor-section elementor-top-section elementor-element elementor-element-9b8a49b elementor-section-boxed elementor-section-height-default elementor-section-height-default qodef-elementor-content-no ct-header-fixed-none ct-column-none ct-row-scroll-none ct-row-gradient--none\" data-id=\"9b8a49b\" data-element_type=\"section\">\n            \n                        <div class=\"elementor-container elementor-column-gap-default \">\n                    <div class=\"elementor-column elementor-col-25 elementor-top-column elementor-element elementor-element-65589eb ct-column-none col-offset-none col-color-offset-none\" data-id=\"65589eb\" data-element_type=\"column\">\n        <div class=\"elementor-widget-wrap elementor-element-populated\">\n                    \n        \t\t<div class=\"elementor-element elementor-element-709ebac elementor-widget elementor-widget-image\" data-id=\"709ebac\" data-element_type=\"widget\" data-widget_type=\"image.default\">\n\t\t\t\t<div class=\"elementor-widget-container\">\n\t\t\t\t\t\t\t\t\t\t\t\t\t\t\t<img fetchpriority=\"high\" decoding=\"async\" width=\"640\" height=\"558\" src=\"https:\/\/www.serdaroglu.com.tr\/wp-content\/uploads\/2022\/12\/K1-3-1024x892.jpg\" class=\"attachment-large size-large wp-image-9393\" alt=\"\" srcset=\"https:\/\/www.serdaroglu.com.tr\/wp-content\/uploads\/2022\/12\/K1-3-1024x892.jpg 1024w, https:\/\/www.serdaroglu.com.tr\/wp-content\/uploads\/2022\/12\/K1-3-300x261.jpg 300w, https:\/\/www.serdaroglu.com.tr\/wp-content\/uploads\/2022\/12\/K1-3-768x669.jpg 768w, https:\/\/www.serdaroglu.com.tr\/wp-content\/uploads\/2022\/12\/K1-3-1536x1339.jpg 1536w, https:\/\/www.serdaroglu.com.tr\/wp-content\/uploads\/2022\/12\/K1-3-61x52.jpg 61w, https:\/\/www.serdaroglu.com.tr\/wp-content\/uploads\/2022\/12\/K1-3-600x523.jpg 600w, https:\/\/www.serdaroglu.com.tr\/wp-content\/uploads\/2022\/12\/K1-3.jpg 2000w\" sizes=\"(max-width: 640px) 100vw, 640px\" \/>\t\t\t\t\t\t\t\t\t\t\t\t\t\t\t<\/div>\n\t\t\t\t<\/div>\n\t\t            <\/div>\n        <\/div>\n                <div class=\"elementor-column elementor-col-25 elementor-top-column elementor-element elementor-element-395ef47 ct-column-none col-offset-none col-color-offset-none\" data-id=\"395ef47\" data-element_type=\"column\">\n        <div class=\"elementor-widget-wrap elementor-element-populated\">\n                    \n        \t\t<div class=\"elementor-element elementor-element-6fd4006 elementor-widget elementor-widget-image\" data-id=\"6fd4006\" data-element_type=\"widget\" data-widget_type=\"image.default\">\n\t\t\t\t<div class=\"elementor-widget-container\">\n\t\t\t\t\t\t\t\t\t\t\t\t\t\t\t<img decoding=\"async\" width=\"550\" height=\"550\" src=\"https:\/\/www.serdaroglu.com.tr\/wp-content\/uploads\/2022\/12\/K2-4.jpg\" class=\"attachment-large size-large wp-image-9394\" alt=\"\" srcset=\"https:\/\/www.serdaroglu.com.tr\/wp-content\/uploads\/2022\/12\/K2-4.jpg 550w, https:\/\/www.serdaroglu.com.tr\/wp-content\/uploads\/2022\/12\/K2-4-300x300.jpg 300w, https:\/\/www.serdaroglu.com.tr\/wp-content\/uploads\/2022\/12\/K2-4-150x150.jpg 150w, https:\/\/www.serdaroglu.com.tr\/wp-content\/uploads\/2022\/12\/K2-4-90x90.jpg 90w, https:\/\/www.serdaroglu.com.tr\/wp-content\/uploads\/2022\/12\/K2-4-96x96.jpg 96w, https:\/\/www.serdaroglu.com.tr\/wp-content\/uploads\/2022\/12\/K2-4-460x460.jpg 460w\" sizes=\"(max-width: 550px) 100vw, 550px\" \/>\t\t\t\t\t\t\t\t\t\t\t\t\t\t\t<\/div>\n\t\t\t\t<\/div>\n\t\t            <\/div>\n        <\/div>\n                <div class=\"elementor-column elementor-col-25 elementor-top-column elementor-element elementor-element-c8925a3 ct-column-none col-offset-none col-color-offset-none\" data-id=\"c8925a3\" data-element_type=\"column\">\n        <div class=\"elementor-widget-wrap elementor-element-populated\">\n                    \n        \t\t<div class=\"elementor-element elementor-element-f72666b elementor-widget elementor-widget-image\" data-id=\"f72666b\" data-element_type=\"widget\" data-widget_type=\"image.default\">\n\t\t\t\t<div class=\"elementor-widget-container\">\n\t\t\t\t\t\t\t\t\t\t\t\t\t\t\t<img decoding=\"async\" width=\"280\" height=\"312\" src=\"https:\/\/www.serdaroglu.com.tr\/wp-content\/uploads\/2022\/12\/KOL2-2.jpg\" class=\"attachment-large size-large wp-image-9404\" alt=\"\" srcset=\"https:\/\/www.serdaroglu.com.tr\/wp-content\/uploads\/2022\/12\/KOL2-2.jpg 280w, https:\/\/www.serdaroglu.com.tr\/wp-content\/uploads\/2022\/12\/KOL2-2-269x300.jpg 269w\" sizes=\"(max-width: 280px) 100vw, 280px\" \/>\t\t\t\t\t\t\t\t\t\t\t\t\t\t\t<\/div>\n\t\t\t\t<\/div>\n\t\t\t\t<div class=\"elementor-element elementor-element-03c67b3 elementor-widget elementor-widget-text-editor\" data-id=\"03c67b3\" data-element_type=\"widget\" data-widget_type=\"text-editor.default\">\n\t\t\t\t<div class=\"elementor-widget-container\">\n\t\t\t\t\t\t\t\t\t<p style=\"margin: 1.8pt 0cm .0001pt 14.15pt;\"><b><span style=\"font-size: 9.0pt; mso-bidi-font-size: 11.0pt; font-family: 'Calibri',sans-serif; mso-bidi-font-family: 'Trebuchet MS'; color: #231f20; letter-spacing: -.1pt; mso-font-width: 115%;\">\u00a0 \u00a0 \u00a0 \u00a0 \u00a0 \u00a0 \u00a0S\u0131va \u00dcst\u00fc Kollekt\u00f6r Dolab\u0131<\/span><\/b><b><\/b><\/p>\t\t\t\t\t\t\t\t<\/div>\n\t\t\t\t<\/div>\n\t\t            <\/div>\n        <\/div>\n                <div class=\"elementor-column elementor-col-25 elementor-top-column elementor-element elementor-element-68d8355 ct-column-none col-offset-none col-color-offset-none\" data-id=\"68d8355\" data-element_type=\"column\">\n        <div class=\"elementor-widget-wrap elementor-element-populated\">\n                    \n        \t\t<div class=\"elementor-element elementor-element-d48ab40 elementor-widget elementor-widget-image\" data-id=\"d48ab40\" data-element_type=\"widget\" data-widget_type=\"image.default\">\n\t\t\t\t<div class=\"elementor-widget-container\">\n\t\t\t\t\t\t\t\t\t\t\t\t\t\t\t<img loading=\"lazy\" decoding=\"async\" width=\"224\" height=\"328\" src=\"https:\/\/www.serdaroglu.com.tr\/wp-content\/uploads\/2022\/12\/KOLLEKTOR-D-2.jpg\" class=\"attachment-large size-large wp-image-9405\" alt=\"\" srcset=\"https:\/\/www.serdaroglu.com.tr\/wp-content\/uploads\/2022\/12\/KOLLEKTOR-D-2.jpg 224w, https:\/\/www.serdaroglu.com.tr\/wp-content\/uploads\/2022\/12\/KOLLEKTOR-D-2-205x300.jpg 205w\" sizes=\"(max-width: 224px) 100vw, 224px\" \/>\t\t\t\t\t\t\t\t\t\t\t\t\t\t\t<\/div>\n\t\t\t\t<\/div>\n\t\t\t\t<div class=\"elementor-element elementor-element-5f69467 elementor-widget elementor-widget-text-editor\" data-id=\"5f69467\" data-element_type=\"widget\" data-widget_type=\"text-editor.default\">\n\t\t\t\t<div class=\"elementor-widget-container\">\n\t\t\t\t\t\t\t\t\t<p style=\"margin: 2.45pt 0cm .0001pt 1.05pt;\"><b><span style=\"font-size: 9.0pt; mso-bidi-font-size: 11.0pt; font-family: 'Calibri',sans-serif; mso-bidi-font-family: 'Trebuchet MS'; color: #231f20; mso-font-width: 115%;\">\u00a0 \u00a0 \u00a0 \u00a0 \u00a0 \u00a0S\u0131va Alt\u0131 Kollekt\u00f6r <span style=\"letter-spacing: -.1pt;\">Dolab\u0131<\/span><\/span><\/b><b><\/b><\/p>\t\t\t\t\t\t\t\t<\/div>\n\t\t\t\t<\/div>\n\t\t            <\/div>\n        <\/div>\n                    <\/div>\n        <\/section>\n                <section class=\"elementor-section elementor-top-section elementor-element elementor-element-ff84207 elementor-section-boxed elementor-section-height-default elementor-section-height-default qodef-elementor-content-no ct-header-fixed-none ct-column-none ct-row-scroll-none ct-row-gradient--none\" data-id=\"ff84207\" data-element_type=\"section\">\n            \n                        <div class=\"elementor-container elementor-column-gap-default \">\n                    <div class=\"elementor-column elementor-col-100 elementor-top-column elementor-element elementor-element-89413bd ct-column-none col-offset-none col-color-offset-none\" data-id=\"89413bd\" data-element_type=\"column\">\n        <div class=\"elementor-widget-wrap elementor-element-populated\">\n                    \n        \t\t<div class=\"elementor-element elementor-element-90279ff elementor-widget elementor-widget-text-editor\" data-id=\"90279ff\" data-element_type=\"widget\" data-widget_type=\"text-editor.default\">\n\t\t\t\t<div class=\"elementor-widget-container\">\n\t\t\t\t\t\t\t\t\t<table><tbody><tr><td width=\"207\"><p><strong>Tip<\/strong><\/p><\/td><td width=\"227\"><p><strong>Otomatik debi limitlemeli<\/strong><\/p><\/td><td width=\"200\"><p><strong>Debimetre<\/strong><\/p><\/td><td width=\"159\"><p><strong>Reglaj vanas\u0131<\/strong><\/p><\/td><\/tr><tr><td width=\"207\"><p><strong>Malzeme:<\/strong><\/p><\/td><td width=\"227\"><p>Paslanmaz \u00e7elik (1.4301)<\/p><\/td><td width=\"200\"><p>Paslanmaz \u00e7elik (1.4301)<\/p><\/td><td width=\"159\"><p>\u00a0<\/p><\/td><\/tr><tr><td width=\"207\"><p><strong>Azami i\u015fletim bas\u0131nc\u0131 (bar):<\/strong><\/p><\/td><td width=\"227\"><p>10 bar<\/p><\/td><td width=\"200\"><p>6 bar *)<\/p><\/td><td width=\"159\"><p>\u00a0<\/p><\/td><\/tr><tr><td width=\"207\"><p><strong>Azami i\u015fletim s\u0131cakl\u0131\u011f\u0131 (\u00b0C):<\/strong><\/p><\/td><td width=\"227\"><p>70\u00b0C<\/p><\/td><td width=\"200\"><p>70\u00b0C<\/p><\/td><td width=\"159\"><p>\u00a0<\/p><\/td><\/tr><tr><td width=\"207\"><p><strong>Toplam k\u00fctle debisi:<\/strong><\/p><\/td><td width=\"227\"><p>3.000 l\/h<\/p><\/td><td width=\"200\"><p>2.500 l\/h<\/p><\/td><td width=\"159\"><p>3.000 l\/h<\/p><\/td><\/tr><tr><td width=\"207\"><p><strong>Gidi\u015f bar\u0131:<\/strong><\/p><\/td><td width=\"227\"><p>Otomatik debi ayar \u00e7ekirdekleri<\/p><\/td><td width=\"200\"><p>Ayarlanabilir debi g\u00f6stergesi<\/p><\/td><td width=\"159\"><p>Reglaj vanas\u0131<\/p><\/td><\/tr><tr><td width=\"207\"><p>\u00a0<\/p><\/td><td width=\"227\"><p>0.5 &#8211; 5 l\/min.<\/p><\/td><td width=\"200\"><p>0.5 &#8211; 5 l\/min.<\/p><\/td><td width=\"159\"><p>Kvs=2.88 m3\/h<\/p><\/td><\/tr><tr><td width=\"207\"><p><strong>D\u00f6n\u00fc\u015f <\/strong><strong>bar\u0131:<\/strong><\/p><\/td><td width=\"227\"><p>Entegre akt\u00fcat\u00f6r ba\u015fl\u0131klar\u0131<\/p><\/td><td width=\"200\"><p>Entegre akt\u00fcat\u00f6r ba\u015fl\u0131klar\u0131<\/p><\/td><td width=\"159\"><p>\u00a0<\/p><\/td><\/tr><tr><td width=\"207\"><p>\u00a0<\/p><\/td><td width=\"227\"><p>M30 x 1.5<\/p><\/td><td width=\"200\"><p>M30 x 1.5<\/p><\/td><td width=\"159\"><p>\u00a0<\/p><\/td><\/tr><tr><td width=\"207\"><p><strong>Ak\u0131\u015fkan:<\/strong><\/p><\/td><td width=\"227\"><p>VDI 2035 uyar\u0131nca \u0131s\u0131tma suyu<\/p><\/td><td width=\"200\"><p>VDI 2035 uyar\u0131nca \u0131s\u0131tma suyu<\/p><\/td><td width=\"159\"><p>\u00a0<\/p><\/td><\/tr><tr><td width=\"207\"><p><strong>A\u011f\u0131z say\u0131s\u0131:<\/strong><\/p><\/td><td width=\"227\"><p>2 \u2013 12<\/p><\/td><td width=\"200\"><p>2 &#8211; 12<\/p><\/td><td width=\"159\"><p>\u00a0<\/p><\/td><\/tr><tr><td width=\"207\"><p><strong>Kolekt\u00f6r<\/strong><strong> ba\u011flant\u0131s\u0131:<\/strong><\/p><\/td><td width=\"227\"><p>1\u201c i\u015f di\u015fli rakorlu<\/p><\/td><td width=\"200\"><p>1\u201c i\u015f di\u015fli rakorlu<\/p><\/td><td width=\"159\"><p>\u00a0<\/p><\/td><\/tr><\/tbody><\/table>\t\t\t\t\t\t\t\t<\/div>\n\t\t\t\t<\/div>\n\t\t            <\/div>\n        <\/div>\n                    <\/div>\n        <\/section>\n                <section class=\"elementor-section elementor-top-section elementor-element elementor-element-868980e elementor-section-boxed elementor-section-height-default elementor-section-height-default qodef-elementor-content-no ct-header-fixed-none ct-column-none ct-row-scroll-none ct-row-gradient--none\" data-id=\"868980e\" data-element_type=\"section\">\n            \n                        <div class=\"elementor-container elementor-column-gap-default \">\n                        <\/div>\n        <\/section>\n                <section class=\"elementor-section elementor-top-section elementor-element elementor-element-c165fe0 elementor-section-boxed elementor-section-height-default elementor-section-height-default qodef-elementor-content-no ct-header-fixed-none ct-column-none ct-row-scroll-none ct-row-gradient--none\" data-id=\"c165fe0\" data-element_type=\"section\">\n            \n                        <div class=\"elementor-container elementor-column-gap-default \">\n                        <\/div>\n        <\/section>\n                <section class=\"elementor-section elementor-top-section elementor-element elementor-element-e083843 elementor-section-boxed elementor-section-height-default elementor-section-height-default qodef-elementor-content-no ct-header-fixed-none ct-column-none ct-row-scroll-none ct-row-gradient--none\" data-id=\"e083843\" data-element_type=\"section\">\n            \n                        <div class=\"elementor-container elementor-column-gap-default \">\n                        <\/div>\n        <\/section>\n                <section class=\"elementor-section elementor-top-section elementor-element elementor-element-486aa57 elementor-section-boxed elementor-section-height-default elementor-section-height-default qodef-elementor-content-no ct-header-fixed-none ct-column-none ct-row-scroll-none ct-row-gradient--none\" data-id=\"486aa57\" data-element_type=\"section\">\n            \n                        <div class=\"elementor-container elementor-column-gap-default \">\n                        <\/div>\n        <\/section>\n                <section class=\"elementor-section elementor-top-section elementor-element elementor-element-bbbd17e elementor-section-boxed elementor-section-height-default elementor-section-height-default qodef-elementor-content-no ct-header-fixed-none ct-column-none ct-row-scroll-none ct-row-gradient--none\" data-id=\"bbbd17e\" data-element_type=\"section\">\n            \n                        <div class=\"elementor-container elementor-column-gap-default \">\n                        <\/div>\n        <\/section>\n                <section class=\"elementor-section elementor-top-section elementor-element elementor-element-1e2e21b elementor-section-boxed elementor-section-height-default elementor-section-height-default qodef-elementor-content-no ct-header-fixed-none ct-column-none ct-row-scroll-none ct-row-gradient--none\" data-id=\"1e2e21b\" data-element_type=\"section\">\n            \n                        <div class=\"elementor-container elementor-column-gap-default \">\n                        <\/div>\n        <\/section>\n                <section class=\"elementor-section elementor-top-section elementor-element elementor-element-5071687 elementor-section-boxed elementor-section-height-default elementor-section-height-default qodef-elementor-content-no ct-header-fixed-none ct-column-none ct-row-scroll-none ct-row-gradient--none\" data-id=\"5071687\" data-element_type=\"section\">\n            \n                        <div class=\"elementor-container elementor-column-gap-default \">\n                        <\/div>\n        <\/section>\n                <section class=\"elementor-section elementor-top-section elementor-element elementor-element-860bf99 elementor-section-boxed elementor-section-height-default elementor-section-height-default qodef-elementor-content-no ct-header-fixed-none ct-column-none ct-row-scroll-none ct-row-gradient--none\" data-id=\"860bf99\" data-element_type=\"section\">\n            \n                        <div class=\"elementor-container elementor-column-gap-default \">\n                        <\/div>\n        <\/section>\n                <section class=\"elementor-section elementor-top-section elementor-element elementor-element-2ef76bd elementor-section-boxed elementor-section-height-default elementor-section-height-default qodef-elementor-content-no ct-header-fixed-none ct-column-none ct-row-scroll-none ct-row-gradient--none\" data-id=\"2ef76bd\" data-element_type=\"section\">\n            \n                        <div class=\"elementor-container elementor-column-gap-default \">\n                        <\/div>\n        <\/section>\n                <section class=\"elementor-section elementor-top-section elementor-element elementor-element-b1c556d elementor-section-boxed elementor-section-height-default elementor-section-height-default qodef-elementor-content-no ct-header-fixed-none ct-column-none ct-row-scroll-none ct-row-gradient--none\" data-id=\"b1c556d\" data-element_type=\"section\">\n            \n                        <div class=\"elementor-container elementor-column-gap-default \">\n                        <\/div>\n        <\/section>\n        \t\t<\/div>\n\t\t","protected":false},"excerpt":{"rendered":"<p>\u00a0 \u00a0 \u00a0 \u00a0 \u00a0 \u00a0 \u00a0S\u0131va \u00dcst\u00fc Kollekt\u00f6r Dolab\u0131 \u00a0 \u00a0 \u00a0 \u00a0 \u00a0 \u00a0S\u0131va Alt\u0131 Kollekt\u00f6r Dolab\u0131 Tip Otomatik debi limitlemeli Debimetre Reglaj vanas\u0131 Malzeme: Paslanmaz \u00e7elik (1.4301) Paslanmaz \u00e7elik (1.4301) Azami i\u015fletim bas\u0131nc\u0131 (bar): 10 bar 6 bar *) Azami i\u015fletim s\u0131cakl\u0131\u011f\u0131 (\u00b0C): 70\u00b0C 70\u00b0C Toplam k\u00fctle debisi: 3.000 l\/h 2.500 l\/h [&hellip;]<\/p>\n","protected":false},"author":2,"featured_media":0,"parent":9340,"menu_order":0,"comment_status":"closed","ping_status":"closed","template":"","meta":{"_joinchat":[],"footnotes":""},"class_list":["post-9379","page","type-page","status-publish","hentry"],"_links":{"self":[{"href":"https:\/\/www.serdaroglu.com.tr\/index.php\/wp-json\/wp\/v2\/pages\/9379","targetHints":{"allow":["GET"]}}],"collection":[{"href":"https:\/\/www.serdaroglu.com.tr\/index.php\/wp-json\/wp\/v2\/pages"}],"about":[{"href":"https:\/\/www.serdaroglu.com.tr\/index.php\/wp-json\/wp\/v2\/types\/page"}],"author":[{"embeddable":true,"href":"https:\/\/www.serdaroglu.com.tr\/index.php\/wp-json\/wp\/v2\/users\/2"}],"replies":[{"embeddable":true,"href":"https:\/\/www.serdaroglu.com.tr\/index.php\/wp-json\/wp\/v2\/comments?post=9379"}],"version-history":[{"count":14,"href":"https:\/\/www.serdaroglu.com.tr\/index.php\/wp-json\/wp\/v2\/pages\/9379\/revisions"}],"predecessor-version":[{"id":9409,"href":"https:\/\/www.serdaroglu.com.tr\/index.php\/wp-json\/wp\/v2\/pages\/9379\/revisions\/9409"}],"up":[{"embeddable":true,"href":"https:\/\/www.serdaroglu.com.tr\/index.php\/wp-json\/wp\/v2\/pages\/9340"}],"wp:attachment":[{"href":"https:\/\/www.serdaroglu.com.tr\/index.php\/wp-json\/wp\/v2\/media?parent=9379"}],"curies":[{"name":"wp","href":"https:\/\/api.w.org\/{rel}","templated":true}]}}