{"id":9410,"date":"2022-12-27T14:40:34","date_gmt":"2022-12-27T14:40:34","guid":{"rendered":"https:\/\/alfayazilim.com.tr\/serdaroglu\/?page_id=9410"},"modified":"2022-12-27T14:59:10","modified_gmt":"2022-12-27T14:59:10","slug":"otomosyon","status":"publish","type":"page","link":"https:\/\/www.serdaroglu.com.tr\/index.php\/urunler\/isitma\/frankeishe\/otomosyon\/","title":{"rendered":"OTOMOSYON"},"content":{"rendered":"\t\t<div data-elementor-type=\"wp-page\" data-elementor-id=\"9410\" class=\"elementor elementor-9410\">\n\t\t\t\t        <section class=\"elementor-section elementor-top-section elementor-element elementor-element-89e819d elementor-section-boxed elementor-section-height-default elementor-section-height-default qodef-elementor-content-no ct-header-fixed-none ct-column-none ct-row-scroll-none ct-row-gradient--none\" data-id=\"89e819d\" data-element_type=\"section\">\n            \n                        <div class=\"elementor-container elementor-column-gap-default \">\n                    <div class=\"elementor-column elementor-col-100 elementor-top-column elementor-element elementor-element-88ffd44 ct-column-none col-offset-none col-color-offset-none\" data-id=\"88ffd44\" data-element_type=\"column\">\n        <div class=\"elementor-widget-wrap elementor-element-populated\">\n                    \n        \t\t<div class=\"elementor-element elementor-element-1e0f1f4 elementor-widget elementor-widget-text-editor\" data-id=\"1e0f1f4\" data-element_type=\"widget\" data-widget_type=\"text-editor.default\">\n\t\t\t\t<div class=\"elementor-widget-container\">\n\t\t\t\t\t\t\t\t\t<p>OTOMASYON GRUBU<\/p>\t\t\t\t\t\t\t\t<\/div>\n\t\t\t\t<\/div>\n\t\t            <\/div>\n        <\/div>\n                    <\/div>\n        <\/section>\n                <section class=\"elementor-section elementor-top-section elementor-element elementor-element-930a2d8 elementor-section-boxed elementor-section-height-default elementor-section-height-default qodef-elementor-content-no ct-header-fixed-none ct-column-none ct-row-scroll-none ct-row-gradient--none\" data-id=\"930a2d8\" data-element_type=\"section\">\n            \n                        <div class=\"elementor-container elementor-column-gap-default \">\n                    <div class=\"elementor-column elementor-col-20 elementor-top-column elementor-element elementor-element-1dfcb6d ct-column-none col-offset-none col-color-offset-none\" data-id=\"1dfcb6d\" data-element_type=\"column\">\n        <div class=\"elementor-widget-wrap elementor-element-populated\">\n                    \n        \t\t<div class=\"elementor-element elementor-element-1124c40 elementor-widget elementor-widget-image\" data-id=\"1124c40\" data-element_type=\"widget\" data-widget_type=\"image.default\">\n\t\t\t\t<div class=\"elementor-widget-container\">\n\t\t\t\t\t\t\t\t\t\t\t\t\t\t\t<img fetchpriority=\"high\" decoding=\"async\" width=\"375\" height=\"375\" src=\"https:\/\/www.serdaroglu.com.tr\/wp-content\/uploads\/2022\/12\/ODA-TER.jpg\" class=\"attachment-large size-large wp-image-9413\" alt=\"\" srcset=\"https:\/\/www.serdaroglu.com.tr\/wp-content\/uploads\/2022\/12\/ODA-TER.jpg 375w, https:\/\/www.serdaroglu.com.tr\/wp-content\/uploads\/2022\/12\/ODA-TER-300x300.jpg 300w, https:\/\/www.serdaroglu.com.tr\/wp-content\/uploads\/2022\/12\/ODA-TER-150x150.jpg 150w, https:\/\/www.serdaroglu.com.tr\/wp-content\/uploads\/2022\/12\/ODA-TER-90x90.jpg 90w, https:\/\/www.serdaroglu.com.tr\/wp-content\/uploads\/2022\/12\/ODA-TER-96x96.jpg 96w\" sizes=\"(max-width: 375px) 100vw, 375px\" \/>\t\t\t\t\t\t\t\t\t\t\t\t\t\t\t<\/div>\n\t\t\t\t<\/div>\n\t\t\t\t<div class=\"elementor-element elementor-element-7b0d1b7 elementor-widget elementor-widget-text-editor\" data-id=\"7b0d1b7\" data-element_type=\"widget\" data-widget_type=\"text-editor.default\">\n\t\t\t\t<div class=\"elementor-widget-container\">\n\t\t\t\t\t\t\t\t\t<p style=\"margin: 1.6pt 0cm .0001pt 15.7pt;\"><b><span style=\"font-size: 10.0pt; mso-bidi-font-size: 11.0pt; font-family: 'Calibri',sans-serif; mso-bidi-font-family: 'Trebuchet MS'; color: #231f20; mso-font-width: 110%;\">\u00a0 \u00a0 Dijital Oda <span style=\"letter-spacing: -.1pt;\">Termostat\u0131<\/span><\/span><\/b><b><\/b><\/p>\t\t\t\t\t\t\t\t<\/div>\n\t\t\t\t<\/div>\n\t\t            <\/div>\n        <\/div>\n                <div class=\"elementor-column elementor-col-20 elementor-top-column elementor-element elementor-element-6a7e1a8 ct-column-none col-offset-none col-color-offset-none\" data-id=\"6a7e1a8\" data-element_type=\"column\">\n        <div class=\"elementor-widget-wrap elementor-element-populated\">\n                    \n        \t\t<div class=\"elementor-element elementor-element-ff75041 elementor-widget elementor-widget-image\" data-id=\"ff75041\" data-element_type=\"widget\" data-widget_type=\"image.default\">\n\t\t\t\t<div class=\"elementor-widget-container\">\n\t\t\t\t\t\t\t\t\t\t\t\t\t\t\t<img decoding=\"async\" width=\"211\" height=\"239\" src=\"https:\/\/www.serdaroglu.com.tr\/wp-content\/uploads\/2022\/12\/indir.jpg\" class=\"attachment-large size-large wp-image-9414\" alt=\"\" \/>\t\t\t\t\t\t\t\t\t\t\t\t\t\t\t<\/div>\n\t\t\t\t<\/div>\n\t\t\t\t<div class=\"elementor-element elementor-element-60ce116 elementor-widget elementor-widget-text-editor\" data-id=\"60ce116\" data-element_type=\"widget\" data-widget_type=\"text-editor.default\">\n\t\t\t\t<div class=\"elementor-widget-container\">\n\t\t\t\t\t\t\t\t\t<p style=\"margin: 2.45pt 0cm .0001pt 15.25pt;\"><b><span style=\"font-size: 9.0pt; mso-bidi-font-size: 11.0pt; font-family: 'Calibri',sans-serif; mso-bidi-font-family: 'Trebuchet MS'; color: #231f20; mso-font-width: 115%;\">\u00a0 \u00a0Analog Oda <span style=\"letter-spacing: -.1pt;\">Termostat\u0131<\/span><\/span><\/b><b><\/b><\/p>\t\t\t\t\t\t\t\t<\/div>\n\t\t\t\t<\/div>\n\t\t            <\/div>\n        <\/div>\n                <div class=\"elementor-column elementor-col-20 elementor-top-column elementor-element elementor-element-d9e5f12 ct-column-none col-offset-none col-color-offset-none\" data-id=\"d9e5f12\" data-element_type=\"column\">\n        <div class=\"elementor-widget-wrap elementor-element-populated\">\n                    \n        \t\t<div class=\"elementor-element elementor-element-6a2a703 elementor-widget elementor-widget-image\" data-id=\"6a2a703\" data-element_type=\"widget\" data-widget_type=\"image.default\">\n\t\t\t\t<div class=\"elementor-widget-container\">\n\t\t\t\t\t\t\t\t\t\t\t\t\t\t\t<img decoding=\"async\" width=\"375\" height=\"375\" src=\"https:\/\/www.serdaroglu.com.tr\/wp-content\/uploads\/2022\/12\/10215551959090.jpg\" class=\"attachment-large size-large wp-image-9415\" alt=\"\" srcset=\"https:\/\/www.serdaroglu.com.tr\/wp-content\/uploads\/2022\/12\/10215551959090.jpg 375w, https:\/\/www.serdaroglu.com.tr\/wp-content\/uploads\/2022\/12\/10215551959090-300x300.jpg 300w, https:\/\/www.serdaroglu.com.tr\/wp-content\/uploads\/2022\/12\/10215551959090-150x150.jpg 150w, https:\/\/www.serdaroglu.com.tr\/wp-content\/uploads\/2022\/12\/10215551959090-90x90.jpg 90w, https:\/\/www.serdaroglu.com.tr\/wp-content\/uploads\/2022\/12\/10215551959090-96x96.jpg 96w\" sizes=\"(max-width: 375px) 100vw, 375px\" \/>\t\t\t\t\t\t\t\t\t\t\t\t\t\t\t<\/div>\n\t\t\t\t<\/div>\n\t\t\t\t<div class=\"elementor-element elementor-element-e465c9c elementor-widget elementor-widget-text-editor\" data-id=\"e465c9c\" data-element_type=\"widget\" data-widget_type=\"text-editor.default\">\n\t\t\t\t<div class=\"elementor-widget-container\">\n\t\t\t\t\t\t\t\t\t<p style=\"text-align: left; \"><span style=\"text-align: center;\">&nbsp; &nbsp; &nbsp; &nbsp; &nbsp; &nbsp; &nbsp; &nbsp; &nbsp; &nbsp; &nbsp;<span style=\"color: rgb(35, 31, 32); font-family: Calibri, sans-serif; letter-spacing: -0.1pt; font-weight: bold; font-size: 10pt;\">Akt\u00fcat\u00f6r<\/span><\/span><\/p><p align=\"center\" style=\"margin-top:1.25pt;margin-right:46.95pt;\nmargin-bottom:0cm;margin-left:51.0pt;margin-bottom:.0001pt;text-align:center\"><b><span style=\"font-size:10.0pt;mso-bidi-font-size:\n11.0pt;font-family:&quot;Calibri&quot;,sans-serif;mso-bidi-font-family:&quot;Trebuchet MS&quot;;\ncolor:black\"><o:p><\/o:p><\/span><\/b><\/p>\t\t\t\t\t\t\t\t<\/div>\n\t\t\t\t<\/div>\n\t\t            <\/div>\n        <\/div>\n                <div class=\"elementor-column elementor-col-20 elementor-top-column elementor-element elementor-element-2ac1fee ct-column-none col-offset-none col-color-offset-none\" data-id=\"2ac1fee\" data-element_type=\"column\">\n        <div class=\"elementor-widget-wrap elementor-element-populated\">\n                    \n        \t\t<div class=\"elementor-element elementor-element-4742b30 elementor-widget elementor-widget-image\" data-id=\"4742b30\" data-element_type=\"widget\" data-widget_type=\"image.default\">\n\t\t\t\t<div class=\"elementor-widget-container\">\n\t\t\t\t\t\t\t\t\t\t\t\t\t\t\t<img loading=\"lazy\" decoding=\"async\" width=\"323\" height=\"367\" src=\"https:\/\/www.serdaroglu.com.tr\/wp-content\/uploads\/2022\/12\/profitherm-Terminal-kutusu-BUS.jpg\" class=\"attachment-large size-large wp-image-9416\" alt=\"\" srcset=\"https:\/\/www.serdaroglu.com.tr\/wp-content\/uploads\/2022\/12\/profitherm-Terminal-kutusu-BUS.jpg 323w, https:\/\/www.serdaroglu.com.tr\/wp-content\/uploads\/2022\/12\/profitherm-Terminal-kutusu-BUS-264x300.jpg 264w, https:\/\/www.serdaroglu.com.tr\/wp-content\/uploads\/2022\/12\/profitherm-Terminal-kutusu-BUS-250x285.jpg 250w\" sizes=\"(max-width: 323px) 100vw, 323px\" \/>\t\t\t\t\t\t\t\t\t\t\t\t\t\t\t<\/div>\n\t\t\t\t<\/div>\n\t\t\t\t<div class=\"elementor-element elementor-element-e2e4f61 elementor-widget elementor-widget-text-editor\" data-id=\"e2e4f61\" data-element_type=\"widget\" data-widget_type=\"text-editor.default\">\n\t\t\t\t<div class=\"elementor-widget-container\">\n\t\t\t\t\t\t\t\t\t<p class=\"MsoNormal\" style=\"margin: 2.25pt 0cm .0001pt 27.9pt;\"><b><span style=\"font-size: 10.0pt; mso-bidi-font-size: 11.0pt; font-family: 'Calibri',sans-serif; mso-hansi-font-family: 'Trebuchet MS'; mso-bidi-font-family: 'Trebuchet MS'; color: #231f20; letter-spacing: -.1pt; mso-font-width: 110%;\">Terminal<\/span><\/b><b><span style=\"font-size: 10.0pt; mso-bidi-font-size: 11.0pt; font-family: 'Calibri',sans-serif; mso-hansi-font-family: 'Trebuchet MS'; mso-bidi-font-family: 'Trebuchet MS'; color: #231f20; mso-font-width: 110%;\"> <span style=\"letter-spacing: -.1pt;\">Kutusu<\/span><\/span><\/b><b><\/b><\/p>\t\t\t\t\t\t\t\t<\/div>\n\t\t\t\t<\/div>\n\t\t            <\/div>\n        <\/div>\n                <div class=\"elementor-column elementor-col-20 elementor-top-column elementor-element elementor-element-2515a3a ct-column-none col-offset-none col-color-offset-none\" data-id=\"2515a3a\" data-element_type=\"column\">\n        <div class=\"elementor-widget-wrap elementor-element-populated\">\n                    \n        \t\t<div class=\"elementor-element elementor-element-511890e elementor-widget elementor-widget-image\" data-id=\"511890e\" data-element_type=\"widget\" data-widget_type=\"image.default\">\n\t\t\t\t<div class=\"elementor-widget-container\">\n\t\t\t\t\t\t\t\t\t\t\t\t\t\t\t<img loading=\"lazy\" decoding=\"async\" width=\"250\" height=\"201\" src=\"https:\/\/www.serdaroglu.com.tr\/wp-content\/uploads\/2022\/12\/indir-1.jpg\" class=\"attachment-large size-large wp-image-9417\" alt=\"\" \/>\t\t\t\t\t\t\t\t\t\t\t\t\t\t\t<\/div>\n\t\t\t\t<\/div>\n\t\t\t\t<div class=\"elementor-element elementor-element-e609391 elementor-widget elementor-widget-text-editor\" data-id=\"e609391\" data-element_type=\"widget\" data-widget_type=\"text-editor.default\">\n\t\t\t\t<div class=\"elementor-widget-container\">\n\t\t\t\t\t\t\t\t\t<p style=\"margin: 1.8pt 0cm .0001pt 14.75pt;\"><b><span style=\"font-size: 10.0pt; mso-bidi-font-size: 11.0pt; font-family: 'Calibri',sans-serif; mso-bidi-font-family: 'Trebuchet MS'; color: #231f20; mso-font-width: 115%;\">\u00a0 \u00a0 \u00a0 \u00a0 \u00a0 \u00a0 \u00a0 \u00a0 \u00a0 \u00a0 \u00a0 \u00a0 Sabit De\u011fer Ayar <span style=\"letter-spacing: -.2pt;\">Seti<\/span><\/span><\/b><b><\/b><\/p>\t\t\t\t\t\t\t\t<\/div>\n\t\t\t\t<\/div>\n\t\t            <\/div>\n        <\/div>\n                    <\/div>\n        <\/section>\n        \t\t<\/div>\n\t\t","protected":false},"excerpt":{"rendered":"<p>OTOMASYON GRUBU \u00a0 \u00a0 Dijital Oda Termostat\u0131 \u00a0 \u00a0Analog Oda Termostat\u0131 &nbsp; &nbsp; &nbsp; &nbsp; &nbsp; &nbsp; &nbsp; &nbsp; &nbsp; &nbsp; &nbsp;Akt\u00fcat\u00f6r Terminal Kutusu \u00a0 \u00a0 \u00a0 \u00a0 \u00a0 \u00a0 \u00a0 \u00a0 \u00a0 \u00a0 \u00a0 \u00a0 Sabit De\u011fer Ayar Seti<\/p>\n","protected":false},"author":2,"featured_media":0,"parent":9340,"menu_order":0,"comment_status":"closed","ping_status":"closed","template":"","meta":{"_joinchat":[],"footnotes":""},"class_list":["post-9410","page","type-page","status-publish","hentry"],"_links":{"self":[{"href":"https:\/\/www.serdaroglu.com.tr\/index.php\/wp-json\/wp\/v2\/pages\/9410","targetHints":{"allow":["GET"]}}],"collection":[{"href":"https:\/\/www.serdaroglu.com.tr\/index.php\/wp-json\/wp\/v2\/pages"}],"about":[{"href":"https:\/\/www.serdaroglu.com.tr\/index.php\/wp-json\/wp\/v2\/types\/page"}],"author":[{"embeddable":true,"href":"https:\/\/www.serdaroglu.com.tr\/index.php\/wp-json\/wp\/v2\/users\/2"}],"replies":[{"embeddable":true,"href":"https:\/\/www.serdaroglu.com.tr\/index.php\/wp-json\/wp\/v2\/comments?post=9410"}],"version-history":[{"count":10,"href":"https:\/\/www.serdaroglu.com.tr\/index.php\/wp-json\/wp\/v2\/pages\/9410\/revisions"}],"predecessor-version":[{"id":9426,"href":"https:\/\/www.serdaroglu.com.tr\/index.php\/wp-json\/wp\/v2\/pages\/9410\/revisions\/9426"}],"up":[{"embeddable":true,"href":"https:\/\/www.serdaroglu.com.tr\/index.php\/wp-json\/wp\/v2\/pages\/9340"}],"wp:attachment":[{"href":"https:\/\/www.serdaroglu.com.tr\/index.php\/wp-json\/wp\/v2\/media?parent=9410"}],"curies":[{"name":"wp","href":"https:\/\/api.w.org\/{rel}","templated":true}]}}