{"id":9440,"date":"2022-12-28T10:23:09","date_gmt":"2022-12-28T10:23:09","guid":{"rendered":"https:\/\/alfayazilim.com.tr\/serdaroglu\/?page_id=9440"},"modified":"2022-12-29T15:21:02","modified_gmt":"2022-12-29T15:21:02","slug":"toshiba","status":"publish","type":"page","link":"https:\/\/www.serdaroglu.com.tr\/index.php\/urunler\/iklimlendirme\/toshiba\/","title":{"rendered":"TOSH\u0130BA"},"content":{"rendered":"<div class=\"pt-cv-wrapper\"><div class=\"pt-cv-view pt-cv-grid pt-cv-colsys\" id=\"pt-cv-view-f64a82bqtn\"><div data-id=\"pt-cv-page-1\" class=\"pt-cv-page\" data-cvc=\"4\"><div class=\"col-md-3 col-sm-6 col-xs-12 pt-cv-content-item pt-cv-1-col\"  data-pid=\"9442\"><div class='pt-cv-ifield'><a href=\"https:\/\/www.serdaroglu.com.tr\/index.php\/urunler\/iklimlendirme\/toshiba\/duvar-tipi-klima\/\" class=\"_self pt-cv-href-thumbnail pt-cv-thumb-default cvplbd cvp-responsive-image img-thumbnail\" target=\"_self\" data-iw=\"250\" data-ih=\"285\"><img decoding=\"async\" width=\"250\" src=\"https:\/\/alfayazilim.com.tr\/serdaroglu\/wp-content\/uploads\/2022\/12\/SEIYA-1024x326.jpg\" class=\"pt-cv-thumbnail img-thumbnail cvp-substitute no-lazyload \" alt=\"DUVAR T\u0130P\u0130 KL\u0130MA\" title=\"\" \/><\/a>\n<h4 class=\"pt-cv-title\"><a href=\"https:\/\/www.serdaroglu.com.tr\/index.php\/urunler\/iklimlendirme\/toshiba\/duvar-tipi-klima\/\" class=\"_self cvplbd\" target=\"_self\" data-iw=\"250\" data-ih=\"285\">DUVAR T\u0130P\u0130 KL\u0130MA<\/a><\/h4><\/div><\/div>\n<div class=\"col-md-3 col-sm-6 col-xs-12 pt-cv-content-item pt-cv-1-col\"  data-pid=\"9455\"><div class='pt-cv-ifield'><a href=\"https:\/\/www.serdaroglu.com.tr\/index.php\/urunler\/iklimlendirme\/toshiba\/multi-split-klima\/\" class=\"_self pt-cv-href-thumbnail pt-cv-thumb-default cvplbd cvp-responsive-image img-thumbnail\" target=\"_self\" data-iw=\"250\" data-ih=\"285\"><img decoding=\"async\" width=\"250\" src=\"https:\/\/alfayazilim.com.tr\/serdaroglu\/wp-content\/uploads\/2022\/12\/KLIMA-947x1024.jpeg\" class=\"pt-cv-thumbnail img-thumbnail cvp-substitute no-lazyload \" alt=\"MULTI SPLIT KL\u0130MA\" title=\"\" \/><\/a>\n<h4 class=\"pt-cv-title\"><a href=\"https:\/\/www.serdaroglu.com.tr\/index.php\/urunler\/iklimlendirme\/toshiba\/multi-split-klima\/\" class=\"_self cvplbd\" target=\"_self\" data-iw=\"250\" data-ih=\"285\">MULTI SPLIT KL\u0130MA<\/a><\/h4><\/div><\/div>\n<div class=\"col-md-3 col-sm-6 col-xs-12 pt-cv-content-item pt-cv-1-col\"  data-pid=\"9493\"><div class='pt-cv-ifield'><a href=\"https:\/\/www.serdaroglu.com.tr\/index.php\/urunler\/iklimlendirme\/toshiba\/ticari-klimalar\/\" class=\"_self pt-cv-href-thumbnail pt-cv-thumb-default cvplbd cvp-responsive-image img-thumbnail\" target=\"_self\" data-iw=\"250\" data-ih=\"285\"><img decoding=\"async\" width=\"250\" src=\"https:\/\/alfayazilim.com.tr\/serdaroglu\/wp-content\/uploads\/2022\/12\/K-KASET-TIPI.jpg\" class=\"pt-cv-thumbnail img-thumbnail cvp-substitute no-lazyload \" alt=\"T\u0130CAR\u0130 KL\u0130MALAR\" title=\"\" \/><\/a>\n<h4 class=\"pt-cv-title\"><a href=\"https:\/\/www.serdaroglu.com.tr\/index.php\/urunler\/iklimlendirme\/toshiba\/ticari-klimalar\/\" class=\"_self cvplbd\" target=\"_self\" data-iw=\"250\" data-ih=\"285\">T\u0130CAR\u0130 KL\u0130MALAR<\/a><\/h4><\/div><\/div>\n<div class=\"col-md-3 col-sm-6 col-xs-12 pt-cv-content-item pt-cv-1-col\"  data-pid=\"9512\"><div class='pt-cv-ifield'><a href=\"https:\/\/www.serdaroglu.com.tr\/index.php\/urunler\/iklimlendirme\/toshiba\/vrf-sistemleri\/\" class=\"_self pt-cv-href-thumbnail pt-cv-thumb-default cvplbd cvp-responsive-image img-thumbnail\" target=\"_self\" data-iw=\"250\" data-ih=\"285\"><img decoding=\"async\" width=\"250\" src=\"https:\/\/alfayazilim.com.tr\/serdaroglu\/wp-content\/uploads\/2022\/12\/vrf-1.png\" class=\"pt-cv-thumbnail img-thumbnail cvp-substitute no-lazyload \" alt=\"VRF S\u0130STEMLER\u0130\" title=\"\" \/><\/a>\n<h4 class=\"pt-cv-title\"><a href=\"https:\/\/www.serdaroglu.com.tr\/index.php\/urunler\/iklimlendirme\/toshiba\/vrf-sistemleri\/\" class=\"_self cvplbd\" target=\"_self\" data-iw=\"250\" data-ih=\"285\">VRF S\u0130STEMLER\u0130<\/a><\/h4><\/div><\/div><\/div><\/div><\/div>\t\t\t<style type=\"text\/css\" id=\"pt-cv-inline-style-8cfc095dqt\">#pt-cv-view-f64a82bqtn .pt-cv-title a, #pt-cv-view-f64a82bqtn  .panel-title { font-size: 14px !important; line-height: 1.3 !important; font-weight: 600 !important; display: block !important; text-align: center !important; clear: both !important; }\n#pt-cv-view-f64a82bqtn .pt-cv-carousel-caption  { background-color: rgba(51,51,51,.6) !important; }\n#pt-cv-view-f64a82bqtn .pt-cv-specialp { background-color: #CC3333 !important }\n#pt-cv-view-f64a82bqtn .pt-cv-specialp * { color: #fff !important; }\n#pt-cv-view-f64a82bqtn .pt-cv-pficon  { color: #bbb !important; }\n#pt-cv-view-f64a82bqtn .pt-cv-readmore  { color: #ffffff !important; background-color: #00aeef !important; }\n#pt-cv-view-f64a82bqtn .pt-cv-readmore:hover  { color: #ffffff !important; background-color: #00aeef !important; }\n#pt-cv-view-f64a82bqtn  + .pt-cv-pagination-wrapper .pt-cv-more , #pt-cv-view-f64a82bqtn  + .pt-cv-pagination-wrapper .pagination .active a { color: #ffffff !important; background-color: #00aeef !important; }\n#pt-cv-view-f64a82bqtn .cvp-responsive-image[style*=\"background-image\"] { width: 250px; height: 285px; }<\/style>\r\n\t\t\t\n","protected":false},"excerpt":{"rendered":"","protected":false},"author":2,"featured_media":8981,"parent":7645,"menu_order":0,"comment_status":"closed","ping_status":"closed","template":"","meta":{"_joinchat":[],"footnotes":""},"class_list":["post-9440","page","type-page","status-publish","has-post-thumbnail","hentry"],"_links":{"self":[{"href":"https:\/\/www.serdaroglu.com.tr\/index.php\/wp-json\/wp\/v2\/pages\/9440","targetHints":{"allow":["GET"]}}],"collection":[{"href":"https:\/\/www.serdaroglu.com.tr\/index.php\/wp-json\/wp\/v2\/pages"}],"about":[{"href":"https:\/\/www.serdaroglu.com.tr\/index.php\/wp-json\/wp\/v2\/types\/page"}],"author":[{"embeddable":true,"href":"https:\/\/www.serdaroglu.com.tr\/index.php\/wp-json\/wp\/v2\/users\/2"}],"replies":[{"embeddable":true,"href":"https:\/\/www.serdaroglu.com.tr\/index.php\/wp-json\/wp\/v2\/comments?post=9440"}],"version-history":[{"count":3,"href":"https:\/\/www.serdaroglu.com.tr\/index.php\/wp-json\/wp\/v2\/pages\/9440\/revisions"}],"predecessor-version":[{"id":9974,"href":"https:\/\/www.serdaroglu.com.tr\/index.php\/wp-json\/wp\/v2\/pages\/9440\/revisions\/9974"}],"up":[{"embeddable":true,"href":"https:\/\/www.serdaroglu.com.tr\/index.php\/wp-json\/wp\/v2\/pages\/7645"}],"wp:featuredmedia":[{"embeddable":true,"href":"https:\/\/www.serdaroglu.com.tr\/index.php\/wp-json\/wp\/v2\/media\/8981"}],"wp:attachment":[{"href":"https:\/\/www.serdaroglu.com.tr\/index.php\/wp-json\/wp\/v2\/media?parent=9440"}],"curies":[{"name":"wp","href":"https:\/\/api.w.org\/{rel}","templated":true}]}}