{"id":9442,"date":"2022-12-28T10:25:12","date_gmt":"2022-12-28T10:25:12","guid":{"rendered":"https:\/\/alfayazilim.com.tr\/serdaroglu\/?page_id=9442"},"modified":"2022-12-28T10:38:53","modified_gmt":"2022-12-28T10:38:53","slug":"duvar-tipi-klima","status":"publish","type":"page","link":"https:\/\/www.serdaroglu.com.tr\/index.php\/urunler\/iklimlendirme\/toshiba\/duvar-tipi-klima\/","title":{"rendered":"DUVAR T\u0130P\u0130 KL\u0130MA"},"content":{"rendered":"\t\t<div data-elementor-type=\"wp-page\" data-elementor-id=\"9442\" class=\"elementor elementor-9442\">\n\t\t\t\t        <section class=\"elementor-section elementor-top-section elementor-element elementor-element-25b70eb elementor-section-boxed elementor-section-height-default elementor-section-height-default qodef-elementor-content-no ct-header-fixed-none ct-column-none ct-row-scroll-none ct-row-gradient--none\" data-id=\"25b70eb\" data-element_type=\"section\">\n            \n                        <div class=\"elementor-container elementor-column-gap-default \">\n                    <div class=\"elementor-column elementor-col-100 elementor-top-column elementor-element elementor-element-6ce5188 ct-column-none col-offset-none col-color-offset-none\" data-id=\"6ce5188\" data-element_type=\"column\">\n        <div class=\"elementor-widget-wrap elementor-element-populated\">\n                    \n        \t\t<div class=\"elementor-element elementor-element-0e2689d elementor-widget elementor-widget-text-editor\" data-id=\"0e2689d\" data-element_type=\"widget\" data-widget_type=\"text-editor.default\">\n\t\t\t\t<div class=\"elementor-widget-container\">\n\t\t\t\t\t\t\t\t\t<p>DUVAR T\u0130P\u0130 KL\u0130MA\u00a0<\/p>\t\t\t\t\t\t\t\t<\/div>\n\t\t\t\t<\/div>\n\t\t            <\/div>\n        <\/div>\n                    <\/div>\n        <\/section>\n                <section class=\"elementor-section elementor-top-section elementor-element elementor-element-7fc32fa elementor-section-boxed elementor-section-height-default elementor-section-height-default qodef-elementor-content-no ct-header-fixed-none ct-column-none ct-row-scroll-none ct-row-gradient--none\" data-id=\"7fc32fa\" data-element_type=\"section\">\n            \n                        <div class=\"elementor-container elementor-column-gap-default \">\n                    <div class=\"elementor-column elementor-col-33 elementor-top-column elementor-element elementor-element-e0ea2b7 ct-column-none col-offset-none col-color-offset-none\" data-id=\"e0ea2b7\" data-element_type=\"column\">\n        <div class=\"elementor-widget-wrap elementor-element-populated\">\n                    \n        \t\t<div class=\"elementor-element elementor-element-ce4e77b elementor-widget elementor-widget-image\" data-id=\"ce4e77b\" data-element_type=\"widget\" data-widget_type=\"image.default\">\n\t\t\t\t<div class=\"elementor-widget-container\">\n\t\t\t\t\t\t\t\t\t\t\t\t\t\t\t<img fetchpriority=\"high\" decoding=\"async\" width=\"640\" height=\"204\" src=\"https:\/\/www.serdaroglu.com.tr\/wp-content\/uploads\/2022\/12\/SEIYA-1024x326.jpg\" class=\"attachment-large size-large wp-image-9445\" alt=\"\" srcset=\"https:\/\/www.serdaroglu.com.tr\/wp-content\/uploads\/2022\/12\/SEIYA-1024x326.jpg 1024w, https:\/\/www.serdaroglu.com.tr\/wp-content\/uploads\/2022\/12\/SEIYA-300x96.jpg 300w, https:\/\/www.serdaroglu.com.tr\/wp-content\/uploads\/2022\/12\/SEIYA-768x245.jpg 768w, https:\/\/www.serdaroglu.com.tr\/wp-content\/uploads\/2022\/12\/SEIYA-600x191.jpg 600w, https:\/\/www.serdaroglu.com.tr\/wp-content\/uploads\/2022\/12\/SEIYA.jpg 1080w\" sizes=\"(max-width: 640px) 100vw, 640px\" \/>\t\t\t\t\t\t\t\t\t\t\t\t\t\t\t<\/div>\n\t\t\t\t<\/div>\n\t\t\t\t<div class=\"elementor-element elementor-element-fb5f6c1 elementor-widget elementor-widget-text-editor\" data-id=\"fb5f6c1\" data-element_type=\"widget\" data-widget_type=\"text-editor.default\">\n\t\t\t\t<div class=\"elementor-widget-container\">\n\t\t\t\t\t\t\t\t\t<h6 style=\"text-align: center;\">\u00a0<\/h6><h6>\u00a0<\/h6><h6>SEIYA<\/h6><ul><li>\u015e\u0131k ve sade tasar\u0131m<\/li><li>Kendi Kendini Temizleme Fonksiyonu<\/li><li>Hi-Power ve Eco Mod<\/li><li>Sessiz Mod (Hem i\u00e7 hem d\u0131\u015f \u00fcnite i\u00e7in)<\/li><\/ul>\t\t\t\t\t\t\t\t<\/div>\n\t\t\t\t<\/div>\n\t\t            <\/div>\n        <\/div>\n                <div class=\"elementor-column elementor-col-33 elementor-top-column elementor-element elementor-element-d9c94bb ct-column-none col-offset-none col-color-offset-none\" data-id=\"d9c94bb\" data-element_type=\"column\">\n        <div class=\"elementor-widget-wrap elementor-element-populated\">\n                    \n        \t\t<div class=\"elementor-element elementor-element-1b479ad elementor-widget elementor-widget-image\" data-id=\"1b479ad\" data-element_type=\"widget\" data-widget_type=\"image.default\">\n\t\t\t\t<div class=\"elementor-widget-container\">\n\t\t\t\t\t\t\t\t\t\t\t\t\t\t\t<img decoding=\"async\" width=\"632\" height=\"240\" src=\"https:\/\/www.serdaroglu.com.tr\/wp-content\/uploads\/2022\/12\/HAORI.jpg\" class=\"attachment-large size-large wp-image-9447\" alt=\"\" srcset=\"https:\/\/www.serdaroglu.com.tr\/wp-content\/uploads\/2022\/12\/HAORI.jpg 632w, https:\/\/www.serdaroglu.com.tr\/wp-content\/uploads\/2022\/12\/HAORI-300x114.jpg 300w, https:\/\/www.serdaroglu.com.tr\/wp-content\/uploads\/2022\/12\/HAORI-600x228.jpg 600w\" sizes=\"(max-width: 632px) 100vw, 632px\" \/>\t\t\t\t\t\t\t\t\t\t\t\t\t\t\t<\/div>\n\t\t\t\t<\/div>\n\t\t\t\t<div class=\"elementor-element elementor-element-0d9db69 elementor-widget elementor-widget-text-editor\" data-id=\"0d9db69\" data-element_type=\"widget\" data-widget_type=\"text-editor.default\">\n\t\t\t\t<div class=\"elementor-widget-container\">\n\t\t\t\t\t\t\t\t\t<h6>\u00a0<\/h6><h6>HAORI<\/h6><ul><li>Zarif bir g\u00f6r\u00fcn\u00fcm i\u00e7in modern, yuvarlak hatl\u0131 tasar\u0131m ve her t\u00fcr i\u00e7 mekan\u0131 tamamlamak i\u00e7in birinci s\u0131n\u0131f panel kaplamas\u0131.<\/li><li>Ultra sessiz 19 dB(A)dan az ses seviyesi.<\/li><li>Toshiba ultra saf filtre, i\u00e7 ortam havas\u0131ndaki PM2.5 par\u00e7ac\u0131klar\u0131n %94\u2019\u00fcn\u00fc Kirli par\u00e7ac\u0131klar\u0131 tutarak n\u00f6tralize eder.<\/li><li>Taze ve sa\u011fl\u0131kl\u0131 bir ortam i\u00e7in Toshiba IAQ filtre teknolojisiyle sunulan \u00fcst\u00fcn i\u00e7 mekan hava<\/li><li>Sihirli serpantin sayesinde kliman\u0131z\u0131n i\u00e7i her zaman yeni gibi temiz kal\u0131r.<\/li><li>Toshiba HAORI uzaktan kumandan\u0131z, duvara monte edilen manyetik tutucusu ile birlikte<\/li><li>Google Home Assistant ve Amazon Alexa ile uyumlu ak\u0131ll\u0131 ses ile kontrol i\u015flevleri<\/li><\/ul>\t\t\t\t\t\t\t\t<\/div>\n\t\t\t\t<\/div>\n\t\t            <\/div>\n        <\/div>\n                <div class=\"elementor-column elementor-col-33 elementor-top-column elementor-element elementor-element-fbeb33f ct-column-none col-offset-none col-color-offset-none\" data-id=\"fbeb33f\" data-element_type=\"column\">\n        <div class=\"elementor-widget-wrap elementor-element-populated\">\n                    \n        \t\t<div class=\"elementor-element elementor-element-b69ed4c elementor-widget elementor-widget-image\" data-id=\"b69ed4c\" data-element_type=\"widget\" data-widget_type=\"image.default\">\n\t\t\t\t<div class=\"elementor-widget-container\">\n\t\t\t\t\t\t\t\t\t\t\t\t\t\t\t<img fetchpriority=\"high\" decoding=\"async\" width=\"640\" height=\"204\" src=\"https:\/\/www.serdaroglu.com.tr\/wp-content\/uploads\/2022\/12\/SEIYA-1024x326.jpg\" class=\"attachment-large size-large wp-image-9445\" alt=\"\" srcset=\"https:\/\/www.serdaroglu.com.tr\/wp-content\/uploads\/2022\/12\/SEIYA-1024x326.jpg 1024w, https:\/\/www.serdaroglu.com.tr\/wp-content\/uploads\/2022\/12\/SEIYA-300x96.jpg 300w, https:\/\/www.serdaroglu.com.tr\/wp-content\/uploads\/2022\/12\/SEIYA-768x245.jpg 768w, https:\/\/www.serdaroglu.com.tr\/wp-content\/uploads\/2022\/12\/SEIYA-600x191.jpg 600w, https:\/\/www.serdaroglu.com.tr\/wp-content\/uploads\/2022\/12\/SEIYA.jpg 1080w\" sizes=\"(max-width: 640px) 100vw, 640px\" \/>\t\t\t\t\t\t\t\t\t\t\t\t\t\t\t<\/div>\n\t\t\t\t<\/div>\n\t\t\t\t<div class=\"elementor-element elementor-element-83cc402 elementor-widget elementor-widget-text-editor\" data-id=\"83cc402\" data-element_type=\"widget\" data-widget_type=\"text-editor.default\">\n\t\t\t\t<div class=\"elementor-widget-container\">\n\t\t\t\t\t\t\t\t\t<h6>\u00a0<\/h6><h6>SHORAI<\/h6><ul><li>Zarif bir g\u00f6r\u00fcn\u00fcm i\u00e7in modern, yuvarlak hatl\u0131 tasar\u0131m ve her t\u00fcr i\u00e7 mekan\u0131 tamamlamak i\u00e7in birinci s\u0131n\u0131f panel kaplamas\u0131.<\/li><li>Sessiz i\u00e7 \u00fcnite ile d\u00fc\u015f\u00fck ses<\/li><li>\u2018Smart Airflow\u2019 (Ak\u0131ll\u0131 hava da\u011f\u0131t\u0131m sistemi) ile geni\u015f odalarda havan\u0131n odaya homojen da\u011f\u0131t\u0131m\u0131.<\/li><li>Taze ve sa\u011fl\u0131kl\u0131 bir ortam i\u00e7in Toshiba IAQ filtre teknolojisiyle sunulan \u00fcst\u00fcn i\u00e7 mekan hava kalitesi.<\/li><li>Toshiba IAQ filtre<\/li><li>3D Smart Airflow (Ak\u0131ll\u0131 Hava Ak\u0131\u015f\u0131)<\/li><li>Hi-Power ve Eco Mod<\/li><li>Kendi Kendini Temizleme Fonksiyonu<\/li><li>Sessiz Mo<\/li><\/ul>\t\t\t\t\t\t\t\t<\/div>\n\t\t\t\t<\/div>\n\t\t            <\/div>\n        <\/div>\n                    <\/div>\n        <\/section>\n        \t\t<\/div>\n\t\t","protected":false},"excerpt":{"rendered":"<p>DUVAR T\u0130P\u0130 KL\u0130MA\u00a0 \u00a0 \u00a0 SEIYA \u015e\u0131k ve sade tasar\u0131m Kendi Kendini Temizleme Fonksiyonu Hi-Power ve Eco Mod Sessiz Mod (Hem i\u00e7 hem d\u0131\u015f \u00fcnite i\u00e7in) \u00a0 HAORI Zarif bir g\u00f6r\u00fcn\u00fcm i\u00e7in modern, yuvarlak hatl\u0131 tasar\u0131m ve her t\u00fcr i\u00e7 mekan\u0131 tamamlamak i\u00e7in birinci s\u0131n\u0131f panel kaplamas\u0131. Ultra sessiz 19 dB(A)dan az ses seviyesi. Toshiba [&hellip;]<\/p>\n","protected":false},"author":2,"featured_media":0,"parent":9440,"menu_order":0,"comment_status":"closed","ping_status":"closed","template":"","meta":{"_joinchat":[],"footnotes":""},"class_list":["post-9442","page","type-page","status-publish","hentry"],"_links":{"self":[{"href":"https:\/\/www.serdaroglu.com.tr\/index.php\/wp-json\/wp\/v2\/pages\/9442","targetHints":{"allow":["GET"]}}],"collection":[{"href":"https:\/\/www.serdaroglu.com.tr\/index.php\/wp-json\/wp\/v2\/pages"}],"about":[{"href":"https:\/\/www.serdaroglu.com.tr\/index.php\/wp-json\/wp\/v2\/types\/page"}],"author":[{"embeddable":true,"href":"https:\/\/www.serdaroglu.com.tr\/index.php\/wp-json\/wp\/v2\/users\/2"}],"replies":[{"embeddable":true,"href":"https:\/\/www.serdaroglu.com.tr\/index.php\/wp-json\/wp\/v2\/comments?post=9442"}],"version-history":[{"count":4,"href":"https:\/\/www.serdaroglu.com.tr\/index.php\/wp-json\/wp\/v2\/pages\/9442\/revisions"}],"predecessor-version":[{"id":9453,"href":"https:\/\/www.serdaroglu.com.tr\/index.php\/wp-json\/wp\/v2\/pages\/9442\/revisions\/9453"}],"up":[{"embeddable":true,"href":"https:\/\/www.serdaroglu.com.tr\/index.php\/wp-json\/wp\/v2\/pages\/9440"}],"wp:attachment":[{"href":"https:\/\/www.serdaroglu.com.tr\/index.php\/wp-json\/wp\/v2\/media?parent=9442"}],"curies":[{"name":"wp","href":"https:\/\/api.w.org\/{rel}","templated":true}]}}