{"id":9493,"date":"2022-12-28T11:58:38","date_gmt":"2022-12-28T11:58:38","guid":{"rendered":"https:\/\/alfayazilim.com.tr\/serdaroglu\/?page_id=9493"},"modified":"2022-12-28T12:30:51","modified_gmt":"2022-12-28T12:30:51","slug":"ticari-klimalar","status":"publish","type":"page","link":"https:\/\/www.serdaroglu.com.tr\/index.php\/urunler\/iklimlendirme\/toshiba\/ticari-klimalar\/","title":{"rendered":"T\u0130CAR\u0130 KL\u0130MALAR"},"content":{"rendered":"\t\t<div data-elementor-type=\"wp-page\" data-elementor-id=\"9493\" class=\"elementor elementor-9493\">\n\t\t\t\t        <section class=\"elementor-section elementor-top-section elementor-element elementor-element-7bd6dad elementor-section-boxed elementor-section-height-default elementor-section-height-default qodef-elementor-content-no ct-header-fixed-none ct-column-none ct-row-scroll-none ct-row-gradient--none\" data-id=\"7bd6dad\" data-element_type=\"section\">\n            \n                        <div class=\"elementor-container elementor-column-gap-default \">\n                    <div class=\"elementor-column elementor-col-100 elementor-top-column elementor-element elementor-element-8398492 ct-column-none col-offset-none col-color-offset-none\" data-id=\"8398492\" data-element_type=\"column\">\n        <div class=\"elementor-widget-wrap elementor-element-populated\">\n                    \n        \t\t<div class=\"elementor-element elementor-element-59fc0b7 elementor-widget elementor-widget-text-editor\" data-id=\"59fc0b7\" data-element_type=\"widget\" data-widget_type=\"text-editor.default\">\n\t\t\t\t<div class=\"elementor-widget-container\">\n\t\t\t\t\t\t\t\t\t<p>T\u0130CAR\u0130 KL\u0130MALAR<\/p>\t\t\t\t\t\t\t\t<\/div>\n\t\t\t\t<\/div>\n\t\t            <\/div>\n        <\/div>\n                    <\/div>\n        <\/section>\n                <section class=\"elementor-section elementor-top-section elementor-element elementor-element-f9bd87a elementor-section-boxed elementor-section-height-default elementor-section-height-default qodef-elementor-content-no ct-header-fixed-none ct-column-none ct-row-scroll-none ct-row-gradient--none\" data-id=\"f9bd87a\" data-element_type=\"section\">\n            \n                        <div class=\"elementor-container elementor-column-gap-default \">\n                    <div class=\"elementor-column elementor-col-25 elementor-top-column elementor-element elementor-element-7d8913d ct-column-none col-offset-none col-color-offset-none\" data-id=\"7d8913d\" data-element_type=\"column\">\n        <div class=\"elementor-widget-wrap elementor-element-populated\">\n                    \n        \t\t<div class=\"elementor-element elementor-element-f23e957 elementor-widget elementor-widget-image\" data-id=\"f23e957\" data-element_type=\"widget\" data-widget_type=\"image.default\">\n\t\t\t\t<div class=\"elementor-widget-container\">\n\t\t\t\t\t\t\t\t\t\t\t\t\t\t\t<img fetchpriority=\"high\" decoding=\"async\" width=\"640\" height=\"377\" src=\"https:\/\/www.serdaroglu.com.tr\/wp-content\/uploads\/2022\/12\/K-KASET-TIPI.jpg\" class=\"attachment-large size-large wp-image-9496\" alt=\"\" srcset=\"https:\/\/www.serdaroglu.com.tr\/wp-content\/uploads\/2022\/12\/K-KASET-TIPI.jpg 657w, https:\/\/www.serdaroglu.com.tr\/wp-content\/uploads\/2022\/12\/K-KASET-TIPI-300x177.jpg 300w, https:\/\/www.serdaroglu.com.tr\/wp-content\/uploads\/2022\/12\/K-KASET-TIPI-600x353.jpg 600w\" sizes=\"(max-width: 640px) 100vw, 640px\" \/>\t\t\t\t\t\t\t\t\t\t\t\t\t\t\t<\/div>\n\t\t\t\t<\/div>\n\t\t            <\/div>\n        <\/div>\n                <div class=\"elementor-column elementor-col-25 elementor-top-column elementor-element elementor-element-7ee872d ct-column-none col-offset-none col-color-offset-none\" data-id=\"7ee872d\" data-element_type=\"column\">\n        <div class=\"elementor-widget-wrap elementor-element-populated\">\n                    \n        \t\t<div class=\"elementor-element elementor-element-a7d61ae elementor-widget elementor-widget-text-editor\" data-id=\"a7d61ae\" data-element_type=\"widget\" data-widget_type=\"text-editor.default\">\n\t\t\t\t<div class=\"elementor-widget-container\">\n\t\t\t\t\t\t\t\t\t<h6>KONPAKT KASET T\u0130P\u0130<\/h6><ul><li>4 y\u00f6nl\u00fc hava da\u011f\u0131t\u0131m sistemi<\/li><li>Kompakt tasar\u0131m<\/li><li>Kablolu \/ kablosuz kumanda se\u00e7enekleri<\/li><li>Hareket sens\u00f6r\u00fc opsiyonu<\/li><li>Ba\u011f\u0131ms\u0131z kanat\u00e7\u0131k kontrol\u00fc<\/li><li>850 mm y\u00fcksekli\u011fe kadar basma bas\u0131nc\u0131 olan drenaj pompas\u0131 dahil<\/li><\/ul><p>\u00a0<\/p>\t\t\t\t\t\t\t\t<\/div>\n\t\t\t\t<\/div>\n\t\t            <\/div>\n        <\/div>\n                <div class=\"elementor-column elementor-col-25 elementor-top-column elementor-element elementor-element-0216595 ct-column-none col-offset-none col-color-offset-none\" data-id=\"0216595\" data-element_type=\"column\">\n        <div class=\"elementor-widget-wrap elementor-element-populated\">\n                    \n        \t\t<div class=\"elementor-element elementor-element-86df6d8 elementor-widget elementor-widget-image\" data-id=\"86df6d8\" data-element_type=\"widget\" data-widget_type=\"image.default\">\n\t\t\t\t<div class=\"elementor-widget-container\">\n\t\t\t\t\t\t\t\t\t\t\t\t\t\t\t<img decoding=\"async\" width=\"360\" height=\"192\" src=\"https:\/\/www.serdaroglu.com.tr\/wp-content\/uploads\/2022\/12\/KASET.png\" class=\"attachment-large size-large wp-image-9498\" alt=\"\" srcset=\"https:\/\/www.serdaroglu.com.tr\/wp-content\/uploads\/2022\/12\/KASET.png 360w, https:\/\/www.serdaroglu.com.tr\/wp-content\/uploads\/2022\/12\/KASET-300x160.png 300w\" sizes=\"(max-width: 360px) 100vw, 360px\" \/>\t\t\t\t\t\t\t\t\t\t\t\t\t\t\t<\/div>\n\t\t\t\t<\/div>\n\t\t            <\/div>\n        <\/div>\n                <div class=\"elementor-column elementor-col-25 elementor-top-column elementor-element elementor-element-a88624c ct-column-none col-offset-none col-color-offset-none\" data-id=\"a88624c\" data-element_type=\"column\">\n        <div class=\"elementor-widget-wrap elementor-element-populated\">\n                    \n        \t\t<div class=\"elementor-element elementor-element-8b39c20 elementor-widget elementor-widget-text-editor\" data-id=\"8b39c20\" data-element_type=\"widget\" data-widget_type=\"text-editor.default\">\n\t\t\t\t<div class=\"elementor-widget-container\">\n\t\t\t\t\t\t\t\t\t<h6>4 Y\u00f6nl\u00fc Kaset Tipi \u0130\u00e7 \u00dcnite Standart 90&#215;90<\/h6><ul><li>8 &#8211; 16.0 kW (10 Model)<\/li><li>Uzun \u00f6m\u00fcrl\u00fc y\u0131kanabilir filtre<\/li><li>Drenaj pompas\u0131 (650 mm)<\/li><li>D\u00f6ner hava klapeleri (Ayr\u0131 \/ D\u00f6nme)<\/li><\/ul>\t\t\t\t\t\t\t\t<\/div>\n\t\t\t\t<\/div>\n\t\t            <\/div>\n        <\/div>\n                    <\/div>\n        <\/section>\n                <section class=\"elementor-section elementor-top-section elementor-element elementor-element-f92db1b elementor-section-boxed elementor-section-height-default elementor-section-height-default qodef-elementor-content-no ct-header-fixed-none ct-column-none ct-row-scroll-none ct-row-gradient--none\" data-id=\"f92db1b\" data-element_type=\"section\">\n            \n                        <div class=\"elementor-container elementor-column-gap-default \">\n                    <div class=\"elementor-column elementor-col-25 elementor-top-column elementor-element elementor-element-8dba85f ct-column-none col-offset-none col-color-offset-none\" data-id=\"8dba85f\" data-element_type=\"column\">\n        <div class=\"elementor-widget-wrap elementor-element-populated\">\n                    \n        \t\t<div class=\"elementor-element elementor-element-db3729f elementor-widget elementor-widget-image\" data-id=\"db3729f\" data-element_type=\"widget\" data-widget_type=\"image.default\">\n\t\t\t\t<div class=\"elementor-widget-container\">\n\t\t\t\t\t\t\t\t\t\t\t\t\t\t\t<img decoding=\"async\" width=\"330\" height=\"158\" src=\"https:\/\/www.serdaroglu.com.tr\/wp-content\/uploads\/2022\/12\/KASET-4.png\" class=\"attachment-large size-large wp-image-9499\" alt=\"\" srcset=\"https:\/\/www.serdaroglu.com.tr\/wp-content\/uploads\/2022\/12\/KASET-4.png 330w, https:\/\/www.serdaroglu.com.tr\/wp-content\/uploads\/2022\/12\/KASET-4-300x144.png 300w\" sizes=\"(max-width: 330px) 100vw, 330px\" \/>\t\t\t\t\t\t\t\t\t\t\t\t\t\t\t<\/div>\n\t\t\t\t<\/div>\n\t\t            <\/div>\n        <\/div>\n                <div class=\"elementor-column elementor-col-25 elementor-top-column elementor-element elementor-element-6f4146f ct-column-none col-offset-none col-color-offset-none\" data-id=\"6f4146f\" data-element_type=\"column\">\n        <div class=\"elementor-widget-wrap elementor-element-populated\">\n                    \n        \t\t<div class=\"elementor-element elementor-element-9e09579 elementor-widget elementor-widget-text-editor\" data-id=\"9e09579\" data-element_type=\"widget\" data-widget_type=\"text-editor.default\">\n\t\t\t\t<div class=\"elementor-widget-container\">\n\t\t\t\t\t\t\t\t\t<h6>Tek Y\u00f6nl\u00fc Kaset Tipi \u0130\u00e7 \u00dcnite<\/h6><ul><li>2 &#8211; 7.1 kW (6 model)<\/li><li>Uzun \u00f6m\u00fcrl\u00fc y\u0131kanabilir<\/li><li>D\u00f6ner hava klapeleri<\/li><li>Drenaj pompas\u0131 (250 mm)<\/li><\/ul>\t\t\t\t\t\t\t\t<\/div>\n\t\t\t\t<\/div>\n\t\t            <\/div>\n        <\/div>\n                <div class=\"elementor-column elementor-col-25 elementor-top-column elementor-element elementor-element-4c3c9f1 ct-column-none col-offset-none col-color-offset-none\" data-id=\"4c3c9f1\" data-element_type=\"column\">\n        <div class=\"elementor-widget-wrap elementor-element-populated\">\n                    \n        \t\t<div class=\"elementor-element elementor-element-36e99c3 elementor-widget elementor-widget-image\" data-id=\"36e99c3\" data-element_type=\"widget\" data-widget_type=\"image.default\">\n\t\t\t\t<div class=\"elementor-widget-container\">\n\t\t\t\t\t\t\t\t\t\t\t\t\t\t\t<img loading=\"lazy\" decoding=\"async\" width=\"323\" height=\"176\" src=\"https:\/\/www.serdaroglu.com.tr\/wp-content\/uploads\/2022\/12\/KASET-5.png\" class=\"attachment-large size-large wp-image-9500\" alt=\"\" srcset=\"https:\/\/www.serdaroglu.com.tr\/wp-content\/uploads\/2022\/12\/KASET-5.png 323w, https:\/\/www.serdaroglu.com.tr\/wp-content\/uploads\/2022\/12\/KASET-5-300x163.png 300w\" sizes=\"(max-width: 323px) 100vw, 323px\" \/>\t\t\t\t\t\t\t\t\t\t\t\t\t\t\t<\/div>\n\t\t\t\t<\/div>\n\t\t            <\/div>\n        <\/div>\n                <div class=\"elementor-column elementor-col-25 elementor-top-column elementor-element elementor-element-62b868d ct-column-none col-offset-none col-color-offset-none\" data-id=\"62b868d\" data-element_type=\"column\">\n        <div class=\"elementor-widget-wrap elementor-element-populated\">\n                    \n        \t\t<div class=\"elementor-element elementor-element-41803b8 elementor-widget elementor-widget-text-editor\" data-id=\"41803b8\" data-element_type=\"widget\" data-widget_type=\"text-editor.default\">\n\t\t\t\t<div class=\"elementor-widget-container\">\n\t\t\t\t\t\t\t\t\t<h6>2 Y\u00f6nl\u00fc Kaset Tipi \u0130\u00e7 \u00dcnite<\/h6><ul><li>2 &#8211; 16 kW (11 Model)<\/li><li>Uzun \u00f6m\u00fcrl\u00fc y\u0131kanabilir filtre<\/li><li>D\u00f6ner hava klapeleri<\/li><li>Drenaj pompas\u0131 (500 mm)<\/li><\/ul>\t\t\t\t\t\t\t\t<\/div>\n\t\t\t\t<\/div>\n\t\t            <\/div>\n        <\/div>\n                    <\/div>\n        <\/section>\n                <section class=\"elementor-section elementor-top-section elementor-element elementor-element-dcf2374 elementor-section-boxed elementor-section-height-default elementor-section-height-default qodef-elementor-content-no ct-header-fixed-none ct-column-none ct-row-scroll-none ct-row-gradient--none\" data-id=\"dcf2374\" data-element_type=\"section\">\n            \n                        <div class=\"elementor-container elementor-column-gap-default \">\n                    <div class=\"elementor-column elementor-col-25 elementor-top-column elementor-element elementor-element-c56582b ct-column-none col-offset-none col-color-offset-none\" data-id=\"c56582b\" data-element_type=\"column\">\n        <div class=\"elementor-widget-wrap elementor-element-populated\">\n                    \n        \t\t<div class=\"elementor-element elementor-element-2117c31 elementor-widget elementor-widget-image\" data-id=\"2117c31\" data-element_type=\"widget\" data-widget_type=\"image.default\">\n\t\t\t\t<div class=\"elementor-widget-container\">\n\t\t\t\t\t\t\t\t\t\t\t\t\t\t\t<img loading=\"lazy\" decoding=\"async\" width=\"342\" height=\"157\" src=\"https:\/\/www.serdaroglu.com.tr\/wp-content\/uploads\/2022\/12\/KASE-6.png\" class=\"attachment-large size-large wp-image-9501\" alt=\"\" srcset=\"https:\/\/www.serdaroglu.com.tr\/wp-content\/uploads\/2022\/12\/KASE-6.png 342w, https:\/\/www.serdaroglu.com.tr\/wp-content\/uploads\/2022\/12\/KASE-6-300x138.png 300w\" sizes=\"(max-width: 342px) 100vw, 342px\" \/>\t\t\t\t\t\t\t\t\t\t\t\t\t\t\t<\/div>\n\t\t\t\t<\/div>\n\t\t            <\/div>\n        <\/div>\n                <div class=\"elementor-column elementor-col-25 elementor-top-column elementor-element elementor-element-d0a3abb ct-column-none col-offset-none col-color-offset-none\" data-id=\"d0a3abb\" data-element_type=\"column\">\n        <div class=\"elementor-widget-wrap elementor-element-populated\">\n                    \n        \t\t<div class=\"elementor-element elementor-element-075ffe1 elementor-widget elementor-widget-text-editor\" data-id=\"075ffe1\" data-element_type=\"widget\" data-widget_type=\"text-editor.default\">\n\t\t\t\t<div class=\"elementor-widget-container\">\n\t\t\t\t\t\t\t\t\t<h6>Standart Kanall\u0131 \u0130\u00e7 \u00dcnite<\/h6><ul><li>2 &#8211; 16 kW (11 Model)<\/li><li>Uzun \u00f6m\u00fcrl\u00fc y\u0131kanabilir filtre<\/li><li>Drenaj pompas\u0131 (250 mm)<\/li><li>Fan h\u0131z\u0131 kanal dizayn\u0131na ba\u011fl\u0131 olarak kolayl\u0131kla<\/li><\/ul>\t\t\t\t\t\t\t\t<\/div>\n\t\t\t\t<\/div>\n\t\t            <\/div>\n        <\/div>\n                <div class=\"elementor-column elementor-col-25 elementor-top-column elementor-element elementor-element-97ca9b5 ct-column-none col-offset-none col-color-offset-none\" data-id=\"97ca9b5\" data-element_type=\"column\">\n        <div class=\"elementor-widget-wrap elementor-element-populated\">\n                    \n        \t\t<div class=\"elementor-element elementor-element-2b07754 elementor-widget elementor-widget-image\" data-id=\"2b07754\" data-element_type=\"widget\" data-widget_type=\"image.default\">\n\t\t\t\t<div class=\"elementor-widget-container\">\n\t\t\t\t\t\t\t\t\t\t\t\t\t\t\t<img loading=\"lazy\" decoding=\"async\" width=\"464\" height=\"231\" src=\"https:\/\/www.serdaroglu.com.tr\/wp-content\/uploads\/2022\/12\/KASET-6.jpg\" class=\"attachment-large size-large wp-image-9502\" alt=\"\" srcset=\"https:\/\/www.serdaroglu.com.tr\/wp-content\/uploads\/2022\/12\/KASET-6.jpg 464w, https:\/\/www.serdaroglu.com.tr\/wp-content\/uploads\/2022\/12\/KASET-6-300x149.jpg 300w, https:\/\/www.serdaroglu.com.tr\/wp-content\/uploads\/2022\/12\/KASET-6-360x180.jpg 360w\" sizes=\"(max-width: 464px) 100vw, 464px\" \/>\t\t\t\t\t\t\t\t\t\t\t\t\t\t\t<\/div>\n\t\t\t\t<\/div>\n\t\t            <\/div>\n        <\/div>\n                <div class=\"elementor-column elementor-col-25 elementor-top-column elementor-element elementor-element-01efa51 ct-column-none col-offset-none col-color-offset-none\" data-id=\"01efa51\" data-element_type=\"column\">\n        <div class=\"elementor-widget-wrap elementor-element-populated\">\n                    \n        \t\t<div class=\"elementor-element elementor-element-e9c9532 elementor-widget elementor-widget-text-editor\" data-id=\"e9c9532\" data-element_type=\"widget\" data-widget_type=\"text-editor.default\">\n\t\t\t\t<div class=\"elementor-widget-container\">\n\t\t\t\t\t\t\t\t\t<h6>KANAL T\u0130P\u0130<\/h6><ul><li>Sadece 210 mm y\u00fcksekli\u011fe sahip i\u00e7 \u00fcnite kolayca dar asma tavanlara monte edilebilir<\/li><li>Ayarlanabilir harici statik bas\u0131n\u00e7<\/li><li>350 mm y\u00fcksekli\u011fe kadar basma bas\u0131nc\u0131 olan drenaj pompas\u0131 dahil<\/li><\/ul>\t\t\t\t\t\t\t\t<\/div>\n\t\t\t\t<\/div>\n\t\t            <\/div>\n        <\/div>\n                    <\/div>\n        <\/section>\n        \t\t<\/div>\n\t\t","protected":false},"excerpt":{"rendered":"<p>T\u0130CAR\u0130 KL\u0130MALAR KONPAKT KASET T\u0130P\u0130 4 y\u00f6nl\u00fc hava da\u011f\u0131t\u0131m sistemi Kompakt tasar\u0131m Kablolu \/ kablosuz kumanda se\u00e7enekleri Hareket sens\u00f6r\u00fc opsiyonu Ba\u011f\u0131ms\u0131z kanat\u00e7\u0131k kontrol\u00fc 850 mm y\u00fcksekli\u011fe kadar basma bas\u0131nc\u0131 olan drenaj pompas\u0131 dahil \u00a0 4 Y\u00f6nl\u00fc Kaset Tipi \u0130\u00e7 \u00dcnite Standart 90&#215;90 8 &#8211; 16.0 kW (10 Model) Uzun \u00f6m\u00fcrl\u00fc y\u0131kanabilir filtre Drenaj pompas\u0131 (650 [&hellip;]<\/p>\n","protected":false},"author":2,"featured_media":0,"parent":9440,"menu_order":0,"comment_status":"closed","ping_status":"closed","template":"","meta":{"_joinchat":[],"footnotes":""},"class_list":["post-9493","page","type-page","status-publish","hentry"],"_links":{"self":[{"href":"https:\/\/www.serdaroglu.com.tr\/index.php\/wp-json\/wp\/v2\/pages\/9493","targetHints":{"allow":["GET"]}}],"collection":[{"href":"https:\/\/www.serdaroglu.com.tr\/index.php\/wp-json\/wp\/v2\/pages"}],"about":[{"href":"https:\/\/www.serdaroglu.com.tr\/index.php\/wp-json\/wp\/v2\/types\/page"}],"author":[{"embeddable":true,"href":"https:\/\/www.serdaroglu.com.tr\/index.php\/wp-json\/wp\/v2\/users\/2"}],"replies":[{"embeddable":true,"href":"https:\/\/www.serdaroglu.com.tr\/index.php\/wp-json\/wp\/v2\/comments?post=9493"}],"version-history":[{"count":10,"href":"https:\/\/www.serdaroglu.com.tr\/index.php\/wp-json\/wp\/v2\/pages\/9493\/revisions"}],"predecessor-version":[{"id":9511,"href":"https:\/\/www.serdaroglu.com.tr\/index.php\/wp-json\/wp\/v2\/pages\/9493\/revisions\/9511"}],"up":[{"embeddable":true,"href":"https:\/\/www.serdaroglu.com.tr\/index.php\/wp-json\/wp\/v2\/pages\/9440"}],"wp:attachment":[{"href":"https:\/\/www.serdaroglu.com.tr\/index.php\/wp-json\/wp\/v2\/media?parent=9493"}],"curies":[{"name":"wp","href":"https:\/\/api.w.org\/{rel}","templated":true}]}}