{"id":9512,"date":"2022-12-28T12:33:39","date_gmt":"2022-12-28T12:33:39","guid":{"rendered":"https:\/\/alfayazilim.com.tr\/serdaroglu\/?page_id=9512"},"modified":"2022-12-28T13:07:31","modified_gmt":"2022-12-28T13:07:31","slug":"vrf-sistemleri","status":"publish","type":"page","link":"https:\/\/www.serdaroglu.com.tr\/index.php\/urunler\/iklimlendirme\/toshiba\/vrf-sistemleri\/","title":{"rendered":"VRF S\u0130STEMLER\u0130"},"content":{"rendered":"\t\t<div data-elementor-type=\"wp-page\" data-elementor-id=\"9512\" class=\"elementor elementor-9512\">\n\t\t\t\t        <section class=\"elementor-section elementor-top-section elementor-element elementor-element-b7ab1a2 elementor-section-boxed elementor-section-height-default elementor-section-height-default qodef-elementor-content-no ct-header-fixed-none ct-column-none ct-row-scroll-none ct-row-gradient--none\" data-id=\"b7ab1a2\" data-element_type=\"section\">\n            \n                        <div class=\"elementor-container elementor-column-gap-default \">\n                    <div class=\"elementor-column elementor-col-100 elementor-top-column elementor-element elementor-element-9b1eaed ct-column-none col-offset-none col-color-offset-none\" data-id=\"9b1eaed\" data-element_type=\"column\">\n        <div class=\"elementor-widget-wrap elementor-element-populated\">\n                    \n        \t\t<div class=\"elementor-element elementor-element-6baf8f0 elementor-widget elementor-widget-text-editor\" data-id=\"6baf8f0\" data-element_type=\"widget\" data-widget_type=\"text-editor.default\">\n\t\t\t\t<div class=\"elementor-widget-container\">\n\t\t\t\t\t\t\t\t\t<p>MULTI SPLIT KL\u0130MA<\/p>\t\t\t\t\t\t\t\t<\/div>\n\t\t\t\t<\/div>\n\t\t            <\/div>\n        <\/div>\n                    <\/div>\n        <\/section>\n                <section class=\"elementor-section elementor-top-section elementor-element elementor-element-9979629 elementor-section-boxed elementor-section-height-default elementor-section-height-default qodef-elementor-content-no ct-header-fixed-none ct-column-none ct-row-scroll-none ct-row-gradient--none\" data-id=\"9979629\" data-element_type=\"section\">\n            \n                        <div class=\"elementor-container elementor-column-gap-default \">\n                    <div class=\"elementor-column elementor-col-25 elementor-top-column elementor-element elementor-element-b07a89b ct-column-none col-offset-none col-color-offset-none\" data-id=\"b07a89b\" data-element_type=\"column\">\n        <div class=\"elementor-widget-wrap elementor-element-populated\">\n                    \n        \t\t<div class=\"elementor-element elementor-element-cae967d elementor-widget elementor-widget-image\" data-id=\"cae967d\" data-element_type=\"widget\" data-widget_type=\"image.default\">\n\t\t\t\t<div class=\"elementor-widget-container\">\n\t\t\t\t\t\t\t\t\t\t\t\t\t\t\t<img fetchpriority=\"high\" decoding=\"async\" width=\"328\" height=\"254\" src=\"https:\/\/www.serdaroglu.com.tr\/wp-content\/uploads\/2022\/12\/vrf-1.png\" class=\"attachment-large size-large wp-image-9526\" alt=\"\" srcset=\"https:\/\/www.serdaroglu.com.tr\/wp-content\/uploads\/2022\/12\/vrf-1.png 328w, https:\/\/www.serdaroglu.com.tr\/wp-content\/uploads\/2022\/12\/vrf-1-300x232.png 300w\" sizes=\"(max-width: 328px) 100vw, 328px\" \/>\t\t\t\t\t\t\t\t\t\t\t\t\t\t\t<\/div>\n\t\t\t\t<\/div>\n\t\t            <\/div>\n        <\/div>\n                <div class=\"elementor-column elementor-col-25 elementor-top-column elementor-element elementor-element-458e92b ct-column-none col-offset-none col-color-offset-none\" data-id=\"458e92b\" data-element_type=\"column\">\n        <div class=\"elementor-widget-wrap elementor-element-populated\">\n                    \n        \t\t<div class=\"elementor-element elementor-element-5704c0e elementor-widget elementor-widget-text-editor\" data-id=\"5704c0e\" data-element_type=\"widget\" data-widget_type=\"text-editor.default\">\n\t\t\t\t<div class=\"elementor-widget-container\">\n\t\t\t\t\t\t\t\t\t<h6>\u00a0<\/h6><h6>\u00a0<\/h6><h6>Kabinsiz D\u00f6\u015feme Tipi \u0130\u00e7 \u00dcnite<\/h6><ul><li>2 &#8211; 7.1 kW (6 model)<\/li><li>Uzun \u00f6m\u00fcrl\u00fc y\u0131kanabilir filtre<\/li><li>\u00dcstten veya \u00f6nden \u00fcfleme<\/li><li>\u00d6n\u00fcne dekoratif dizayn panel konulabilir<\/li><\/ul>\t\t\t\t\t\t\t\t<\/div>\n\t\t\t\t<\/div>\n\t\t            <\/div>\n        <\/div>\n                <div class=\"elementor-column elementor-col-25 elementor-top-column elementor-element elementor-element-4cef334 ct-column-none col-offset-none col-color-offset-none\" data-id=\"4cef334\" data-element_type=\"column\">\n        <div class=\"elementor-widget-wrap elementor-element-populated\">\n                    \n        \t\t<div class=\"elementor-element elementor-element-7ba7ff8 elementor-widget elementor-widget-text-editor\" data-id=\"7ba7ff8\" data-element_type=\"widget\" data-widget_type=\"text-editor.default\">\n\t\t\t\t<div class=\"elementor-widget-container\">\n\t\t\t\t\t\t\t\t\t<p>\u00a0<\/p><p>\u00a0<\/p>\t\t\t\t\t\t\t\t<\/div>\n\t\t\t\t<\/div>\n\t\t\t\t<div class=\"elementor-element elementor-element-2f6fc67 elementor-widget elementor-widget-image\" data-id=\"2f6fc67\" data-element_type=\"widget\" data-widget_type=\"image.default\">\n\t\t\t\t<div class=\"elementor-widget-container\">\n\t\t\t\t\t\t\t\t\t\t\t\t\t\t\t<img decoding=\"async\" width=\"640\" height=\"298\" src=\"https:\/\/www.serdaroglu.com.tr\/wp-content\/uploads\/2022\/12\/vrf-2.jpg\" class=\"attachment-large size-large wp-image-9527\" alt=\"\" srcset=\"https:\/\/www.serdaroglu.com.tr\/wp-content\/uploads\/2022\/12\/vrf-2.jpg 1000w, https:\/\/www.serdaroglu.com.tr\/wp-content\/uploads\/2022\/12\/vrf-2-300x140.jpg 300w, https:\/\/www.serdaroglu.com.tr\/wp-content\/uploads\/2022\/12\/vrf-2-768x357.jpg 768w, https:\/\/www.serdaroglu.com.tr\/wp-content\/uploads\/2022\/12\/vrf-2-600x279.jpg 600w, https:\/\/www.serdaroglu.com.tr\/wp-content\/uploads\/2022\/12\/vrf-2-750x349.jpg 750w\" sizes=\"(max-width: 640px) 100vw, 640px\" \/>\t\t\t\t\t\t\t\t\t\t\t\t\t\t\t<\/div>\n\t\t\t\t<\/div>\n\t\t            <\/div>\n        <\/div>\n                <div class=\"elementor-column elementor-col-25 elementor-top-column elementor-element elementor-element-07bc141 ct-column-none col-offset-none col-color-offset-none\" data-id=\"07bc141\" data-element_type=\"column\">\n        <div class=\"elementor-widget-wrap elementor-element-populated\">\n                    \n        \t\t<div class=\"elementor-element elementor-element-d1fbc58 elementor-widget elementor-widget-text-editor\" data-id=\"d1fbc58\" data-element_type=\"widget\" data-widget_type=\"text-editor.default\">\n\t\t\t\t<div class=\"elementor-widget-container\">\n\t\t\t\t\t\t\t\t\t<h6>Gizli Tavan Tipi \u0130\u00e7 \u00dcniteler(D\u00fc\u015f\u00fck Statik Bas\u0131n\u00e7l\u0131)<\/h6><p>Statik bas\u0131n\u00e7 de\u011feri modele ba\u011fl\u0131 olarak 150 Pa\u2019ya kadar \u00e7\u0131kabilir. Statik bas\u0131n\u00e7, kablolu uzaktan kumanda kullan\u0131larak 10 farkl\u0131 kademede ayarlanabilir. Di\u011fer t\u00fcm VRF i\u00e7 \u00fcniteler ile kolayca birle\u015ftirilebilir.<\/p><ul><li>Statik bas\u0131n\u00e7 i\u00e7in geni\u015f kontrol se\u00e7enekleri<\/li><li>Kompakt tasar\u0131m, kolay montaj imkan\u0131 sa\u011flar<\/li><li>G2 s\u0131n\u0131f\u0131 y\u0131kanabilir hava filtresi<\/li><\/ul>\t\t\t\t\t\t\t\t<\/div>\n\t\t\t\t<\/div>\n\t\t            <\/div>\n        <\/div>\n                    <\/div>\n        <\/section>\n                <section class=\"elementor-section elementor-top-section elementor-element elementor-element-0b49e89 elementor-section-boxed elementor-section-height-default elementor-section-height-default qodef-elementor-content-no ct-header-fixed-none ct-column-none ct-row-scroll-none ct-row-gradient--none\" data-id=\"0b49e89\" data-element_type=\"section\">\n            \n                        <div class=\"elementor-container elementor-column-gap-default \">\n                    <div class=\"elementor-column elementor-col-25 elementor-top-column elementor-element elementor-element-5f47854 ct-column-none col-offset-none col-color-offset-none\" data-id=\"5f47854\" data-element_type=\"column\">\n        <div class=\"elementor-widget-wrap elementor-element-populated\">\n                    \n        \t\t<div class=\"elementor-element elementor-element-b5582c1 elementor-widget elementor-widget-image\" data-id=\"b5582c1\" data-element_type=\"widget\" data-widget_type=\"image.default\">\n\t\t\t\t<div class=\"elementor-widget-container\">\n\t\t\t\t\t\t\t\t\t\t\t\t\t\t\t<img decoding=\"async\" width=\"640\" height=\"368\" src=\"https:\/\/www.serdaroglu.com.tr\/wp-content\/uploads\/2022\/12\/vrf-3.jpg\" class=\"attachment-large size-large wp-image-9528\" alt=\"\" srcset=\"https:\/\/www.serdaroglu.com.tr\/wp-content\/uploads\/2022\/12\/vrf-3.jpg 648w, https:\/\/www.serdaroglu.com.tr\/wp-content\/uploads\/2022\/12\/vrf-3-300x173.jpg 300w, https:\/\/www.serdaroglu.com.tr\/wp-content\/uploads\/2022\/12\/vrf-3-600x345.jpg 600w\" sizes=\"(max-width: 640px) 100vw, 640px\" \/>\t\t\t\t\t\t\t\t\t\t\t\t\t\t\t<\/div>\n\t\t\t\t<\/div>\n\t\t            <\/div>\n        <\/div>\n                <div class=\"elementor-column elementor-col-25 elementor-top-column elementor-element elementor-element-6afd658 ct-column-none col-offset-none col-color-offset-none\" data-id=\"6afd658\" data-element_type=\"column\">\n        <div class=\"elementor-widget-wrap elementor-element-populated\">\n                    \n        \t\t<div class=\"elementor-element elementor-element-58af0dd elementor-widget elementor-widget-text-editor\" data-id=\"58af0dd\" data-element_type=\"widget\" data-widget_type=\"text-editor.default\">\n\t\t\t\t<div class=\"elementor-widget-container\">\n\t\t\t\t\t\t\t\t\t<h6>Gizli Tavan Tipi \u0130\u00e7 \u00dcniteler(Orta Statik Bas\u0131n\u00e7l\u0131)<\/h6><p>Statik bas\u0131n\u00e7 de\u011feri modele ba\u011fl\u0131 olarak 150 Pa\u2019ya kadar \u00e7\u0131kabilir. Statik bas\u0131n\u00e7, kablolu uzaktan kumanda kullan\u0131larak 10 farkl\u0131 kademede ayarlanabilir. Di\u011fer t\u00fcm VRF i\u00e7 \u00fcniteler ile kolayca birle\u015ftirilebilir.<\/p><ul><li>Statik bas\u0131n\u00e7 i\u00e7in geni\u015f kontrol se\u00e7enekleri<\/li><li>Kompakt tasar\u0131m, kolay montaj imkan\u0131 sa\u011flar<\/li><li>G2 s\u0131n\u0131f\u0131 y\u0131kanabilir hava filtresi<\/li><\/ul>\t\t\t\t\t\t\t\t<\/div>\n\t\t\t\t<\/div>\n\t\t            <\/div>\n        <\/div>\n                <div class=\"elementor-column elementor-col-25 elementor-top-column elementor-element elementor-element-fe86c24 ct-column-none col-offset-none col-color-offset-none\" data-id=\"fe86c24\" data-element_type=\"column\">\n        <div class=\"elementor-widget-wrap elementor-element-populated\">\n                    \n        \t\t<div class=\"elementor-element elementor-element-cf0ca76 elementor-widget elementor-widget-image\" data-id=\"cf0ca76\" data-element_type=\"widget\" data-widget_type=\"image.default\">\n\t\t\t\t<div class=\"elementor-widget-container\">\n\t\t\t\t\t\t\t\t\t\t\t\t\t\t\t<img loading=\"lazy\" decoding=\"async\" width=\"481\" height=\"310\" src=\"https:\/\/www.serdaroglu.com.tr\/wp-content\/uploads\/2022\/12\/vrf-4.png\" class=\"attachment-large size-large wp-image-9529\" alt=\"\" srcset=\"https:\/\/www.serdaroglu.com.tr\/wp-content\/uploads\/2022\/12\/vrf-4.png 481w, https:\/\/www.serdaroglu.com.tr\/wp-content\/uploads\/2022\/12\/vrf-4-300x193.png 300w\" sizes=\"(max-width: 481px) 100vw, 481px\" \/>\t\t\t\t\t\t\t\t\t\t\t\t\t\t\t<\/div>\n\t\t\t\t<\/div>\n\t\t            <\/div>\n        <\/div>\n                <div class=\"elementor-column elementor-col-25 elementor-top-column elementor-element elementor-element-070836d ct-column-none col-offset-none col-color-offset-none\" data-id=\"070836d\" data-element_type=\"column\">\n        <div class=\"elementor-widget-wrap elementor-element-populated\">\n                    \n        \t\t<div class=\"elementor-element elementor-element-ae76513 elementor-widget elementor-widget-text-editor\" data-id=\"ae76513\" data-element_type=\"widget\" data-widget_type=\"text-editor.default\">\n\t\t\t\t<div class=\"elementor-widget-container\">\n\t\t\t\t\t\t\t\t\t<h6>\u00a0<\/h6><h6>MMY-MUP_1HT8P SMMS-U<\/h6><ul><li>Yeni g\u00f6vdesi, yeni kompres\u00f6r\u00fc, yeni \u0131s\u0131 e\u015fanj\u00f6r\u00fc ile Toshiba VRF\u2019nin en yeni nesil SMMS-u, rakipsiz verim ve konfor d\u00fczeyine ula\u015f\u0131r.<\/li><\/ul>\t\t\t\t\t\t\t\t<\/div>\n\t\t\t\t<\/div>\n\t\t            <\/div>\n        <\/div>\n                    <\/div>\n        <\/section>\n                <section class=\"elementor-section elementor-top-section elementor-element elementor-element-ca82124 elementor-section-boxed elementor-section-height-default elementor-section-height-default qodef-elementor-content-no ct-header-fixed-none ct-column-none ct-row-scroll-none ct-row-gradient--none\" data-id=\"ca82124\" data-element_type=\"section\">\n            \n                        <div class=\"elementor-container elementor-column-gap-default \">\n                    <div class=\"elementor-column elementor-col-50 elementor-top-column elementor-element elementor-element-2ea1009 ct-column-none col-offset-none col-color-offset-none\" data-id=\"2ea1009\" data-element_type=\"column\">\n        <div class=\"elementor-widget-wrap elementor-element-populated\">\n                    \n        \t\t<div class=\"elementor-element elementor-element-c7247f0 elementor-widget elementor-widget-text-editor\" data-id=\"c7247f0\" data-element_type=\"widget\" data-widget_type=\"text-editor.default\">\n\t\t\t\t<div class=\"elementor-widget-container\">\n\t\t\t\t\t\t\t\t\t<p>\u00a0<\/p><p>\u00a0<\/p><p>\u00a0<\/p>\t\t\t\t\t\t\t\t<\/div>\n\t\t\t\t<\/div>\n\t\t\t\t<div class=\"elementor-element elementor-element-6f142de elementor-widget elementor-widget-image\" data-id=\"6f142de\" data-element_type=\"widget\" data-widget_type=\"image.default\">\n\t\t\t\t<div class=\"elementor-widget-container\">\n\t\t\t\t\t\t\t\t\t\t\t\t\t\t\t<img loading=\"lazy\" decoding=\"async\" width=\"600\" height=\"213\" src=\"https:\/\/www.serdaroglu.com.tr\/wp-content\/uploads\/2022\/12\/vrf5.png\" class=\"attachment-large size-large wp-image-9530\" alt=\"\" srcset=\"https:\/\/www.serdaroglu.com.tr\/wp-content\/uploads\/2022\/12\/vrf5.png 600w, https:\/\/www.serdaroglu.com.tr\/wp-content\/uploads\/2022\/12\/vrf5-300x107.png 300w\" sizes=\"(max-width: 600px) 100vw, 600px\" \/>\t\t\t\t\t\t\t\t\t\t\t\t\t\t\t<\/div>\n\t\t\t\t<\/div>\n\t\t            <\/div>\n        <\/div>\n                <div class=\"elementor-column elementor-col-50 elementor-top-column elementor-element elementor-element-49a1fa9 ct-column-none col-offset-none col-color-offset-none\" data-id=\"49a1fa9\" data-element_type=\"column\">\n        <div class=\"elementor-widget-wrap elementor-element-populated\">\n                    \n        \t\t<div class=\"elementor-element elementor-element-845fbb3 elementor-widget elementor-widget-text-editor\" data-id=\"845fbb3\" data-element_type=\"widget\" data-widget_type=\"text-editor.default\">\n\t\t\t\t<div class=\"elementor-widget-container\">\n\t\t\t\t\t\t\t\t\t<h6>MMY-MAP_FT8P \/ SHRM-e<\/h6><ul><li>SHRM-e, tam inverter \u0131s\u0131 geri kazan\u0131ml\u0131 3 borulu VRF, i\u015f uygulamalar\u0131 i\u00e7in e\u015f zamanl\u0131 \u0131s\u0131tma ve so\u011futma yapan nihai \u00e7\u00f6z\u00fcm\u00fcd\u00fcr.<\/li><li>H\u0131zl\u0131 vekt\u00f6r kontroll\u00fc inverter hesab\u0131.<\/li><li>Tamam\u0131 inverterli olan sistemler sayesinde sistemin ihtiya\u00e7 duydu\u011fu kadar g\u00fc\u00e7 \u00fcretilir.<\/li><li>Sadece anl\u0131k de\u011fil, y\u0131ll\u0131k verim oran\u0131 da \u00e7ok y\u00fcksek.<\/li><li>Sonsuz kapasite kontrol\u00fc kompres\u00f6r\u00fcn d\u00f6nme h\u0131z\u0131n\u0131n 0,1Hz ad\u0131mlarla ayarlanmas\u0131n\u0131 sa\u011flar. B\u00f6ylece anl\u0131k kapasite ihtiya\u00e7lar\u0131 \u00e7ok daha hassas bir \u015fekilde kar\u015f\u0131lan\u0131r.<\/li><li>Esnek borulama ile tasar\u0131m kolayl\u0131\u011f\u0131.<\/li><li>\u00c7ok d\u00fc\u015f\u00fck ses<\/li><\/ul>\t\t\t\t\t\t\t\t<\/div>\n\t\t\t\t<\/div>\n\t\t            <\/div>\n        <\/div>\n                    <\/div>\n        <\/section>\n        \t\t<\/div>\n\t\t","protected":false},"excerpt":{"rendered":"<p>MULTI SPLIT KL\u0130MA \u00a0 \u00a0 Kabinsiz D\u00f6\u015feme Tipi \u0130\u00e7 \u00dcnite 2 &#8211; 7.1 kW (6 model) Uzun \u00f6m\u00fcrl\u00fc y\u0131kanabilir filtre \u00dcstten veya \u00f6nden \u00fcfleme \u00d6n\u00fcne dekoratif dizayn panel konulabilir \u00a0 \u00a0 Gizli Tavan Tipi \u0130\u00e7 \u00dcniteler(D\u00fc\u015f\u00fck Statik Bas\u0131n\u00e7l\u0131) Statik bas\u0131n\u00e7 de\u011feri modele ba\u011fl\u0131 olarak 150 Pa\u2019ya kadar \u00e7\u0131kabilir. Statik bas\u0131n\u00e7, kablolu uzaktan kumanda kullan\u0131larak 10 [&hellip;]<\/p>\n","protected":false},"author":2,"featured_media":0,"parent":9440,"menu_order":0,"comment_status":"closed","ping_status":"closed","template":"","meta":{"_joinchat":[],"footnotes":""},"class_list":["post-9512","page","type-page","status-publish","hentry"],"_links":{"self":[{"href":"https:\/\/www.serdaroglu.com.tr\/index.php\/wp-json\/wp\/v2\/pages\/9512","targetHints":{"allow":["GET"]}}],"collection":[{"href":"https:\/\/www.serdaroglu.com.tr\/index.php\/wp-json\/wp\/v2\/pages"}],"about":[{"href":"https:\/\/www.serdaroglu.com.tr\/index.php\/wp-json\/wp\/v2\/types\/page"}],"author":[{"embeddable":true,"href":"https:\/\/www.serdaroglu.com.tr\/index.php\/wp-json\/wp\/v2\/users\/2"}],"replies":[{"embeddable":true,"href":"https:\/\/www.serdaroglu.com.tr\/index.php\/wp-json\/wp\/v2\/comments?post=9512"}],"version-history":[{"count":7,"href":"https:\/\/www.serdaroglu.com.tr\/index.php\/wp-json\/wp\/v2\/pages\/9512\/revisions"}],"predecessor-version":[{"id":9536,"href":"https:\/\/www.serdaroglu.com.tr\/index.php\/wp-json\/wp\/v2\/pages\/9512\/revisions\/9536"}],"up":[{"embeddable":true,"href":"https:\/\/www.serdaroglu.com.tr\/index.php\/wp-json\/wp\/v2\/pages\/9440"}],"wp:attachment":[{"href":"https:\/\/www.serdaroglu.com.tr\/index.php\/wp-json\/wp\/v2\/media?parent=9512"}],"curies":[{"name":"wp","href":"https:\/\/api.w.org\/{rel}","templated":true}]}}