{"id":9669,"date":"2022-12-28T17:14:55","date_gmt":"2022-12-28T17:14:55","guid":{"rendered":"https:\/\/alfayazilim.com.tr\/serdaroglu\/?page_id=9669"},"modified":"2022-12-29T15:26:06","modified_gmt":"2022-12-29T15:26:06","slug":"aironn","status":"publish","type":"page","link":"https:\/\/www.serdaroglu.com.tr\/index.php\/urunler\/iklimlendirme\/aironn\/","title":{"rendered":"AIRONN"},"content":{"rendered":"\t\t<div data-elementor-type=\"wp-page\" data-elementor-id=\"9669\" class=\"elementor elementor-9669\">\n\t\t\t\t        <section class=\"elementor-section elementor-top-section elementor-element elementor-element-f163e0e elementor-section-boxed elementor-section-height-default elementor-section-height-default qodef-elementor-content-no ct-header-fixed-none ct-column-none ct-row-scroll-none ct-row-gradient--none\" data-id=\"f163e0e\" data-element_type=\"section\">\n            \n                        <div class=\"elementor-container elementor-column-gap-default \">\n                    <div class=\"elementor-column elementor-col-100 elementor-top-column elementor-element elementor-element-01d0629 ct-column-none col-offset-none col-color-offset-none\" data-id=\"01d0629\" data-element_type=\"column\">\n        <div class=\"elementor-widget-wrap elementor-element-populated\">\n                    \n        \t\t<div class=\"elementor-element elementor-element-46ddd55 elementor-widget elementor-widget-text-editor\" data-id=\"46ddd55\" data-element_type=\"widget\" data-widget_type=\"text-editor.default\">\n\t\t\t\t<div class=\"elementor-widget-container\">\n\t\t\t\t\t\t\t\t\t<p>FAN GRUPLARI VE AKSESUARLARI\u00a0<\/p>\t\t\t\t\t\t\t\t<\/div>\n\t\t\t\t<\/div>\n\t\t            <\/div>\n        <\/div>\n                    <\/div>\n        <\/section>\n                <section class=\"elementor-section elementor-top-section elementor-element elementor-element-73d7924 elementor-section-boxed elementor-section-height-default elementor-section-height-default qodef-elementor-content-no ct-header-fixed-none ct-column-none ct-row-scroll-none ct-row-gradient--none\" data-id=\"73d7924\" data-element_type=\"section\">\n            \n                        <div class=\"elementor-container elementor-column-gap-default \">\n                    <div class=\"elementor-column elementor-col-25 elementor-top-column elementor-element elementor-element-2f84a48 ct-column-none col-offset-none col-color-offset-none\" data-id=\"2f84a48\" data-element_type=\"column\">\n        <div class=\"elementor-widget-wrap elementor-element-populated\">\n                    \n        \t\t<div class=\"elementor-element elementor-element-7274389 elementor-widget elementor-widget-image\" data-id=\"7274389\" data-element_type=\"widget\" data-widget_type=\"image.default\">\n\t\t\t\t<div class=\"elementor-widget-container\">\n\t\t\t\t\t\t\t\t\t\t\t\t\t\t\t<img fetchpriority=\"high\" decoding=\"async\" width=\"500\" height=\"500\" src=\"https:\/\/www.serdaroglu.com.tr\/wp-content\/uploads\/2022\/12\/455659-aksiyal-tek-yonlu-jet-fan.jpg\" class=\"attachment-large size-large wp-image-9671\" alt=\"\" srcset=\"https:\/\/www.serdaroglu.com.tr\/wp-content\/uploads\/2022\/12\/455659-aksiyal-tek-yonlu-jet-fan.jpg 500w, https:\/\/www.serdaroglu.com.tr\/wp-content\/uploads\/2022\/12\/455659-aksiyal-tek-yonlu-jet-fan-300x300.jpg 300w, https:\/\/www.serdaroglu.com.tr\/wp-content\/uploads\/2022\/12\/455659-aksiyal-tek-yonlu-jet-fan-150x150.jpg 150w, https:\/\/www.serdaroglu.com.tr\/wp-content\/uploads\/2022\/12\/455659-aksiyal-tek-yonlu-jet-fan-90x90.jpg 90w, https:\/\/www.serdaroglu.com.tr\/wp-content\/uploads\/2022\/12\/455659-aksiyal-tek-yonlu-jet-fan-96x96.jpg 96w, https:\/\/www.serdaroglu.com.tr\/wp-content\/uploads\/2022\/12\/455659-aksiyal-tek-yonlu-jet-fan-460x460.jpg 460w\" sizes=\"(max-width: 500px) 100vw, 500px\" \/>\t\t\t\t\t\t\t\t\t\t\t\t\t\t\t<\/div>\n\t\t\t\t<\/div>\n\t\t            <\/div>\n        <\/div>\n                <div class=\"elementor-column elementor-col-25 elementor-top-column elementor-element elementor-element-4a4daf7 ct-column-none col-offset-none col-color-offset-none\" data-id=\"4a4daf7\" data-element_type=\"column\">\n        <div class=\"elementor-widget-wrap elementor-element-populated\">\n                    \n        \t\t<div class=\"elementor-element elementor-element-acb536c elementor-widget elementor-widget-text-editor\" data-id=\"acb536c\" data-element_type=\"widget\" data-widget_type=\"text-editor.default\">\n\t\t\t\t<div class=\"elementor-widget-container\">\n\t\t\t\t\t\t\t\t\t<p>Aksiyal Tip Jet Fanlar<\/p><ul><li>Aksiyal tip jet fanlar<\/li><li>Verim kayb\u0131 olmadan \u00e7ift y\u00f6nl\u00fc \u00fcflemeye imkan veren eliptik kanat profilleri<\/li><li>T\u00fcmle\u015fik susturuculu fan g\u00f6vdesi<\/li><li>K\u0131zakl\u0131 motor ba\u011flant\u0131s\u0131<\/li><li>\u00d8 315-355-400-500 mm \u00e7ap aral\u0131\u011f\u0131<\/li><li>EN 12101-3\u2019e g\u00f6re 300\u00b0C\/2 saat yang\u0131n dayan\u0131m\u0131<\/li><li>Galvanizli sac g\u00f6vde al\u00fcminyum d\u00f6k\u00fcm fan kanatlar\u0131<\/li><li>ISO 1940\/1-1986\u2019ya g\u00f6re dinamik balanslama<\/li><li>2 kutuplu ve 2\/4 kutuplu \u00e7ift devirli motor se\u00e7enekleri<\/li><li>Class H yal\u0131t\u0131m<\/li><li>IP55 koruma s\u0131n\u0131f\u0131<\/li><\/ul>\t\t\t\t\t\t\t\t<\/div>\n\t\t\t\t<\/div>\n\t\t            <\/div>\n        <\/div>\n                <div class=\"elementor-column elementor-col-25 elementor-top-column elementor-element elementor-element-d109745 ct-column-none col-offset-none col-color-offset-none\" data-id=\"d109745\" data-element_type=\"column\">\n        <div class=\"elementor-widget-wrap elementor-element-populated\">\n                    \n        \t\t<div class=\"elementor-element elementor-element-058e77d elementor-widget elementor-widget-image\" data-id=\"058e77d\" data-element_type=\"widget\" data-widget_type=\"image.default\">\n\t\t\t\t<div class=\"elementor-widget-container\">\n\t\t\t\t\t\t\t\t\t\t\t\t\t\t\t<img decoding=\"async\" width=\"320\" height=\"312\" src=\"https:\/\/www.serdaroglu.com.tr\/wp-content\/uploads\/2022\/12\/AIR.png\" class=\"attachment-large size-large wp-image-9672\" alt=\"\" srcset=\"https:\/\/www.serdaroglu.com.tr\/wp-content\/uploads\/2022\/12\/AIR.png 320w, https:\/\/www.serdaroglu.com.tr\/wp-content\/uploads\/2022\/12\/AIR-300x293.png 300w\" sizes=\"(max-width: 320px) 100vw, 320px\" \/>\t\t\t\t\t\t\t\t\t\t\t\t\t\t\t<\/div>\n\t\t\t\t<\/div>\n\t\t            <\/div>\n        <\/div>\n                <div class=\"elementor-column elementor-col-25 elementor-top-column elementor-element elementor-element-17cef40 ct-column-none col-offset-none col-color-offset-none\" data-id=\"17cef40\" data-element_type=\"column\">\n        <div class=\"elementor-widget-wrap elementor-element-populated\">\n                    \n        \t\t<div class=\"elementor-element elementor-element-16c87d4 elementor-widget elementor-widget-text-editor\" data-id=\"16c87d4\" data-element_type=\"widget\" data-widget_type=\"text-editor.default\">\n\t\t\t\t<div class=\"elementor-widget-container\">\n\t\t\t\t\t\t\t\t\t<p>Aksiyal Tip Taze Hava Fanlar\u0131<\/p><ul><li>400-1250 mm \u00e7ap\u0131nda boyut aral\u0131\u011f\u0131<\/li><li>Galvaniz kapl\u0131 sac g\u00f6vde<\/li><li>Al\u00fcminyum d\u00f6k\u00fcm fan kanatlar\u0131 (alternatif ABS malzeme kanat)<\/li><li>ISO 1940\/1-1986\u2019ya g\u00f6re dinamik balanslama<\/li><li>Yatay ve dikey montaja uygunluk<\/li><li>Ayarlanabilir kanat a\u00e7\u0131s\u0131<\/li><li>2\/4\/6 kutuplu ve \u00e7ift devirli motor se\u00e7enekleri<\/li><li>Class F yal\u0131t\u0131m<\/li><li>IP55 koruma s\u0131n\u0131f\u0131<\/li><li>Fan \u00fczerine akuple terminal kutusu (opsiyon)<\/li><li>At\u0131\u015f a\u011fz\u0131nda koruyucu tel kafes (opsiyon)<\/li><\/ul>\t\t\t\t\t\t\t\t<\/div>\n\t\t\t\t<\/div>\n\t\t            <\/div>\n        <\/div>\n                    <\/div>\n        <\/section>\n                <section class=\"elementor-section elementor-top-section elementor-element elementor-element-cb0c4b9 elementor-section-boxed elementor-section-height-default elementor-section-height-default qodef-elementor-content-no ct-header-fixed-none ct-column-none ct-row-scroll-none ct-row-gradient--none\" data-id=\"cb0c4b9\" data-element_type=\"section\">\n            \n                        <div class=\"elementor-container elementor-column-gap-default \">\n                    <div class=\"elementor-column elementor-col-25 elementor-top-column elementor-element elementor-element-3c09bbc ct-column-none col-offset-none col-color-offset-none\" data-id=\"3c09bbc\" data-element_type=\"column\">\n        <div class=\"elementor-widget-wrap elementor-element-populated\">\n                    \n        \t\t<div class=\"elementor-element elementor-element-3f75a37 elementor-widget elementor-widget-image\" data-id=\"3f75a37\" data-element_type=\"widget\" data-widget_type=\"image.default\">\n\t\t\t\t<div class=\"elementor-widget-container\">\n\t\t\t\t\t\t\t\t\t\t\t\t\t\t\t<img decoding=\"async\" width=\"401\" height=\"323\" src=\"https:\/\/www.serdaroglu.com.tr\/wp-content\/uploads\/2022\/12\/AIR-2.png\" class=\"attachment-large size-large wp-image-9673\" alt=\"\" srcset=\"https:\/\/www.serdaroglu.com.tr\/wp-content\/uploads\/2022\/12\/AIR-2.png 401w, https:\/\/www.serdaroglu.com.tr\/wp-content\/uploads\/2022\/12\/AIR-2-300x242.png 300w\" sizes=\"(max-width: 401px) 100vw, 401px\" \/>\t\t\t\t\t\t\t\t\t\t\t\t\t\t\t<\/div>\n\t\t\t\t<\/div>\n\t\t            <\/div>\n        <\/div>\n                <div class=\"elementor-column elementor-col-25 elementor-top-column elementor-element elementor-element-55b06ec ct-column-none col-offset-none col-color-offset-none\" data-id=\"55b06ec\" data-element_type=\"column\">\n        <div class=\"elementor-widget-wrap elementor-element-populated\">\n                    \n        \t\t<div class=\"elementor-element elementor-element-d4bdb59 elementor-widget elementor-widget-text-editor\" data-id=\"d4bdb59\" data-element_type=\"widget\" data-widget_type=\"text-editor.default\">\n\t\t\t\t<div class=\"elementor-widget-container\">\n\t\t\t\t\t\t\t\t\t<p>Aksiyal Tip Duman Egzoz Fanlar\u0131<\/p><ul><li>EN 12101-3\u2019e g\u00f6re 300\u00b0C\/2 saat yang\u0131n dayan\u0131m sertifikas\u0131<\/li><li>400-1250mm \u00e7ap\u0131nda boyut aral\u0131\u011f\u0131<\/li><li>S\u0131cak dald\u0131rma galvaniz kapl\u0131 sac g\u00f6vde<\/li><li>Al\u00fcminyum d\u00f6k\u00fcm fan kanatlar\u0131<\/li><li>ISO 1940\/1-1986\u2019ya g\u00f6re dinamik balanslama<\/li><li>Yatay ve dikey montaja uygunluk<\/li><li>Ayarlanabilir kanat a\u00e7\u0131s\u0131<\/li><li>2\/4\/6 kutuplu ve \u00e7ift devirli motor se\u00e7enekleri<\/li><li>Class H yal\u0131t\u0131m<\/li><li>IP55 koruma s\u0131n\u0131f\u0131<\/li><li>Fan \u00fczerine akuple, al\u00fcminyum d\u00f6k\u00fcm malzemeden mamul, y\u00fcksek s\u0131cakl\u0131k dayan\u0131ml\u0131 ve porselen ba\u011flant\u0131 klemensli, terminal kutus<\/li><\/ul><p>\u00a0<\/p>\t\t\t\t\t\t\t\t<\/div>\n\t\t\t\t<\/div>\n\t\t            <\/div>\n        <\/div>\n                <div class=\"elementor-column elementor-col-25 elementor-top-column elementor-element elementor-element-f07bcbc ct-column-none col-offset-none col-color-offset-none\" data-id=\"f07bcbc\" data-element_type=\"column\">\n        <div class=\"elementor-widget-wrap elementor-element-populated\">\n                    \n        \t\t<div class=\"elementor-element elementor-element-f6912f1 elementor-widget elementor-widget-image\" data-id=\"f6912f1\" data-element_type=\"widget\" data-widget_type=\"image.default\">\n\t\t\t\t<div class=\"elementor-widget-container\">\n\t\t\t\t\t\t\t\t\t\t\t\t\t\t\t<img loading=\"lazy\" decoding=\"async\" width=\"312\" height=\"320\" src=\"https:\/\/www.serdaroglu.com.tr\/wp-content\/uploads\/2022\/12\/AIR-3.png\" class=\"attachment-large size-large wp-image-9674\" alt=\"\" srcset=\"https:\/\/www.serdaroglu.com.tr\/wp-content\/uploads\/2022\/12\/AIR-3.png 312w, https:\/\/www.serdaroglu.com.tr\/wp-content\/uploads\/2022\/12\/AIR-3-293x300.png 293w\" sizes=\"(max-width: 312px) 100vw, 312px\" \/>\t\t\t\t\t\t\t\t\t\t\t\t\t\t\t<\/div>\n\t\t\t\t<\/div>\n\t\t            <\/div>\n        <\/div>\n                <div class=\"elementor-column elementor-col-25 elementor-top-column elementor-element elementor-element-5e86427 ct-column-none col-offset-none col-color-offset-none\" data-id=\"5e86427\" data-element_type=\"column\">\n        <div class=\"elementor-widget-wrap elementor-element-populated\">\n                    \n        \t\t<div class=\"elementor-element elementor-element-6face4b elementor-widget elementor-widget-text-editor\" data-id=\"6face4b\" data-element_type=\"widget\" data-widget_type=\"text-editor.default\">\n\t\t\t\t<div class=\"elementor-widget-container\">\n\t\t\t\t\t\t\t\t\t<p>Aksiyal Tip H\u00fccreli Taze Hava Fanlar\u0131<\/p><ul><li>400-1250 mm \u00e7ap\u0131nda boyut aral\u0131\u011f\u0131<\/li><li>Galvaniz sac g\u00f6vde<\/li><li>G\u00fcr\u00fclt\u00fc izolasyonlu (cam y\u00fcn\u00fc katmanl\u0131) g\u00f6vde yap\u0131s\u0131<\/li><li>Al\u00fcminyum d\u00f6k\u00fcm fan kanatlar\u0131<\/li><li>ISO 1940\/1-1986\u2019ya g\u00f6re dinamik balanslama<\/li><li>Ayarlanabilir kanat a\u00e7\u0131s\u0131 2\/4\/6 kutuplu ve \u00e7ift devirli motor se\u00e7enekleri<\/li><li>Class F yal\u0131t\u0131m<\/li><li>IP55 koruma s\u0131n\u0131f\u0131<\/li><li>Fan \u00fczerine akuple terminal kutusu (opsiyon)<\/li><\/ul>\t\t\t\t\t\t\t\t<\/div>\n\t\t\t\t<\/div>\n\t\t            <\/div>\n        <\/div>\n                    <\/div>\n        <\/section>\n                <section class=\"elementor-section elementor-top-section elementor-element elementor-element-83f1fe3 elementor-section-boxed elementor-section-height-default elementor-section-height-default qodef-elementor-content-no ct-header-fixed-none ct-column-none ct-row-scroll-none ct-row-gradient--none\" data-id=\"83f1fe3\" data-element_type=\"section\">\n            \n                        <div class=\"elementor-container elementor-column-gap-default \">\n                    <div class=\"elementor-column elementor-col-25 elementor-top-column elementor-element elementor-element-b964b4a ct-column-none col-offset-none col-color-offset-none\" data-id=\"b964b4a\" data-element_type=\"column\">\n        <div class=\"elementor-widget-wrap elementor-element-populated\">\n                    \n        \t\t<div class=\"elementor-element elementor-element-711ef35 elementor-widget elementor-widget-image\" data-id=\"711ef35\" data-element_type=\"widget\" data-widget_type=\"image.default\">\n\t\t\t\t<div class=\"elementor-widget-container\">\n\t\t\t\t\t\t\t\t\t\t\t\t\t\t\t<img loading=\"lazy\" decoding=\"async\" width=\"414\" height=\"300\" src=\"https:\/\/www.serdaroglu.com.tr\/wp-content\/uploads\/2022\/12\/AIR-4.png\" class=\"attachment-large size-large wp-image-9675\" alt=\"\" srcset=\"https:\/\/www.serdaroglu.com.tr\/wp-content\/uploads\/2022\/12\/AIR-4.png 414w, https:\/\/www.serdaroglu.com.tr\/wp-content\/uploads\/2022\/12\/AIR-4-300x217.png 300w\" sizes=\"(max-width: 414px) 100vw, 414px\" \/>\t\t\t\t\t\t\t\t\t\t\t\t\t\t\t<\/div>\n\t\t\t\t<\/div>\n\t\t            <\/div>\n        <\/div>\n                <div class=\"elementor-column elementor-col-25 elementor-top-column elementor-element elementor-element-0d584fc ct-column-none col-offset-none col-color-offset-none\" data-id=\"0d584fc\" data-element_type=\"column\">\n        <div class=\"elementor-widget-wrap elementor-element-populated\">\n                    \n        \t\t<div class=\"elementor-element elementor-element-3b34b8c elementor-widget elementor-widget-text-editor\" data-id=\"3b34b8c\" data-element_type=\"widget\" data-widget_type=\"text-editor.default\">\n\t\t\t\t<div class=\"elementor-widget-container\">\n\t\t\t\t\t\t\t\t\t<p>ir-Ar Serisi Aksiyal \u00c7at\u0131 Tipi Taze Hava Fanlar\u0131<\/p><ul><li>400-900 mm \u00e7ap\u0131nda boyut aral\u0131\u011f\u0131<\/li><li>Galvaniz sac g\u00f6vde<\/li><li>Yatay at\u0131\u015fl\u0131 mantar tip tasar\u0131m<\/li><li>Al\u00fcminyum d\u00f6k\u00fcm fan kanatlar\u0131<\/li><li>ISO 1940\/1-1986\u2019ya g\u00f6re dinamik balanslama<\/li><li>Ayarlanabilir kanat a\u00e7\u0131s\u0131<\/li><li>2\/4\/6 kutuplu ve \u00e7ift devirli motor se\u00e7enekleri<\/li><li>Class F yal\u0131t\u0131m<\/li><li>IP55 koruma s\u0131n\u0131f\u0131<\/li><li>Fan \u00fczerine akuple terminal kutusu (opsiyon)<\/li><\/ul>\t\t\t\t\t\t\t\t<\/div>\n\t\t\t\t<\/div>\n\t\t            <\/div>\n        <\/div>\n                <div class=\"elementor-column elementor-col-25 elementor-top-column elementor-element elementor-element-e66520c ct-column-none col-offset-none col-color-offset-none\" data-id=\"e66520c\" data-element_type=\"column\">\n        <div class=\"elementor-widget-wrap elementor-element-populated\">\n                    \n        \t\t<div class=\"elementor-element elementor-element-b362111 elementor-widget elementor-widget-image\" data-id=\"b362111\" data-element_type=\"widget\" data-widget_type=\"image.default\">\n\t\t\t\t<div class=\"elementor-widget-container\">\n\t\t\t\t\t\t\t\t\t\t\t\t\t\t\t<img loading=\"lazy\" decoding=\"async\" width=\"414\" height=\"300\" src=\"https:\/\/www.serdaroglu.com.tr\/wp-content\/uploads\/2022\/12\/AIR-4.png\" class=\"attachment-large size-large wp-image-9675\" alt=\"\" srcset=\"https:\/\/www.serdaroglu.com.tr\/wp-content\/uploads\/2022\/12\/AIR-4.png 414w, https:\/\/www.serdaroglu.com.tr\/wp-content\/uploads\/2022\/12\/AIR-4-300x217.png 300w\" sizes=\"(max-width: 414px) 100vw, 414px\" \/>\t\t\t\t\t\t\t\t\t\t\t\t\t\t\t<\/div>\n\t\t\t\t<\/div>\n\t\t            <\/div>\n        <\/div>\n                <div class=\"elementor-column elementor-col-25 elementor-top-column elementor-element elementor-element-5bbcde4 ct-column-none col-offset-none col-color-offset-none\" data-id=\"5bbcde4\" data-element_type=\"column\">\n        <div class=\"elementor-widget-wrap elementor-element-populated\">\n                    \n        \t\t<div class=\"elementor-element elementor-element-baf70db elementor-widget elementor-widget-text-editor\" data-id=\"baf70db\" data-element_type=\"widget\" data-widget_type=\"text-editor.default\">\n\t\t\t\t<div class=\"elementor-widget-container\">\n\t\t\t\t\t\t\t\t\t<p>Air-Ar Serisi Aksiyal \u00c7at\u0131 Tipi Duman Egzoz Fanlar\u0131<\/p><ul><li>EN 12101-3\u2019e g\u00f6re 300\u00b0C\/2 saat yang\u0131n dayan\u0131m sertifikas\u0131<\/li><li>400-900 mm \u00e7ap\u0131nda boyut aral\u0131\u011f\u0131<\/li><li>Galvaniz sac g\u00f6vde<\/li><li>Yatay At\u0131\u015fl\u0131 mantar tip tasar\u0131m<\/li><li>Al\u00fcminyum d\u00f6k\u00fcm fan kanatlar\u0131<\/li><li>ISO 1940\/1-1986\u2019ya g\u00f6re dinamik balanslama<\/li><li>Ayarlanabilir kanat a\u00e7\u0131s\u0131<\/li><\/ul>\t\t\t\t\t\t\t\t<\/div>\n\t\t\t\t<\/div>\n\t\t            <\/div>\n        <\/div>\n                    <\/div>\n        <\/section>\n        \t\t<\/div>\n\t\t","protected":false},"excerpt":{"rendered":"<p>FAN GRUPLARI VE AKSESUARLARI Aksiyal Tip Jet Fanlar Aksiyal tip jet fanlar Verim kayb\u0131 olmadan \u00e7ift y\u00f6nl\u00fc \u00fcflemeye imkan veren eliptik kanat profilleri T\u00fcmle\u015fik susturuculu fan g\u00f6vdesi K\u0131zakl\u0131 motor ba\u011flant\u0131s\u0131 \u00d8 315-355-400-500 mm \u00e7ap aral\u0131\u011f\u0131 EN 12101-3\u2019e g\u00f6re 300\u00b0C\/2 saat yang\u0131n dayan\u0131m\u0131 Galvanizli sac g\u00f6vde al\u00fcminyum d\u00f6k\u00fcm fan kanatlar\u0131 ISO 1940\/1-1986\u2019ya g\u00f6re dinamik balanslama 2 [&hellip;]<\/p>\n","protected":false},"author":2,"featured_media":8995,"parent":7645,"menu_order":0,"comment_status":"closed","ping_status":"closed","template":"","meta":{"_joinchat":[],"footnotes":""},"class_list":["post-9669","page","type-page","status-publish","has-post-thumbnail","hentry"],"_links":{"self":[{"href":"https:\/\/www.serdaroglu.com.tr\/index.php\/wp-json\/wp\/v2\/pages\/9669","targetHints":{"allow":["GET"]}}],"collection":[{"href":"https:\/\/www.serdaroglu.com.tr\/index.php\/wp-json\/wp\/v2\/pages"}],"about":[{"href":"https:\/\/www.serdaroglu.com.tr\/index.php\/wp-json\/wp\/v2\/types\/page"}],"author":[{"embeddable":true,"href":"https:\/\/www.serdaroglu.com.tr\/index.php\/wp-json\/wp\/v2\/users\/2"}],"replies":[{"embeddable":true,"href":"https:\/\/www.serdaroglu.com.tr\/index.php\/wp-json\/wp\/v2\/comments?post=9669"}],"version-history":[{"count":5,"href":"https:\/\/www.serdaroglu.com.tr\/index.php\/wp-json\/wp\/v2\/pages\/9669\/revisions"}],"predecessor-version":[{"id":9977,"href":"https:\/\/www.serdaroglu.com.tr\/index.php\/wp-json\/wp\/v2\/pages\/9669\/revisions\/9977"}],"up":[{"embeddable":true,"href":"https:\/\/www.serdaroglu.com.tr\/index.php\/wp-json\/wp\/v2\/pages\/7645"}],"wp:featuredmedia":[{"embeddable":true,"href":"https:\/\/www.serdaroglu.com.tr\/index.php\/wp-json\/wp\/v2\/media\/8995"}],"wp:attachment":[{"href":"https:\/\/www.serdaroglu.com.tr\/index.php\/wp-json\/wp\/v2\/media?parent=9669"}],"curies":[{"name":"wp","href":"https:\/\/api.w.org\/{rel}","templated":true}]}}